{"id":114,"date":"2025-09-24T18:27:17","date_gmt":"2025-09-24T18:27:17","guid":{"rendered":"https:\/\/www.ccae.ufpb.br\/assessoriaadministrativa\/?page_id=114"},"modified":"2025-09-26T14:42:04","modified_gmt":"2025-09-26T14:42:04","slug":"valores-de-diarias","status":"publish","type":"page","link":"https:\/\/www.ccae.ufpb.br\/assessoriaadministrativa\/scdp\/valores-de-diarias\/","title":{"rendered":"Valores de Di\u00e1rias"},"content":{"rendered":"<div class=\"has-text-align-left wp-block-post-date\"><time datetime=\"2025-09-24T18:27:17+00:00\">setembro 24, 2025<\/time><\/div>\n\n\n<p><\/p>\n\n\n\n<p>Os valores aos quais o pagamento de di\u00e1rias disp\u00f5e-se s\u00e3o fixados por meio de decretos, atualizados e calculados automaticamente atrav\u00e9s do SCDP (Sistema de Concess\u00e3o de Di\u00e1rias e Passagens), a fim de viabilizar as miss\u00f5es institucionais e acompanhar o avan\u00e7o inflacion\u00e1rio.<\/p>\n\n\n\n<p>No dia 29\/12\/2023, o <a href=\"https:\/\/www.in.gov.br\/en\/web\/dou\/-\/decreto-n-11.872-de-29-de-dezembro-de-2023-534996945\" data-type=\"link\" data-id=\"https:\/\/www.in.gov.br\/en\/web\/dou\/-\/decreto-n-11.872-de-29-de-dezembro-de-2023-534996945\">Decreto N\u00ba 11.872\/2023<\/a> alterou o Decreto n\u00ba 5.992, de 19 de dezembro de 2006, que disp\u00f5e sobre a concess\u00e3o de di\u00e1rias no \u00e2mbito da administra\u00e7\u00e3o federal direta, aut\u00e1rquica e fundacional, concedendo os seguintes valores vigentes at\u00e9 o presente momento.<\/p>\n\n\n\n<figure class=\"wp-block-table\"><table class=\"has-fixed-layout\"><tbody><tr><td class=\"has-text-align-center\" data-align=\"center\"><strong>Classifica\u00e7\u00e3o do Cargo\/Emprego\/Fun\u00e7\u00e3o<\/strong><\/td><td class=\"has-text-align-center\" data-align=\"center\"><strong>Deslocamentos para Bras\u00edlia\/Manaus\/Rio de Janeiro\/S\u00e3o Paulo<\/strong><\/td><td class=\"has-text-align-center\" data-align=\"center\"><strong>Deslocamentos para outras capitais de Estados<\/strong><\/td><td class=\"has-text-align-center\" data-align=\"center\"><strong>Demais deslocamentos<\/strong><\/td><\/tr><tr><td class=\"has-text-align-center\" data-align=\"center\">a) Ministros de Estado<\/td><td class=\"has-text-align-center\" data-align=\"center\">900,00<\/td><td class=\"has-text-align-center\" data-align=\"center\">800,00<\/td><td class=\"has-text-align-center\" data-align=\"center\">750,00<\/td><\/tr><tr><td class=\"has-text-align-center\" data-align=\"center\">b) Cargos de Natureza Especial; CCE-18<\/td><td class=\"has-text-align-center\" data-align=\"center\">800,00<\/td><td class=\"has-text-align-center\" data-align=\"center\">700,00<\/td><td class=\"has-text-align-center\" data-align=\"center\">650,00<\/td><\/tr><tr><td class=\"has-text-align-center\" data-align=\"center\">c) CCE-17; CCE-16; CCE-15; CCE-14; CCE-13 e equivalentes<\/td><td class=\"has-text-align-center\" data-align=\"center\">600,00<\/td><td class=\"has-text-align-center\" data-align=\"center\">515,00<\/td><td class=\"has-text-align-center\" data-align=\"center\">455,00<\/td><\/tr><tr><td class=\"has-text-align-center\" data-align=\"center\">d) Demais cargos, empregos e fun\u00e7\u00f5es<\/td><td class=\"has-text-align-center\" data-align=\"center\">425,00<\/td><td class=\"has-text-align-center\" data-align=\"center\">380,00<\/td><td class=\"has-text-align-center\" data-align=\"center\">335,00<\/td><\/tr><\/tbody><\/table><\/figure>\n\n\n\n<p><\/p>\n","protected":false},"excerpt":{"rendered":"<p>Os valores aos quais o pagamento de di\u00e1rias disp\u00f5e-se s\u00e3o fixados por meio de decretos, atualizados e calculados automaticamente atrav\u00e9s do SCDP (Sistema de Concess\u00e3o de Di\u00e1rias e Passagens), a fim de viabilizar as miss\u00f5es institucionais e acompanhar o avan\u00e7o inflacion\u00e1rio. No dia 29\/12\/2023, o Decreto N\u00ba 11.872\/2023 alterou o Decreto n\u00ba 5.992, de 19 [&hellip;]<\/p>\n","protected":false},"author":185,"featured_media":0,"parent":31,"menu_order":0,"comment_status":"closed","ping_status":"closed","template":"","meta":{"footnotes":""},"class_list":["post-114","page","type-page","status-publish","hentry"],"_links":{"self":[{"href":"https:\/\/www.ccae.ufpb.br\/assessoriaadministrativa\/wp-json\/wp\/v2\/pages\/114","targetHints":{"allow":["GET"]}}],"collection":[{"href":"https:\/\/www.ccae.ufpb.br\/assessoriaadministrativa\/wp-json\/wp\/v2\/pages"}],"about":[{"href":"https:\/\/www.ccae.ufpb.br\/assessoriaadministrativa\/wp-json\/wp\/v2\/types\/page"}],"author":[{"embeddable":true,"href":"https:\/\/www.ccae.ufpb.br\/assessoriaadministrativa\/wp-json\/wp\/v2\/users\/185"}],"replies":[{"embeddable":true,"href":"https:\/\/www.ccae.ufpb.br\/assessoriaadministrativa\/wp-json\/wp\/v2\/comments?post=114"}],"version-history":[{"count":6,"href":"https:\/\/www.ccae.ufpb.br\/assessoriaadministrativa\/wp-json\/wp\/v2\/pages\/114\/revisions"}],"predecessor-version":[{"id":366,"href":"https:\/\/www.ccae.ufpb.br\/assessoriaadministrativa\/wp-json\/wp\/v2\/pages\/114\/revisions\/366"}],"up":[{"embeddable":true,"href":"https:\/\/www.ccae.ufpb.br\/assessoriaadministrativa\/wp-json\/wp\/v2\/pages\/31"}],"wp:attachment":[{"href":"https:\/\/www.ccae.ufpb.br\/assessoriaadministrativa\/wp-json\/wp\/v2\/media?parent=114"}],"curies":[{"name":"wp","href":"https:\/\/api.w.org\/{rel}","templated":true}]}}