{"id":15,"date":"2024-12-14T11:10:39","date_gmt":"2024-12-14T11:10:39","guid":{"rendered":"https:\/\/www.ccae.ufpb.br\/assessoriaadministrativa\/?page_id=15"},"modified":"2024-12-17T22:56:18","modified_gmt":"2024-12-17T22:56:18","slug":"apresentacao","status":"publish","type":"page","link":"https:\/\/www.ccae.ufpb.br\/assessoriaadministrativa\/apresentacao\/","title":{"rendered":"Apresenta\u00e7\u00e3o"},"content":{"rendered":"\n<h3 class=\"wp-block-heading\"><\/h3>\n\n\n\n<h3 class=\"wp-block-heading\"><\/h3>\n\n\n\n<h2 class=\"wp-block-heading\">Sobre a Assessoria Administrativa<\/h2>\n\n\n\n<h3 class=\"wp-block-heading\">Miss\u00e3o:<\/h3>\n\n\n\n<p>Promover e coordenar solu\u00e7\u00f5es integradas nas \u00e1reas de administra\u00e7\u00e3o, or\u00e7amento, finan\u00e7as, suprimentos e gest\u00e3o de pessoas, contribuindo para o desenvolvimento institucional da UFPB.<\/p>\n\n\n\n<h3 class=\"wp-block-heading\"><strong>Princ\u00edpios:<\/strong><\/h3>\n\n\n\n<p>No cumprimento de sua Miss\u00e3o, a Ger\u00eancia Administrativa obedecer\u00e1 fielmente aos princ\u00edpios norteadores da Universidade:<\/p>\n\n\n\n<ul class=\"wp-block-list\">\n<li>Conduta \u00e9tica em todos os setores;<\/li>\n\n\n\n<li>Estrita ades\u00e3o aos princ\u00edpios da legalidade, impessoalidade, moralidade, publicidade e efici\u00eancia;<\/li>\n\n\n\n<li>Gest\u00e3o orientada aos processos de trabalho com foco nos usu\u00e1rios.<\/li>\n<\/ul>\n\n\n\n<h3 class=\"wp-block-heading\">Valores:<\/h3>\n\n\n\n<p>Ciente da import\u00e2ncia das tarefas que est\u00e3o sob sua responsabilidade, a Ger\u00eancia Administrativa adota os seguintes valores, como elementos norteadores das atividades realizadas no setor, bem como da atua\u00e7\u00e3o de seus servidores:<\/p>\n\n\n\n<ul class=\"wp-block-list\">\n<li>Comprometimento<\/li>\n\n\n\n<li>Coopera\u00e7\u00e3o<\/li>\n\n\n\n<li>Racionalidade<\/li>\n\n\n\n<li>Integra\u00e7\u00e3o<\/li>\n\n\n\n<li>Efici\u00eancia<\/li>\n\n\n\n<li>Transpar\u00eancia<\/li>\n\n\n\n<li>Acessibilidade<\/li>\n\n\n\n<li>\u00c9tica<\/li>\n\n\n\n<li>Proatividade<\/li>\n\n\n\n<li>Valoriza\u00e7\u00e3o das Pessoas<\/li>\n<\/ul>\n\n\n\n<h4 class=\"wp-block-heading\">Vis\u00e3o de Futuro:<\/h4>\n\n\n\n<p>Consolidar-se como refer\u00eancia na coordena\u00e7\u00e3o e integra\u00e7\u00e3o das a\u00e7\u00f5es e atividades da administra\u00e7\u00e3o superior da Universidade.<\/p>\n\n\n\n<p><\/p>\n","protected":false},"excerpt":{"rendered":"<p>A Assessoria Administrativa\u00a0\u00e9 o \u00f3rg\u00e3o auxiliar\u00a0da Dire\u00e7\u00e3o do Centro\u00a0incumbido de fun\u00e7\u00f5es\u00a0espec\u00edficas e delegadas pela Dire\u00e7\u00e3o do Centro nas\u00a0\u00e1reas de administra\u00e7\u00e3o, cont\u00e1bil e\u00a0financeira, gest\u00e3o de materiais, gest\u00e3o de patrim\u00f4nio, gest\u00e3o de pessoas e\u00a0atividades auxiliares.<\/p>\n","protected":false},"author":47,"featured_media":16,"parent":0,"menu_order":0,"comment_status":"closed","ping_status":"closed","template":"","meta":{"footnotes":""},"class_list":["post-15","page","type-page","status-publish","has-post-thumbnail","hentry"],"_links":{"self":[{"href":"https:\/\/www.ccae.ufpb.br\/assessoriaadministrativa\/wp-json\/wp\/v2\/pages\/15","targetHints":{"allow":["GET"]}}],"collection":[{"href":"https:\/\/www.ccae.ufpb.br\/assessoriaadministrativa\/wp-json\/wp\/v2\/pages"}],"about":[{"href":"https:\/\/www.ccae.ufpb.br\/assessoriaadministrativa\/wp-json\/wp\/v2\/types\/page"}],"author":[{"embeddable":true,"href":"https:\/\/www.ccae.ufpb.br\/assessoriaadministrativa\/wp-json\/wp\/v2\/users\/47"}],"replies":[{"embeddable":true,"href":"https:\/\/www.ccae.ufpb.br\/assessoriaadministrativa\/wp-json\/wp\/v2\/comments?post=15"}],"version-history":[{"count":2,"href":"https:\/\/www.ccae.ufpb.br\/assessoriaadministrativa\/wp-json\/wp\/v2\/pages\/15\/revisions"}],"predecessor-version":[{"id":126,"href":"https:\/\/www.ccae.ufpb.br\/assessoriaadministrativa\/wp-json\/wp\/v2\/pages\/15\/revisions\/126"}],"wp:featuredmedia":[{"embeddable":true,"href":"https:\/\/www.ccae.ufpb.br\/assessoriaadministrativa\/wp-json\/wp\/v2\/media\/16"}],"wp:attachment":[{"href":"https:\/\/www.ccae.ufpb.br\/assessoriaadministrativa\/wp-json\/wp\/v2\/media?parent=15"}],"curies":[{"name":"wp","href":"https:\/\/api.w.org\/{rel}","templated":true}]}}