{"id":194,"date":"2025-02-06T17:27:00","date_gmt":"2025-02-06T17:27:00","guid":{"rendered":"https:\/\/www.ccae.ufpb.br\/assessoriaadministrativa\/?page_id=194"},"modified":"2025-02-06T19:00:32","modified_gmt":"2025-02-06T19:00:32","slug":"apresentacaotransoirtes","status":"publish","type":"page","link":"https:\/\/www.ccae.ufpb.br\/assessoriaadministrativa\/apresentacaotransoirtes\/","title":{"rendered":"Apresenta\u00e7\u00e3o Transportes"},"content":{"rendered":"\n<p><\/p>\n\n\n\n<p class=\"has-medium-font-size\">O setor de&nbsp;<strong>Reservas de Ve\u00edculos do CCAE<\/strong>&nbsp;desempenha um papel estrat\u00e9gico no suporte \u00e0s atividades acad\u00eamicas, administrativas e log\u00edsticas da institui\u00e7\u00e3o. Ele gerencia o uso da frota de ve\u00edculos destinada a atender \u00e0s demandas internas, garantindo que os recursos descentralizados das Coordena\u00e7\u00f5es de Curso e Dire\u00e7\u00e3o de Centro sejam utilizados de maneira eficiente, segura e respons\u00e1vel.<\/p>\n\n\n\n<h2 class=\"wp-block-heading\"><strong>PRINCIPAIS ATRIBUI\u00c7\u00d5ES DO SETOR DE RESERVAS DE VE\u00cdCULOS<\/strong><\/h2>\n\n\n\n<p><strong>Organiza\u00e7\u00e3o de Solicita\u00e7\u00f5es<\/strong><\/p>\n\n\n\n<ul class=\"wp-block-list\">\n<li class=\"has-medium-font-size\">Recebe e processa pedidos de uso dos ve\u00edculos, priorizando as solicita\u00e7\u00f5es conforme a urg\u00eancia, finalidade, disponibilidade or\u00e7ament\u00e1ria e disponibilidade da frota.<\/li>\n\n\n\n<li class=\"has-medium-font-size\">As reservas s\u00e3o destinadas a atividades como visitas t\u00e9cnicas, eventos acad\u00eamicos, reuni\u00f5es administrativas externas, transporte de materiais e apoio a projetos institucionais.<\/li>\n<\/ul>\n\n\n\n<p><strong>Gest\u00e3o de Agenda<\/strong><\/p>\n\n\n\n<ul class=\"wp-block-list\">\n<li class=\"has-medium-font-size\">Coordena uma agenda centralizada para evitar conflitos no uso dos ve\u00edculos.<\/li>\n\n\n\n<li class=\"has-medium-font-size\">Garante que os ve\u00edculos estejam dispon\u00edveis para atender aos compromissos previamente aprovados.<\/li>\n<\/ul>\n\n\n\n<p><strong>Manuten\u00e7\u00e3o da Frota<\/strong><\/p>\n\n\n\n<ul class=\"wp-block-list\">\n<li class=\"has-medium-font-size\">Trabalha em conjunto com a SULT para garantir a execu\u00e7\u00e3o das manuten\u00e7\u00f5es dos ve\u00edculos, visando que estejam em bom estado de conserva\u00e7\u00e3o e funcionamento.<\/li>\n\n\n\n<li class=\"has-medium-font-size\">Verifica a regularidade de documenta\u00e7\u00f5es, licenciamento e vistorias.<\/li>\n<\/ul>\n\n\n\n<p><strong>Controle e Seguran\u00e7a<\/strong><\/p>\n\n\n\n<ul class=\"wp-block-list\">\n<li class=\"has-medium-font-size\">Registra dados detalhados sobre cada viagem, como destino, hor\u00e1rio, motorista respons\u00e1vel e quilometragem percorrida.<\/li>\n\n\n\n<li class=\"has-medium-font-size\">Implementa pol\u00edticas de seguran\u00e7a para assegurar o uso adequado dos ve\u00edculos e a prote\u00e7\u00e3o dos passageiros.<\/li>\n<\/ul>\n\n\n\n<p><strong>Efici\u00eancia e Sustentabilidade<\/strong><\/p>\n\n\n\n<p class=\"has-medium-font-size\">Busca otimizar o uso da frota,&nbsp;<strong>evitando desperd\u00edcios<\/strong>,&nbsp;<strong>reduzindo custos e promovendo pr\u00e1ticas sustent\u00e1veis, como o planejamento de rotas mais eficientes<\/strong>&nbsp;e o incentivo ao compartilhamento de viagens, sempre que poss\u00edvel.<\/p>\n\n\n\n<p><\/p>\n","protected":false},"excerpt":{"rendered":"<p>O setor de&nbsp;Reservas de Ve\u00edculos do CCAE&nbsp;desempenha um papel estrat\u00e9gico no suporte \u00e0s atividades acad\u00eamicas, administrativas e log\u00edsticas da institui\u00e7\u00e3o. Ele gerencia o uso da frota de ve\u00edculos destinada a atender \u00e0s demandas internas, garantindo que os recursos descentralizados das Coordena\u00e7\u00f5es de Curso e Dire\u00e7\u00e3o de Centro sejam utilizados de maneira eficiente, segura e respons\u00e1vel. [&hellip;]<\/p>\n","protected":false},"author":63,"featured_media":0,"parent":0,"menu_order":0,"comment_status":"closed","ping_status":"closed","template":"","meta":{"footnotes":""},"class_list":["post-194","page","type-page","status-publish","hentry"],"_links":{"self":[{"href":"https:\/\/www.ccae.ufpb.br\/assessoriaadministrativa\/wp-json\/wp\/v2\/pages\/194","targetHints":{"allow":["GET"]}}],"collection":[{"href":"https:\/\/www.ccae.ufpb.br\/assessoriaadministrativa\/wp-json\/wp\/v2\/pages"}],"about":[{"href":"https:\/\/www.ccae.ufpb.br\/assessoriaadministrativa\/wp-json\/wp\/v2\/types\/page"}],"author":[{"embeddable":true,"href":"https:\/\/www.ccae.ufpb.br\/assessoriaadministrativa\/wp-json\/wp\/v2\/users\/63"}],"replies":[{"embeddable":true,"href":"https:\/\/www.ccae.ufpb.br\/assessoriaadministrativa\/wp-json\/wp\/v2\/comments?post=194"}],"version-history":[{"count":6,"href":"https:\/\/www.ccae.ufpb.br\/assessoriaadministrativa\/wp-json\/wp\/v2\/pages\/194\/revisions"}],"predecessor-version":[{"id":298,"href":"https:\/\/www.ccae.ufpb.br\/assessoriaadministrativa\/wp-json\/wp\/v2\/pages\/194\/revisions\/298"}],"wp:attachment":[{"href":"https:\/\/www.ccae.ufpb.br\/assessoriaadministrativa\/wp-json\/wp\/v2\/media?parent=194"}],"curies":[{"name":"wp","href":"https:\/\/api.w.org\/{rel}","templated":true}]}}