{"id":20,"date":"2024-12-14T11:14:36","date_gmt":"2024-12-14T11:14:36","guid":{"rendered":"https:\/\/www.ccae.ufpb.br\/assessoriaadministrativa\/?page_id=20"},"modified":"2024-12-16T17:45:48","modified_gmt":"2024-12-16T17:45:48","slug":"solicitacoes","status":"publish","type":"page","link":"https:\/\/www.ccae.ufpb.br\/assessoriaadministrativa\/solicitacoes\/","title":{"rendered":"Outras Solicita\u00e7\u00f5es"},"content":{"rendered":"\n<p><strong><a href=\"https:\/\/www.ccae.ufpb.br\/assessoriaadministrativa\/solicitacoes\/solicitacao-de-diarias-e-passagens\/\" data-type=\"page\" data-id=\"22\">Solicita\u00e7\u00e3o de Di\u00e1rias e Passagens<\/a><\/strong><\/p>\n\n\n\n<p><strong><a href=\"https:\/\/www.ccae.ufpb.br\/assessoriaadministrativa\/solicitacoes\/solicitacao-para-pagamento-de-taxa-s-de-inscricao-oes-em-evento-s-nacionais\/\" data-type=\"page\" data-id=\"24\">Pagamento de Taxas de Inscri\u00e7\u00f5es em Eventos (Nacionais)<\/a><\/strong><\/p>\n\n\n\n<p><strong><a href=\"https:\/\/www.ccae.ufpb.br\/assessoriaadministrativa\/solicitacoes\/solicitacao-de-materiais-de-consumo\/\" data-type=\"page\" data-id=\"26\">Solicita\u00e7\u00e3o de Materiais&nbsp;de Consumo<\/a><\/strong><\/p>\n\n\n\n<p><strong><mark class=\"has-inline-color has-black-color\">Transporte<\/mark><\/strong><\/p>\n\n\n\n<p><\/p>\n\n\n\n<p><\/p>\n\n\n\n<p><\/p>\n","protected":false},"excerpt":{"rendered":"<p>Solicita\u00e7\u00e3o de Di\u00e1rias e Passagens Pagamento de Taxas de Inscri\u00e7\u00f5es em Eventos (Nacionais) Solicita\u00e7\u00e3o de Materiais&nbsp;de Consumo Transporte<\/p>\n","protected":false},"author":47,"featured_media":0,"parent":0,"menu_order":0,"comment_status":"closed","ping_status":"closed","template":"","meta":{"footnotes":""},"class_list":["post-20","page","type-page","status-publish","hentry"],"_links":{"self":[{"href":"https:\/\/www.ccae.ufpb.br\/assessoriaadministrativa\/wp-json\/wp\/v2\/pages\/20","targetHints":{"allow":["GET"]}}],"collection":[{"href":"https:\/\/www.ccae.ufpb.br\/assessoriaadministrativa\/wp-json\/wp\/v2\/pages"}],"about":[{"href":"https:\/\/www.ccae.ufpb.br\/assessoriaadministrativa\/wp-json\/wp\/v2\/types\/page"}],"author":[{"embeddable":true,"href":"https:\/\/www.ccae.ufpb.br\/assessoriaadministrativa\/wp-json\/wp\/v2\/users\/47"}],"replies":[{"embeddable":true,"href":"https:\/\/www.ccae.ufpb.br\/assessoriaadministrativa\/wp-json\/wp\/v2\/comments?post=20"}],"version-history":[{"count":5,"href":"https:\/\/www.ccae.ufpb.br\/assessoriaadministrativa\/wp-json\/wp\/v2\/pages\/20\/revisions"}],"predecessor-version":[{"id":90,"href":"https:\/\/www.ccae.ufpb.br\/assessoriaadministrativa\/wp-json\/wp\/v2\/pages\/20\/revisions\/90"}],"wp:attachment":[{"href":"https:\/\/www.ccae.ufpb.br\/assessoriaadministrativa\/wp-json\/wp\/v2\/media?parent=20"}],"curies":[{"name":"wp","href":"https:\/\/api.w.org\/{rel}","templated":true}]}}