{"id":222,"date":"2025-02-06T17:45:34","date_gmt":"2025-02-06T17:45:34","guid":{"rendered":"https:\/\/www.ccae.ufpb.br\/assessoriaadministrativa\/?page_id=222"},"modified":"2026-01-06T11:08:17","modified_gmt":"2026-01-06T11:08:17","slug":"comunicados-2","status":"publish","type":"page","link":"https:\/\/www.ccae.ufpb.br\/assessoriaadministrativa\/comunicados-2\/","title":{"rendered":"REGRAS PARA A ABERTURA DE CHAMADOS"},"content":{"rendered":"\n<p class=\"has-small-font-size\"><\/p>\n\n\n\n<p>A utiliza\u00e7\u00e3o dos Espa\u00e7os do CCAE \u00e9 permitida,&nbsp;<strong>respeitando as REGRAS<\/strong>&nbsp;pr\u00e9 estabelecidas,&nbsp;<strong>AGENDA<\/strong>,&nbsp;<strong>CATEGORIA<\/strong>&nbsp;e&nbsp;<strong>TIPO DE SOLICITANTE<\/strong>.<\/p>\n\n\n\n<p><strong>A solicita\u00e7\u00e3o de Reservas de Espa\u00e7os deve ser remetida para an\u00e1lise e posterior agendamento, respeitando o prazo de&nbsp;<mark>pelo menos 72H de anteced\u00eancia do dia do evento.<\/mark><\/strong><\/p>\n\n\n\n<p class=\"has-small-font-size\"><mark><strong>SOLICITA\u00c7\u00d5ES QUE SEJAM REMETIDAS FORA DESTE ESCOPO, N\u00c3O SER\u00c3O ANALISADAS, RESPECTIVAMENTE N\u00c3O SER\u00c3O AGENDADAS<\/strong>.<\/mark><\/p>\n\n\n\n<p>Casos\u00a0<strong>adversos, espec\u00edficos ou imprevistos<\/strong>\u00a0podem ser encaminhados por e-mail para:\u00a0<mark><strong>assessoria.administrativa@ccae.ufpb.br<\/strong><\/mark>\u00a0para an\u00e1lise e poss\u00edvel agendamento.<\/p>\n\n\n\n<p><strong><mark style=\"background-color:#8ed1fc\" class=\"has-inline-color has-black-color\">CATEGORIAS:<\/mark><\/strong><\/p>\n\n\n\n<p>Reserva de Espa\u00e7os para realiza\u00e7\u00e3o das&nbsp;<strong>FOTOS PARA PLACAS.<\/strong><\/p>\n\n\n\n<p>Reserva de Espa\u00e7os&nbsp;<strong>COLETIVOS<\/strong>&nbsp;<strong>(para Eventos e ou outras atividades)<\/strong><\/p>\n\n\n\n<p>Reserva de&nbsp;<strong>SALAS DE AULA<\/strong>&nbsp;<strong>(para Eventos e ou outras atividades)<\/strong><\/p>\n\n\n\n<p>Reserva de&nbsp;<strong>LABORAT\u00d3RIOS<\/strong>&nbsp;<strong>(para Eventos e ou outras atividades)<\/strong><\/p>\n\n\n\n<p><mark><mark style=\"background-color:#7bdcb5\" class=\"has-inline-color has-black-color\"><strong>TIPO DE<\/strong>\u00a0<strong>SOLICITANTE<\/strong>:<\/mark><\/mark><\/p>\n\n\n\n<p>Professor\/a&nbsp;<strong>(Campus IV)<\/strong><br>Professor\/a<strong>&nbsp;(Outro Campus da UFPB)<\/strong><br>Aluno do Campus IV&nbsp;<strong>(\u00e9 necess\u00e1rio informar um servidor respons\u00e1vel)<\/strong><br>T\u00e9cnico Administrativo do Campus IV<br>P\u00fablico Externo&nbsp;<strong>(via Cess\u00e3o Onerosa)<\/strong><br>\u00d3rg\u00e3o P\u00fablico&nbsp;<strong>(Municipal, Estadual ou Federal)<\/strong><\/p>\n\n\n\n<p><\/p>\n","protected":false},"excerpt":{"rendered":"<p>A utiliza\u00e7\u00e3o dos Espa\u00e7os do CCAE \u00e9 permitida,&nbsp;respeitando as REGRAS&nbsp;pr\u00e9 estabelecidas,&nbsp;AGENDA,&nbsp;CATEGORIA&nbsp;e&nbsp;TIPO DE SOLICITANTE. A solicita\u00e7\u00e3o de Reservas de Espa\u00e7os deve ser remetida para an\u00e1lise e posterior agendamento, respeitando o prazo de&nbsp;pelo menos 72H de anteced\u00eancia do dia do evento. SOLICITA\u00c7\u00d5ES QUE SEJAM REMETIDAS FORA DESTE ESCOPO, N\u00c3O SER\u00c3O ANALISADAS, RESPECTIVAMENTE N\u00c3O SER\u00c3O AGENDADAS. Casos\u00a0adversos, espec\u00edficos [&hellip;]<\/p>\n","protected":false},"author":63,"featured_media":0,"parent":0,"menu_order":0,"comment_status":"closed","ping_status":"closed","template":"","meta":{"footnotes":""},"class_list":["post-222","page","type-page","status-publish","hentry"],"_links":{"self":[{"href":"https:\/\/www.ccae.ufpb.br\/assessoriaadministrativa\/wp-json\/wp\/v2\/pages\/222","targetHints":{"allow":["GET"]}}],"collection":[{"href":"https:\/\/www.ccae.ufpb.br\/assessoriaadministrativa\/wp-json\/wp\/v2\/pages"}],"about":[{"href":"https:\/\/www.ccae.ufpb.br\/assessoriaadministrativa\/wp-json\/wp\/v2\/types\/page"}],"author":[{"embeddable":true,"href":"https:\/\/www.ccae.ufpb.br\/assessoriaadministrativa\/wp-json\/wp\/v2\/users\/63"}],"replies":[{"embeddable":true,"href":"https:\/\/www.ccae.ufpb.br\/assessoriaadministrativa\/wp-json\/wp\/v2\/comments?post=222"}],"version-history":[{"count":5,"href":"https:\/\/www.ccae.ufpb.br\/assessoriaadministrativa\/wp-json\/wp\/v2\/pages\/222\/revisions"}],"predecessor-version":[{"id":404,"href":"https:\/\/www.ccae.ufpb.br\/assessoriaadministrativa\/wp-json\/wp\/v2\/pages\/222\/revisions\/404"}],"wp:attachment":[{"href":"https:\/\/www.ccae.ufpb.br\/assessoriaadministrativa\/wp-json\/wp\/v2\/media?parent=222"}],"curies":[{"name":"wp","href":"https:\/\/api.w.org\/{rel}","templated":true}]}}