{"id":246,"date":"2025-02-06T17:57:59","date_gmt":"2025-02-06T17:57:59","guid":{"rendered":"https:\/\/www.ccae.ufpb.br\/assessoriaadministrativa\/?page_id=246"},"modified":"2025-12-11T19:18:03","modified_gmt":"2025-12-11T19:18:03","slug":"material-permanente","status":"publish","type":"page","link":"https:\/\/www.ccae.ufpb.br\/assessoriaadministrativa\/material-permanente\/","title":{"rendered":"Material Permanente"},"content":{"rendered":"\n<p>Aquisi\u00e7\u00f5es de materiais permanentes dependem diretamente da disponibilidade or\u00e7ament\u00e1ria anual do Centro.<\/p>\n\n\n\n<p>D\u00favidas entrar em contato com a <strong>Assessoria Administrativa<\/strong> atrav\u00e9s do e-mail: assessoria.administrativa@ccae,ufpb.br<\/p>\n\n\n\n<p><\/p>\n","protected":false},"excerpt":{"rendered":"<p>Aquisi\u00e7\u00f5es de materiais permanentes dependem diretamente da disponibilidade or\u00e7ament\u00e1ria anual do Centro. D\u00favidas entrar em contato com a Assessoria Administrativa atrav\u00e9s do e-mail: assessoria.administrativa@ccae,ufpb.br<\/p>\n","protected":false},"author":63,"featured_media":0,"parent":0,"menu_order":0,"comment_status":"closed","ping_status":"closed","template":"","meta":{"footnotes":""},"class_list":["post-246","page","type-page","status-publish","hentry"],"_links":{"self":[{"href":"https:\/\/www.ccae.ufpb.br\/assessoriaadministrativa\/wp-json\/wp\/v2\/pages\/246","targetHints":{"allow":["GET"]}}],"collection":[{"href":"https:\/\/www.ccae.ufpb.br\/assessoriaadministrativa\/wp-json\/wp\/v2\/pages"}],"about":[{"href":"https:\/\/www.ccae.ufpb.br\/assessoriaadministrativa\/wp-json\/wp\/v2\/types\/page"}],"author":[{"embeddable":true,"href":"https:\/\/www.ccae.ufpb.br\/assessoriaadministrativa\/wp-json\/wp\/v2\/users\/63"}],"replies":[{"embeddable":true,"href":"https:\/\/www.ccae.ufpb.br\/assessoriaadministrativa\/wp-json\/wp\/v2\/comments?post=246"}],"version-history":[{"count":2,"href":"https:\/\/www.ccae.ufpb.br\/assessoriaadministrativa\/wp-json\/wp\/v2\/pages\/246\/revisions"}],"predecessor-version":[{"id":389,"href":"https:\/\/www.ccae.ufpb.br\/assessoriaadministrativa\/wp-json\/wp\/v2\/pages\/246\/revisions\/389"}],"wp:attachment":[{"href":"https:\/\/www.ccae.ufpb.br\/assessoriaadministrativa\/wp-json\/wp\/v2\/media?parent=246"}],"curies":[{"name":"wp","href":"https:\/\/api.w.org\/{rel}","templated":true}]}}