{"id":266,"date":"2025-02-06T18:10:27","date_gmt":"2025-02-06T18:10:27","guid":{"rendered":"https:\/\/www.ccae.ufpb.br\/assessoriaadministrativa\/?page_id=266"},"modified":"2025-02-24T19:05:13","modified_gmt":"2025-02-24T19:05:13","slug":"transparencia-patrimonio","status":"publish","type":"page","link":"https:\/\/www.ccae.ufpb.br\/assessoriaadministrativa\/transparencia-patrimonio\/","title":{"rendered":"Transpar\u00eancia Patrim\u00f4nio"},"content":{"rendered":"\n<h2 class=\"wp-block-heading\"><strong>Transpar\u00eancia dos Invent\u00e1rios de Bens Permanentes M\u00f3veis do CCAE<\/strong><\/h2>\n\n\n\n<p>Nesta p\u00e1gina, encontram-se informa\u00e7\u00f5es sobre os invent\u00e1rios de bens permanentes m\u00f3veis do Centro de Ci\u00eancias Aplicadas e Educa\u00e7\u00e3o &#8211; CCAE (UFPB\/Campus IV &#8211; Litoral Norte). Abaixo, s\u00e3o divulgados os n\u00fameros dos processos administrativos de invent\u00e1rio organizados por ano e s\u00e3o repassadas instru\u00e7\u00f5es para realizar a consulta aos respectivos processos.<\/p>\n\n\n\n<h3 class=\"wp-block-heading\">Invent\u00e1rio de Bens Permanentes M\u00f3veis 2024 &#8211; CCAE<\/h3>\n\n\n\n<p>Invent\u00e1rio 2024 das Unidades de Rio Tinto do CCAE: Processo n\u00ba 23074.016524\/2024-13<br>Invent\u00e1rio 2024 das Unidades de Mamanguape do CCAE: Processo n\u00ba 23074.016525\/2024-83<\/p>\n\n\n\n<p>Obs.: De acordo com a organiza\u00e7\u00e3o das din\u00e2micas de invent\u00e1rio realizadas no ano de 2024, os processos acima tratam-se de processos principais, os quais re\u00fanem os processos individuais de invent\u00e1rio de cada unidade (setor) apensados como processos acess\u00f3rios. Portanto, para ter acesso a um processo individual de invent\u00e1rio de uma unidade espec\u00edfica, acesse o processo principal e consulte o processo acess\u00f3rio da unidade desejada.<\/p>\n\n\n\n<h3 class=\"wp-block-heading\">Invent\u00e1rio de Bens Permanentes M\u00f3veis 2023 &#8211; CCAE<\/h3>\n\n\n\n<p>Invent\u00e1rio 2023 das Unidades de Rio Tinto do CCAE: Processo n\u00ba 23074.130188\/2023-71<br>Invent\u00e1rio 2023 das Unidades de Mamanguape do CCAE: Processo n\u00ba 23074.130457\/2023-83<\/p>\n\n\n\n<h3 class=\"wp-block-heading\">Instru\u00e7\u00f5es para Consulta dos Processos<\/h3>\n\n\n\n<p>\u00c9 poss\u00edvel consultar os processos de invent\u00e1rios de bens permanentes m\u00f3veis do CCAE atrav\u00e9s do acesso p\u00fablico do Sipac no site https:\/\/sipac.ufpb.br\/public\/jsp\/processos\/consulta_processo.jsf. Ap\u00f3s clicar na URL anterior, na p\u00e1gina que se abrir, insira o n\u00famero do processo desejado em \u201cN\u00ba do Processo\u201d e clique no bot\u00e3o \u201cConsultar Processo\u201d, conforme imagem abaixo.<\/p>\n\n\n\n<figure class=\"wp-block-image size-full\"><img loading=\"lazy\" decoding=\"async\" width=\"952\" height=\"366\" src=\"https:\/\/www.ccae.ufpb.br\/assessoriaadministrativa\/wp-content\/uploads\/sites\/170\/sites\/245\/2025\/02\/Sipac_Publico_01.png\" alt=\"\" class=\"wp-image-309\" srcset=\"https:\/\/www.ccae.ufpb.br\/assessoriaadministrativa\/wp-content\/uploads\/sites\/170\/sites\/245\/2025\/02\/Sipac_Publico_01.png 952w, https:\/\/www.ccae.ufpb.br\/assessoriaadministrativa\/wp-content\/uploads\/sites\/170\/sites\/245\/2025\/02\/Sipac_Publico_01-300x115.png 300w, https:\/\/www.ccae.ufpb.br\/assessoriaadministrativa\/wp-content\/uploads\/sites\/170\/sites\/245\/2025\/02\/Sipac_Publico_01-768x295.png 768w\" sizes=\"auto, (max-width: 952px) 100vw, 952px\" \/><\/figure>\n\n\n\n<p>Na p\u00e1gina seguinte, \u00e9 mostrada uma lista dos processos encontrados. Na linha do processo escolhido, h\u00e1 duas op\u00e7\u00f5es dispon\u00edveis para consultar os detalhes do processo: atrav\u00e9s do m\u00f3dulo Protocolo (clicando no \u00edcone de lupa) ou atrav\u00e9s do m\u00f3dulo Mesa Virtual (clicando no \u00edcone de monitor), conforme mostra a imagem abaixo.<\/p>\n\n\n\n<figure class=\"wp-block-image size-full\"><img loading=\"lazy\" decoding=\"async\" width=\"957\" height=\"418\" src=\"https:\/\/www.ccae.ufpb.br\/assessoriaadministrativa\/wp-content\/uploads\/sites\/170\/sites\/245\/2025\/02\/Sipac_Publico_02.png\" alt=\"\" class=\"wp-image-310\" srcset=\"https:\/\/www.ccae.ufpb.br\/assessoriaadministrativa\/wp-content\/uploads\/sites\/170\/sites\/245\/2025\/02\/Sipac_Publico_02.png 957w, https:\/\/www.ccae.ufpb.br\/assessoriaadministrativa\/wp-content\/uploads\/sites\/170\/sites\/245\/2025\/02\/Sipac_Publico_02-300x131.png 300w, https:\/\/www.ccae.ufpb.br\/assessoriaadministrativa\/wp-content\/uploads\/sites\/170\/sites\/245\/2025\/02\/Sipac_Publico_02-768x335.png 768w\" sizes=\"auto, (max-width: 957px) 100vw, 957px\" \/><\/figure>\n\n\n\n<p><\/p>\n\n\n\n<p>As duas op\u00e7\u00f5es (m\u00f3dulos Protocolo ou Mesa Virtual) diferem basicamente na forma de exibi\u00e7\u00e3o dos detalhes do processo, pois ambos trazem os dados gerais do processo, seus interessados, seus documentos, as movimenta\u00e7\u00f5es e altera\u00e7\u00f5es ocorridas no processo. Entretanto, no m\u00f3dulo Mesa Virtual tamb\u00e9m \u00e9 poss\u00edvel gerar o PDF do processo como um todo e, ainda, consultar diretamente os processos acess\u00f3rios vinculados ao processo principal, conforme imagem abaixo. Por isso, recomenda-se a escolha de consulta ao m\u00f3dulo Mesa Virtual caso o interessado deseje ter acesso a essas funcionalidades.<\/p>\n\n\n\n<figure class=\"wp-block-image size-large\"><img loading=\"lazy\" decoding=\"async\" width=\"1024\" height=\"474\" src=\"https:\/\/www.ccae.ufpb.br\/assessoriaadministrativa\/wp-content\/uploads\/sites\/170\/sites\/245\/2025\/02\/Sipac_Publico_03-1-1024x474.png\" alt=\"\" class=\"wp-image-312\" srcset=\"https:\/\/www.ccae.ufpb.br\/assessoriaadministrativa\/wp-content\/uploads\/sites\/170\/sites\/245\/2025\/02\/Sipac_Publico_03-1-1024x474.png 1024w, https:\/\/www.ccae.ufpb.br\/assessoriaadministrativa\/wp-content\/uploads\/sites\/170\/sites\/245\/2025\/02\/Sipac_Publico_03-1-300x139.png 300w, https:\/\/www.ccae.ufpb.br\/assessoriaadministrativa\/wp-content\/uploads\/sites\/170\/sites\/245\/2025\/02\/Sipac_Publico_03-1-768x355.png 768w, https:\/\/www.ccae.ufpb.br\/assessoriaadministrativa\/wp-content\/uploads\/sites\/170\/sites\/245\/2025\/02\/Sipac_Publico_03-1-1536x711.png 1536w, https:\/\/www.ccae.ufpb.br\/assessoriaadministrativa\/wp-content\/uploads\/sites\/170\/sites\/245\/2025\/02\/Sipac_Publico_03-1.png 1588w\" sizes=\"auto, (max-width: 1024px) 100vw, 1024px\" \/><\/figure>\n","protected":false},"excerpt":{"rendered":"<p>Transpar\u00eancia dos Invent\u00e1rios de Bens Permanentes M\u00f3veis do CCAE Nesta p\u00e1gina, encontram-se informa\u00e7\u00f5es sobre os invent\u00e1rios de bens permanentes m\u00f3veis do Centro de Ci\u00eancias Aplicadas e Educa\u00e7\u00e3o &#8211; CCAE (UFPB\/Campus IV &#8211; Litoral Norte). Abaixo, s\u00e3o divulgados os n\u00fameros dos processos administrativos de invent\u00e1rio organizados por ano e s\u00e3o repassadas instru\u00e7\u00f5es para realizar a consulta [&hellip;]<\/p>\n","protected":false},"author":63,"featured_media":0,"parent":0,"menu_order":0,"comment_status":"closed","ping_status":"closed","template":"","meta":{"footnotes":""},"class_list":["post-266","page","type-page","status-publish","hentry"],"_links":{"self":[{"href":"https:\/\/www.ccae.ufpb.br\/assessoriaadministrativa\/wp-json\/wp\/v2\/pages\/266","targetHints":{"allow":["GET"]}}],"collection":[{"href":"https:\/\/www.ccae.ufpb.br\/assessoriaadministrativa\/wp-json\/wp\/v2\/pages"}],"about":[{"href":"https:\/\/www.ccae.ufpb.br\/assessoriaadministrativa\/wp-json\/wp\/v2\/types\/page"}],"author":[{"embeddable":true,"href":"https:\/\/www.ccae.ufpb.br\/assessoriaadministrativa\/wp-json\/wp\/v2\/users\/63"}],"replies":[{"embeddable":true,"href":"https:\/\/www.ccae.ufpb.br\/assessoriaadministrativa\/wp-json\/wp\/v2\/comments?post=266"}],"version-history":[{"count":4,"href":"https:\/\/www.ccae.ufpb.br\/assessoriaadministrativa\/wp-json\/wp\/v2\/pages\/266\/revisions"}],"predecessor-version":[{"id":315,"href":"https:\/\/www.ccae.ufpb.br\/assessoriaadministrativa\/wp-json\/wp\/v2\/pages\/266\/revisions\/315"}],"wp:attachment":[{"href":"https:\/\/www.ccae.ufpb.br\/assessoriaadministrativa\/wp-json\/wp\/v2\/media?parent=266"}],"curies":[{"name":"wp","href":"https:\/\/api.w.org\/{rel}","templated":true}]}}