{"id":29,"date":"2024-12-14T11:20:29","date_gmt":"2024-12-14T11:20:29","guid":{"rendered":"https:\/\/www.ccae.ufpb.br\/assessoriaadministrativa\/?page_id=29"},"modified":"2026-01-06T10:53:40","modified_gmt":"2026-01-06T10:53:40","slug":"transportes","status":"publish","type":"page","link":"https:\/\/www.ccae.ufpb.br\/assessoriaadministrativa\/solicitacoes\/transportes\/","title":{"rendered":"Transportes"},"content":{"rendered":"\n<p>\u00daltima edi\u00e7\u00e3o em novembro<\/p>\n\n\n\n<h2 class=\"wp-block-heading\"><strong>COMUNICADO IMPORTANTE<\/strong><\/h2>\n\n\n\n<p>\u00daltima edi\u00e7\u00e3o em novembro<\/p>\n\n\n\n<p>Prezada, Comunidade Acad\u00eamica.<\/p>\n\n\n\n<p><strong>Assunto: Parada Estrat\u00e9gica Tempor\u00e1ria da Frota Institucional para Manuten\u00e7\u00e3o<\/strong><\/p>\n\n\n\n<p>A Assessoria Administrativa (Gest\u00e3o de Frota) do Campus IV da UFPB comunica a todos os setores e usu\u00e1rios da frota institucional, que ser\u00e1 realizada uma parada estrat\u00e9gica e tempor\u00e1ria de todos os ve\u00edculos institucionais, a partir do dia&nbsp;<strong>22<\/strong>&nbsp;<strong>de dezembro de 2025<\/strong>.<\/p>\n\n\n\n<p>Ou seja,&nbsp;<strong>os atendimentos permanecer\u00e3o ativos at\u00e9&nbsp;19 de dezembro de 2025.<\/strong><\/p>\n\n\n\n<p>Esta medida \u00e9 necess\u00e1ria para que sejam providenciadas as manuten\u00e7\u00f5es corretivas e preventivas em todos os ve\u00edculos da frota, assegurando as condi\u00e7\u00f5es t\u00e9cnicas e de seguran\u00e7a para a sua opera\u00e7\u00e3o e garantia de atendimento para 2026. Apenas demandas administrativas de deslocamento entre as unidades permanecer\u00e3o ativas.<\/p>\n\n\n\n<p><strong>Fundamenta\u00e7\u00e3o e Import\u00e2ncia da Medida:<\/strong><\/p>\n\n\n\n<p>A interrup\u00e7\u00e3o tempor\u00e1ria dos servi\u00e7os \u00e9 um procedimento de gest\u00e3o essencial para a manuten\u00e7\u00e3o da seguran\u00e7a de nossos colaboradores e do patrim\u00f4nio p\u00fablico. A realiza\u00e7\u00e3o simult\u00e2nea das manuten\u00e7\u00f5es garante que poss\u00edveis vulnerabilidades sejam sanadas de forma \u00e1gil e planejada, prevenindo falhas futuras e assegurando que os ve\u00edculos retornem \u00e0 opera\u00e7\u00e3o em condi\u00e7\u00f5es ideais de uso. Esta a\u00e7\u00e3o reflete o nosso compromisso irrestrito com a integridade de todos que utilizam a frota e com a efici\u00eancia dos servi\u00e7os institucionais.<\/p>\n\n\n\n<p>A previs\u00e3o de retorno das atividades da frota est\u00e1 prevista para&nbsp;<strong>02 de fevereiro de 2026<\/strong>&nbsp;<strong>em concord\u00e2ncia com o calend\u00e1rio acad\u00eamico 2025.2.<\/strong><\/p>\n\n\n\n<p>Agradecemos pela compreens\u00e3o de todos perante esta medida necess\u00e1ria, que visa a qualidade e a seguran\u00e7a cont\u00ednuas de nossos servi\u00e7os.<\/p>\n\n\n\n<p>Atenciosamente,<\/p>\n\n\n\n<p><strong>Assessoria Administrativa<\/strong><\/p>\n\n\n\n<p><strong>Gest\u00e3o de Frota do Campus IV<\/strong><\/p>\n\n\n\n<h2 class=\"wp-block-heading\"><strong>APRESENTA\u00c7\u00c3O<\/strong><\/h2>\n\n\n\n<p class=\"has-text-align-center\">O setor de <strong>Reservas de Ve\u00edculos do CCAE<\/strong> desempenha um papel estrat\u00e9gico no suporte \u00e0s atividades acad\u00eamicas, administrativas e log\u00edsticas da institui\u00e7\u00e3o. Ele gerencia o uso da frota de ve\u00edculos destinada a atender \u00e0s demandas internas, garantindo que os recursos descentralizados das Coordena\u00e7\u00f5es de Curso e Dire\u00e7\u00e3o de Centro sejam utilizados de maneira eficiente, segura e respons\u00e1vel.<\/p>\n\n\n\n<p class=\"has-text-align-center\"><strong><a href=\"https:\/\/docs.google.com\/spreadsheets\/d\/1HbtcpD5C__mxnSJieR-Yr5So4wil6oMv9VYG2ZR28EY\/edit?usp=sharing\" data-type=\"link\" data-id=\"https:\/\/docs.google.com\/spreadsheets\/d\/1HbtcpD5C__mxnSJieR-Yr5So4wil6oMv9VYG2ZR28EY\/edit?usp=sharing\" target=\"_blank\" rel=\"noreferrer noopener\">AGENDA DE VE\u00cdCULOS 2026<\/a><\/strong><\/p>\n\n\n\n<h2 class=\"wp-block-heading\">PRINCIPAIS ATRIBUI\u00c7\u00d5ES DO SETOR DE RESERVAS DE VE\u00cdCULOS<\/h2>\n\n\n\n<p><strong>Organiza\u00e7\u00e3o de Solicita\u00e7\u00f5es<\/strong><\/p>\n\n\n\n<ul class=\"wp-block-list\">\n<li>Recebe e processa pedidos de uso dos ve\u00edculos, priorizando as solicita\u00e7\u00f5es conforme a urg\u00eancia, finalidade, disponibilidade or\u00e7ament\u00e1ria e disponibilidade da frota.<\/li>\n\n\n\n<li>As reservas s\u00e3o destinadas a atividades como visitas t\u00e9cnicas, eventos acad\u00eamicos, reuni\u00f5es administrativas externas, transporte de materiais e apoio a projetos institucionais.<\/li>\n<\/ul>\n\n\n\n<p><strong>Gest\u00e3o de Agenda<\/strong><\/p>\n\n\n\n<ul class=\"wp-block-list\">\n<li>Coordena uma agenda centralizada para evitar conflitos no uso dos ve\u00edculos.<\/li>\n\n\n\n<li>Garante que os ve\u00edculos estejam dispon\u00edveis para atender aos compromissos previamente aprovados.<\/li>\n<\/ul>\n\n\n\n<p><strong>Manuten\u00e7\u00e3o da Frota<\/strong><\/p>\n\n\n\n<ul class=\"wp-block-list\">\n<li>Trabalha em conjunto com a SULT para garantir a execu\u00e7\u00e3o das manuten\u00e7\u00f5es dos ve\u00edculos, visando que estejam em bom estado de conserva\u00e7\u00e3o e funcionamento.<\/li>\n\n\n\n<li>Verifica a regularidade de documenta\u00e7\u00f5es, licenciamento e vistorias.<\/li>\n<\/ul>\n\n\n\n<p><strong>Controle e Seguran\u00e7a<\/strong><\/p>\n\n\n\n<ul class=\"wp-block-list\">\n<li>Registra dados detalhados sobre cada viagem, como destino, hor\u00e1rio, motorista respons\u00e1vel e quilometragem percorrida.<\/li>\n\n\n\n<li>Implementa pol\u00edticas de seguran\u00e7a para assegurar o uso adequado dos ve\u00edculos e a prote\u00e7\u00e3o dos passageiros.<\/li>\n<\/ul>\n\n\n\n<p><strong>Efici\u00eancia e Sustentabilidade<\/strong><\/p>\n\n\n\n<ul class=\"wp-block-list\">\n<li>Busca otimizar o uso da frota, <strong>evitando desperd\u00edcios<\/strong>, <strong>reduzindo custos e promovendo pr\u00e1ticas sustent\u00e1veis, como o planejamento de rotas mais eficientes<\/strong> e o incentivo ao compartilhamento de viagens, sempre que poss\u00edvel.<\/li>\n<\/ul>\n\n\n\n<p><\/p>\n\n\n\n<h2 class=\"wp-block-heading\"><strong>Regras Gerais para Reservas de Ve\u00edculos<\/strong><\/h2>\n\n\n\n<ul class=\"wp-block-list\">\n<li><strong>Anteced\u00eancia:<\/strong> A solicita\u00e7\u00e3o deve ser feita com um prazo m\u00ednimo 08 dias para que o setor organize a agenda.<\/li>\n\n\n\n<li><strong>Justificativa:<\/strong> Toda reserva precisa ser acompanhada de uma justificativa que comprove a rela\u00e7\u00e3o da viagem com as atividades institucionais.<\/li>\n\n\n\n<li><strong>Prioridades:<\/strong> Viagens de car\u00e1ter acad\u00eamico ou administrativo essencial t\u00eam prioridade na aloca\u00e7\u00e3o dos ve\u00edculos.<\/li>\n<\/ul>\n\n\n\n<h2 class=\"wp-block-heading\">PASSO A PASSO PARA REQUISITANTES SOLICITAREM AS RESERVAS DE VE\u00cdCULOS<\/h2>\n\n\n\n<div data-wp-interactive=\"core\/file\" class=\"wp-block-file\"><object data-wp-bind--hidden=\"!state.hasPdfPreview\" hidden class=\"wp-block-file__embed\" data=\"https:\/\/www.ccae.ufpb.br\/assessoriaadministrativa\/wp-content\/uploads\/sites\/170\/sites\/245\/2024\/12\/TUTORIAL-CADASTRO-DE-REQUISICAO-DE-TRANSPORTES-2.pdf\" type=\"application\/pdf\" style=\"width:100%;height:600px\" aria-label=\"Incorporado de TUTORIAL CADASTRO DE REQUISI\u00c7\u00c3O DE TRANSPORTES (2).\"><\/object><a id=\"wp-block-file--media-024ddcd8-4744-4dc7-8728-03914852507c\" href=\"https:\/\/www.ccae.ufpb.br\/assessoriaadministrativa\/wp-content\/uploads\/sites\/170\/sites\/245\/2024\/12\/TUTORIAL-CADASTRO-DE-REQUISICAO-DE-TRANSPORTES-2.pdf\">TUTORIAL CADASTRO DE REQUISI\u00c7\u00c3O DE TRANSPORTES (2)<\/a><a href=\"https:\/\/www.ccae.ufpb.br\/assessoriaadministrativa\/wp-content\/uploads\/sites\/170\/sites\/245\/2024\/12\/TUTORIAL-CADASTRO-DE-REQUISICAO-DE-TRANSPORTES-2.pdf\" class=\"wp-block-file__button wp-element-button\" download aria-describedby=\"wp-block-file--media-024ddcd8-4744-4dc7-8728-03914852507c\">Baixar<\/a><\/div>\n","protected":false},"excerpt":{"rendered":"<p>\u00daltima edi\u00e7\u00e3o em novembro COMUNICADO IMPORTANTE \u00daltima edi\u00e7\u00e3o em novembro Prezada, Comunidade Acad\u00eamica. Assunto: Parada Estrat\u00e9gica Tempor\u00e1ria da Frota Institucional para Manuten\u00e7\u00e3o A Assessoria Administrativa (Gest\u00e3o de Frota) do Campus IV da UFPB comunica a todos os setores e usu\u00e1rios da frota institucional, que ser\u00e1 realizada uma parada estrat\u00e9gica e tempor\u00e1ria de todos os ve\u00edculos [&hellip;]<\/p>\n","protected":false},"author":47,"featured_media":0,"parent":20,"menu_order":0,"comment_status":"closed","ping_status":"closed","template":"","meta":{"footnotes":""},"class_list":["post-29","page","type-page","status-publish","hentry"],"_links":{"self":[{"href":"https:\/\/www.ccae.ufpb.br\/assessoriaadministrativa\/wp-json\/wp\/v2\/pages\/29","targetHints":{"allow":["GET"]}}],"collection":[{"href":"https:\/\/www.ccae.ufpb.br\/assessoriaadministrativa\/wp-json\/wp\/v2\/pages"}],"about":[{"href":"https:\/\/www.ccae.ufpb.br\/assessoriaadministrativa\/wp-json\/wp\/v2\/types\/page"}],"author":[{"embeddable":true,"href":"https:\/\/www.ccae.ufpb.br\/assessoriaadministrativa\/wp-json\/wp\/v2\/users\/47"}],"replies":[{"embeddable":true,"href":"https:\/\/www.ccae.ufpb.br\/assessoriaadministrativa\/wp-json\/wp\/v2\/comments?post=29"}],"version-history":[{"count":11,"href":"https:\/\/www.ccae.ufpb.br\/assessoriaadministrativa\/wp-json\/wp\/v2\/pages\/29\/revisions"}],"predecessor-version":[{"id":395,"href":"https:\/\/www.ccae.ufpb.br\/assessoriaadministrativa\/wp-json\/wp\/v2\/pages\/29\/revisions\/395"}],"up":[{"embeddable":true,"href":"https:\/\/www.ccae.ufpb.br\/assessoriaadministrativa\/wp-json\/wp\/v2\/pages\/20"}],"wp:attachment":[{"href":"https:\/\/www.ccae.ufpb.br\/assessoriaadministrativa\/wp-json\/wp\/v2\/media?parent=29"}],"curies":[{"name":"wp","href":"https:\/\/api.w.org\/{rel}","templated":true}]}}