{"id":33,"date":"2024-12-14T11:21:06","date_gmt":"2024-12-14T11:21:06","guid":{"rendered":"https:\/\/www.ccae.ufpb.br\/assessoriaadministrativa\/?page_id=33"},"modified":"2024-12-23T21:18:02","modified_gmt":"2024-12-23T21:18:02","slug":"patrimonio","status":"publish","type":"page","link":"https:\/\/www.ccae.ufpb.br\/assessoriaadministrativa\/patrimonio\/","title":{"rendered":"Patrim\u00f4nio"},"content":{"rendered":"\n<h2 class=\"wp-block-heading\"><strong>MATERIAL DE CONSUMO<\/strong><\/h2>\n\n\n\n<h1 class=\"wp-block-heading\">Solicita\u00e7\u00e3o de Materiais de Consumo<\/h1>\n\n\n\n<p>\u00daltima atualiza\u00e7\u00e3o 23\/12\/2024<\/p>\n\n\n\n<p>Prezada Comunidade Universit\u00e1ria,<\/p>\n\n\n\n<p>Na busca de melhorarmos cada vez mais o atendimento para com nossos\/as servidores\/as, a Assessoria Administrativa criou um e-mail espec\u00edfico para dirimir o atendimento de Materiais de Consumo e as solicita\u00e7\u00f5es de \u00e1gua mineral de 20L.<\/p>\n\n\n\n<h2 class=\"wp-block-heading\"><strong>1. Instru\u00e7\u00f5es para Solicita\u00e7\u00f5es de Materiais de Consumo<\/strong><\/h2>\n\n\n\n<p class=\" \">A partir de 03\/02\/2022 solicitamos que o\/s pedido\/s de \u00e1gua e\/ou materiais de consumo seja\/m enviado\/s para o e-mail:&nbsp;<a href=\"mailto:solicitacao@ccae.ufpb.br\">solicitacao@ccae.ufpb.br<\/a><\/p>\n\n\n\n<p class=\" \"><strong>Pedidos de Materiais de Consumo<\/strong><\/p>\n\n\n\n<p>O prazo para atendimento de pedidos de materiais de consumo \u00e9 de&nbsp;<strong>at\u00e9&nbsp;48H.<\/strong>&nbsp;(A depender da disponibilidade de nosso estoque).<\/p>\n\n\n\n<p class=\" \">No ato da solicita\u00e7\u00e3o, favor informar&nbsp;<strong>a sala<\/strong>, o melhor&nbsp;<strong>hor\u00e1rio para a entrega<\/strong>&nbsp;e a&nbsp;<strong>pessoa<\/strong>&nbsp;que estar\u00e1 dispon\u00edvel para receber e assinar a entrega dos itens solicitados.<\/p>\n\n\n\n<h3 class=\"wp-block-heading\"><strong>Pedidos de \u00c1gua<\/strong><\/h3>\n\n\n\n<p>O prazo para atendimento de pedidos de \u00e1gua \u00e9 de&nbsp;<strong>at\u00e9<\/strong>&nbsp;<strong>24H<\/strong>. (A depender da disponibilidade de nosso estoque).<\/p>\n\n\n\n<p>No ato da solicita\u00e7\u00e3o, favor informar a sala para a entrega&nbsp;<strong>(Exemplo: LEA \u2013 RC 104)<\/strong>.<\/p>\n\n\n\n<p>Orientamos que os\/as servidores\/as fique\/m atento\/s a\/s data\/s de validade do\/s garraf\u00e3o\/\u00f5es que utiliza\/m em sua\/s unidade\/s, para evitar a utiliza\u00e7\u00e3o de vasilhames vencidos em nossas 02 unidades \u2013 Rio Tinto e Mamanguape.<\/p>\n\n\n\n<h3 class=\"wp-block-heading\">Observa\u00e7\u00e3o:<\/h3>\n\n\n\n<p>Sempre que identificarmos que as solicita\u00e7\u00f5es n\u00e3o poder\u00e3o ser atendidas dentro dos prazos pr\u00e9-estabelecidos, os e-mails ser\u00e3o devidamente respondidos com uma justificativa:<\/p>\n\n\n\n<ul class=\"wp-block-list\">\n<li>ou para o n\u00e3o atendimento da solicita\u00e7\u00e3o,<\/li>\n\n\n\n<li>ou para um agendamento do atendimento.<\/li>\n<\/ul>\n\n\n\n<h2 class=\"wp-block-heading\"><strong>2. Entrega Anual de Materiais de Consumo aos CAs<\/strong> <\/h2>\n\n\n\n<p>Anualmente a Assessoria Administrativa (com a anu\u00eancia da Dire\u00e7\u00e3o de Centro), realiza a entrega de Kits de materiais de consumo, aos representantes dos CAs.<\/p>\n\n\n\n<p>Para garantir o recebimento destes materiais o\/a representante do CA deve enviar e-mail para o seguinte endere\u00e7o: assessoria.administrativa@ccae.ufpb.br at\u00e9 a 1\u00aa quinzena do m\u00eas de Fevereiro, com <strong>nome completo<\/strong> <strong>do\/a representante<\/strong>, e <strong>indica\u00e7\u00e3o do CA que representa.<\/strong><\/p>\n\n\n\n<p>As entregas dos Kits obedecer\u00e3o a ordem de recebimento dos e-mails. No ato da entrega o\/a representante dever\u00e1 assinar o TERMO DE RECEBIMENTO junto a Assessoria Administrativa.<\/p>\n\n\n\n<p> <\/p>\n\n\n\n<h2 class=\"wp-block-heading\"><strong>MATERIAL PERMANENTE<\/strong><\/h2>\n\n\n\n<p><\/p>\n","protected":false},"excerpt":{"rendered":"<p>MATERIAL DE CONSUMO Solicita\u00e7\u00e3o de Materiais de Consumo \u00daltima atualiza\u00e7\u00e3o 23\/12\/2024 Prezada Comunidade Universit\u00e1ria, Na busca de melhorarmos cada vez mais o atendimento para com nossos\/as servidores\/as, a Assessoria Administrativa criou um e-mail espec\u00edfico para dirimir o atendimento de Materiais de Consumo e as solicita\u00e7\u00f5es de \u00e1gua mineral de 20L. 1. Instru\u00e7\u00f5es para Solicita\u00e7\u00f5es de [&hellip;]<\/p>\n","protected":false},"author":47,"featured_media":0,"parent":0,"menu_order":0,"comment_status":"closed","ping_status":"closed","template":"","meta":{"footnotes":""},"class_list":["post-33","page","type-page","status-publish","hentry"],"_links":{"self":[{"href":"https:\/\/www.ccae.ufpb.br\/assessoriaadministrativa\/wp-json\/wp\/v2\/pages\/33","targetHints":{"allow":["GET"]}}],"collection":[{"href":"https:\/\/www.ccae.ufpb.br\/assessoriaadministrativa\/wp-json\/wp\/v2\/pages"}],"about":[{"href":"https:\/\/www.ccae.ufpb.br\/assessoriaadministrativa\/wp-json\/wp\/v2\/types\/page"}],"author":[{"embeddable":true,"href":"https:\/\/www.ccae.ufpb.br\/assessoriaadministrativa\/wp-json\/wp\/v2\/users\/47"}],"replies":[{"embeddable":true,"href":"https:\/\/www.ccae.ufpb.br\/assessoriaadministrativa\/wp-json\/wp\/v2\/comments?post=33"}],"version-history":[{"count":3,"href":"https:\/\/www.ccae.ufpb.br\/assessoriaadministrativa\/wp-json\/wp\/v2\/pages\/33\/revisions"}],"predecessor-version":[{"id":169,"href":"https:\/\/www.ccae.ufpb.br\/assessoriaadministrativa\/wp-json\/wp\/v2\/pages\/33\/revisions\/169"}],"wp:attachment":[{"href":"https:\/\/www.ccae.ufpb.br\/assessoriaadministrativa\/wp-json\/wp\/v2\/media?parent=33"}],"curies":[{"name":"wp","href":"https:\/\/api.w.org\/{rel}","templated":true}]}}