{"id":345,"date":"2025-09-24T18:45:37","date_gmt":"2025-09-24T18:45:37","guid":{"rendered":"https:\/\/www.ccae.ufpb.br\/assessoriaadministrativa\/?page_id=345"},"modified":"2025-11-04T13:05:02","modified_gmt":"2025-11-04T13:05:02","slug":"documentos-necessarios","status":"publish","type":"page","link":"https:\/\/www.ccae.ufpb.br\/assessoriaadministrativa\/scdp\/documentos-necessarios\/","title":{"rendered":"Documentos Necess\u00e1rios"},"content":{"rendered":"\n<p>Conforme a instru\u00e7\u00e3o normativa 01 de 2020 &#8211; PRA e demais dispositivos legais vinculantes ao Sistema de Concess\u00e3o de Di\u00e1rias e Passagens (SCDP), os seguintes documentos devidamente preenchidos s\u00e3o necess\u00e1rios \u00e0 inser\u00e7\u00e3o de propostos e cria\u00e7\u00e3o de PCDP, documentos em negrito s\u00e3o <em>links<\/em> interativos que disponibilizam o documento a ser preenchido.<\/p>\n\n\n\n<p>Ap\u00f3s o preenchimento e assinatura (via <a href=\"https:\/\/www.gov.br\/governodigital\/pt-br\/identidade\/assinatura-eletronica\" data-type=\"link\" data-id=\"https:\/\/www.gov.br\/governodigital\/pt-br\/identidade\/assinatura-eletronica\">autentica\u00e7\u00e3o do GOV.BR<\/a> ou assinatura do SIPAC), os documentos podem ser encaminhados para o e-mail de di\u00e1rias e passagens do CCAE (<a href=\"diariasepassagens@ccae.ufpb.br\" data-type=\"link\" data-id=\"diariasepassagens@ccae.ufpb.br\" target=\"_blank\" rel=\"noreferrer noopener\">diariasepassagens@ccae.ufpb.br<\/a>) ou atrav\u00e9s da caixa de unidade da Assessoria Administrativa (<strong>CCAE &#8211; ASSESSORIA ADMINISTRATIVA &#8211; 11.01.35.01.01<\/strong>).<\/p>\n\n\n\n<p><strong>DOCUMENTOS PARA SOLICITA\u00c7\u00c3O DE DI\u00c1RIAS:<\/strong><\/p>\n\n\n\n<ul class=\"wp-block-list\">\n<li><a href=\"https:\/\/drive.google.com\/drive\/folders\/1M8oAZOg6niQTzM3JCVXgZ5eaw6NWmUoO?usp=drive_link\" data-type=\"link\" data-id=\"https:\/\/drive.google.com\/drive\/folders\/1M8oAZOg6niQTzM3JCVXgZ5eaw6NWmUoO?usp=drive_link\">Formul\u00e1rio de solicita\u00e7\u00e3o de di\u00e1rias e passagens (assinado pelo proposto [quem viaja], chefia departamental e diretor de Centro);<\/a><\/li>\n\n\n\n<li>Banner;<\/li>\n\n\n\n<li>Cronograma;<\/li>\n\n\n\n<li>Carta de aceite\/convite;<\/li>\n\n\n\n<li>Comprova\u00e7\u00e3o de meio de transporte (no caso de compra de passagem a\u00e9rea\/terrestre, encaminhar bilhete comprado,&nbsp;<strong>sem<\/strong> cota\u00e7\u00f5es). Caso solicitado ve\u00edculo oficial, anexar a requisi\u00e7\u00e3o de transporte <strong>autorizada<\/strong>;<\/li>\n\n\n\n<li><a href=\"https:\/\/drive.google.com\/drive\/folders\/1wOQkJxNwbm05fb-5yA1MdnjAtdqRo348?usp=drive_link\" data-type=\"link\" data-id=\"https:\/\/drive.google.com\/drive\/folders\/1wOQkJxNwbm05fb-5yA1MdnjAtdqRo348?usp=drive_link\">Em caso de carro pr\u00f3prio, anexar o termo de responsabilidade de uso de ve\u00edculo pr\u00f3prio (em anexo).<\/a><\/li>\n\n\n\n<li>Despacho de autoriza\u00e7\u00e3o da chefia departamental devidamente assinado, autorizando o deslocamento, o gasto do departamento e firmando ci\u00eancia da demanda;<\/li>\n\n\n\n<li><a href=\"https:\/\/drive.google.com\/file\/d\/1cgoo4Wo6yz2EQRswl2S9lviEYAYlkM4a\/view?usp=drive_link\" data-type=\"link\" data-id=\"https:\/\/drive.google.com\/file\/d\/1cgoo4Wo6yz2EQRswl2S9lviEYAYlkM4a\/view\">Se necess\u00e1rio, formul\u00e1rio de justificativa de solicita\u00e7\u00e3o de di\u00e1rias e\/ou passagens fora do prazo legal (20 dias de anteced\u00eancia);<\/a><\/li>\n\n\n\n<li><a href=\"http:\/\/www.pra.ufpb.br\/wp-content\/uploads\/sites\/276\/sites\/276\/2025\/09\/termo-de-renuncia-diarias-e-passagens.pdf\" data-type=\"link\" data-id=\"http:\/\/www.pra.ufpb.br\/wp-content\/uploads\/sites\/276\/sites\/276\/2025\/09\/termo-de-renuncia-diarias-e-passagens.pdf\">Termo de ren\u00fancia de di\u00e1rias e\/ou passagens (no caso de compra de passagens a pr\u00f3prio custo e\/ou com di\u00e1rias parciais);<\/a><\/li>\n\n\n\n<li>Contracheque, para servidores de outros poderes ou esferas;<\/li>\n\n\n\n<li><a href=\"https:\/\/drive.google.com\/file\/d\/1s4gUqqkBV7wHOsgMldvPTbOf4f_pATHI\/view?usp=drive_link\" data-type=\"link\" data-id=\"https:\/\/drive.google.com\/file\/d\/1s4gUqqkBV7wHOsgMldvPTbOf4f_pATHI\/view?usp=drive_link\">Caso haja mais de dois propostos inclu\u00eddos para uma mesma miss\u00e3o solicitada pelo \u00f3rg\u00e3o, encaminhar justificativa de solicita\u00e7\u00e3o de di\u00e1rias com mais de dois propostos por miss\u00e3o;<\/a><\/li>\n<\/ul>\n\n\n\n<p>Para <strong>colaboradores eventuais<\/strong>, al\u00e9m destes informados acima, os seguintes tamb\u00e9m ser\u00e3o necess\u00e1rios:<\/p>\n\n\n\n<ul class=\"wp-block-list\">\n<li>Registro Geral (RG);<\/li>\n\n\n\n<li>Curr\u00edculo Lattes;<\/li>\n\n\n\n<li>Nota t\u00e9cnica;<\/li>\n<\/ul>\n\n\n\n<p><strong>DOCUMENTOS PARA A PRESTA\u00c7\u00c3O DE CONTAS<\/strong><\/p>\n\n\n\n<p>Ap\u00f3s a realiza\u00e7\u00e3o da miss\u00e3o, \u00e9 dever do proposto a realiza\u00e7\u00e3o da presta\u00e7\u00e3o de contas dentro do prazo legal (<strong>5 dias corridos<\/strong>). Para que seja realizada a presta\u00e7\u00e3o de contas o proposto dever\u00e1 apresentar os seguintes documentos:<\/p>\n\n\n\n<ul class=\"wp-block-list\">\n<li><a href=\"https:\/\/drive.google.com\/drive\/folders\/11fUoxzjw1CdwdoPXh6OETtFhl0SEaeFQ?usp=drive_link\" data-type=\"link\" data-id=\"https:\/\/drive.google.com\/drive\/folders\/11fUoxzjw1CdwdoPXh6OETtFhl0SEaeFQ?usp=drive_link\">Relat\u00f3rio de viagem nacional;<\/a><\/li>\n\n\n\n<li>Declara\u00e7\u00e3o\/certificados de participa\u00e7\u00e3o;<\/li>\n\n\n\n<li>Canhotos de embarque a\u00e9reos\/terrestres (comprovantes de embarque\/desembarque);<\/li>\n\n\n\n<li><a href=\"https:\/\/drive.google.com\/file\/d\/1uqW3hthaT4J1wojc-QSrhfR2HjKICV_A\/view?usp=sharing\" data-type=\"link\" data-id=\"https:\/\/drive.google.com\/file\/d\/1uqW3hthaT4J1wojc-QSrhfR2HjKICV_A\/view?usp=sharing\">Se necess\u00e1rio, formul\u00e1rio de justificativa de presta\u00e7\u00e3o de contas fora do prazo legal.<\/a><\/li>\n<\/ul>\n\n\n\n<p><\/p>\n","protected":false},"excerpt":{"rendered":"<p>Conforme a instru\u00e7\u00e3o normativa 01 de 2020 &#8211; PRA e demais dispositivos legais vinculantes ao Sistema de Concess\u00e3o de Di\u00e1rias e Passagens (SCDP), os seguintes documentos devidamente preenchidos s\u00e3o necess\u00e1rios \u00e0 inser\u00e7\u00e3o de propostos e cria\u00e7\u00e3o de PCDP, documentos em negrito s\u00e3o links interativos que disponibilizam o documento a ser preenchido. Ap\u00f3s o preenchimento e [&hellip;]<\/p>\n","protected":false},"author":185,"featured_media":0,"parent":31,"menu_order":0,"comment_status":"closed","ping_status":"closed","template":"","meta":{"footnotes":""},"class_list":["post-345","page","type-page","status-publish","hentry"],"_links":{"self":[{"href":"https:\/\/www.ccae.ufpb.br\/assessoriaadministrativa\/wp-json\/wp\/v2\/pages\/345","targetHints":{"allow":["GET"]}}],"collection":[{"href":"https:\/\/www.ccae.ufpb.br\/assessoriaadministrativa\/wp-json\/wp\/v2\/pages"}],"about":[{"href":"https:\/\/www.ccae.ufpb.br\/assessoriaadministrativa\/wp-json\/wp\/v2\/types\/page"}],"author":[{"embeddable":true,"href":"https:\/\/www.ccae.ufpb.br\/assessoriaadministrativa\/wp-json\/wp\/v2\/users\/185"}],"replies":[{"embeddable":true,"href":"https:\/\/www.ccae.ufpb.br\/assessoriaadministrativa\/wp-json\/wp\/v2\/comments?post=345"}],"version-history":[{"count":19,"href":"https:\/\/www.ccae.ufpb.br\/assessoriaadministrativa\/wp-json\/wp\/v2\/pages\/345\/revisions"}],"predecessor-version":[{"id":371,"href":"https:\/\/www.ccae.ufpb.br\/assessoriaadministrativa\/wp-json\/wp\/v2\/pages\/345\/revisions\/371"}],"up":[{"embeddable":true,"href":"https:\/\/www.ccae.ufpb.br\/assessoriaadministrativa\/wp-json\/wp\/v2\/pages\/31"}],"wp:attachment":[{"href":"https:\/\/www.ccae.ufpb.br\/assessoriaadministrativa\/wp-json\/wp\/v2\/media?parent=345"}],"curies":[{"name":"wp","href":"https:\/\/api.w.org\/{rel}","templated":true}]}}