{"id":10,"date":"2025-06-02T21:39:52","date_gmt":"2025-06-03T00:39:52","guid":{"rendered":"https:\/\/www.ccae.ufpb.br\/caes\/?page_id=10"},"modified":"2026-01-20T11:17:11","modified_gmt":"2026-01-20T14:17:11","slug":"quem-somos","status":"publish","type":"page","link":"https:\/\/www.ccae.ufpb.br\/caes\/quem-somos\/","title":{"rendered":"Quem Somos?"},"content":{"rendered":"\n<p>A Coordena\u00e7\u00e3o de Assist\u00eancia Estudantil (CAE) \u00e9 o setor do Centro de Ci\u00eancias Aplicadas e Educa\u00e7\u00e3o &#8211; CCAE que tem o prop\u00f3sito de realizar a\u00e7\u00f5es que possibilitem a perman\u00eancia dos estudantes no Centro e o \u00eaxito em suas atividades acad\u00eamicas. Est\u00e1 voltado ao acolhimento das demandas estudantis, de modo a identificar, encaminhar e acompanhar quest\u00f5es de naturezas sociais, psicol\u00f3gicas e pedag\u00f3gicas que possam interferir no processo de ensino e aprendizagem.<\/p>\n\n\n\n<figure class=\"wp-block-table is-style-stripes\"><table class=\"has-fixed-layout\"><tbody><tr><th><strong>Fun\u00e7\u00e3o<\/strong><\/th><th>Nome<\/th><th>E-mail<\/th><\/tr><tr><td><strong>Coordenadora<\/strong><\/td><td>Ana Cristina Crispim Maur\u00edcio<\/td><td>anacristina@ccae.ufpb.br<\/td><\/tr><tr><td><strong>Assistente Social<\/strong><\/td><td>Mariana Paiva Fonseca<\/td><td>mariana@ccae.ufpb.br<\/td><\/tr><tr><td><strong>Psic\u00f3loga<\/strong><\/td><td>Camila Cristina Vasconcelos Dias<\/td><td>camila@ccae.ufpb.br<\/td><\/tr><tr><td><strong>Psic\u00f3loga<\/strong><\/td><td>Erika Vanessa de Oliveira Pontes<\/td><td>erika.pontes@ccae.ufpb.br<\/td><\/tr><tr><td><strong>Nutricionista<\/strong><\/td><td>Camila Chiara Pereira de Oliveira<\/td><td>camila.oliveira@ccae.ufpb.br<\/td><\/tr><tr><td><strong>Nutricionista<\/strong><\/td><td>Penha Patr\u00edcia Cabral Ribeiro<\/td><td>penharibeiro@ccae.ufpb.br<\/td><\/tr><\/tbody><\/table><\/figure>\n\n\n\n<p><\/p>\n","protected":false},"excerpt":{"rendered":"<p>A Coordena\u00e7\u00e3o de Assist\u00eancia Estudantil (CAE) \u00e9 o setor do Centro de Ci\u00eancias Aplicadas e [&hellip;]<\/p>\n","protected":false},"author":47,"featured_media":0,"parent":0,"menu_order":0,"comment_status":"closed","ping_status":"closed","template":"","meta":{"footnotes":""},"class_list":["post-10","page","type-page","status-publish","hentry"],"_links":{"self":[{"href":"https:\/\/www.ccae.ufpb.br\/caes\/wp-json\/wp\/v2\/pages\/10","targetHints":{"allow":["GET"]}}],"collection":[{"href":"https:\/\/www.ccae.ufpb.br\/caes\/wp-json\/wp\/v2\/pages"}],"about":[{"href":"https:\/\/www.ccae.ufpb.br\/caes\/wp-json\/wp\/v2\/types\/page"}],"author":[{"embeddable":true,"href":"https:\/\/www.ccae.ufpb.br\/caes\/wp-json\/wp\/v2\/users\/47"}],"replies":[{"embeddable":true,"href":"https:\/\/www.ccae.ufpb.br\/caes\/wp-json\/wp\/v2\/comments?post=10"}],"version-history":[{"count":3,"href":"https:\/\/www.ccae.ufpb.br\/caes\/wp-json\/wp\/v2\/pages\/10\/revisions"}],"predecessor-version":[{"id":46,"href":"https:\/\/www.ccae.ufpb.br\/caes\/wp-json\/wp\/v2\/pages\/10\/revisions\/46"}],"wp:attachment":[{"href":"https:\/\/www.ccae.ufpb.br\/caes\/wp-json\/wp\/v2\/media?parent=10"}],"curies":[{"name":"wp","href":"https:\/\/api.w.org\/{rel}","templated":true}]}}