{"id":12,"date":"2025-06-02T21:42:20","date_gmt":"2025-06-03T00:42:20","guid":{"rendered":"https:\/\/www.ccae.ufpb.br\/caes\/?page_id=12"},"modified":"2025-06-02T21:52:40","modified_gmt":"2025-06-03T00:52:40","slug":"servico-de-psicologia","status":"publish","type":"page","link":"https:\/\/www.ccae.ufpb.br\/caes\/servico-de-psicologia\/","title":{"rendered":"Servi\u00e7o de Psicologia"},"content":{"rendered":"\n<p>O servi\u00e7o de psicologia busca auxiliar os estudantes regularmente matriculados do Centro de Ci\u00eancias Aplicadas e Educa\u00e7\u00e3o<\/p>\n\n\n\n<p>O CCAE possui Psic\u00f3logas nas unidades de Rio Tinto e Mamanguape que realizam a\u00e7\u00f5es diversificadas, tanto no \u00e2mbito preventivo quanto interventivo.&nbsp;As atividades s\u00e3o realizadas junto aos estudantes regularmente matriculados nos cursos do CCAE, em formato individual ou coletivo. S\u00e3o elas: plant\u00e3o psicol\u00f3gico, orienta\u00e7\u00e3o psicol\u00f3gica breve, oficinas de desenvolvimento pessoal e acad\u00eamico, a\u00e7\u00f5es educativas, encaminhamentos para tratamentos especializados, entre outros.<\/p>\n\n\n\n<h2 class=\"wp-block-heading\"><div class=\"linha-header\">Como participar das atividades coletivas?<\/div><\/h2>\n\n\n\n<p>As atividades coletivas podem acontecer no formato de oficinas, palestras, grupos de apoio e rodas de conversa, com tem\u00e1ticas relacionadas \u00e0 sa\u00fade mental e viv\u00eancias acad\u00eamicas. O\/A estudante deve acompanhar nas redes sociais (Instagram: @caes.ufpbcampus4) e na p\u00e1gina oficial da CAES (Site: http:\/\/www.ccae.ufpb.br\/cae) a abertura de novos grupos e atividades.<\/p>\n\n\n\n<h2 class=\"wp-block-heading\"><div class=\"linha-header\">Como ter acesso ao atendimento psicol\u00f3gico individual?<\/div><\/h2>\n\n\n\n<p>Os atendimentos acontecem no formato de Plant\u00e3o Psicol\u00f3gico. Uma modalidade de atendimento voltada a acolher o\/a estudante em sofrimento ps\u00edquico no momento de sua necessidade ou o mais breve poss\u00edvel. Ap\u00f3s o primeiro atendimento, o estudante tem direito a mais dois retornos. Ou seja, poder\u00e1 solicitar at\u00e9 tr\u00eas atendimentos por semestre.<\/p>\n\n\n\n<h2 class=\"wp-block-heading\"><div class=\"linha-header\">Quando buscar o Plant\u00e3o Psicol\u00f3gico?<\/div><\/h2>\n\n\n\n<p>O Plant\u00e3o psicol\u00f3gico \u00e9 voltado para demandas pontuais ou emergenciais de sofrimento ps\u00edquico, ou seja, aquelas que n\u00e3o necessitam de um acompanhamento de longo prazo, mas que geram afli\u00e7\u00e3o, ang\u00fastia ou dificuldades no dia-a-dia.<\/p>\n\n\n\n<p>E se o\/ a estudante necessitar de mais atendimentos? A partir da avalia\u00e7\u00e3o feita em atendimento de plant\u00e3o, pode haver encaminhamentos para outras modalidades de atendimento ou outros servi\u00e7os da rede de sa\u00fade.<\/p>\n\n\n\n<h2 class=\"wp-block-heading\"><div class=\"linha-header\"><strong>Como solicitar o atendimento?<\/strong><\/div><\/h2>\n\n\n\n<p>Novas vagas para o Plant\u00e3o Psicol\u00f3gico s\u00e3o abertas semanalmente. Para solicitar o atendimento, o\/a estudante dever\u00e1 preencher a agenda eletr\u00f4nica de acordo com sua unidade:&nbsp;<a href=\"http:\/\/agendacae.ccae.ufpb.br\/\" target=\"_blank\" rel=\"noreferrer noopener\">http:\/\/agendacae.ccae.ufpb.br\/<\/a>.<\/p>\n\n\n\n<p>O formul\u00e1rio ser\u00e1 divulgado sempre no in\u00edcio da semana no site e no Instagram (@caes.ufpbcampus4). Ap\u00f3s preencher o hor\u00e1rio de prefer\u00eancia, o\/a estudante receber\u00e1 a confirma\u00e7\u00e3o do atendimento ou sugest\u00e3o de reajuste.<\/p>\n\n\n\n<h2 class=\"wp-block-heading\"><div class=\"linha-header\"><strong>Preciso do atendimento, mas tenho medo de que outras pessoas saibam sobre o que foi falado na consulta.<\/strong><\/div><\/h2>\n\n\n\n<p>De acordo com o artigo 9\u00ba do C\u00f3digo de \u00c9tica Profissional do Psic\u00f3logo (CFP, 2005), \u201c\u00c9 dever do psic\u00f3logo respeitar o sigilo profissional a fim de proteger, por meio da confidencialidade, a intimidade das pessoas, grupos ou organiza\u00e7\u00f5es, a que tenha acesso no exerc\u00edcio profissional\u201d (CFP, 2005, p. 13).<\/p>\n\n\n\n<h2 class=\"wp-block-heading\"><div class=\"linha-header\"><strong>Sou&nbsp;coordenador\/professor\/servidor,&nbsp;posso encaminhar um aluno para o servi\u00e7o de Psicologia?<\/strong><\/div><\/h2>\n\n\n\n<p>Caso observem um aluno em sofrimento, coordenadores&nbsp;de curso, professores&nbsp;e servidores podem&nbsp;e devem&nbsp;<strong>orientar<\/strong>&nbsp;o estudante a buscar o servi\u00e7o de Psicologia atrav\u00e9s do formul\u00e1rio de solicita\u00e7\u00e3o.&nbsp;Contudo, a busca ativa pelo atendimento deve ser realizada pelo discente.<\/p>\n\n\n\n<h2 class=\"wp-block-heading\"><div class=\"linha-header\"><strong>Ainda estou com d\u00favidas. Como posso entrar em contato com o servi\u00e7o?<\/strong><\/div><\/h2>\n\n\n\n<p>Quaisquer d\u00favidas sobre o Servi\u00e7o de Psicologia podem ser encaminhadas para o e-mail da Coordena\u00e7\u00e3o de Assist\u00eancia Estudantil (<a href=\"mailto:caes@ccae.ufpb.br\">caes@ccae.ufpb.br<\/a>) ou diretamente para as psic\u00f3logas Mariana Francelino (mariana.francelino@ccae.ufpb.br) ou&nbsp;Camila Cristina (<a href=\"mailto:katia@ccae.ufpb.br\">camila@ccae.ufpb.br<\/a>).<\/p>\n","protected":false},"excerpt":{"rendered":"<p>O servi\u00e7o de psicologia busca auxiliar os estudantes regularmente matriculados do Centro de Ci\u00eancias Aplicadas [&hellip;]<\/p>\n","protected":false},"author":47,"featured_media":0,"parent":0,"menu_order":0,"comment_status":"closed","ping_status":"closed","template":"","meta":{"footnotes":""},"class_list":["post-12","page","type-page","status-publish","hentry"],"_links":{"self":[{"href":"https:\/\/www.ccae.ufpb.br\/caes\/wp-json\/wp\/v2\/pages\/12","targetHints":{"allow":["GET"]}}],"collection":[{"href":"https:\/\/www.ccae.ufpb.br\/caes\/wp-json\/wp\/v2\/pages"}],"about":[{"href":"https:\/\/www.ccae.ufpb.br\/caes\/wp-json\/wp\/v2\/types\/page"}],"author":[{"embeddable":true,"href":"https:\/\/www.ccae.ufpb.br\/caes\/wp-json\/wp\/v2\/users\/47"}],"replies":[{"embeddable":true,"href":"https:\/\/www.ccae.ufpb.br\/caes\/wp-json\/wp\/v2\/comments?post=12"}],"version-history":[{"count":1,"href":"https:\/\/www.ccae.ufpb.br\/caes\/wp-json\/wp\/v2\/pages\/12\/revisions"}],"predecessor-version":[{"id":13,"href":"https:\/\/www.ccae.ufpb.br\/caes\/wp-json\/wp\/v2\/pages\/12\/revisions\/13"}],"wp:attachment":[{"href":"https:\/\/www.ccae.ufpb.br\/caes\/wp-json\/wp\/v2\/media?parent=12"}],"curies":[{"name":"wp","href":"https:\/\/api.w.org\/{rel}","templated":true}]}}