{"id":14,"date":"2025-06-02T21:42:39","date_gmt":"2025-06-03T00:42:39","guid":{"rendered":"https:\/\/www.ccae.ufpb.br\/caes\/?page_id=14"},"modified":"2025-06-02T21:52:40","modified_gmt":"2025-06-03T00:52:40","slug":"servico-social","status":"publish","type":"page","link":"https:\/\/www.ccae.ufpb.br\/caes\/servico-social\/","title":{"rendered":"Servi\u00e7o Social"},"content":{"rendered":"\n<p>O servi\u00e7o social busca desenvolver a\u00e7\u00f5es que visam o acolhimento das desmandas estudantis dos\/as estudantes regularmente matriculados ou aptos a ingressar nos cursos do Centro de Ci\u00eancias Aplicadas e Educa\u00e7\u00e3o, de modo a esclarecer d\u00favidas e\/ou orientar sobre direitos e deveres, rotinas da institui\u00e7\u00e3o, procedimentos, servi\u00e7os, normas e legisla\u00e7\u00e3o, entre outros, contribuindo com o seu ingresso e\/ou perman\u00eancia na UFPB\/Campus IV.<\/p>\n\n\n\n<p><strong>Devido a pandemia do Coronav\u00edrus todas as atividades desenvolvidas pelo Servi\u00e7o Social est\u00e3o acontecendo exclusivamente no formato on-line.<\/strong><\/p>\n\n\n\n<h2 class=\"wp-block-heading\"><div class=\"linha-header\">Em que situa\u00e7\u00e3o devo buscar o Servi\u00e7o Social?<\/div><\/h2>\n\n\n\n<p>1. Em casos de d\u00favidas sobre servi\u00e7os ofertados no \u00e2mbito da UFPB;<\/p>\n\n\n\n<p>2. Em casos de d\u00favidas sobre os aux\u00edlios estudantis da PRAPE;<\/p>\n\n\n\n<p>3. Em casos de d\u00favidas sobre avalia\u00e7\u00e3o socioecon\u00f4mica;<\/p>\n\n\n\n<p>4. Para escuta qualificada em raz\u00e3o de quest\u00f5es que estejam influenciando no processo de ensino, aprendizagem e perman\u00eancia do\/a estudante no CCAE.<\/p>\n\n\n\n<h2 class=\"wp-block-heading\"><div class=\"linha-header\">Ainda estou com d\u00favidas. Como posso entrar em contato com o servi\u00e7o?<\/div><\/h2>\n\n\n\n<p>Quaisquer d\u00favidas sobre o Servi\u00e7o Social podem ser encaminhadas para o e-mail da Coordena\u00e7\u00e3o de Assist\u00eancia Estudantil (<a href=\"mailto:caes@ccae.ufpb.br\">caes@ccae.ufpb.br<\/a>) ou diretamente para as Assistentes Sociais: Mariana Paiva (<a href=\"mailto:joacil@ccae.ufpb.br\">mariana@ccae.ufpb.br<\/a>) e&nbsp;&nbsp;Jobson Rodrigues&nbsp;(eliezer.rodrigues@ccae.ufpb.br).<\/p>\n","protected":false},"excerpt":{"rendered":"<p>O servi\u00e7o social busca desenvolver a\u00e7\u00f5es que visam o acolhimento das desmandas estudantis dos\/as estudantes [&hellip;]<\/p>\n","protected":false},"author":47,"featured_media":0,"parent":0,"menu_order":0,"comment_status":"closed","ping_status":"closed","template":"","meta":{"footnotes":""},"class_list":["post-14","page","type-page","status-publish","hentry"],"_links":{"self":[{"href":"https:\/\/www.ccae.ufpb.br\/caes\/wp-json\/wp\/v2\/pages\/14","targetHints":{"allow":["GET"]}}],"collection":[{"href":"https:\/\/www.ccae.ufpb.br\/caes\/wp-json\/wp\/v2\/pages"}],"about":[{"href":"https:\/\/www.ccae.ufpb.br\/caes\/wp-json\/wp\/v2\/types\/page"}],"author":[{"embeddable":true,"href":"https:\/\/www.ccae.ufpb.br\/caes\/wp-json\/wp\/v2\/users\/47"}],"replies":[{"embeddable":true,"href":"https:\/\/www.ccae.ufpb.br\/caes\/wp-json\/wp\/v2\/comments?post=14"}],"version-history":[{"count":1,"href":"https:\/\/www.ccae.ufpb.br\/caes\/wp-json\/wp\/v2\/pages\/14\/revisions"}],"predecessor-version":[{"id":15,"href":"https:\/\/www.ccae.ufpb.br\/caes\/wp-json\/wp\/v2\/pages\/14\/revisions\/15"}],"wp:attachment":[{"href":"https:\/\/www.ccae.ufpb.br\/caes\/wp-json\/wp\/v2\/media?parent=14"}],"curies":[{"name":"wp","href":"https:\/\/api.w.org\/{rel}","templated":true}]}}