{"id":16,"date":"2025-06-02T21:43:21","date_gmt":"2025-06-03T00:43:21","guid":{"rendered":"https:\/\/www.ccae.ufpb.br\/caes\/?page_id=16"},"modified":"2025-06-02T21:52:40","modified_gmt":"2025-06-03T00:52:40","slug":"auxilios-estudantis","status":"publish","type":"page","link":"https:\/\/www.ccae.ufpb.br\/caes\/auxilios-estudantis\/","title":{"rendered":"Aux\u00edlios Estudantis"},"content":{"rendered":"\n<p>Os aux\u00edlios estudantis s\u00e3o destinadas exclusivamente aos\/\u00e0s estudantes em situa\u00e7\u00e3o de vulnerabilidade social e econ\u00f4mica. A prioridade para atendimento s\u00e3o os\/as estudantes oriundos de escola p\u00fablica e com renda per capita familiar inferior a 1\u00bd sal\u00e1rio m\u00ednimo nacional, conforme o Decreto 7234\/2010 &#8211; PNAES.<\/p>\n\n\n\n<h2 class=\"wp-block-heading\"><div class=\"linha-header\">Como posso ter acesso aos aux\u00edlios?<\/div><\/h2>\n\n\n\n<p class=\" \">A sele\u00e7\u00e3o dos\/as estudantes \u00e9 realizada por Editais publicados pela PRAPE\/UFPB, onde s\u00e3o avaliadas as informa\u00e7\u00f5es prestadas e os documentos comprobat\u00f3rios solicitados.<\/p>\n\n\n\n<p class=\" \">Os indicadores de vulnerabilidade socioecon\u00f4mica utilizados na an\u00e1lise s\u00e3o pontuados de acordo com tabela especifica onde s\u00e3o considerados renda familiar bruta mensal, proced\u00eancia escolar (ensino m\u00e9dio), n\u00famero de membros da fam\u00edlia, agravantes de vulnerabilidade social e fatores distributivos de&nbsp;aux\u00edlios.<\/p>\n\n\n\n<p class=\" \"><strong>Para acompanhar a publica\u00e7\u00e3o de editais de aux\u00edlios estudantis&nbsp;<a href=\"https:\/\/www.ufpb.br\/prape\" target=\"_blank\" rel=\"noreferrer noopener\">clique aqui<\/a><\/strong><\/p>\n\n\n\n<p class=\" \">&nbsp;<\/p>\n\n\n\n<p><strong>AUX\u00cdLIO RESID\u00caNCIA UNIVERSIT\u00c1RIA<\/strong><\/p>\n\n\n\n<p>O Aux\u00edlio Resid\u00eancia Universit\u00e1ria consiste na concess\u00e3o de acesso e uso das depend\u00eancias da Resid\u00eancia Universit\u00e1ria, acesso \u00e0s refei\u00e7\u00f5es do Restaurante Universit\u00e1rio (almo\u00e7o e jantar) e uma presta\u00e7\u00e3o pecuni\u00e1ria para custeio do caf\u00e9 da manh\u00e3, da alimenta\u00e7\u00e3o nos finais de semana, materiais de higiene pessoal e material de apoio pedag\u00f3gico, e destina-se aos\/\u00e0s estudantes que vieram residir na cidade sede do curso matriculado, exclusivamente, para cursar a primeira gradua\u00e7\u00e3o.<\/p>\n\n\n\n<p>Este aux\u00edlio em pec\u00fania corresponde a R$ 580,00 (quinhentos e oitenta reais) mensais.<\/p>\n\n\n\n<p><strong>AUX\u00cdLIO MORADIA<\/strong><\/p>\n\n\n\n<p>O Aux\u00edlio Moradia \u00e9 uma ajuda de custo para as despesas com habita\u00e7\u00e3o e destina-se aos\/\u00e0s estudantes que vieram residir na cidade sede do curso matriculado, exclusivamente, para cursar a primeira gradua\u00e7\u00e3o.<\/p>\n\n\n\n<p>O valor do Aux\u00edlio Moradia \u00e9 de R$ 600,00 (seiscentos reais) mensais.<\/p>\n\n\n\n<p><strong>AUX\u00cdLIO RESTAURANTE UNIVERSIT\u00c1RIO<\/strong><\/p>\n\n\n\n<p>O Aux\u00edlio Restaurante Universit\u00e1rio permite o acesso a refei\u00e7\u00f5es nutricionalmente adequadas \u00e0 coletividade sadia (almo\u00e7o\/jantar), atendendo aos\/\u00e0s princ\u00edpios de uma alimenta\u00e7\u00e3o saud\u00e1vel e com qualidade higi\u00eanico-sanit\u00e1ria, em dias letivos no Restaurante Universit\u00e1rio.<\/p>\n\n\n\n<p>Atualmente o CCAE possui apenas o Restaurante Universit\u00e1rio de Rio Tinto ativo sendo este de uso exclusivo dos\/as estudantes desta unidade.<\/p>\n\n\n\n<p><strong>AUX\u00cdLIO ALIMENTA\u00c7\u00c3O<\/strong><\/p>\n\n\n\n<p>O Aux\u00edlio Alimenta\u00e7\u00e3o \u00e9 uma ajuda de custo para as despesas com alimenta\u00e7\u00e3o e \u00e9 destinado aos\/\u00e0s discentes das unidades acad\u00eamicas que n\u00e3o disp\u00f5em do servi\u00e7o de Restaurante Universit\u00e1rio, como \u00e9 o caso da unidade de CCAE &#8211; Mamanguape.<\/p>\n\n\n\n<p>O valor do Aux\u00edlio Alimenta\u00e7\u00e3o ser\u00e1 de R$ 360,00 (trezentos e sessenta reais) mensais, podendo sofrer altera\u00e7\u00e3o no valor conforme o n\u00famero de refei\u00e7\u00f5es e dias letivos mensais nos termos da Portaria PRAPE n\u00ba 04\/2020.<\/p>\n\n\n\n<p><strong>AUX\u00cdLIO TRANSPORTE<\/strong><\/p>\n\n\n\n<p>O Aux\u00edlio Transporte \u00e9 a uma ajuda de custo aos\/\u00e0s estudantes para locomo\u00e7\u00e3o no trajeto resid\u00eancia-CCAE\/UFPB e CCAE\/UFPB-resid\u00eancia.<\/p>\n\n\n\n<p>O valor do Aux\u00edlio Transporte \u00e9 definido em faixas de valores, conforme a localiza\u00e7\u00e3o da resid\u00eancia do n\u00facleo familiar do estudante.<\/p>\n\n\n\n<p>Os valores e os munic\u00edpios que integram cada faixa de valor obedecer\u00e3o ao disposto na tabela do Anexo IV da Portaria PRAPE 03\/2022 (Estudantes do Campus II, III e IV), de forma que:<\/p>\n\n\n\n<p class=\" \">a) FAIXA 1 \u2013 O valor do aux\u00edlio ser\u00e1 de R$ 98,00 (noventa e oito reais).<\/p>\n\n\n\n<p class=\" \">b) FAIXA 2 \u2013 O valor do aux\u00edlio ser\u00e1 de R$195,00 (cento e noventa e cinco reais).<\/p>\n\n\n\n<p class=\" \">c) FAIXA 3 \u2013 O valor do aux\u00edlio ser\u00e1 de R$ 586,00 (quinhentos e oitenta e seis reais).<\/p>\n\n\n\n<p><strong>AUX\u00cdLIO CRECHE<\/strong><\/p>\n\n\n\n<p>O Aux\u00edlio-Creche destina-se a uma ajuda de custo para creche ou cuidador particular ao aluno com filho com mais de 6 meses e menor de 4 anos de idade.<\/p>\n\n\n\n<p>O Valor do Aux\u00edlio-Creche ser\u00e1 de R$ 250,00 (Duzentos e cinquenta reais) mensais.<\/p>\n","protected":false},"excerpt":{"rendered":"<p>Os aux\u00edlios estudantis s\u00e3o destinadas exclusivamente aos\/\u00e0s estudantes em situa\u00e7\u00e3o de vulnerabilidade social e econ\u00f4mica. [&hellip;]<\/p>\n","protected":false},"author":47,"featured_media":0,"parent":0,"menu_order":0,"comment_status":"closed","ping_status":"closed","template":"","meta":{"footnotes":""},"class_list":["post-16","page","type-page","status-publish","hentry"],"_links":{"self":[{"href":"https:\/\/www.ccae.ufpb.br\/caes\/wp-json\/wp\/v2\/pages\/16","targetHints":{"allow":["GET"]}}],"collection":[{"href":"https:\/\/www.ccae.ufpb.br\/caes\/wp-json\/wp\/v2\/pages"}],"about":[{"href":"https:\/\/www.ccae.ufpb.br\/caes\/wp-json\/wp\/v2\/types\/page"}],"author":[{"embeddable":true,"href":"https:\/\/www.ccae.ufpb.br\/caes\/wp-json\/wp\/v2\/users\/47"}],"replies":[{"embeddable":true,"href":"https:\/\/www.ccae.ufpb.br\/caes\/wp-json\/wp\/v2\/comments?post=16"}],"version-history":[{"count":1,"href":"https:\/\/www.ccae.ufpb.br\/caes\/wp-json\/wp\/v2\/pages\/16\/revisions"}],"predecessor-version":[{"id":17,"href":"https:\/\/www.ccae.ufpb.br\/caes\/wp-json\/wp\/v2\/pages\/16\/revisions\/17"}],"wp:attachment":[{"href":"https:\/\/www.ccae.ufpb.br\/caes\/wp-json\/wp\/v2\/media?parent=16"}],"curies":[{"name":"wp","href":"https:\/\/api.w.org\/{rel}","templated":true}]}}