{"id":20,"date":"2025-06-02T21:47:14","date_gmt":"2025-06-03T00:47:14","guid":{"rendered":"https:\/\/www.ccae.ufpb.br\/caes\/?page_id=20"},"modified":"2026-01-20T12:14:57","modified_gmt":"2026-01-20T15:14:57","slug":"documentos","status":"publish","type":"page","link":"https:\/\/www.ccae.ufpb.br\/caes\/documentos\/","title":{"rendered":"Documentos"},"content":{"rendered":"\n<div class=\"wp-block-file\"><a id=\"wp-block-file--media-3083a005-4031-4a80-aae7-a68046a445de\" href=\"https:\/\/www.ccae.ufpb.br\/caes\/wp-content\/uploads\/sites\/170\/sites\/315\/2025\/06\/CartilhaCAES2022.2.pdf\">CARTILHA DE ASSIST\u00caNCIA ESTUDANTIL &#8211; SEMESTRE 2022.2<\/a><a href=\"https:\/\/www.ccae.ufpb.br\/caes\/wp-content\/uploads\/sites\/170\/sites\/315\/2025\/06\/CartilhaCAES2022.2.pdf\" class=\"wp-block-file__button wp-element-button\" download aria-describedby=\"wp-block-file--media-3083a005-4031-4a80-aae7-a68046a445de\">Baixar<\/a><\/div>\n\n\n\n<div class=\"wp-block-file\"><a id=\"wp-block-file--media-1e455610-be8f-4ac0-a167-648e8a262497\" href=\"https:\/\/www.ccae.ufpb.br\/caes\/wp-content\/uploads\/sites\/170\/sites\/315\/2025\/06\/relatorio-impactos-da-pandemia-do-covid-19-na-vida-dos-estudantes-do-campus-iv.pdf\">PESQUISA SOBRE OS IMPACTOS DA PANDEMIA DA COVID-19 NO PERFIL SOCIOECON\u00d4MICO E NA SA\u00daDE MENTAL DE ESTUDANTES DE GRADUA\u00c7\u00c3O DO CCAE\/UFPB<\/a><a href=\"https:\/\/www.ccae.ufpb.br\/caes\/wp-content\/uploads\/sites\/170\/sites\/315\/2025\/06\/relatorio-impactos-da-pandemia-do-covid-19-na-vida-dos-estudantes-do-campus-iv.pdf\" class=\"wp-block-file__button wp-element-button\" download aria-describedby=\"wp-block-file--media-1e455610-be8f-4ac0-a167-648e8a262497\">Baixar<\/a><\/div>\n\n\n\n<div class=\"wp-block-file\"><a id=\"wp-block-file--media-85a32ec5-81e4-4c2f-bd38-f802e03399a3\" href=\"https:\/\/www.ccae.ufpb.br\/caes\/wp-content\/uploads\/sites\/170\/sites\/315\/2025\/06\/semestre-suplementar-2021-1.pdf\">ASSIST\u00caNCIA ESTUDANTIL &#8211; SEMESTRE 2021.1<\/a><a href=\"https:\/\/www.ccae.ufpb.br\/caes\/wp-content\/uploads\/sites\/170\/sites\/315\/2025\/06\/semestre-suplementar-2021-1.pdf\" class=\"wp-block-file__button wp-element-button\" download aria-describedby=\"wp-block-file--media-85a32ec5-81e4-4c2f-bd38-f802e03399a3\">Baixar<\/a><\/div>\n\n\n\n<div class=\"wp-block-file\"><a id=\"wp-block-file--media-96d68c3a-2963-4377-9263-db2e0eec5a5d\" href=\"https:\/\/www.ccae.ufpb.br\/caes\/wp-content\/uploads\/sites\/170\/sites\/315\/2025\/06\/protocolo-de-biosseguranca-caes-1o-versao.pdf\">PROTOCOLO SETORIAL DE BIOSSEGURAN\u00c7A<\/a><a href=\"https:\/\/www.ccae.ufpb.br\/caes\/wp-content\/uploads\/sites\/170\/sites\/315\/2025\/06\/protocolo-de-biosseguranca-caes-1o-versao.pdf\" class=\"wp-block-file__button wp-element-button\" download aria-describedby=\"wp-block-file--media-96d68c3a-2963-4377-9263-db2e0eec5a5d\">Baixar<\/a><\/div>\n\n\n\n<p><a href=\"http:\/\/www.ccae.ufpb.br\/caes\/wp-content\/uploads\/sites\/170\/sites\/315\/2026\/01\/Relatorio_Setorial_CAES_2024.pdf\">RELAT\u00d3RIO SETORIAL CAES\/CCAE 2024<\/a><\/p>\n\n\n\n<p><\/p>\n","protected":false},"excerpt":{"rendered":"<p>RELAT\u00d3RIO SETORIAL CAES\/CCAE 2024<\/p>\n","protected":false},"author":47,"featured_media":0,"parent":0,"menu_order":0,"comment_status":"closed","ping_status":"closed","template":"","meta":{"footnotes":""},"class_list":["post-20","page","type-page","status-publish","hentry"],"_links":{"self":[{"href":"https:\/\/www.ccae.ufpb.br\/caes\/wp-json\/wp\/v2\/pages\/20","targetHints":{"allow":["GET"]}}],"collection":[{"href":"https:\/\/www.ccae.ufpb.br\/caes\/wp-json\/wp\/v2\/pages"}],"about":[{"href":"https:\/\/www.ccae.ufpb.br\/caes\/wp-json\/wp\/v2\/types\/page"}],"author":[{"embeddable":true,"href":"https:\/\/www.ccae.ufpb.br\/caes\/wp-json\/wp\/v2\/users\/47"}],"replies":[{"embeddable":true,"href":"https:\/\/www.ccae.ufpb.br\/caes\/wp-json\/wp\/v2\/comments?post=20"}],"version-history":[{"count":4,"href":"https:\/\/www.ccae.ufpb.br\/caes\/wp-json\/wp\/v2\/pages\/20\/revisions"}],"predecessor-version":[{"id":52,"href":"https:\/\/www.ccae.ufpb.br\/caes\/wp-json\/wp\/v2\/pages\/20\/revisions\/52"}],"wp:attachment":[{"href":"https:\/\/www.ccae.ufpb.br\/caes\/wp-json\/wp\/v2\/media?parent=20"}],"curies":[{"name":"wp","href":"https:\/\/api.w.org\/{rel}","templated":true}]}}