{"id":24,"date":"2024-10-25T12:05:39","date_gmt":"2024-10-25T12:05:39","guid":{"rendered":"https:\/\/www.ccae.ufpb.br\/caseir2\/?page_id=24"},"modified":"2024-10-28T18:42:39","modified_gmt":"2024-10-28T21:42:39","slug":"servicos","status":"publish","type":"page","link":"https:\/\/www.ccae.ufpb.br\/caseir\/servicos\/","title":{"rendered":"Servi\u00e7os"},"content":{"rendered":"\n<p>S\u00e3o atribui\u00e7\u00f5es dos membros da Equipe T\u00e9cnica da Coordena\u00e7\u00e3o de Assuntos Educacionais e Integra\u00e7\u00e3o Regional, o assessoramento \u00e0s atividades de ensino, pesquisa e extens\u00e3o, em conformidade com a legisla\u00e7\u00e3o em vigor (PCCTAE, lei 11.091, de 12 de janeiro de 2015 e Of\u00edcio Circular n\u00ba 015\/2005\/CGGP\/SAA\/SE\/MEC, de 28 de novembro de 2005) e discriminadas a seguir:<\/p>\n\n\n\n<p>I. Assessorar o planejamento e a execu\u00e7\u00e3o de atividades did\u00e1tico-cient\u00edficas e de gest\u00e3o educacional diversas desenvolvidas no Centro de Ci\u00eancias Aplicadas e Educa\u00e7\u00e3o, em conson\u00e2ncia com o Plano de A\u00e7\u00e3o do Setor.<\/p>\n\n\n\n<p>II &#8211; Elaborar e coordenar projetos de extens\u00e3o, em conson\u00e2ncia com o Plano de A\u00e7\u00e3o do Setor;<\/p>\n\n\n\n<p>III &#8211; Realizar trabalhos estat\u00edsticos espec\u00edficos, tais como de monitoramento de evas\u00e3o e reten\u00e7\u00e3o, em conson\u00e2ncia com o Plano de A\u00e7\u00e3o do Setor;<\/p>\n\n\n\n<p>IV &#8211; Elaborar apostilas, tutoriais e outros materiais necess\u00e1rios ao aperfei\u00e7oamento das atividades acad\u00eamicas, no centro, conforme Plano de A\u00e7\u00e3o do Setor;<\/p>\n\n\n\n<p>V \u2013 Propor, coordenar, ministrar ou participar de oficinas, palestras, minicursos e outras atividades extracurriculares afins;<\/p>\n\n\n\n<p>VI \u2013 Colaborar com a execu\u00e7\u00e3o de eventos cient\u00edficos ou acad\u00eamicos, nas \u00e1reas de ensino, pesquisa e extens\u00e3o, em conson\u00e2ncia com o Plano de A\u00e7\u00e3o do Setor;<\/p>\n\n\n\n<p>VII \u2013 Planejar e executar as atividades de organiza\u00e7\u00e3o da Cola\u00e7\u00e3o de Grau no Centro de Ci\u00eancias Aplicadas e Educa\u00e7\u00e3o, conjuntamente com a Assessoria de Gradua\u00e7\u00e3o;<\/p>\n\n\n\n<p>VIII \u2013 Assessorar a execu\u00e7\u00e3o de processo seletivo de docente dos Departamentos do Centro de Ci\u00eancias Aplicadas e Educa\u00e7\u00e3o;<\/p>\n\n\n\n<p>IX \u2013 Realizar a elabora\u00e7\u00e3o e\/ou acompanhamento de processos seletivos de estagi\u00e1rios do setor;<\/p>\n\n\n\n<p>X \u2013 Participar da elabora\u00e7\u00e3o e da execu\u00e7\u00e3o do planejamento organizacional do setor;<\/p>\n\n\n\n<p>XI \u2013 Participar da elabora\u00e7\u00e3o e implementa\u00e7\u00e3o de programas e projetos do Centro de Ci\u00eancias Aplicadas e Educa\u00e7\u00e3o em parceria com institui\u00e7\u00f5es governamentais externas e ONGs;<\/p>\n\n\n\n<p>XII &#8211; Executar outras tarefas de mesma natureza e n\u00edvel de complexidade associadas ao ambiente organizacional.<\/p>\n","protected":false},"excerpt":{"rendered":"<p>S\u00e3o atribui\u00e7\u00f5es dos membros da Equipe T\u00e9cnica da Coordena\u00e7\u00e3o de Assuntos Educacionais e Integra\u00e7\u00e3o Regional, [&hellip;]<\/p>\n","protected":false},"author":47,"featured_media":0,"parent":0,"menu_order":0,"comment_status":"closed","ping_status":"closed","template":"","meta":{"footnotes":""},"class_list":["post-24","page","type-page","status-publish","hentry"],"_links":{"self":[{"href":"https:\/\/www.ccae.ufpb.br\/caseir\/wp-json\/wp\/v2\/pages\/24","targetHints":{"allow":["GET"]}}],"collection":[{"href":"https:\/\/www.ccae.ufpb.br\/caseir\/wp-json\/wp\/v2\/pages"}],"about":[{"href":"https:\/\/www.ccae.ufpb.br\/caseir\/wp-json\/wp\/v2\/types\/page"}],"author":[{"embeddable":true,"href":"https:\/\/www.ccae.ufpb.br\/caseir\/wp-json\/wp\/v2\/users\/47"}],"replies":[{"embeddable":true,"href":"https:\/\/www.ccae.ufpb.br\/caseir\/wp-json\/wp\/v2\/comments?post=24"}],"version-history":[{"count":1,"href":"https:\/\/www.ccae.ufpb.br\/caseir\/wp-json\/wp\/v2\/pages\/24\/revisions"}],"predecessor-version":[{"id":25,"href":"https:\/\/www.ccae.ufpb.br\/caseir\/wp-json\/wp\/v2\/pages\/24\/revisions\/25"}],"wp:attachment":[{"href":"https:\/\/www.ccae.ufpb.br\/caseir\/wp-json\/wp\/v2\/media?parent=24"}],"curies":[{"name":"wp","href":"https:\/\/api.w.org\/{rel}","templated":true}]}}