{"id":26,"date":"2024-10-25T12:06:01","date_gmt":"2024-10-25T12:06:01","guid":{"rendered":"https:\/\/www.ccae.ufpb.br\/caseir2\/?page_id=26"},"modified":"2024-10-28T18:42:39","modified_gmt":"2024-10-28T21:42:39","slug":"reserva-de-equipamentos","status":"publish","type":"page","link":"https:\/\/www.ccae.ufpb.br\/caseir\/reserva-de-equipamentos\/","title":{"rendered":"Reserva de equipamentos"},"content":{"rendered":"\n<p>Para reservar data show, notebook ou c\u00e2mera fotogr\u00e1fica o interessado deve enviar a solicita\u00e7\u00e3o atrav\u00e9s do email\u00a0<strong>caseir@ccae.ufpb.br<\/strong>\u00a0ou ir a unidade da Coordena\u00e7\u00e3o de Assuntos Educacionais e Integra\u00e7\u00e3o Regional do CCAE na unidade de Mamanguape, para saber a disponibilidade e preencher o termo de compromisso.<\/p>\n","protected":false},"excerpt":{"rendered":"<p>Para reservar data show, notebook ou c\u00e2mera fotogr\u00e1fica o interessado deve enviar a solicita\u00e7\u00e3o atrav\u00e9s [&hellip;]<\/p>\n","protected":false},"author":47,"featured_media":0,"parent":0,"menu_order":0,"comment_status":"closed","ping_status":"closed","template":"","meta":{"footnotes":""},"class_list":["post-26","page","type-page","status-publish","hentry"],"_links":{"self":[{"href":"https:\/\/www.ccae.ufpb.br\/caseir\/wp-json\/wp\/v2\/pages\/26","targetHints":{"allow":["GET"]}}],"collection":[{"href":"https:\/\/www.ccae.ufpb.br\/caseir\/wp-json\/wp\/v2\/pages"}],"about":[{"href":"https:\/\/www.ccae.ufpb.br\/caseir\/wp-json\/wp\/v2\/types\/page"}],"author":[{"embeddable":true,"href":"https:\/\/www.ccae.ufpb.br\/caseir\/wp-json\/wp\/v2\/users\/47"}],"replies":[{"embeddable":true,"href":"https:\/\/www.ccae.ufpb.br\/caseir\/wp-json\/wp\/v2\/comments?post=26"}],"version-history":[{"count":1,"href":"https:\/\/www.ccae.ufpb.br\/caseir\/wp-json\/wp\/v2\/pages\/26\/revisions"}],"predecessor-version":[{"id":27,"href":"https:\/\/www.ccae.ufpb.br\/caseir\/wp-json\/wp\/v2\/pages\/26\/revisions\/27"}],"wp:attachment":[{"href":"https:\/\/www.ccae.ufpb.br\/caseir\/wp-json\/wp\/v2\/media?parent=26"}],"curies":[{"name":"wp","href":"https:\/\/api.w.org\/{rel}","templated":true}]}}