{"id":30,"date":"2024-10-25T12:07:02","date_gmt":"2024-10-25T12:07:02","guid":{"rendered":"https:\/\/www.ccae.ufpb.br\/caseir2\/?page_id=30"},"modified":"2024-10-28T18:42:39","modified_gmt":"2024-10-28T21:42:39","slug":"colacao-de-grau","status":"publish","type":"page","link":"https:\/\/www.ccae.ufpb.br\/caseir\/colacao-de-grau\/","title":{"rendered":"Cola\u00e7\u00e3o de grau"},"content":{"rendered":"\n<p>\u00a0Coordena\u00e7\u00e3o de Assuntos Educacionais e Integra\u00e7\u00e3o Regional \u00e9 respons\u00e1vel pela organiza\u00e7\u00e3o da cerim\u00f4nia de Cola\u00e7\u00e3o de Grau. Informa\u00e7\u00f5es espec\u00edficas que n\u00e3o sejam referentes ao\u00a0 cerimonial devem ser tratadas com a Coordena\u00e7\u00e3o do Curso. Quaisquer d\u00favidas sobre cola\u00e7\u00e3o em separado, cola\u00e7\u00e3o por procura\u00e7\u00e3o, reuni\u00f5es com concluintes e demais procedimentos da cerim\u00f4nia enviar para o email:\u00a0<strong>caseir@ccae.ufpb.br<\/strong><\/p>\n","protected":false},"excerpt":{"rendered":"<p>\u00a0Coordena\u00e7\u00e3o de Assuntos Educacionais e Integra\u00e7\u00e3o Regional \u00e9 respons\u00e1vel pela organiza\u00e7\u00e3o da cerim\u00f4nia de Cola\u00e7\u00e3o [&hellip;]<\/p>\n","protected":false},"author":47,"featured_media":0,"parent":0,"menu_order":0,"comment_status":"closed","ping_status":"closed","template":"","meta":{"footnotes":""},"class_list":["post-30","page","type-page","status-publish","hentry"],"_links":{"self":[{"href":"https:\/\/www.ccae.ufpb.br\/caseir\/wp-json\/wp\/v2\/pages\/30","targetHints":{"allow":["GET"]}}],"collection":[{"href":"https:\/\/www.ccae.ufpb.br\/caseir\/wp-json\/wp\/v2\/pages"}],"about":[{"href":"https:\/\/www.ccae.ufpb.br\/caseir\/wp-json\/wp\/v2\/types\/page"}],"author":[{"embeddable":true,"href":"https:\/\/www.ccae.ufpb.br\/caseir\/wp-json\/wp\/v2\/users\/47"}],"replies":[{"embeddable":true,"href":"https:\/\/www.ccae.ufpb.br\/caseir\/wp-json\/wp\/v2\/comments?post=30"}],"version-history":[{"count":1,"href":"https:\/\/www.ccae.ufpb.br\/caseir\/wp-json\/wp\/v2\/pages\/30\/revisions"}],"predecessor-version":[{"id":31,"href":"https:\/\/www.ccae.ufpb.br\/caseir\/wp-json\/wp\/v2\/pages\/30\/revisions\/31"}],"wp:attachment":[{"href":"https:\/\/www.ccae.ufpb.br\/caseir\/wp-json\/wp\/v2\/media?parent=30"}],"curies":[{"name":"wp","href":"https:\/\/api.w.org\/{rel}","templated":true}]}}