{"id":13,"date":"2024-04-15T12:10:22","date_gmt":"2024-04-15T12:10:22","guid":{"rendered":"https:\/\/www.ccae.ufpb.br\/clleead2\/?page_id=13"},"modified":"2024-10-23T19:01:06","modified_gmt":"2024-10-23T22:01:06","slug":"estagio","status":"publish","type":"page","link":"https:\/\/www.ccae.ufpb.br\/clleead\/estagio\/","title":{"rendered":"Est\u00e1gio"},"content":{"rendered":"\n<ul class=\"wp-block-list\">\n<li><a href=\"http:\/\/www.ccae.ufpb.br\/clleead\/wp-content\/uploads\/sites\/170\/sites\/173\/2024\/07\/30.03.2017-Lista-de-escolas-municipais-de-Joao-Pessoa.pdf\">Lista de Escolas Municipais de Jo\u00e3o Pessoa<\/a><\/li>\n<\/ul>\n\n\n\n<ul class=\"wp-block-list\">\n<li><a href=\"http:\/\/www.ccae.ufpb.br\/clleead\/wp-content\/uploads\/sites\/170\/sites\/173\/2024\/07\/30.03.2017-Lista-escolas-estaduais-da-Paraiba.pdf\">Lista de Escolas Estaduais da Para\u00edba<\/a><\/li>\n<\/ul>\n\n\n\n<ul class=\"wp-block-list\">\n<li><a href=\"http:\/\/www.ccae.ufpb.br\/clleead\/wp-content\/uploads\/sites\/170\/sites\/173\/2024\/07\/30.03.2017-3.-Obrigatorio-Externo-PAE.pdf\">Obrigat\u00f3rio Externo &#8211; PLANO DE ATIVIDADES DE EST\u00c1GIO (PAE)<\/a><\/li>\n<\/ul>\n\n\n\n<ul class=\"wp-block-list\">\n<li><a href=\"http:\/\/www.ccae.ufpb.br\/clleead\/wp-content\/uploads\/sites\/170\/sites\/173\/2024\/07\/30.03.2017-2.-Obrigatorio-Externo-TCE-1.pdf\">Obrigat\u00f3rio Externo &#8211; TERMO DE COMPROMISSO DE EST\u00c1GIO (TCE)<\/a><\/li>\n<\/ul>\n\n\n\n<ul class=\"wp-block-list\">\n<li><a href=\"http:\/\/www.ccae.ufpb.br\/clleead\/wp-content\/uploads\/sites\/170\/sites\/173\/2024\/07\/30.03.2017-1.-Obrigatorio-Interno-TCE-PAE.pdf\">Obrigat\u00f3rio Interno &#8211; TERMO DE COMPROMISSO DE EST\u00c1GIO (TCE) E PLANO DE ATIVIDADES DE EST\u00c1GIO (PAE)<\/a><\/li>\n<\/ul>\n\n\n\n<ul class=\"wp-block-list\">\n<li><a href=\"http:\/\/www.ccae.ufpb.br\/clleead\/wp-content\/uploads\/sites\/170\/sites\/173\/2024\/07\/03.04.2017-PAE-Instrucoes.-Espanhol.pdf\">Instru\u00e7\u00f5es para preencher o PAE<\/a><\/li>\n<\/ul>\n\n\n\n<p><\/p>\n","protected":false},"excerpt":{"rendered":"","protected":false},"author":47,"featured_media":0,"parent":0,"menu_order":0,"comment_status":"closed","ping_status":"closed","template":"","meta":{"footnotes":""},"class_list":["post-13","page","type-page","status-publish","hentry"],"_links":{"self":[{"href":"https:\/\/www.ccae.ufpb.br\/clleead\/wp-json\/wp\/v2\/pages\/13","targetHints":{"allow":["GET"]}}],"collection":[{"href":"https:\/\/www.ccae.ufpb.br\/clleead\/wp-json\/wp\/v2\/pages"}],"about":[{"href":"https:\/\/www.ccae.ufpb.br\/clleead\/wp-json\/wp\/v2\/types\/page"}],"author":[{"embeddable":true,"href":"https:\/\/www.ccae.ufpb.br\/clleead\/wp-json\/wp\/v2\/users\/47"}],"replies":[{"embeddable":true,"href":"https:\/\/www.ccae.ufpb.br\/clleead\/wp-json\/wp\/v2\/comments?post=13"}],"version-history":[{"count":9,"href":"https:\/\/www.ccae.ufpb.br\/clleead\/wp-json\/wp\/v2\/pages\/13\/revisions"}],"predecessor-version":[{"id":420,"href":"https:\/\/www.ccae.ufpb.br\/clleead\/wp-json\/wp\/v2\/pages\/13\/revisions\/420"}],"wp:attachment":[{"href":"https:\/\/www.ccae.ufpb.br\/clleead\/wp-json\/wp\/v2\/media?parent=13"}],"curies":[{"name":"wp","href":"https:\/\/api.w.org\/{rel}","templated":true}]}}