{"id":307,"date":"2024-10-07T13:37:45","date_gmt":"2024-10-07T13:37:45","guid":{"rendered":"https:\/\/www.ccae.ufpb.br\/clleead2\/?page_id=307"},"modified":"2025-02-05T09:25:39","modified_gmt":"2025-02-05T12:25:39","slug":"documentos-de-tcc","status":"publish","type":"page","link":"https:\/\/www.ccae.ufpb.br\/clleead\/documentos\/documentos-de-tcc\/","title":{"rendered":"Documentos de TCC"},"content":{"rendered":"\n<div class=\"wp-block-file\"><a id=\"wp-block-file--media-f74e5a14-f0eb-422d-b96c-6fd19de420a9\" href=\"http:\/\/www.ccae.ufpb.br\/clleead\/wp-content\/uploads\/sites\/170\/sites\/173\/2024\/10\/MANUAL-DE-TCC-EAD-Espanhol.pdf\">Manual de TCC EAD Espanhol<br><\/a><a href=\"http:\/\/www.ccae.ufpb.br\/clleead\/wp-content\/uploads\/sites\/170\/sites\/173\/2024\/10\/MANUAL-DE-TCC-EAD-Espanhol.pdf\" class=\"wp-block-file__button wp-element-button\" download aria-describedby=\"wp-block-file--media-f74e5a14-f0eb-422d-b96c-6fd19de420a9\">Baixar<\/a><\/div>\n\n\n\n<p><a href=\"http:\/\/www.ccae.ufpb.br\/clleead\/wp-content\/uploads\/sites\/170\/sites\/173\/2024\/11\/TERMO-DE-AUTORIZACAO-DE-PUBLICACAO-REPOSITORIO-INSTITUCIONAL-1.pdf\">Termo de autoriza\u00e7\u00e3o de publica\u00e7\u00e3o no reposit\u00f3rio da Biblioteca<\/a><\/p>\n\n\n\n<p><a href=\"http:\/\/www.ccae.ufpb.br\/clleead\/wp-content\/uploads\/sites\/170\/sites\/173\/2024\/11\/Orientacoes-sobre-TCC-1.pdf\" data-type=\"link\" data-id=\"http:\/\/www.ccae.ufpb.br\/clleead\/wp-content\/uploads\/sites\/170\/sites\/173\/2024\/11\/Orientacoes-sobre-TCC-1.pdf\">Orienta\u00e7\u00e3o sobre TCC<\/a><\/p>\n\n\n\n<p><a href=\"http:\/\/www.ccae.ufpb.br\/clleead\/wp-content\/uploads\/sites\/170\/sites\/173\/2024\/11\/Ata-Defesa-Espanhol-1.docx\" data-type=\"link\" data-id=\"http:\/\/www.ccae.ufpb.br\/clleead\/wp-content\/uploads\/sites\/170\/sites\/173\/2024\/11\/Ata-Defesa-Espanhol-1.docx\">Ata de Defesa<\/a><\/p>\n\n\n\n<p><a href=\"http:\/\/www.ccae.ufpb.br\/clleead\/wp-content\/uploads\/sites\/170\/sites\/173\/2024\/11\/Modelo-declaracao-de-orientacao.docx\" data-type=\"link\" data-id=\"http:\/\/www.ccae.ufpb.br\/clleead\/wp-content\/uploads\/sites\/170\/sites\/173\/2024\/11\/Modelo-declaracao-de-orientacao.docx\">Modelo de declara\u00e7\u00e3o de orienta\u00e7\u00e3o<\/a><\/p>\n\n\n\n<p><a href=\"http:\/\/www.ccae.ufpb.br\/clleead\/wp-content\/uploads\/sites\/170\/sites\/173\/2024\/11\/Modelo-declaracao-de-bancas-de-TCC.docx\" data-type=\"link\" data-id=\"http:\/\/www.ccae.ufpb.br\/clleead\/wp-content\/uploads\/sites\/170\/sites\/173\/2024\/11\/Modelo-declaracao-de-bancas-de-TCC.docx\">Modelo de declara\u00e7\u00e3o de bancas de TCC<\/a><\/p>\n","protected":false},"excerpt":{"rendered":"<p>Termo de autoriza\u00e7\u00e3o de publica\u00e7\u00e3o no reposit\u00f3rio da Biblioteca Orienta\u00e7\u00e3o sobre TCC Ata de Defesa Modelo de declara\u00e7\u00e3o de orienta\u00e7\u00e3o Modelo de declara\u00e7\u00e3o de bancas de TCC<\/p>\n","protected":false},"author":109,"featured_media":0,"parent":11,"menu_order":0,"comment_status":"closed","ping_status":"closed","template":"","meta":{"footnotes":""},"class_list":["post-307","page","type-page","status-publish","hentry"],"_links":{"self":[{"href":"https:\/\/www.ccae.ufpb.br\/clleead\/wp-json\/wp\/v2\/pages\/307","targetHints":{"allow":["GET"]}}],"collection":[{"href":"https:\/\/www.ccae.ufpb.br\/clleead\/wp-json\/wp\/v2\/pages"}],"about":[{"href":"https:\/\/www.ccae.ufpb.br\/clleead\/wp-json\/wp\/v2\/types\/page"}],"author":[{"embeddable":true,"href":"https:\/\/www.ccae.ufpb.br\/clleead\/wp-json\/wp\/v2\/users\/109"}],"replies":[{"embeddable":true,"href":"https:\/\/www.ccae.ufpb.br\/clleead\/wp-json\/wp\/v2\/comments?post=307"}],"version-history":[{"count":20,"href":"https:\/\/www.ccae.ufpb.br\/clleead\/wp-json\/wp\/v2\/pages\/307\/revisions"}],"predecessor-version":[{"id":478,"href":"https:\/\/www.ccae.ufpb.br\/clleead\/wp-json\/wp\/v2\/pages\/307\/revisions\/478"}],"up":[{"embeddable":true,"href":"https:\/\/www.ccae.ufpb.br\/clleead\/wp-json\/wp\/v2\/pages\/11"}],"wp:attachment":[{"href":"https:\/\/www.ccae.ufpb.br\/clleead\/wp-json\/wp\/v2\/media?parent=307"}],"curies":[{"name":"wp","href":"https:\/\/api.w.org\/{rel}","templated":true}]}}