{"id":9,"date":"2024-04-15T12:10:21","date_gmt":"2024-04-15T12:10:21","guid":{"rendered":"https:\/\/www.ccae.ufpb.br\/clleead2\/?page_id=9"},"modified":"2025-07-14T11:04:10","modified_gmt":"2025-07-14T14:04:10","slug":"apresentacao","status":"publish","type":"page","link":"https:\/\/www.ccae.ufpb.br\/clleead\/apresentacao\/","title":{"rendered":"Apresenta\u00e7\u00e3o"},"content":{"rendered":"\n<p class=\"has-text-align-left\">O curso de Licenciatura em Letras L\u00edngua&nbsp; Espanhola tem por objetivo formar professores de L\u00edngua Espanhola e respectivas Literaturas habilitados a ministrar as disciplinas da \u00e1rea tanto no Ensino Fundamental como no M\u00e9dio, numa perspectiva curricular interdisciplinar que segue novos preceitos de ensino, combinando a pr\u00e1tica docente com as necessidades da sociedade.<\/p>\n\n\n\n<p>Esta forma\u00e7\u00e3o visa, especificamente, uma capacita\u00e7\u00e3o para:<\/p>\n\n\n\n<p>\u00b7 Desenvolver uma vis\u00e3o cr\u00edtica sobre perspectivas te\u00f3ricas adotadas nas investiga\u00e7\u00f5es lingu\u00edsticas e liter\u00e1rias que fundamentam sua forma\u00e7\u00e3o profissional;<\/p>\n\n\n\n<p>&nbsp;\u00b7 Oportunizar o desenvolvimento de uma postura acad\u00eamico-cient\u00edfica frente \u00e0s quest\u00f5es relacionadas \u00e0 aquisi\u00e7\u00e3o e desenvolvimento de uma l\u00edngua estrangeira;<\/p>\n\n\n\n<p>&nbsp;\u00b7 Aprimorar o exerc\u00edcio profissional com utiliza\u00e7\u00e3o de tecnologias contempor\u00e2neas, seguindo os desafios da sociedade contempor\u00e2nea;<\/p>\n\n\n\n<p>&nbsp;\u00b7&nbsp;Desenvolver a percep\u00e7\u00e3o sobre a rela\u00e7\u00e3o entre conhecimentos lingu\u00edsticos e liter\u00e1rios e estabelecer rela\u00e7\u00f5es de intertextualidade com a literatura universal, buscando o entendimento de contextos interculturais;<\/p>\n\n\n\n<p>&nbsp;\u00b7&nbsp;Valorizar a constru\u00e7\u00e3o do conhecimento atrav\u00e9s da intera\u00e7\u00e3o (a dist\u00e2ncia e presencial) entre aluno-aluno, aluno-tutor, tutor-professor formador e aluno-professor-formador;<\/p>\n\n\n\n<p>&nbsp;\u00b7&nbsp;Propiciar a experi\u00eancia com o ensino, a pesquisa e a extens\u00e3o.<\/p>\n\n\n\n<p>&nbsp;\u00b7&nbsp;Esses objetivos dever\u00e3o ser considerados, para o seu detalhamento, em conson\u00e2ncia com o perfil do aluno egresso da Licenciatura em Espanhol.<\/p>\n\n\n\n<p><strong>Contato da Coordena\u00e7\u00e3o de Letras \u2013 Espanhol<\/strong><br>E-mail: <a>letrasespanhol@sead.ufpb.br<\/a><\/p>\n\n\n\n<p>\u26a0\ufe0f <mark style=\"background-color:#ffffff\" class=\"has-inline-color has-black-color\"><strong>Aten\u00e7\u00e3o:<\/strong><br><strong>Para assuntos relacionados a demandas acad\u00eamicas (como matr\u00edculas, declara\u00e7\u00f5es, hist\u00f3ricos e outros servi\u00e7os estudantis), entre em contato com a SIAG &#8211; Secretaria Integrada de Atendimento \u00e0 Gradua\u00e7\u00e3o do CCAE.<\/strong><\/mark><\/p>\n\n\n\n<p>E-mail da SIAG: <a>siag.mme@ccae.ufpb.br<\/a><\/p>\n\n\n\n<p><\/p>\n\n\n\n<p><\/p>\n\n\n\n<p><\/p>\n\n\n\n<p><\/p>\n","protected":false},"excerpt":{"rendered":"<p>O curso de Licenciatura em Letras L\u00edngua&nbsp; Espanhola tem por objetivo formar professores de L\u00edngua Espanhola e respectivas Literaturas habilitados a ministrar as disciplinas da \u00e1rea tanto no Ensino Fundamental como no M\u00e9dio, numa perspectiva curricular interdisciplinar que segue novos preceitos de ensino, combinando a pr\u00e1tica docente com as necessidades da sociedade. Esta forma\u00e7\u00e3o visa, [&hellip;]<\/p>\n","protected":false},"author":47,"featured_media":0,"parent":0,"menu_order":0,"comment_status":"closed","ping_status":"closed","template":"","meta":{"footnotes":""},"class_list":["post-9","page","type-page","status-publish","hentry"],"_links":{"self":[{"href":"https:\/\/www.ccae.ufpb.br\/clleead\/wp-json\/wp\/v2\/pages\/9","targetHints":{"allow":["GET"]}}],"collection":[{"href":"https:\/\/www.ccae.ufpb.br\/clleead\/wp-json\/wp\/v2\/pages"}],"about":[{"href":"https:\/\/www.ccae.ufpb.br\/clleead\/wp-json\/wp\/v2\/types\/page"}],"author":[{"embeddable":true,"href":"https:\/\/www.ccae.ufpb.br\/clleead\/wp-json\/wp\/v2\/users\/47"}],"replies":[{"embeddable":true,"href":"https:\/\/www.ccae.ufpb.br\/clleead\/wp-json\/wp\/v2\/comments?post=9"}],"version-history":[{"count":9,"href":"https:\/\/www.ccae.ufpb.br\/clleead\/wp-json\/wp\/v2\/pages\/9\/revisions"}],"predecessor-version":[{"id":502,"href":"https:\/\/www.ccae.ufpb.br\/clleead\/wp-json\/wp\/v2\/pages\/9\/revisions\/502"}],"wp:attachment":[{"href":"https:\/\/www.ccae.ufpb.br\/clleead\/wp-json\/wp\/v2\/media?parent=9"}],"curies":[{"name":"wp","href":"https:\/\/api.w.org\/{rel}","templated":true}]}}