{"id":12,"date":"2024-04-17T18:29:36","date_gmt":"2024-04-17T18:29:36","guid":{"rendered":"https:\/\/www.ccae.ufpb.br\/clliead2\/?page_id=12"},"modified":"2026-04-18T08:44:57","modified_gmt":"2026-04-18T11:44:57","slug":"equipe","status":"publish","type":"page","link":"https:\/\/www.ccae.ufpb.br\/clliead\/quem-somos\/equipe\/","title":{"rendered":"Equipe"},"content":{"rendered":"\n<p>Conte\u00fado da p\u00e1gina dispon\u00edvel em PDF:<br><a href=\"http:\/\/www.ccae.ufpb.br\/clliead2\/wp-content\/uploads\/sites\/170\/sites\/174\/2025\/03\/EQUIPE.pdf\">http:\/\/www.ccae.ufpb.br\/clliead2\/wp-content\/uploads\/sites\/170\/sites\/174\/2025\/03\/EQUIPE.pdf<\/a><\/p>\n\n\n\n<p>1. REITORIA E DIRE\u00c7\u00c3O DE CENTRO<\/p>\n\n\n\n<p>2. COORDENA\u00c7\u00c3O<\/p>\n\n\n\n<p>3. COLEGIADO DE CURSO<\/p>\n\n\n\n<p>4. N\u00daCLEO DOCENTE ESTRUTURANTE<\/p>\n\n\n\n<p>5. COORDENADORES DE POLO<\/p>\n\n\n\n<p>6. TUTORES (PRESENCIAIS\/A DIST\u00c2NCIA)<\/p>\n\n\n\n<p>7. ASSISTENTES \u00c0 DOC\u00caNCIA<\/p>\n\n\n\n<p><\/p>\n\n\n\n<p class=\"has-medium-font-size\"><strong>1. REITORIA (UFPB) E DIRE\u00c7\u00c3O DE CENTRO (CCAE)<\/strong><\/p>\n\n\n\n<p>Reitora:  Profa.Terezinha Domiciano Dantas Martins<br>Vice-reitora: Profa. M\u00f4nica N\u00f3brega <br><a href=\"https:\/\/www.ufpb.br\/reitoria\/\">https:\/\/www.ufpb.br\/ufpb\/menu\/institucional\/dirigentes<\/a><\/p>\n\n\n\n<p>Diretor de Centro: Joseilme Fernades Golveia (joseilme@dcx.ufpb.br)<br>Vice-diretora de centro: Fernanda Marques de Almeida Holanda (fernanda.marques@ccae.ufpb.br)<br><a href=\"http:\/\/www.ccae.ufpb.br\/ccae\/contents\/menu\/ccae-1\/atendimento\">http:\/\/www.ccae.ufpb.br\/ccae\/contents\/menu\/ccae-1\/atendimento<\/a><\/p>\n\n\n\n<p class=\"has-medium-font-size\"><strong>2. COORDENA\u00c7\u00c3O DE CURSO<\/strong><\/p>\n\n\n\n<p>Coordenadora: Profa. Sandra Maria Ara\u00fajo Dias (sandra.dias@academico.ufpb.br)<br>Vice-coordenadora: Profa. Juliene Paiva de Ara\u00fajo Osias (julieneosias@gmail.com)<br>T\u00e9cnico Administrativo: Alisson de Fran\u00e7a<br><a href=\"https:\/\/www.ccae.ufpb.br\/clliead2\/noticias\/\">https:\/\/www.ccae.ufpb.br\/clliead2\/noticias\/<\/a><br><a href=\"mailto:letrasingles@sead.ufpb.br\"><u>Contato: letrasingles@sead.ufpb.br<\/u><\/a><\/p>\n\n\n\n<p><\/p>\n\n\n\n<p><strong>Portaria da Coordena\u00e7\u00e3o do curso<\/strong><\/p>\n\n\n\n<figure class=\"wp-block-table\"><table class=\"has-fixed-layout\"><tbody><tr><td><strong>Sandra Maria Ara\u00fajo Dias <\/strong><br><strong>(<\/strong>Coordenadora<strong>)<\/strong><\/td><td><strong>Bi\u00eanio 2024-2026<\/strong><br>Portaria SCRF\/UFPB n\u00ba 60\/2024<\/td><\/tr><tr><td><strong>Juliene Paiva de Ara\u00fajo Osias <\/strong><br><strong>(<\/strong>Vice Coordenadora)<\/td><td><strong>Bi\u00eanio 2024-2026<\/strong><br>Portaria SCRF\/UFPB n\u00ba 61\/2024<\/td><\/tr><\/tbody><\/table><\/figure>\n\n\n\n<p><br><\/p>\n\n\n\n<p class=\"has-medium-font-size\"><strong>3. COLEGIADO DE CURSO<\/strong> <a href=\"http:\/\/www.ccae.ufpb.br\/clliead2\/wp-content\/uploads\/sites\/170\/sites\/174\/2025\/02\/PORTARIA-No70-2024-23-de-dezembro-de-2024-COLEGIADO.pdf\">(Portaria)<\/a><\/p>\n\n\n\n<p><strong>Membros Titulares<\/strong>:<\/p>\n\n\n\n<p>Sandra Maria Ara\u00fajo Dias  &#8211; Presidente;<\/p>\n\n\n\n<p>Silvio Luis da Silva &#8211;  Membro docente;<\/p>\n\n\n\n<p>Luciane Alves dos Santos &#8211; &#8211; Membro docente;<\/p>\n\n\n\n<p>Nilton Ferreira Bittencourt &#8211; Membro docente;<\/p>\n\n\n\n<p>Juliene Paiva de Ara\u00fajo Osias &#8211; Membro docente;<\/p>\n\n\n\n<p>Rayanne Rocha Rodrigues dos Santos &#8211; Membro Discente;<\/p>\n\n\n\n<p><strong>Membros Suplentes<\/strong>:<\/p>\n\n\n\n<p>Elaine Esp\u00edndola Baldissera &#8211; Membro docente<\/p>\n\n\n\n<p>Williane Santana dos Santos &#8211; Membro Discente.<\/p>\n\n\n\n<p><\/p>\n\n\n\n<p><\/p>\n\n\n\n<p class=\"has-medium-font-size\"><strong>4. N\u00daCLEO DOCENTE ESTRUTURANTE<\/strong> <a href=\"http:\/\/www.ccae.ufpb.br\/clliead2\/wp-content\/uploads\/sites\/170\/sites\/174\/2025\/02\/PORTARIA-No-41-2024-10-de-julho-de-2024-NDE.pdf\">(Portaria)<\/a><\/p>\n\n\n\n<p><strong>Membros Titulares<\/strong>:<\/p>\n\n\n\n<p> Sandra Maria Ara\u00fajo Dias &#8211; Coordenadora;<\/p>\n\n\n\n<p> Juliene Paiva de Ara\u00fajo Osias &#8211; Vice-Coordenadora;<\/p>\n\n\n\n<p> Jeova Rocha de Mendon\u00e7a &#8211; DL\/CCAE;<\/p>\n\n\n\n<p> Alexandre Scaico &#8211; DCX\/CCAE;<\/p>\n\n\n\n<p> Michele Guerreiro Ferreira &#8211; DED\/CCAE.<\/p>\n\n\n\n<p><strong>Membros Suplentes<\/strong>:<\/p>\n\n\n\n<p> Elaine Esp\u00edndola Baldissera &#8211; DLEM\/CCHLA<\/p>\n\n\n\n<p>(Portaria)<\/p>\n\n\n\n<h1 class=\"wp-block-heading has-medium-font-size\"><br><strong>5. COORDENADORES DE POLO<\/strong> <strong>UAB<\/strong><\/h1>\n\n\n\n<figure class=\"wp-block-table\"><table class=\"has-fixed-layout\"><tbody><tr><td><strong>NOME DO\/A COORDENADOR\/A DE POLO<\/strong><\/td><td><strong>POLO UAB<\/strong><\/td><td><strong><em>E-mail<\/em><\/strong><strong>&nbsp;do Polo<\/strong><\/td><\/tr><tr><td>Roseana Palmeira dos Santos<\/td><td>ALAGOA GRANDE (PB)<\/td><td>polouabalagoagrande@gmail.com<\/td><\/tr><tr><td>Maria L\u00facia De Brito Ara\u00fajo<\/td><td>ARARUNA (PB)<\/td><td>polo.ararunapb@gmail.com<\/td><\/tr><tr><td>Silvia Fernanda Sampaio de Andrade<\/td><td>CABACEIRAS<\/td><td><a href=\"mailto:uab.cab@gmail.com\" target=\"_blank\" rel=\"noreferrer noopener\"><strong>uab.cab@gmail.com<\/strong><\/a><\/td><\/tr><tr><td>Sandra Carla Pereira Barbosa&nbsp;<\/td><td>CAMPINA GRANDE (PB)<\/td><td>polomunicipaldecampinagrande@gmail.com<\/td><\/tr><tr><td>Maria Veral\u00facia da Silva Barbosa&nbsp;<\/td><td>CUIT\u00c9 DE MAMANGUAPE (PB)<\/td><td>polo.cuitedemamanguape@gmail.com<\/td><\/tr><tr><td>Selda Em\u00edlio Alves de Sousa<\/td><td>CONDE (PB)<\/td><td>seldaeasousa@gmail.com<\/td><\/tr><tr><td>Gislaine Muniz<\/td><td>DUAS ESTRADAS (PB)<\/td><td>gislaineuab25@gmail.com<\/td><\/tr><tr><td>Maria de Lourdes Pereira Alves&nbsp;<\/td><td>ITAPORANGA (PB)<\/td><td>&nbsp;&nbsp;&nbsp;&nbsp;&nbsp; polo.itaporangapb@gmail.com<\/td><\/tr><tr><td>Cristiane Sousa de Assis<\/td><td>JO\u00c3O PESSOA (PB)<\/td><td>uabjoaopessoa@educa.joaopessoa.pb.gov.br<\/td><\/tr><tr><td>Edilma Nascimento&nbsp;<\/td><td>LUCENA (PB)<\/td><td>poluab.lucena@gmail.com<\/td><\/tr><tr><td>Marineide Martiniano do Nascimento&nbsp;<\/td><td>MARI (PB)<\/td><td>uabmari@hotmail.com<\/td><\/tr><tr><td>Erisl\u00e2ndia Rejane de S\u00e1<\/td><td>POMBAL (PB)<\/td><td>polouabpombal@gmail.com<\/td><\/tr><tr><td>Francisco Clesio Medeiros Dantas de Ara\u00fajo<\/td><td>S\u00c3O BENTO (PB)<\/td><td>polosaobento.pb@gmail.com<\/td><\/tr><tr><td>Nixomara Marinho de Lira<\/td><td>SANTA LUZIA (PB)<\/td><td>uabpolosantaluzia22@gmail.com<\/td><\/tr><tr><td>Vamberto Fl\u00e1vio Teofilo de Oliveira&nbsp;<\/td><td>TAPERO\u00c1 (PB)<\/td><td>uabtaperoapb@yahoo.com.br<\/td><\/tr><\/tbody><\/table><\/figure>\n\n\n\n<p><\/p>\n\n\n\n<p class=\"has-medium-font-size\"><strong>6. ASSISTENTES \u00c0 DOC\u00caNCIA<\/strong><\/p>\n\n\n\n<figure class=\"wp-block-table\"><table class=\"has-fixed-layout\"><tbody><tr><td>Polo<\/td><td>Assistente \u00e0 doc\u00eancia<\/td><td>E-mail<\/td><\/tr><tr><td>ALAGOA GRANDE<\/td><td>MARIA ELAINE ALMEIDA DO NASCIMENTO<\/td><td>elaine.tutorapedagogia@gmail.com<\/td><\/tr><tr><td>JO\u00c3O PESSOA<\/td><td>EDILENE SANTOS<\/td><td><a href=\"mailto:giovannabarrocatdcb@gmail.com\"><\/a>edilenesantosster@gmail.com&nbsp;<\/td><\/tr><tr><td>&nbsp;ITAPORANGA<\/td><td>&nbsp;ROSSANE KEILE SALES DA FONSECA<\/td><td>poloassessoria.itaporanga@gmail.com <\/td><\/tr><tr><td>MARI<\/td><td>EVANDRIL\u00c9IA DAVID BRAZ SILVA<\/td><td>evandrileiabraz@yahoo.com.br<\/td><\/tr><tr><td>ARARUNA<\/td><td>THIAGO DE SOUSA MELO<\/td><td>thiagosoumelo@gmail.com<\/td><\/tr><tr><td>TAPERO\u00c1<\/td><td>MARIA ALCILEIDE DA SILVA<\/td><td>aucileidecarlossilva@gmail.com <\/td><\/tr><\/tbody><\/table><\/figure>\n\n\n\n<p><strong>7. TUTORES<\/strong><\/p>\n\n\n\n<p><strong>7.1 TUTORES PRESENCIAIS &#8211; 2025.1<\/strong><\/p>\n\n\n\n<figure class=\"wp-block-table\"><table class=\"has-fixed-layout\"><tbody><tr><td><strong>NOME DO(A) TUTOR(A)<\/strong><\/td><td><strong>POLO UAB<\/strong><\/td><td><strong>Email do(a) tutor(a)<\/strong><\/td><\/tr><tr><td>Josseane das Neves Cabral<\/td><td>Itaporanga<\/td><td>jo.rosadolopes@gmail.com<\/td><\/tr><tr><td>Erivan de S. Silva<\/td><td>Mari<\/td><td>erivan_uepb@hotmail.com;<\/td><\/tr><tr><td>Francisca Edna Campos<\/td><td>Pombal<\/td><td>franciscaednacampos@yahoo.com.br<\/td><\/tr><\/tbody><\/table><\/figure>\n\n\n\n<p><\/p>\n\n\n\n<p><strong>7.2 <a href=\"http:\/\/www.ccae.ufpb.br\/clliead\/wp-content\/uploads\/sites\/170\/sites\/174\/2025\/05\/TABELA-PDF.pdf\">TUTORES A DIST\u00c2NCIA \u2013 2025.1<\/a><\/strong><\/p>\n\n\n\n<p><\/p>\n","protected":false},"excerpt":{"rendered":"<p>Conte\u00fado da p\u00e1gina dispon\u00edvel em PDF:http:\/\/www.ccae.ufpb.br\/clliead2\/wp-content\/uploads\/sites\/170\/sites\/174\/2025\/03\/EQUIPE.pdf 1. REITORIA E DIRE\u00c7\u00c3O DE CENTRO 2. COORDENA\u00c7\u00c3O 3. COLEGIADO DE CURSO 4. N\u00daCLEO DOCENTE ESTRUTURANTE 5. COORDENADORES DE POLO 6. TUTORES (PRESENCIAIS\/A DIST\u00c2NCIA) 7. ASSISTENTES \u00c0 DOC\u00caNCIA 1. REITORIA (UFPB) E DIRE\u00c7\u00c3O DE CENTRO (CCAE) Reitora: Profa.Terezinha Domiciano Dantas MartinsVice-reitora: Profa. M\u00f4nica N\u00f3brega https:\/\/www.ufpb.br\/ufpb\/menu\/institucional\/dirigentes Diretor de Centro: Joseilme [&hellip;]<\/p>\n","protected":false},"author":47,"featured_media":0,"parent":414,"menu_order":0,"comment_status":"closed","ping_status":"closed","template":"","meta":{"footnotes":""},"class_list":["post-12","page","type-page","status-publish","hentry"],"_links":{"self":[{"href":"https:\/\/www.ccae.ufpb.br\/clliead\/wp-json\/wp\/v2\/pages\/12","targetHints":{"allow":["GET"]}}],"collection":[{"href":"https:\/\/www.ccae.ufpb.br\/clliead\/wp-json\/wp\/v2\/pages"}],"about":[{"href":"https:\/\/www.ccae.ufpb.br\/clliead\/wp-json\/wp\/v2\/types\/page"}],"author":[{"embeddable":true,"href":"https:\/\/www.ccae.ufpb.br\/clliead\/wp-json\/wp\/v2\/users\/47"}],"replies":[{"embeddable":true,"href":"https:\/\/www.ccae.ufpb.br\/clliead\/wp-json\/wp\/v2\/comments?post=12"}],"version-history":[{"count":60,"href":"https:\/\/www.ccae.ufpb.br\/clliead\/wp-json\/wp\/v2\/pages\/12\/revisions"}],"predecessor-version":[{"id":1500,"href":"https:\/\/www.ccae.ufpb.br\/clliead\/wp-json\/wp\/v2\/pages\/12\/revisions\/1500"}],"up":[{"embeddable":true,"href":"https:\/\/www.ccae.ufpb.br\/clliead\/wp-json\/wp\/v2\/pages\/414"}],"wp:attachment":[{"href":"https:\/\/www.ccae.ufpb.br\/clliead\/wp-json\/wp\/v2\/media?parent=12"}],"curies":[{"name":"wp","href":"https:\/\/api.w.org\/{rel}","templated":true}]}}