{"id":1209,"date":"2025-06-15T08:13:51","date_gmt":"2025-06-15T11:13:51","guid":{"rendered":"https:\/\/www.ccae.ufpb.br\/clliead\/?page_id=1209"},"modified":"2025-12-30T10:01:30","modified_gmt":"2025-12-30T13:01:30","slug":"tutores","status":"publish","type":"page","link":"https:\/\/www.ccae.ufpb.br\/clliead\/tutores\/","title":{"rendered":"Tutores"},"content":{"rendered":"\n<p id=\"block-8a7e46f2-83b5-4d72-ba7a-38f974192ad8\"><strong>TUTORES PRESENCIAIS<\/strong><\/p>\n\n\n\n<figure class=\"wp-block-table\"><table><tbody><tr><td><strong>NOME DO(A) TUTOR(A)<\/strong><\/td><td><strong>POLO UAB<\/strong><\/td><td><strong>Email do(a) tutor(a)<\/strong><\/td><\/tr><tr><td>Sonia Maria da Silva Fonte<\/td><td>Araruna<\/td><td>soniamaria14@yahoo.com.br<\/td><\/tr><tr><td>Wesley N\u00f3brega Rodrigues do \u00d3<\/td><td>Campina Grande<\/td><td>wesnobrega@gmail.com<\/td><\/tr><tr><td>Jose Muniz Falc\u00e3o Neto<\/td><td>Cuit\u00e9 de Mamanguape<\/td><td>josemunizfalcaoneto@gmail.com<\/td><\/tr><tr><td>Josseane das Neves Cabral<\/td><td>Itaporanga<\/td><td>jo.rosadolopes@gmail.com<\/td><\/tr><tr><td>Joedsa Wanessa Oliveira de Lima Cordeiro<\/td><td>Jo\u00e3o Pessoa<\/td><td>joedsacordeiro@professor.educ.al.gov.br<\/td><\/tr><tr><td>Monica Cristina Quaresma Leal<\/td><td>Lucena<\/td><td>\u00a0monicalealmat@hotmail.com<\/td><\/tr><tr><td>Erivan de S. Silva<\/td><td>Mari<\/td><td>erivan_uepb@hotmail.com<\/td><\/tr><tr><td>Francisca Edna Campos<\/td><td>Pombal<\/td><td>franciscaednacampos@yahoo.com.br<\/td><\/tr><\/tbody><\/table><\/figure>\n\n\n\n<p><\/p>\n\n\n\n<p id=\"block-8f8fa5b6-9dfd-497c-a589-4cb6d905eccf\"><strong>6.2 TUTORES A DIST\u00c2NCIA<\/strong><\/p>\n\n\n\n<figure class=\"wp-block-table\"><table class=\"has-fixed-layout\"><tbody><tr><td><strong>NOME DO(A) TUTOR(A)<\/strong><\/td><td><strong>\u00c1REA DE CONHECIMENTO<\/strong><\/td><td><strong>Email do(a) tutor(a)<\/strong><\/td><\/tr><tr><td>Aleise Guimar\u00e3es Carvalho<\/td><td>Lingu\u00edstica<\/td><td>aleiseguimares@yahoo.com.br<\/td><\/tr><tr><td>Almir Anacleto de Ara\u00fajo Gomes<\/td><td>Ensino de L\u00edngua e de literatura de povos de L\u00edngua inglesa<\/td><td>almir.ufcg@gmail.com<\/td><\/tr><tr><td>Antonio Carlos Souza da Silva<\/td><td>LIBRAS<\/td><td>antoniogemeos1@gmail.com<\/td><\/tr><tr><td>Genielle Farias dos Santos<\/td><td>Lingu\u00edstica<\/td><td>genielli_@hotmail.com<\/td><\/tr><tr><td>Greg\u00f3rio Ata\u00edde Pereira Vasconcelos<\/td><td>Ensino de L\u00edngua e de literatura de povos de L\u00edngua inglesa<\/td><td>gregorioapvasconcelos@gmail.com<\/td><\/tr><tr><td>Jonas Fernandes da Silva<\/td><td>Computa\u00e7\u00e3o<\/td><td>fernandes.jonas@gmail.com<\/td><\/tr><tr><td>Juliana Barbosa dos Santos<\/td><td>Lingu\u00edstica<\/td><td>julisantos7@gmail.com<\/td><\/tr><tr><td>Layse Emanuelle Queiroz Lima<\/td><td>Educa\u00e7\u00e3o<\/td><td>layse_queiroz@hotmail.com<\/td><\/tr><tr><td>Nicette Navarro<\/td><td>Educa\u00e7\u00e3o<\/td><td>nicettenavarro@gmail.com;<\/td><\/tr><tr><td>Odjane da Silva lima Melo<\/td><td>Ensino de L\u00edngua e de literatura de povos de L\u00edngua inglesa<\/td><td>odjane.silva.lima.melo@aluno.uepb.edu.br<\/td><\/tr><tr><td>Paulo Hip\u00f3lito<\/td><td>Educa\u00e7\u00e3o<\/td><td>paulo-hipolito@hotmail.com<\/td><\/tr><tr><td>Rita Ferreira Gon\u00e7alves da Siva&nbsp;<\/td><td>Literatura<\/td><td>ritagoncalves@gmail.com<\/td><\/tr><tr><td>Tatiana Ramalho Barbosa<\/td><td>Ensino de L\u00edngua e de literatura de povos de L\u00edngua inglesa<\/td><td>trb@academico.ufpb.br<\/td><\/tr><\/tbody><\/table><\/figure>\n","protected":false},"excerpt":{"rendered":"<p>TUTORES PRESENCIAIS NOME DO(A) TUTOR(A) POLO UAB Email do(a) tutor(a) Sonia Maria da Silva Fonte Araruna soniamaria14@yahoo.com.br Wesley N\u00f3brega Rodrigues do \u00d3 Campina Grande wesnobrega@gmail.com Jose Muniz Falc\u00e3o Neto Cuit\u00e9 de Mamanguape josemunizfalcaoneto@gmail.com Josseane das Neves Cabral Itaporanga jo.rosadolopes@gmail.com Joedsa Wanessa Oliveira de Lima Cordeiro Jo\u00e3o Pessoa joedsacordeiro@professor.educ.al.gov.br Monica Cristina Quaresma Leal Lucena \u00a0monicalealmat@hotmail.com Erivan [&hellip;]<\/p>\n","protected":false},"author":47,"featured_media":0,"parent":0,"menu_order":0,"comment_status":"closed","ping_status":"closed","template":"","meta":{"footnotes":""},"class_list":["post-1209","page","type-page","status-publish","hentry"],"_links":{"self":[{"href":"https:\/\/www.ccae.ufpb.br\/clliead\/wp-json\/wp\/v2\/pages\/1209","targetHints":{"allow":["GET"]}}],"collection":[{"href":"https:\/\/www.ccae.ufpb.br\/clliead\/wp-json\/wp\/v2\/pages"}],"about":[{"href":"https:\/\/www.ccae.ufpb.br\/clliead\/wp-json\/wp\/v2\/types\/page"}],"author":[{"embeddable":true,"href":"https:\/\/www.ccae.ufpb.br\/clliead\/wp-json\/wp\/v2\/users\/47"}],"replies":[{"embeddable":true,"href":"https:\/\/www.ccae.ufpb.br\/clliead\/wp-json\/wp\/v2\/comments?post=1209"}],"version-history":[{"count":3,"href":"https:\/\/www.ccae.ufpb.br\/clliead\/wp-json\/wp\/v2\/pages\/1209\/revisions"}],"predecessor-version":[{"id":1504,"href":"https:\/\/www.ccae.ufpb.br\/clliead\/wp-json\/wp\/v2\/pages\/1209\/revisions\/1504"}],"wp:attachment":[{"href":"https:\/\/www.ccae.ufpb.br\/clliead\/wp-json\/wp\/v2\/media?parent=1209"}],"curies":[{"name":"wp","href":"https:\/\/api.w.org\/{rel}","templated":true}]}}