{"id":276,"date":"2024-11-13T23:58:14","date_gmt":"2024-11-13T23:58:14","guid":{"rendered":"https:\/\/www.ccae.ufpb.br\/clliead2\/?page_id=276"},"modified":"2025-05-27T11:23:51","modified_gmt":"2025-05-27T14:23:51","slug":"livros","status":"publish","type":"page","link":"https:\/\/www.ccae.ufpb.br\/clliead\/livros\/","title":{"rendered":"Livros"},"content":{"rendered":"\n<ul class=\"wp-block-list\">\n<li><a href=\"http:\/\/www.ccae.ufpb.br\/clliead2\/wp-content\/uploads\/sites\/170\/sites\/174\/2024\/11\/livro-1_compressed.pdf\">LIVRO 1 &#8211; 1\u00ba Semestre<\/a><\/li>\n\n\n\n<li><a href=\"http:\/\/www.ccae.ufpb.br\/clliead2\/wp-content\/uploads\/sites\/170\/sites\/174\/2024\/11\/livro-2.pdf\">LIVRO 2 &#8211; 2\u00ba Semestre<\/a><\/li>\n\n\n\n<li><a href=\"https:\/\/www.ccae.ufpb.br\/clliead\/livros\/livro-3\/\">LIVRO &#8211; Teoria e\/ou Pr\u00e1tica Docente no Curso de Letras\/L\u00edngua Inglesa na Educa\u00e7\u00e3o \u00e0 Dist\u00e2ncia ou Presencial<\/a><\/li>\n\n\n\n<li><a href=\"http:\/\/www.ccae.ufpb.br\/clliead2\/wp-content\/uploads\/sites\/170\/sites\/174\/2024\/11\/livro-4.pdf\">LIVRO &#8211; Ensino de l\u00edngua inglesa, tecnologias e literatura de fic\u00e7\u00e3o: investiga\u00e7\u00f5es te\u00f3ricas e aplicadas<\/a><\/li>\n<\/ul>\n\n\n\n<p><\/p>\n","protected":false},"excerpt":{"rendered":"","protected":false},"author":47,"featured_media":0,"parent":0,"menu_order":0,"comment_status":"closed","ping_status":"closed","template":"","meta":{"footnotes":""},"class_list":["post-276","page","type-page","status-publish","hentry"],"_links":{"self":[{"href":"https:\/\/www.ccae.ufpb.br\/clliead\/wp-json\/wp\/v2\/pages\/276","targetHints":{"allow":["GET"]}}],"collection":[{"href":"https:\/\/www.ccae.ufpb.br\/clliead\/wp-json\/wp\/v2\/pages"}],"about":[{"href":"https:\/\/www.ccae.ufpb.br\/clliead\/wp-json\/wp\/v2\/types\/page"}],"author":[{"embeddable":true,"href":"https:\/\/www.ccae.ufpb.br\/clliead\/wp-json\/wp\/v2\/users\/47"}],"replies":[{"embeddable":true,"href":"https:\/\/www.ccae.ufpb.br\/clliead\/wp-json\/wp\/v2\/comments?post=276"}],"version-history":[{"count":8,"href":"https:\/\/www.ccae.ufpb.br\/clliead\/wp-json\/wp\/v2\/pages\/276\/revisions"}],"predecessor-version":[{"id":1042,"href":"https:\/\/www.ccae.ufpb.br\/clliead\/wp-json\/wp\/v2\/pages\/276\/revisions\/1042"}],"wp:attachment":[{"href":"https:\/\/www.ccae.ufpb.br\/clliead\/wp-json\/wp\/v2\/media?parent=276"}],"curies":[{"name":"wp","href":"https:\/\/api.w.org\/{rel}","templated":true}]}}