{"id":332,"date":"2024-11-14T13:59:57","date_gmt":"2024-11-14T16:59:57","guid":{"rendered":"https:\/\/www.ccae.ufpb.br\/clliead2\/?page_id=332"},"modified":"2025-08-20T07:36:06","modified_gmt":"2025-08-20T10:36:06","slug":"estagio","status":"publish","type":"page","link":"https:\/\/www.ccae.ufpb.br\/clliead\/estagio\/","title":{"rendered":"Est\u00e1gio"},"content":{"rendered":"\n<p><\/p>\n\n\n\n<ul class=\"wp-block-list\">\n<li><a href=\"http:\/\/www.ccae.ufpb.br\/clliead\/wp-content\/uploads\/sites\/170\/sites\/174\/2025\/05\/passo-a-passo_discente-04-09-17-CADASTRO-DO-TCE.pdf\">Cadastro do TCE<\/a><\/li>\n\n\n\n<li><a href=\"http:\/\/www.ccae.ufpb.br\/clliead\/wp-content\/uploads\/sites\/170\/sites\/174\/2025\/05\/resolucao-3-2019-estagio-supervisionado-1.pdf\">Resolu\u00e7\u00e3o 3\/2019 Estagio Supervisionado<\/a><\/li>\n\n\n\n<li><a href=\"http:\/\/www.ccae.ufpb.br\/clliead\/wp-content\/uploads\/sites\/170\/sites\/174\/2025\/02\/aproveitamento-de-experiencia-1.pdf\">Formul\u00e1rio para Aproveitamento de Experi\u00eancia Profissional<\/a><\/li>\n\n\n\n<li><a href=\"https:\/\/www.ccae.ufpb.br\/clliead\/estagio\/relacao-de-escolas-conveniadas-para-estagio\/\">Rela\u00e7\u00e3o de Escolas Conveniadas para Est\u00e1gio<\/a><\/li>\n\n\n\n<li><a href=\"http:\/\/www.ccae.ufpb.br\/clliead\/wp-content\/uploads\/sites\/170\/sites\/174\/2025\/03\/ORIENTACOES-PARA-O-ESTAGIO-EM-INSTITUICOES-CONVENIADAS-INFOGRAFICO.png\">Orienta\u00e7\u00f5es para o Est\u00e1gio em Institui\u00e7\u00f5es Conveniadas (Infogr\u00e1fico)<\/a><\/li>\n\n\n\n<li><a href=\"http:\/\/www.ccae.ufpb.br\/clliead\/wp-content\/uploads\/sites\/170\/sites\/174\/2025\/05\/TUTORIAL-ENVIO-DO-RELATORIO.pdf\">Tutorial &#8211; Relat\u00f3rio Final de Est\u00e1gio<\/a><\/li>\n<\/ul>\n\n\n\n<p><\/p>\n","protected":false},"excerpt":{"rendered":"","protected":false},"author":47,"featured_media":0,"parent":0,"menu_order":0,"comment_status":"closed","ping_status":"closed","template":"","meta":{"footnotes":""},"class_list":["post-332","page","type-page","status-publish","hentry"],"_links":{"self":[{"href":"https:\/\/www.ccae.ufpb.br\/clliead\/wp-json\/wp\/v2\/pages\/332","targetHints":{"allow":["GET"]}}],"collection":[{"href":"https:\/\/www.ccae.ufpb.br\/clliead\/wp-json\/wp\/v2\/pages"}],"about":[{"href":"https:\/\/www.ccae.ufpb.br\/clliead\/wp-json\/wp\/v2\/types\/page"}],"author":[{"embeddable":true,"href":"https:\/\/www.ccae.ufpb.br\/clliead\/wp-json\/wp\/v2\/users\/47"}],"replies":[{"embeddable":true,"href":"https:\/\/www.ccae.ufpb.br\/clliead\/wp-json\/wp\/v2\/comments?post=332"}],"version-history":[{"count":14,"href":"https:\/\/www.ccae.ufpb.br\/clliead\/wp-json\/wp\/v2\/pages\/332\/revisions"}],"predecessor-version":[{"id":1182,"href":"https:\/\/www.ccae.ufpb.br\/clliead\/wp-json\/wp\/v2\/pages\/332\/revisions\/1182"}],"wp:attachment":[{"href":"https:\/\/www.ccae.ufpb.br\/clliead\/wp-json\/wp\/v2\/media?parent=332"}],"curies":[{"name":"wp","href":"https:\/\/api.w.org\/{rel}","templated":true}]}}