{"id":334,"date":"2024-11-14T14:00:07","date_gmt":"2024-11-14T17:00:07","guid":{"rendered":"https:\/\/www.ccae.ufpb.br\/clliead2\/?page_id=334"},"modified":"2025-03-13T14:59:42","modified_gmt":"2025-03-13T17:59:42","slug":"extensao","status":"publish","type":"page","link":"https:\/\/www.ccae.ufpb.br\/clliead\/extensao\/","title":{"rendered":"Extens\u00e3o"},"content":{"rendered":"\n<p>Conte\u00fado da p\u00e1gina dispon\u00edvel em PDF:<br><a href=\"http:\/\/www.ccae.ufpb.br\/clliead2\/wp-content\/uploads\/sites\/170\/sites\/174\/2025\/03\/EXTENSAO.pdf\">http:\/\/www.ccae.ufpb.br\/clliead2\/wp-content\/uploads\/sites\/170\/sites\/174\/2025\/03\/EXTENSAO.pdf<\/a><\/p>\n\n\n\n<p><strong>Informa\u00e7\u00f5es sobre os projetos de extens\u00e3o vinculados aos editais institucionais.<\/strong><strong><\/strong><\/p>\n\n\n\n<p>Os projetos de extens\u00e3o podem ser vinculados a partir de tr\u00eas editais:<\/p>\n\n\n\n<p>a) PROBEX: Programa de Bolsas de Extens\u00e3o;<\/p>\n\n\n\n<p>b) FLUEX: Programa de extens\u00e3o com fluxo cont\u00ednuo;<\/p>\n\n\n\n<p>c) UFPB no seu Munic\u00edpio.<\/p>\n\n\n\n<p>Al\u00e9m de estabelecer as normas para a realiza\u00e7\u00e3o de a\u00e7\u00f5es de extens\u00e3o, os editais servem como subs\u00eddio na elabora\u00e7\u00e3o de propostas, uma vez que s\u00e3o criados com base nas diretrizes nacionais de extens\u00e3o e nas resolu\u00e7\u00f5es internas da UFPB que regem o ensino, a pesquisa e a pr\u00f3pria extens\u00e3o<\/p>\n\n\n\n<figure class=\"wp-block-table\"><table class=\"has-fixed-layout\"><tbody><tr><td><strong>Modalidade<\/strong><strong><\/strong><\/td><td><strong>Ano<\/strong><strong><\/strong><\/td><td><strong>Projeto<\/strong><strong><\/strong><\/td><td><strong>Coordenador(a)<\/strong><strong><\/strong><\/td><\/tr><tr><td>FLUEX<\/td><td>2024<\/td><td>Curso de Conversa\u00e7\u00e3o em L\u00edngua Inglesa \u2013 N\u00edvel B\u00e1sico&nbsp;<\/td><td>Sandra Maria Ara\u00fajo Dias<\/td><\/tr><tr><td>FLUEX<\/td><td>2024<\/td><td>Curso de Conversa\u00e7\u00e3o em L\u00edngua Inglesa \u2013 N\u00edvel Pr\u00e9-Intermedi\u00e1rio&nbsp;<\/td><td>Sandra Maria Ara\u00fajo Dias<\/td><\/tr><tr><td>FLUEX<\/td><td>2019<\/td><td>Abordagens e M\u00e9todos de Ensino de L\u00ednguas Estrangeiras&nbsp;<\/td><td>Sandra Maria Ara\u00fajo Dias<\/td><\/tr><\/tbody><\/table><\/figure>\n\n\n\n<p>Conforme a Pr\u00f3-reitora de Extens\u00e3o, Profa. Berla Moraes, com a publica\u00e7\u00e3o da Resolu\u00e7\u00e3o Consepe n\u00ba 2 de 2022, a comunidade acad\u00eamica, em especial os gestores dos cursos de gradua\u00e7\u00e3o e N\u00facleos Docentes Estruturantes, demandava as duas Pr\u00f3-reitorias acerca de orienta\u00e7\u00f5es e esclarecimentos de como inserir a extens\u00e3o nos curr\u00edculos. \u201c\u00c9 um processo in\u00e9dito na UFPB e sabemos que, mesmo n\u00e3o esgotando todas as d\u00favidas, a elabora\u00e7\u00e3o do manual de credita\u00e7\u00e3o produzido conjunto com a PRG apresenta, de forma mais ilustrativa, informativa e interativa, informa\u00e7\u00f5es para a comunidade acad\u00eamica de como ocorrer\u00e1 o processo e as possibilidades de implanta\u00e7\u00e3o da extens\u00e3o no curr\u00edculo\u201d.<\/p>\n\n\n\n<p>Com o objetivo de dar suporte aos cursos de gradua\u00e7\u00e3o no processo de implanta\u00e7\u00e3o da extens\u00e3o nos Projetos Pedag\u00f3gico dos Cursos (PPCs), a Pr\u00f3-reitoria de Extens\u00e3o (Proex) e a Pr\u00f3-reitoria de Gradua\u00e7\u00e3o (PRG)&nbsp; da Universidade Federal da Para\u00edba (UFPB) publicaram, com o apoio da Editora da UFPB, o Manual de Credita\u00e7\u00e3o da Extens\u00e3o.&nbsp;<\/p>\n\n\n\n<p>O manual foi pensado e desenvolvido para auxiliar os gestores dos cursos acerca das reflex\u00f5es e a\u00e7\u00f5es sobre a integraliza\u00e7\u00e3o da extens\u00e3o nos curr\u00edculos e est\u00e1 pautado pela Resolu\u00e7\u00e3o n\u00ba 07 de 2018, do Conselho Nacional de Educa\u00e7\u00e3o (CNE) e pela Resolu\u00e7\u00e3o do Conselho de Ensino, Pesquisa e Extens\u00e3o (Consepe) n\u00ba 2 de 2022, que disp\u00f5e sobre a Pol\u00edtica de Credita\u00e7\u00e3o na UFPB.&nbsp;<\/p>\n\n\n\n<p>Confira o&nbsp;<a href=\"http:\/\/www.editora.ufpb.br\/sistema\/press5\/index.php\/UFPB\/catalog\/book\/1092\"><u>Manual de Credita\u00e7\u00e3o da Extens\u00e3o<\/u><\/a>.&nbsp;<\/p>\n\n\n\n<p><\/p>\n","protected":false},"excerpt":{"rendered":"<p>Conte\u00fado da p\u00e1gina dispon\u00edvel em PDF:http:\/\/www.ccae.ufpb.br\/clliead2\/wp-content\/uploads\/sites\/170\/sites\/174\/2025\/03\/EXTENSAO.pdf Informa\u00e7\u00f5es sobre os projetos de extens\u00e3o vinculados aos editais institucionais. Os projetos de extens\u00e3o podem ser vinculados a partir de tr\u00eas editais: a) PROBEX: Programa de Bolsas de Extens\u00e3o; b) FLUEX: Programa de extens\u00e3o com fluxo cont\u00ednuo; c) UFPB no seu Munic\u00edpio. Al\u00e9m de estabelecer as normas para a [&hellip;]<\/p>\n","protected":false},"author":47,"featured_media":0,"parent":0,"menu_order":0,"comment_status":"closed","ping_status":"closed","template":"","meta":{"footnotes":""},"class_list":["post-334","page","type-page","status-publish","hentry"],"_links":{"self":[{"href":"https:\/\/www.ccae.ufpb.br\/clliead\/wp-json\/wp\/v2\/pages\/334","targetHints":{"allow":["GET"]}}],"collection":[{"href":"https:\/\/www.ccae.ufpb.br\/clliead\/wp-json\/wp\/v2\/pages"}],"about":[{"href":"https:\/\/www.ccae.ufpb.br\/clliead\/wp-json\/wp\/v2\/types\/page"}],"author":[{"embeddable":true,"href":"https:\/\/www.ccae.ufpb.br\/clliead\/wp-json\/wp\/v2\/users\/47"}],"replies":[{"embeddable":true,"href":"https:\/\/www.ccae.ufpb.br\/clliead\/wp-json\/wp\/v2\/comments?post=334"}],"version-history":[{"count":5,"href":"https:\/\/www.ccae.ufpb.br\/clliead\/wp-json\/wp\/v2\/pages\/334\/revisions"}],"predecessor-version":[{"id":723,"href":"https:\/\/www.ccae.ufpb.br\/clliead\/wp-json\/wp\/v2\/pages\/334\/revisions\/723"}],"wp:attachment":[{"href":"https:\/\/www.ccae.ufpb.br\/clliead\/wp-json\/wp\/v2\/media?parent=334"}],"curies":[{"name":"wp","href":"https:\/\/api.w.org\/{rel}","templated":true}]}}