{"id":560,"date":"2024-12-13T14:00:42","date_gmt":"2024-12-13T17:00:42","guid":{"rendered":"https:\/\/www.ccae.ufpb.br\/clliead2\/?page_id=560"},"modified":"2025-03-13T14:57:00","modified_gmt":"2025-03-13T17:57:00","slug":"pesquisa","status":"publish","type":"page","link":"https:\/\/www.ccae.ufpb.br\/clliead\/pesquisa\/","title":{"rendered":"Pesquisa"},"content":{"rendered":"\n<p>Conte\u00fado da p\u00e1gina dispon\u00edvel em PDF:<br><a href=\"http:\/\/www.ccae.ufpb.br\/clliead2\/wp-content\/uploads\/sites\/170\/sites\/174\/2025\/03\/PESQUISA.pdf\">http:\/\/www.ccae.ufpb.br\/clliead2\/wp-content\/uploads\/sites\/170\/sites\/174\/2025\/03\/PESQUISA.pdf<\/a><\/p>\n\n\n\n<p><strong>Os projetos de pesquisa do curso s\u00e3o vinculados a editais institucionais ou aprovados em Departamento.<\/strong><\/p>\n\n\n\n<p>Os projetos de pesquisa vinculados aos editais de inicia\u00e7\u00e3o cient\u00edfica podem ser submetidos nas seguintes modalidades:<\/p>\n\n\n\n<p>a)&nbsp;<strong>PIBIC\/CNPq<\/strong>: modalidade geral visando \u00e0 Inicia\u00e7\u00e3o Cient\u00edfica nas diversas \u00e1reas do conhecimento;<\/p>\n\n\n\n<p>b) <strong>PIBITI\/CNPq<\/strong>: modalidade voltada ao Desenvolvimento Tecnol\u00f3gico e Processos de Inova\u00e7\u00e3o;<\/p>\n\n\n\n<p>c) <strong>PIBIC\/AF<\/strong>: modalidade destinada aos discentes que necessitam de pol\u00edticas de a\u00e7\u00f5es afirmativas;<\/p>\n\n\n\n<p>d)&nbsp;<strong>PIVIC<\/strong>: destina-se \u00e0 concess\u00e3o de bolsas n\u00e3o remuneradas.&nbsp;&nbsp;<\/p>\n\n\n\n<figure class=\"wp-block-table\"><table class=\"has-fixed-layout\"><tbody><tr><td><strong>Modalidade<\/strong><\/td><td><strong>Ano<\/strong><\/td><td><strong>Projeto<\/strong><\/td><td><strong>Coordenador(a)<\/strong><\/td><\/tr><tr><td>PIVIC<\/td><td>2023<\/td><td>Representa\u00e7\u00f5es sobre o agir docente em textos avaliativos produzidos no est\u00e1gio supervisionado: um estudo sociointeracionista sociodiscursivo<\/td><td>Sandra Maria Araujo Dias e Juliene Paiva de Ara\u00fajo Osias<\/td><\/tr><tr><td>PIBIC<\/td><td>2020<\/td><td>OEst\u00e1gio Supervisionado nos cursos de licenciatura em Letras-Ingl\u00eas e Letras-Espanhol na modalidade a dist\u00e2ncia: desafios e perspectivas<\/td><td>Sandra Maria Araujo Dias e Juliene Paiva de Ara\u00fajo Osias<\/td><\/tr><tr><td>PIBIC<\/td><td>2021<\/td><td>OEst\u00e1gio Supervisionado nos cursos de licenciatura em Letras-Ingl\u00eas e Letras-Espanhol na modalidade a dist\u00e2ncia: desafios e perspectivas<\/td><td>Sandra Maria Araujo Dias e Juliene Paiva de Ara\u00fajo Osias<\/td><\/tr><tr><td>PIVIC<\/td><td>2020<\/td><td>Entre caminhos e descaminhos: a EaD desatando o(s) n\u00f3s e as dist\u00e2ncias entre o ensino e a aprendizagem<\/td><td><em>Ana Claudia &nbsp;Felix Gualberto e <\/em>Sandra Maria Araujo Dias<\/td><\/tr><tr><td>PIVIC<\/td><td>2020<\/td><td>Sentidos e Efeitos Sentidos<strong>: <\/strong>da estrutura da l\u00edngua \u00e0 estrutura da Comunica\u00e7\u00e3o<\/td><td>Sandra Maria Araujo Dias e Silvio Luis da Silva<\/td><\/tr><tr><td>PIBIC<\/td><td>2019<\/td><td>Sentidos e Efeitos Sentidos<strong>: <\/strong>da estrutura da l\u00edngua \u00e0 estrutura da Comunica\u00e7\u00e3o<\/td><td>Sandra Maria Araujo Dias e Silvio Luis da Silva<\/td><\/tr><tr><td>PIBIC<\/td><td>2019<\/td><td>OEst\u00e1gio Supervisionado nos cursos de licenciatura em Letras-Ingl\u00eas e Letras-Espanhol na modalidade a dist\u00e2ncia: desafios e perspectivas<\/td><td>Sandra Maria Araujo Dias<\/td><\/tr><tr><td>PIBIC<\/td><td>2018<\/td><td>Multiletramento e Ensino de L\u00edngua Inglesa na Escola P\u00fablica: Um estudo sobre o livro did\u00e1tico do Ensino Fundamental II &nbsp;<\/td><td>Sandra Maria Araujo Dias<\/td><\/tr><tr><td>PIBIC<\/td><td>2018<\/td><td>Modernidade e identidades l\u00edquidas: discursos musicais e pr\u00e1ticas sociais em an\u00e1lise<\/td><td>Silvio Luis da Silva e Silvio Luis da Silva<\/td><\/tr><\/tbody><\/table><\/figure>\n\n\n\n<p><\/p>\n","protected":false},"excerpt":{"rendered":"<p>Conte\u00fado da p\u00e1gina dispon\u00edvel em PDF:http:\/\/www.ccae.ufpb.br\/clliead2\/wp-content\/uploads\/sites\/170\/sites\/174\/2025\/03\/PESQUISA.pdf Os projetos de pesquisa do curso s\u00e3o vinculados a editais institucionais ou aprovados em Departamento. Os projetos de pesquisa vinculados aos editais de inicia\u00e7\u00e3o cient\u00edfica podem ser submetidos nas seguintes modalidades: a)&nbsp;PIBIC\/CNPq: modalidade geral visando \u00e0 Inicia\u00e7\u00e3o Cient\u00edfica nas diversas \u00e1reas do conhecimento; b) PIBITI\/CNPq: modalidade voltada ao Desenvolvimento [&hellip;]<\/p>\n","protected":false},"author":47,"featured_media":0,"parent":0,"menu_order":0,"comment_status":"closed","ping_status":"closed","template":"","meta":{"footnotes":""},"class_list":["post-560","page","type-page","status-publish","hentry"],"_links":{"self":[{"href":"https:\/\/www.ccae.ufpb.br\/clliead\/wp-json\/wp\/v2\/pages\/560","targetHints":{"allow":["GET"]}}],"collection":[{"href":"https:\/\/www.ccae.ufpb.br\/clliead\/wp-json\/wp\/v2\/pages"}],"about":[{"href":"https:\/\/www.ccae.ufpb.br\/clliead\/wp-json\/wp\/v2\/types\/page"}],"author":[{"embeddable":true,"href":"https:\/\/www.ccae.ufpb.br\/clliead\/wp-json\/wp\/v2\/users\/47"}],"replies":[{"embeddable":true,"href":"https:\/\/www.ccae.ufpb.br\/clliead\/wp-json\/wp\/v2\/comments?post=560"}],"version-history":[{"count":3,"href":"https:\/\/www.ccae.ufpb.br\/clliead\/wp-json\/wp\/v2\/pages\/560\/revisions"}],"predecessor-version":[{"id":722,"href":"https:\/\/www.ccae.ufpb.br\/clliead\/wp-json\/wp\/v2\/pages\/560\/revisions\/722"}],"wp:attachment":[{"href":"https:\/\/www.ccae.ufpb.br\/clliead\/wp-json\/wp\/v2\/media?parent=560"}],"curies":[{"name":"wp","href":"https:\/\/api.w.org\/{rel}","templated":true}]}}