{"id":633,"date":"2025-02-28T09:12:18","date_gmt":"2025-02-28T12:12:18","guid":{"rendered":"https:\/\/www.ccae.ufpb.br\/clliead2\/?page_id=633"},"modified":"2026-04-17T13:40:41","modified_gmt":"2026-04-17T16:40:41","slug":"planos-de-curso","status":"publish","type":"page","link":"https:\/\/www.ccae.ufpb.br\/clliead\/documentos\/planos-de-curso\/","title":{"rendered":"Planos de Curso"},"content":{"rendered":"\n<p>PRIMEIRO PER\u00cdODO<\/p>\n\n\n\n<p><a href=\"http:\/\/www.ccae.ufpb.br\/clliead\/wp-content\/uploads\/sites\/170\/sites\/174\/2026\/04\/FUNDAMENTOS-ANTROPOFILOSOFICOS-DA-EDUCACAO.pdf\">8102186 &#8211; FUNDAMENTOS ANTROPOFILOS\u00d3FICOS DA EDUCACAO<br><\/a><a href=\"http:\/\/www.ccae.ufpb.br\/clliead\/wp-content\/uploads\/sites\/170\/sites\/174\/2026\/04\/INSTRUMENTALIZACAO-PARA-EAD.pdf\">8105095 &#8211; INSTRUMENTALIZACAO PARA EAD<br><\/a><a href=\"http:\/\/www.ccae.ufpb.br\/clliead\/wp-content\/uploads\/sites\/170\/sites\/174\/2026\/04\/LINGUA-INGLESA-I.pdf\">8105097 &#8211; LINGUA INGLESA I<br><\/a><a href=\"http:\/\/www.ccae.ufpb.br\/clliead\/wp-content\/uploads\/sites\/170\/sites\/174\/2026\/04\/CULTURA-DE-POVOS-DA-LININGLESA-LN-UV.pdf\">8105098 &#8211; CULTURA DE POVOS DA LININGLESA<br><\/a><a href=\"http:\/\/www.ccae.ufpb.br\/clliead\/wp-content\/uploads\/sites\/170\/sites\/174\/2026\/04\/METODOLOGIA-DO-TRABALHO-CIENTIFICO.pdf\">8105108 &#8211; METODOLOGIA DO TRABALHO CIENTIFICO<\/a><\/p>\n\n\n\n<p>SEGUNDO PER\u00cdODO<\/p>\n\n\n\n<p><a href=\"http:\/\/www.ccae.ufpb.br\/clliead\/wp-content\/uploads\/sites\/170\/sites\/174\/2026\/04\/FUNDAMENTOS-SOCIO-HISTORICOS-DA-EDUCACAO.pdf\">8102187 &#8211; FUNDAMENTOS S\u00d3CIO HIST\u00d3RICOS DA EDUCA\u00c7\u00c3O<br><\/a><a href=\"http:\/\/www.ccae.ufpb.br\/clliead\/wp-content\/uploads\/sites\/170\/sites\/174\/2026\/04\/TEORIA-DA-LITERATURA-I-LN.pdf\">8105093 &#8211; TEORIA DA LITERATURA I<br><\/a><a href=\"http:\/\/www.ccae.ufpb.br\/clliead\/wp-content\/uploads\/sites\/170\/sites\/174\/2026\/04\/TEORIA-DA-LINGUISTICA-I.pdf\">8105094 &#8211; TEORIA DA LINGUISTICA I<br><\/a><a href=\"http:\/\/www.ccae.ufpb.br\/clliead\/wp-content\/uploads\/sites\/170\/sites\/174\/2026\/04\/LINGUA-INGLESA-II-1.pdf\">8105100 &#8211; LINGUA INGLESA II<br><\/a><a href=\"http:\/\/www.ccae.ufpb.br\/clliead\/wp-content\/uploads\/sites\/170\/sites\/174\/2026\/04\/PRATICAS-DE-LEITURA-E-PRODUCAO-TEXTUAL-EM-LINGUA-INGLESA-I.pdf\">8105104 &#8211; PR\u00c1TICAS DE LEITURA E PRODU\u00c7\u00c3O TEXTUAL EM L\u00cdNGUA INGLESA I <\/a><\/p>\n\n\n\n<p>TERCEIRO PER\u00cdODO<\/p>\n\n\n\n<p><a href=\"http:\/\/www.ccae.ufpb.br\/clliead2\/wp-content\/uploads\/sites\/170\/sites\/174\/2025\/02\/3o-periodo-plano-de-curso-fundamentos-psicologicos.pdf\">8102188 &#8211; FUNDAMENTOS PSICOL\u00d3GICOS DA EDUCA\u00c7\u00c3O<br><\/a><a href=\"http:\/\/www.ccae.ufpb.br\/clliead2\/wp-content\/uploads\/sites\/170\/sites\/174\/2025\/02\/3o-periodo-plano-de-curso-teoria-da-literatura-ii.pdf\">8105106 &#8211; TEORIA DA LITERATURA II<br><\/a><a href=\"http:\/\/www.ccae.ufpb.br\/clliead2\/wp-content\/uploads\/sites\/170\/sites\/174\/2025\/02\/3o-periodo-plano-de-curso-teorias-linguisticas-ii.pdf\">8105107 &#8211; TEORIAS DA LINGUISTICA II<br><\/a><a href=\"http:\/\/www.ccae.ufpb.br\/clliead2\/wp-content\/uploads\/sites\/170\/sites\/174\/2025\/02\/3o-periodo-plano-de-curso-lingua-inglesa-iii.pdf\">8105109 LINGUA INGLESA III<br><\/a><a href=\"http:\/\/www.ccae.ufpb.br\/clliead2\/wp-content\/uploads\/sites\/170\/sites\/174\/2025\/02\/2023-1-Plano-de-Curso-LPT-Lingua-Inglesa-2.pdf\">8105110 &#8211; PR\u00c1TICAS DE LEITURA E PRODU\u00c7\u00c3O TEXTUAL EM L\u00cdNGUA INGLESA II <\/a><\/p>\n\n\n\n<p>QUARTO PER\u00cdODO<\/p>\n\n\n\n<p><a href=\"http:\/\/www.ccae.ufpb.br\/clliead2\/wp-content\/uploads\/sites\/170\/sites\/174\/2025\/02\/4o-periodo-plano-de-curso-politica-e-gestao-da-educacao.pdf\">8102189 &#8211; POLITICA E GESTAO EDUCACIONAL <br><\/a><a href=\"http:\/\/www.ccae.ufpb.br\/clliead2\/wp-content\/uploads\/sites\/170\/sites\/174\/2025\/02\/4o-periodo-plano-de-curso-linguistica-aplicada-i.pdf\">GDDLT0120 &#8211; LINGU\u00cdSTICA APLICADA I <br><\/a><a href=\"http:\/\/www.ccae.ufpb.br\/clliead2\/wp-content\/uploads\/sites\/170\/sites\/174\/2025\/02\/4o-periodo-plano-de-curso-lingua-inglesa-iv-1.pdf\">GDDLT0121 &#8211; LINGUA INGLESA IV <br><\/a><a href=\"http:\/\/www.ccae.ufpb.br\/clliead2\/wp-content\/uploads\/sites\/170\/sites\/174\/2025\/02\/PLANO-DE-CURSO-FONETICA-E-FONOLOGIA-DA-LINGUA-INGLESA-I.pdf\">GDDLT0122 &#8211; FON\u00c9TICA E FONOLOGIA DA LINGUA INGLESA I <br><\/a><a href=\"http:\/\/www.ccae.ufpb.br\/clliead2\/wp-content\/uploads\/sites\/170\/sites\/174\/2025\/02\/4o-periodo-plano-de-curso-literatura-inglesa-i-1.pdf\">GDDLT0126 &#8211; LITERATURA INGLESA I <br><\/a><a href=\"http:\/\/www.ccae.ufpb.br\/clliead2\/wp-content\/uploads\/sites\/170\/sites\/174\/2025\/02\/4o-periodo-plano-de-curso-pesquisa-aplicada.pdf\">GDDLT0130 &#8211; PESQUISA APLICADA AO ENSINO DA LINGUA INGLESA <\/a><\/p>\n\n\n\n<p>QUINTO PER\u00cdODO<\/p>\n\n\n\n<p><a href=\"http:\/\/www.ccae.ufpb.br\/clliead\/wp-content\/uploads\/sites\/170\/sites\/174\/2025\/09\/5o-periodo-Linguistica-Aplicada-II-2025.1.pdf\">GDDLT0132 &#8211; LINGU\u00cdSTICA APLICADA II <br><\/a><a href=\"http:\/\/www.ccae.ufpb.br\/clliead\/wp-content\/uploads\/sites\/170\/sites\/174\/2025\/09\/5o-periodo-LINGUA-INGLESA-V.pdf\">GDDLT0133 &#8211; LINGUA INGLESA V <br><\/a><a href=\"http:\/\/www.ccae.ufpb.br\/clliead\/wp-content\/uploads\/sites\/170\/sites\/174\/2025\/09\/5o-periodo-FONETICA-E-FOBOLOGIA-DA-LINGUA-INGLESA-II.pdf\">GDDLT0134 &#8211; FON\u00c9TICA E FONOLOGIA DA LINGUA INGLESA II <br><\/a><a href=\"http:\/\/www.ccae.ufpb.br\/clliead\/wp-content\/uploads\/sites\/170\/sites\/174\/2025\/09\/5o-periodo-Literatura-Inglesa-II.pdf\">GDDLT0135 &#8211; LITERATURA INGLESA II <br><\/a><a href=\"http:\/\/www.ccae.ufpb.br\/clliead\/wp-content\/uploads\/sites\/170\/sites\/174\/2025\/09\/5o-periodo-DIDATICA.pdf\">GDEDC0090 &#8211; DID\u00c1TICA <\/a><\/p>\n\n\n\n<p>SEXTO PER\u00cdODO<\/p>\n\n\n\n<p><a href=\"http:\/\/www.ccae.ufpb.br\/clliead\/wp-content\/uploads\/sites\/170\/sites\/174\/2025\/09\/6o-periodo-Lingua-Inglesa-VI.pdf\">GDDLT0127 &#8211; LINGUA INGLESA VI<br><\/a><a href=\"http:\/\/www.ccae.ufpb.br\/clliead\/wp-content\/uploads\/sites\/170\/sites\/174\/2025\/09\/6o-periodo-Linguagem-e-Discurso.pdf\">GDDLT0136 &#8211; LINGUAGEM E DISCURSO<br><\/a><a href=\"http:\/\/www.ccae.ufpb.br\/clliead\/wp-content\/uploads\/sites\/170\/sites\/174\/2025\/09\/6o-periodo-Literatura-Inglesa-III.pdf\">GDDLT0137 &#8211; LITERATURA INGLESA III<br><\/a><a href=\"http:\/\/www.ccae.ufpb.br\/clliead\/wp-content\/uploads\/sites\/170\/sites\/174\/2025\/09\/6o-periodo-Literatura-Norte-Americana-I.pdf\">GDDLT0138 &#8211; LITERATURA NORTE-AMERICANA I<br><\/a><a href=\"http:\/\/www.ccae.ufpb.br\/clliead\/wp-content\/uploads\/sites\/170\/sites\/174\/2025\/09\/6o-periodo-ESTAGIO-SUPERVISIONADO-I.pdf\">GDDLT0139 &#8211; EST\u00c1GIO SUPERVISIONADO I<\/a><\/p>\n\n\n\n<p>S\u00c9TIMO PER\u00cdODO<\/p>\n\n\n\n<p><a href=\"http:\/\/www.ccae.ufpb.br\/clliead2\/wp-content\/uploads\/sites\/170\/sites\/174\/2025\/02\/7o-periodo-plano-de-curso-libras.pdf\">8105113 LIBRAS I<br><\/a>GDDLT0140 &#8211; EST\u00c1GIO SUPERVISIONADO II<br><a href=\"http:\/\/www.ccae.ufpb.br\/clliead2\/wp-content\/uploads\/sites\/170\/sites\/174\/2025\/02\/7o-periodo-plano-de-curso-lingua-inglesa-vii.pdf\">GDDLT0142 &#8211; LINGUA INGLESA VII<br><\/a><a href=\"http:\/\/www.ccae.ufpb.br\/clliead2\/wp-content\/uploads\/sites\/170\/sites\/174\/2025\/02\/7o-periodo-plano-de-curso-literatura-norte-americana-ii.pdf\">GDDLT0143 &#8211; LITERATURAB NORTE-AMERICANA II<br><\/a><a href=\"http:\/\/www.ccae.ufpb.br\/clliead2\/wp-content\/uploads\/sites\/170\/sites\/174\/2025\/02\/7o-periodo-plano-de-curso-projeto-de-tcc.pdf\">GDDLT0144 &#8211; PROJETO TCC<\/a><\/p>\n\n\n\n<p>OITAVO PER\u00cdODO<\/p>\n\n\n\n<p><a href=\"http:\/\/www.ccae.ufpb.br\/clliead\/wp-content\/uploads\/sites\/170\/sites\/174\/2025\/09\/8o-periodo-Estagio-III.pdf\">GDDLT0141 &#8211; EST\u00c1GIO SUPERVISIONADO III<br><\/a><a href=\"http:\/\/www.ccae.ufpb.br\/clliead2\/wp-content\/uploads\/sites\/170\/sites\/174\/2025\/03\/LIBRAS-II-1.pdf\">GDDLT0102 &#8211; LIBRAS II <\/a><br><a href=\"http:\/\/www.ccae.ufpb.br\/clliead2\/wp-content\/uploads\/sites\/170\/sites\/174\/2025\/02\/Plano-de-Curso-Lingua-Inglesa-VIII-Periodo-2024-4.pdf\">GDDLT0149 &#8211; LINGUA INGLESA VIII UV<br><\/a><a href=\"http:\/\/www.ccae.ufpb.br\/clliead2\/wp-content\/uploads\/sites\/170\/sites\/174\/2025\/02\/Plano-de-Curso-TCC-2023.2.pdf\">GDDLT0145 &#8211; TCC<\/a><\/p>\n\n\n\n<p>OPTATIVAS<\/p>\n\n\n\n<p><a href=\"http:\/\/www.ccae.ufpb.br\/clliead\/wp-content\/uploads\/sites\/170\/sites\/174\/2025\/09\/6o-periodo-Literatura-ComparadaOPTATIVA.pdf\">LITERATURA COMPARADA<br><\/a><a href=\"http:\/\/www.ccae.ufpb.br\/clliead2\/wp-content\/uploads\/sites\/170\/sites\/174\/2025\/02\/Plano-de-curso-Linguistica-Textual-EaD-2023_2-Silvio.pdf\">LINGU\u00cdSTICA TEXTUAL<br><\/a><a href=\"http:\/\/www.ccae.ufpb.br\/clliead2\/wp-content\/uploads\/sites\/170\/sites\/174\/2025\/02\/Programa-da-Disciplina-Sociolinguistica-2025.1-Fernanda-Barboza.pdf\">SOCIOLINGU\u00cdSTICA<\/a><br><a href=\"http:\/\/www.ccae.ufpb.br\/clliead\/wp-content\/uploads\/sites\/170\/sites\/174\/2025\/09\/5o-periodo-Literatura-e-Estudos-de-Genero-OPTATIVA.pdf\">LITERATURA E ESTUDOS DE G\u00caNEROS<br><\/a><\/p>\n\n\n\n<p><br><\/p>\n\n\n\n<p><\/p>\n","protected":false},"excerpt":{"rendered":"<p>PRIMEIRO PER\u00cdODO 8102186 &#8211; FUNDAMENTOS ANTROPOFILOS\u00d3FICOS DA EDUCACAO8105095 &#8211; INSTRUMENTALIZACAO PARA EAD8105097 &#8211; LINGUA INGLESA I8105098 &#8211; CULTURA DE POVOS DA LININGLESA8105108 &#8211; METODOLOGIA DO TRABALHO CIENTIFICO SEGUNDO PER\u00cdODO 8102187 &#8211; FUNDAMENTOS S\u00d3CIO HIST\u00d3RICOS DA EDUCA\u00c7\u00c3O8105093 &#8211; TEORIA DA LITERATURA I8105094 &#8211; TEORIA DA LINGUISTICA I8105100 &#8211; LINGUA INGLESA II8105104 &#8211; PR\u00c1TICAS DE LEITURA E [&hellip;]<\/p>\n","protected":false},"author":110,"featured_media":0,"parent":10,"menu_order":0,"comment_status":"closed","ping_status":"closed","template":"","meta":{"footnotes":""},"class_list":["post-633","page","type-page","status-publish","hentry"],"_links":{"self":[{"href":"https:\/\/www.ccae.ufpb.br\/clliead\/wp-json\/wp\/v2\/pages\/633","targetHints":{"allow":["GET"]}}],"collection":[{"href":"https:\/\/www.ccae.ufpb.br\/clliead\/wp-json\/wp\/v2\/pages"}],"about":[{"href":"https:\/\/www.ccae.ufpb.br\/clliead\/wp-json\/wp\/v2\/types\/page"}],"author":[{"embeddable":true,"href":"https:\/\/www.ccae.ufpb.br\/clliead\/wp-json\/wp\/v2\/users\/110"}],"replies":[{"embeddable":true,"href":"https:\/\/www.ccae.ufpb.br\/clliead\/wp-json\/wp\/v2\/comments?post=633"}],"version-history":[{"count":28,"href":"https:\/\/www.ccae.ufpb.br\/clliead\/wp-json\/wp\/v2\/pages\/633\/revisions"}],"predecessor-version":[{"id":1498,"href":"https:\/\/www.ccae.ufpb.br\/clliead\/wp-json\/wp\/v2\/pages\/633\/revisions\/1498"}],"up":[{"embeddable":true,"href":"https:\/\/www.ccae.ufpb.br\/clliead\/wp-json\/wp\/v2\/pages\/10"}],"wp:attachment":[{"href":"https:\/\/www.ccae.ufpb.br\/clliead\/wp-json\/wp\/v2\/media?parent=633"}],"curies":[{"name":"wp","href":"https:\/\/api.w.org\/{rel}","templated":true}]}}