{"id":781,"date":"2025-04-02T14:59:54","date_gmt":"2025-04-02T17:59:54","guid":{"rendered":"https:\/\/www.ccae.ufpb.br\/clliead2\/?page_id=781"},"modified":"2025-08-20T07:36:06","modified_gmt":"2025-08-20T10:36:06","slug":"projetos-de-ensino","status":"publish","type":"page","link":"https:\/\/www.ccae.ufpb.br\/clliead\/ensino\/projetos-de-ensino\/","title":{"rendered":"Projetos de Ensino"},"content":{"rendered":"\n<p><strong>Os projetos de ensino do curso s\u00e3o vinculados a editais institucionais ou aprovados em Departamento.<\/strong><strong><\/strong><\/p>\n\n\n\n<p>Os projetos de monitoria visam contribuir para o desenvolvimento acad\u00eamico e profissional de estudantes de gradua\u00e7\u00e3o.<\/p>\n\n\n\n<p>Os discentes do curso de Letras Ingl\u00eas EAD do CCAE t\u00eam participado de projetos de Monitoria, submetidos aos editais institucionais, de forma a contribuir com a consolida\u00e7\u00e3o do aprendizado, por meio de diversas metodologias de ensino.&nbsp;<\/p>\n\n\n\n<figure class=\"wp-block-table\"><table class=\"has-fixed-layout\"><tbody><tr><td><strong>Ano<\/strong><\/td><td><strong>T\u00edtulo do Projeto<\/strong><strong><\/strong><\/td><td><strong>Coordenador(a)<\/strong><strong><\/strong><\/td><\/tr><tr><td>2025<\/td><td>Monitoria de Componentes Curriculares do Curso de Letras- L\u00edngua Inglesa 2025.1 e 2025.2<\/td><td>Sandra Maria Araujo Dias e Juliene Paiva de Ara\u00fajo Osias<\/td><\/tr><tr><td>2023<\/td><td>Monitoria de Componentes Curriculares na \u00c1rea de L\u00edngua Inglesa<\/td><td>Sandra Maria Araujo Dias e Juliene Paiva de Ara\u00fajo Osias<\/td><\/tr><tr><td>2022<\/td><td>Ensino (remoto\/h\u00edbrido) de l\u00edngua Inglesa em tempos de pandemia<\/td><td>Sandra Maria Araujo Dias e Juliene Paiva de Ara\u00fajo Osias<\/td><\/tr><tr><td>2021<\/td><td>Monitoria de Componentes de L\u00edngua Inglesa<\/td><td>Sandra Maria Araujo Dias e Juliene Paiva de Ara\u00fajo Osias<\/td><\/tr><tr><td>2021<\/td><td>Ensino remoto de l\u00edngua inglesa em tempos de pandemia<\/td><td>Sandra Maria Araujo Dias e Juliene Paiva de Ara\u00fajo Osias<\/td><\/tr><\/tbody><\/table><\/figure>\n","protected":false},"excerpt":{"rendered":"<p>Os projetos de ensino do curso s\u00e3o vinculados a editais institucionais ou aprovados em Departamento. Os projetos de monitoria visam contribuir para o desenvolvimento acad\u00eamico e profissional de estudantes de gradua\u00e7\u00e3o. Os discentes do curso de Letras Ingl\u00eas EAD do CCAE t\u00eam participado de projetos de Monitoria, submetidos aos editais institucionais, de forma a contribuir [&hellip;]<\/p>\n","protected":false},"author":110,"featured_media":0,"parent":750,"menu_order":0,"comment_status":"closed","ping_status":"closed","template":"","meta":{"footnotes":""},"class_list":["post-781","page","type-page","status-publish","hentry"],"_links":{"self":[{"href":"https:\/\/www.ccae.ufpb.br\/clliead\/wp-json\/wp\/v2\/pages\/781","targetHints":{"allow":["GET"]}}],"collection":[{"href":"https:\/\/www.ccae.ufpb.br\/clliead\/wp-json\/wp\/v2\/pages"}],"about":[{"href":"https:\/\/www.ccae.ufpb.br\/clliead\/wp-json\/wp\/v2\/types\/page"}],"author":[{"embeddable":true,"href":"https:\/\/www.ccae.ufpb.br\/clliead\/wp-json\/wp\/v2\/users\/110"}],"replies":[{"embeddable":true,"href":"https:\/\/www.ccae.ufpb.br\/clliead\/wp-json\/wp\/v2\/comments?post=781"}],"version-history":[{"count":2,"href":"https:\/\/www.ccae.ufpb.br\/clliead\/wp-json\/wp\/v2\/pages\/781\/revisions"}],"predecessor-version":[{"id":784,"href":"https:\/\/www.ccae.ufpb.br\/clliead\/wp-json\/wp\/v2\/pages\/781\/revisions\/784"}],"up":[{"embeddable":true,"href":"https:\/\/www.ccae.ufpb.br\/clliead\/wp-json\/wp\/v2\/pages\/750"}],"wp:attachment":[{"href":"https:\/\/www.ccae.ufpb.br\/clliead\/wp-json\/wp\/v2\/media?parent=781"}],"curies":[{"name":"wp","href":"https:\/\/api.w.org\/{rel}","templated":true}]}}