{"id":843,"date":"2025-04-22T14:26:50","date_gmt":"2025-04-22T17:26:50","guid":{"rendered":"https:\/\/www.ccae.ufpb.br\/clliead2\/?page_id=843"},"modified":"2026-01-27T15:04:34","modified_gmt":"2026-01-27T18:04:34","slug":"oferta-de-disciplinas","status":"publish","type":"page","link":"https:\/\/www.ccae.ufpb.br\/clliead\/ensino\/oferta-de-disciplinas\/","title":{"rendered":"Oferta de Disciplinas"},"content":{"rendered":"\n<ul class=\"wp-block-list\">\n<li><a href=\"http:\/\/www.ccae.ufpb.br\/clliead2\/wp-content\/uploads\/sites\/170\/sites\/174\/2025\/05\/oferta_de_turmas_-_Departamento_de_Educacao.pdf\">DEPARTAMENTO DE EDUCA\u00c7\u00c3O 2025.1<\/a><\/li>\n\n\n\n<li><a href=\"http:\/\/www.ccae.ufpb.br\/clliead2\/wp-content\/uploads\/sites\/170\/sites\/174\/2025\/05\/Oferta-de-turmas-Departamento-de-Letras.pdf\">DEPARTAMENTO DE LETRAS 2025.1<\/a><\/li>\n\n\n\n<li><a href=\"http:\/\/www.ccae.ufpb.br\/clliead\/wp-content\/uploads\/sites\/170\/sites\/174\/2026\/01\/oferta_de_turmas_-_Departamento_de_Educacao-2025.2.pdf\">DEPARTAMENTO DE EDUCA\u00c7\u00c3O 2025.2<\/a><\/li>\n\n\n\n<li><a href=\"http:\/\/www.ccae.ufpb.br\/clliead\/wp-content\/uploads\/sites\/170\/sites\/174\/2026\/01\/Oferta-de-turmas-Departamento-de-Letras-2025.2.pdf\">DEPARTAMENTO DE LETRAS 2025.2<\/a><\/li>\n\n\n\n<li><a href=\"http:\/\/www.ccae.ufpb.br\/clliead\/wp-content\/uploads\/sites\/170\/sites\/174\/2026\/01\/OFERTA-2025.4-DE-TURMA-DE-FERIAS-JANEIRO-DE-2026.pdf\">DEPARTAMENTO DE EDUCA\u00c7\u00c3O 2025.4 (TURMAS DE F\u00c9RIAS)<\/a><\/li>\n\n\n\n<li><a href=\"http:\/\/www.ccae.ufpb.br\/clliead\/wp-content\/uploads\/sites\/170\/sites\/174\/2026\/01\/OFERTA-2025.4-DL-TURMA-DE-FERIAS-JANEIRO-DE-2026.pdf\">DEPARTAMENTO DE LETRAS 2025.4 (TURMAS DE F\u00c9RIAS)<\/a><\/li>\n<\/ul>\n\n\n\n<p><\/p>\n","protected":false},"excerpt":{"rendered":"","protected":false},"author":110,"featured_media":0,"parent":750,"menu_order":0,"comment_status":"closed","ping_status":"closed","template":"","meta":{"footnotes":""},"class_list":["post-843","page","type-page","status-publish","hentry"],"_links":{"self":[{"href":"https:\/\/www.ccae.ufpb.br\/clliead\/wp-json\/wp\/v2\/pages\/843","targetHints":{"allow":["GET"]}}],"collection":[{"href":"https:\/\/www.ccae.ufpb.br\/clliead\/wp-json\/wp\/v2\/pages"}],"about":[{"href":"https:\/\/www.ccae.ufpb.br\/clliead\/wp-json\/wp\/v2\/types\/page"}],"author":[{"embeddable":true,"href":"https:\/\/www.ccae.ufpb.br\/clliead\/wp-json\/wp\/v2\/users\/110"}],"replies":[{"embeddable":true,"href":"https:\/\/www.ccae.ufpb.br\/clliead\/wp-json\/wp\/v2\/comments?post=843"}],"version-history":[{"count":10,"href":"https:\/\/www.ccae.ufpb.br\/clliead\/wp-json\/wp\/v2\/pages\/843\/revisions"}],"predecessor-version":[{"id":1458,"href":"https:\/\/www.ccae.ufpb.br\/clliead\/wp-json\/wp\/v2\/pages\/843\/revisions\/1458"}],"up":[{"embeddable":true,"href":"https:\/\/www.ccae.ufpb.br\/clliead\/wp-json\/wp\/v2\/pages\/750"}],"wp:attachment":[{"href":"https:\/\/www.ccae.ufpb.br\/clliead\/wp-json\/wp\/v2\/media?parent=843"}],"curies":[{"name":"wp","href":"https:\/\/api.w.org\/{rel}","templated":true}]}}