{"id":21,"date":"2024-10-28T19:32:14","date_gmt":"2024-10-28T22:32:14","guid":{"rendered":"https:\/\/www.ccae.ufpb.br\/dcsa2\/?page_id=21"},"modified":"2024-11-21T12:11:35","modified_gmt":"2024-11-21T15:11:35","slug":"transparencia","status":"publish","type":"page","link":"https:\/\/www.ccae.ufpb.br\/dcsa2\/gestao\/transparencia\/","title":{"rendered":"Transpar\u00eancia"},"content":{"rendered":"\n<p class=\"has-text-align-center has-medium-font-size\"><strong><a href=\"https:\/\/calendar.google.com\/calendar\/u\/0\/embed?src=dcsa.ccae.ufpb@gmail.com&amp;ctz=America\/Fortaleza\">Agenda do DCSA<\/a><\/strong><\/p>\n\n\n\n<iframe\nsrc=\"https:\/\/calendar.google.com\/calendar\/embed?src=dcsa.ccae.ufpb%40gmail.com&#038;ctz=America%2FFortaleza\"\nstyle=\"border: 0\" width=\"800\" height=\"600\" frameborder=\"0\" scrolling=\"no\"><\/iframe>\n\n\n\n<p class=\"has-text-align-center has-medium-font-size\"><strong>Or\u00e7amento<\/strong><\/p>\n\n\n\n<h2 class=\"wp-block-heading has-text-align-center\"><div class=\"linha-header\"><strong>Para acessar a planilha Or\u00e7ament\u00e1ria do DCSA em tempo real&nbsp;<a href=\"https:\/\/www.ufpb.br\/dcsa\/contents\/paginas\/orcamento-do-dcsa\">clique aqui!<\/a><\/strong><\/div><\/h2>\n\n\n\n<p><strong>A Planilha Or\u00e7ament\u00e1ria do DCSA &#8211; CCAE foi elaborada pela Empresa J\u00fanior do Curso de Administra\u00e7\u00e3o, Renovale, em Outubro de 2023, sob a supervis\u00e3o do prof. Leandro Wickboldt<\/strong><\/p>\n\n\n\n<p><strong><a href=\"https:\/\/www.ufpb.br\/dcsa\/contents\/documentos\/0.PLANILHARESUMOoramentoDCSA2024.pdf\" target=\"_blank\" rel=\"noreferrer noopener\">Planilha Or\u00e7ament\u00e1ria 2024<\/a>&nbsp;em pdf<\/strong><\/p>\n\n\n\n<p><strong><a href=\"https:\/\/www.ufpb.br\/dcsa\/contents\/documentos\/2023PLANILHAORAMENTRIADCSA_final.pdf\">Planilha Or\u00e7ament\u00e1ria 2023<\/a>&nbsp;em pdf<\/strong><\/p>\n\n\n\n<p class=\"has-text-align-center has-medium-font-size\"><strong>Invent\u00e1rio<\/strong><\/p>\n\n\n\n<p><strong>Invent\u00e1rio de Bens do DCSA de 2024 &#8211; 1\u00ba Semestre (<a href=\"https:\/\/www.ufpb.br\/dcsa\/contents\/documentos\/inventrio_de_bens_do_dcsa_2023.pdf\">clique aqui!<\/a>)<\/strong><\/p>\n\n\n\n<p><strong>Invent\u00e1rio de Bens do DCSA de 2024 &#8211; 2\u00ba Semestre (<a href=\"https:\/\/www.ufpb.br\/dcsa\/contents\/documentos\/inventario_de_bens_de_2024_do_dcsa_semestre_2.pdf\">clique aqui!<\/a>)<\/strong><\/p>\n\n\n\n<p><\/p>\n\n\n\n<p class=\"has-text-align-center has-medium-font-size\"><strong>Professores Substitutos<\/strong><\/p>\n\n\n\n<p>Ol\u00e1, prezado!<\/p>\n\n\n\n<p>Nesta p\u00e1gina, voc\u00ea encontrar\u00e1 as informa\u00e7\u00f5es sobre os professores substitutos do DCSA\/CCAE.<\/p>\n\n\n\n<p>&#8211; Tabela Sint\u00e9tica das Informa\u00e7\u00f5es dos Contratos (<a href=\"https:\/\/docs.google.com\/document\/d\/102lcVGEIFkVer0xxKgCO0M2IzHE5suVEK8POlBRo7Xo\/edit?usp=sharing\" target=\"_blank\" rel=\"noreferrer noopener\">clique aqui!<\/a>).<\/p>\n\n\n\n<p>&#8211; Tabela Sint\u00e9tica das Informa\u00e7\u00f5es do Contratos &#8211; Excel (<a href=\"https:\/\/docs.google.com\/spreadsheets\/d\/1VQtrJGNkiePlXn31X1637tKzmQYZSAVpvmC8g2_NKPU\/edit?gid=0#gid=0\" target=\"_blank\" rel=\"noreferrer noopener\">clique aqui!<\/a>).<\/p>\n\n\n\n<p class=\"has-text-align-center has-medium-font-size\"><strong>Acompanhamento Processos<\/strong><\/p>\n\n\n\n<p><strong>Para acessar a planilha de acompanhamento dos processos que necessitaram de relatoria,&nbsp;<a href=\"https:\/\/docs.google.com\/spreadsheets\/d\/11iCuPdny1gxAiGzOS8HN6bJVh2kBIME8ZROO8IC9axo\/edit?usp=share_link\" target=\"_blank\" rel=\"noreferrer noopener\">clique aqui<\/a>.&nbsp;<\/strong><\/p>\n\n\n\n<p>Essa planilha foi criada em nov\/2022 para apresentar uma vis\u00e3o hol\u00edstica dos professores que foram designados para emitir parecer. Com isso, conseguimos abranger todos os professores sem sobrecarregar ou repeti-los com frequ\u00eancia. Dentro do poss\u00edvel, temos equilibrado as relatorias dos processos para que, sobretudo, todos adquiram experi\u00eancia e aprendizado.<\/p>\n\n\n\n<p class=\"has-text-align-center has-medium-font-size\"><strong>Relat\u00f3rio de Gest\u00e3o<\/strong><\/p>\n\n\n\n<div class=\"wp-block-file\"><a id=\"wp-block-file--media-537e8586-ed72-4950-a679-86ebe5379510\" href=\"https:\/\/www.ccae.ufpb.br\/dcsa2\/wp-content\/uploads\/sites\/170\/sites\/225\/2024\/10\/relatrio_de_gesto_do_dcsa_2019-2021.pdf\">Relat\u00f3rio de Gest\u00e3o (2019-2021)<br><\/a><a href=\"https:\/\/www.ccae.ufpb.br\/dcsa2\/wp-content\/uploads\/sites\/170\/sites\/225\/2024\/10\/relatrio_de_gesto_do_dcsa_2019-2021.pdf\" class=\"wp-block-file__button wp-element-button\" download aria-describedby=\"wp-block-file--media-537e8586-ed72-4950-a679-86ebe5379510\">Baixar<\/a><\/div>\n\n\n\n<p class=\"has-text-align-center has-medium-font-size\"><strong>Regimento do DCSA<\/strong><\/p>\n\n\n\n<div class=\"wp-block-file\"><a id=\"wp-block-file--media-64b514ad-b606-4635-b62c-8dc69a90125d\" href=\"https:\/\/www.ccae.ufpb.br\/dcsa2\/wp-content\/uploads\/sites\/170\/sites\/225\/2024\/10\/regimento-interno-do-dcsa.pdf\"><strong>Regimento Interno<\/strong><\/a><a href=\"https:\/\/www.ccae.ufpb.br\/dcsa2\/wp-content\/uploads\/sites\/170\/sites\/225\/2024\/10\/regimento-interno-do-dcsa.pdf\" class=\"wp-block-file__button wp-element-button\" download aria-describedby=\"wp-block-file--media-64b514ad-b606-4635-b62c-8dc69a90125d\">Baixar<\/a><\/div>\n\n\n\n<p><\/p>\n","protected":false},"excerpt":{"rendered":"<p>Agenda do DCSA Or\u00e7amento Para acessar a planilha Or\u00e7ament\u00e1ria do DCSA em tempo real&nbsp;clique aqui! [&hellip;]<\/p>\n","protected":false},"author":47,"featured_media":0,"parent":85,"menu_order":0,"comment_status":"closed","ping_status":"closed","template":"","meta":{"footnotes":""},"class_list":["post-21","page","type-page","status-publish","hentry"],"_links":{"self":[{"href":"https:\/\/www.ccae.ufpb.br\/dcsa2\/wp-json\/wp\/v2\/pages\/21","targetHints":{"allow":["GET"]}}],"collection":[{"href":"https:\/\/www.ccae.ufpb.br\/dcsa2\/wp-json\/wp\/v2\/pages"}],"about":[{"href":"https:\/\/www.ccae.ufpb.br\/dcsa2\/wp-json\/wp\/v2\/types\/page"}],"author":[{"embeddable":true,"href":"https:\/\/www.ccae.ufpb.br\/dcsa2\/wp-json\/wp\/v2\/users\/47"}],"replies":[{"embeddable":true,"href":"https:\/\/www.ccae.ufpb.br\/dcsa2\/wp-json\/wp\/v2\/comments?post=21"}],"version-history":[{"count":17,"href":"https:\/\/www.ccae.ufpb.br\/dcsa2\/wp-json\/wp\/v2\/pages\/21\/revisions"}],"predecessor-version":[{"id":157,"href":"https:\/\/www.ccae.ufpb.br\/dcsa2\/wp-json\/wp\/v2\/pages\/21\/revisions\/157"}],"up":[{"embeddable":true,"href":"https:\/\/www.ccae.ufpb.br\/dcsa2\/wp-json\/wp\/v2\/pages\/85"}],"wp:attachment":[{"href":"https:\/\/www.ccae.ufpb.br\/dcsa2\/wp-json\/wp\/v2\/media?parent=21"}],"curies":[{"name":"wp","href":"https:\/\/api.w.org\/{rel}","templated":true}]}}