{"id":40,"date":"2024-10-29T08:15:07","date_gmt":"2024-10-29T11:15:07","guid":{"rendered":"https:\/\/www.ccae.ufpb.br\/dcsa2\/?page_id=40"},"modified":"2024-10-30T09:07:20","modified_gmt":"2024-10-30T12:07:20","slug":"tutoriais-sipac","status":"publish","type":"page","link":"https:\/\/www.ccae.ufpb.br\/dcsa2\/gestao\/tutoriais-sipac\/","title":{"rendered":"Tutoriais SIPAC"},"content":{"rendered":"\n<p><strong>1) Como eu acho um processo para o qual fui designado(a)?<\/strong><\/p>\n\n\n\n<figure class=\"wp-block-embed is-type-video is-provider-youtube wp-block-embed-youtube wp-embed-aspect-4-3 wp-has-aspect-ratio\"><div class=\"wp-block-embed__wrapper\">\n<iframe loading=\"lazy\" title=\"Tutorial SIPAC - Como eu acho um processo que foi designado para mim?\" width=\"500\" height=\"375\" src=\"https:\/\/www.youtube.com\/embed\/4eH_3LxZo_M?feature=oembed\" frameborder=\"0\" allow=\"accelerometer; autoplay; clipboard-write; encrypted-media; gyroscope; picture-in-picture; web-share\" referrerpolicy=\"strict-origin-when-cross-origin\" allowfullscreen><\/iframe>\n<\/div><\/figure>\n\n\n\n<p><strong>2) Cria\u00e7\u00e3o de Processos:<\/strong><\/p>\n\n\n\n<p class=\" \">a)&nbsp;parte 01:&nbsp;<a href=\"https:\/\/www.youtube.com\/watch?v=hBd4S4-Eu0E\" target=\"_blank\" rel=\"noreferrer noopener\">https:\/\/www.youtube.com\/watch?v=hBd4S4-Eu0E<\/a>;<\/p>\n\n\n\n<p class=\" \">b)&nbsp;parte 02:&nbsp;<a href=\"https:\/\/www.youtube.com\/watch?v=a_4F6I9P2XI\" target=\"_blank\" rel=\"noreferrer noopener\">https:\/\/www.youtube.com\/watch?v=a_4F6I9P2XI<\/a>;<\/p>\n\n\n\n<p><strong>3) Assinatura de Documentos:<\/strong><\/p>\n\n\n\n<figure class=\"wp-block-embed is-type-video is-provider-youtube wp-block-embed-youtube wp-embed-aspect-16-9 wp-has-aspect-ratio\"><div class=\"wp-block-embed__wrapper\">\n<iframe loading=\"lazy\" title=\"Assinatura de Documentos no Sipac\" width=\"500\" height=\"281\" src=\"https:\/\/www.youtube.com\/embed\/O8MPdFb4MbE?feature=oembed\" frameborder=\"0\" allow=\"accelerometer; autoplay; clipboard-write; encrypted-media; gyroscope; picture-in-picture; web-share\" referrerpolicy=\"strict-origin-when-cross-origin\" allowfullscreen><\/iframe>\n<\/div><\/figure>\n\n\n\n<p><strong>4) Inser\u00e7\u00e3o de Documentos em Processos (tutorial geral):<\/strong><\/p>\n\n\n\n<figure class=\"wp-block-embed\"><div class=\"wp-block-embed__wrapper\">\nhttps:\/\/www.youtube.com\/watch?v=A3yQHspM8yM;\n<\/div><\/figure>\n\n\n\n<p><strong>5) Inser\u00e7\u00e3o de Documentos em Processos (ferramenta &#8220;Escrever Documentos&#8221;):<\/strong><\/p>\n\n\n\n<figure class=\"wp-block-embed\"><div class=\"wp-block-embed__wrapper\">\nhttps:\/\/www.youtube.com\/watch?v=7Ob6s_ZDobk;\n<\/div><\/figure>\n\n\n\n<p><strong>6) Inser\u00e7\u00e3o de Documentos no SIPAC Diretamente (sem criar processo):<\/strong><\/p>\n\n\n\n<figure class=\"wp-block-embed\"><div class=\"wp-block-embed__wrapper\">\nhttps:\/\/www.youtube.com\/watch?v=tknNVpfmRB4;\n<\/div><\/figure>\n\n\n\n<p><strong>7) Cria\u00e7\u00e3o de Of\u00edcios:<\/strong><\/p>\n\n\n\n<figure class=\"wp-block-embed\"><div class=\"wp-block-embed__wrapper\">\nhttps:\/\/www.youtube.com\/watch?v=vdft49-_X-Q;\n<\/div><\/figure>\n","protected":false},"excerpt":{"rendered":"<p>1) Como eu acho um processo para o qual fui designado(a)? 2) Cria\u00e7\u00e3o de Processos: [&hellip;]<\/p>\n","protected":false},"author":47,"featured_media":0,"parent":85,"menu_order":0,"comment_status":"closed","ping_status":"closed","template":"","meta":{"footnotes":""},"class_list":["post-40","page","type-page","status-publish","hentry"],"_links":{"self":[{"href":"https:\/\/www.ccae.ufpb.br\/dcsa2\/wp-json\/wp\/v2\/pages\/40","targetHints":{"allow":["GET"]}}],"collection":[{"href":"https:\/\/www.ccae.ufpb.br\/dcsa2\/wp-json\/wp\/v2\/pages"}],"about":[{"href":"https:\/\/www.ccae.ufpb.br\/dcsa2\/wp-json\/wp\/v2\/types\/page"}],"author":[{"embeddable":true,"href":"https:\/\/www.ccae.ufpb.br\/dcsa2\/wp-json\/wp\/v2\/users\/47"}],"replies":[{"embeddable":true,"href":"https:\/\/www.ccae.ufpb.br\/dcsa2\/wp-json\/wp\/v2\/comments?post=40"}],"version-history":[{"count":1,"href":"https:\/\/www.ccae.ufpb.br\/dcsa2\/wp-json\/wp\/v2\/pages\/40\/revisions"}],"predecessor-version":[{"id":41,"href":"https:\/\/www.ccae.ufpb.br\/dcsa2\/wp-json\/wp\/v2\/pages\/40\/revisions\/41"}],"up":[{"embeddable":true,"href":"https:\/\/www.ccae.ufpb.br\/dcsa2\/wp-json\/wp\/v2\/pages\/85"}],"wp:attachment":[{"href":"https:\/\/www.ccae.ufpb.br\/dcsa2\/wp-json\/wp\/v2\/media?parent=40"}],"curies":[{"name":"wp","href":"https:\/\/api.w.org\/{rel}","templated":true}]}}