{"id":46,"date":"2024-10-30T08:39:02","date_gmt":"2024-10-30T11:39:02","guid":{"rendered":"https:\/\/www.ccae.ufpb.br\/dcsa2\/?page_id=46"},"modified":"2024-10-30T09:20:04","modified_gmt":"2024-10-30T12:20:04","slug":"corpo-docente","status":"publish","type":"page","link":"https:\/\/www.ccae.ufpb.br\/dcsa2\/ensino\/corpo-docente\/","title":{"rendered":"Corpo docente"},"content":{"rendered":"\n<p><strong>ADMINISTRA\u00c7\u00c3O<\/strong><\/p>\n\n\n\n<p><strong>Prof.\u00aa Ana Maria Magalh\u00e3es Correia<\/strong><\/p>\n\n\n\n<p>Curr\u00edculo Lattes:&nbsp;<a href=\"http:\/\/lattes.cnpq.br\/8129302216027537\" target=\"_blank\" rel=\"noreferrer noopener\">http:\/\/lattes.cnpq.br\/8129302216027537<\/a>.<\/p>\n\n\n\n<p>E-mail:&nbsp;aninhamagalhaes25@gmail.com; anamagalhaes@ccae.ufpb.br.<\/p>\n\n\n\n<p><strong>Prof.\u00aa Eliane Martins de Paiva<\/strong><\/p>\n\n\n\n<p>Curr\u00edculo Lattes:&nbsp;<a href=\"http:\/\/lattes.cnpq.br\/6770372409853575\" target=\"_blank\" rel=\"noreferrer noopener\">http:\/\/lattes.cnpq.br\/6770372409853575<\/a>.<\/p>\n\n\n\n<p>E-mail: elianempaiva@ccae.ufpb.br.<\/p>\n\n\n\n<p><strong>Prof. J\u00falio Afonso S\u00e1 de Pinho Neto<\/strong><\/p>\n\n\n\n<p>Curr\u00edculo Lattes:&nbsp;<a href=\"http:\/\/lattes.cnpq.br\/9024978229643441\" target=\"_blank\" rel=\"noreferrer noopener\">http:\/\/lattes.cnpq.br\/9024978229643441<\/a>.<\/p>\n\n\n\n<p>E-mail:&nbsp;sadepinho13@gmail.com;&nbsp;julio.pinho@academico.ufpb.br.<\/p>\n\n\n\n<p><strong>Prof. Leandro Ara\u00fajo Wickboldt<\/strong><\/p>\n\n\n\n<p>Curr\u00edculo Lattes:&nbsp;<a href=\"http:\/\/lattes.cnpq.br\/4868961872096086\" target=\"_blank\" rel=\"noreferrer noopener\">http:\/\/lattes.cnpq.br\/4868961872096086<\/a>.<\/p>\n\n\n\n<p>E-mail:&nbsp;leandrowickboldt@hotmail.com.<\/p>\n\n\n\n<p><strong>Prof.\u00aa M\u00e1rcia Maria de Medeiros Travassos Saeger<\/strong><\/p>\n\n\n\n<p>Curr\u00edculo Lattes:&nbsp;<a href=\"http:\/\/lattes.cnpq.br\/8573980668187046\" target=\"_blank\" rel=\"noreferrer noopener\">http:\/\/lattes.cnpq.br\/8573980668187046<\/a>.<\/p>\n\n\n\n<p>E-mail:&nbsp;marciatsaeger@yahoo.com.br.<\/p>\n\n\n\n<p><strong>Prof.\u00aa Maria Angeluce Soares Per\u00f4nico Barbotin<\/strong><\/p>\n\n\n\n<p>Curr\u00edculo Lattes:&nbsp;<a href=\"http:\/\/lattes.cnpq.br\/7390128159622863\" target=\"_blank\" rel=\"noreferrer noopener\">http:\/\/lattes.cnpq.br\/7390128159622863<\/a>.<\/p>\n\n\n\n<p>E-mail:&nbsp;angeluce@ccae.ufpb.br.<\/p>\n\n\n\n<p><strong>Prof.\u00aa N\u00edvea Marcela Marques Nascimento de Mac\u00eado<\/strong><\/p>\n\n\n\n<p>Curr\u00edculo Lattes:&nbsp;<a href=\"http:\/\/lattes.cnpq.br\/9122694058796066\" target=\"_blank\" rel=\"noreferrer noopener\">http:\/\/lattes.cnpq.br\/9122694058796066<\/a>.<\/p>\n\n\n\n<p>E-mail:&nbsp;niveamarcelam@gmail.com; niveamarcela@ig.com.br.<\/p>\n\n\n\n<p><strong>Prof.\u00aa Rosiele Fernandes Pinto (Vice Coordenadora do Curso de Administra\u00e7\u00e3o)<\/strong><\/p>\n\n\n\n<p>Curr\u00edculo Lattes:&nbsp;<a href=\"http:\/\/lattes.cnpq.br\/7693928353498226\" target=\"_blank\" rel=\"noreferrer noopener\">http:\/\/lattes.cnpq.br\/7693928353498226<\/a>.<\/p>\n\n\n\n<p>E-mail:&nbsp;rosielepb@yahoo.com.br; rosiele@ccae.ufpb.br.<\/p>\n\n\n\n<p><strong>Prof. Saulo Emmanuel Vieira Maciel&nbsp;(Coordenador do Curso de Administra\u00e7\u00e3o)<\/strong><\/p>\n\n\n\n<p>Curr\u00edculo Lattes:&nbsp;<a href=\"http:\/\/lattes.cnpq.br\/3309531722447730\" target=\"_blank\" rel=\"noreferrer noopener\">http:\/\/lattes.cnpq.br\/3309531722447730<\/a>.<\/p>\n\n\n\n<p>E-mail:&nbsp;profsaulomac@gmail.com; saulo@ccae.ufpb.br.<\/p>\n\n\n\n<p><strong>Prof. Thales Batista de Lima<\/strong><\/p>\n\n\n\n<p>Curr\u00edculo Lattes:&nbsp;<a href=\"http:\/\/lattes.cnpq.br\/9253932494751942\" target=\"_blank\" rel=\"noreferrer noopener\">http:\/\/lattes.cnpq.br\/9253932494751942<\/a>.<\/p>\n\n\n\n<p>E-mail:&nbsp;thalesufpb@gmail.com.<\/p>\n\n\n\n<p><strong>Prof.\u00aa&nbsp;Laura Maria Aguiar Costa<\/strong><\/p>\n\n\n\n<p>Curr\u00edculo Lattes:&nbsp;<a href=\"http:\/\/lattes.cnpq.br\/8428274442746552\" target=\"_blank\" rel=\"noreferrer noopener\">http:\/\/lattes.cnpq.br\/8428274442746552<\/a>.<\/p>\n\n\n\n<p>E-mail:&nbsp;lauraaguiar27@gmail.com.<\/p>\n\n\n\n<p><strong>CI\u00caNCIAS CONT\u00c1BEIS<\/strong><\/p>\n\n\n\n<p><strong>Prof. Augusto C\u00e9zar da Cunha e Silva Filho&nbsp;<\/strong><\/p>\n\n\n\n<p>Curr\u00edculo Lattes:&nbsp;<a href=\"http:\/\/lattes.cnpq.br\/1674341274374869\" target=\"_blank\" rel=\"noreferrer noopener\">http:\/\/lattes.cnpq.br\/1674341274374869<\/a>.<\/p>\n\n\n\n<p>E-mail: augusto.cezar@ccae.ufpb.br;&nbsp;augustocsfilho@gmail.com.<\/p>\n\n\n\n<p><strong>Prof.\u00aa Daniela C\u00edntia de Carvalho Leite Menezes<\/strong><\/p>\n\n\n\n<p>Curr\u00edculo Lattes:&nbsp;&nbsp;<a href=\"http:\/\/lattes.cnpq.br\/9135218125345359\" target=\"_blank\" rel=\"noreferrer noopener\">http:\/\/lattes.cnpq.br\/9135218125345359<\/a>.<\/p>\n\n\n\n<p>E-mail:&nbsp;danielaccleite@bol.com.br; danielaccleite0808@gmail.com.<\/p>\n\n\n\n<p><strong>Prof. Dimmitre Morant Vieira Gon\u00e7alves Pereira<\/strong><\/p>\n\n\n\n<p>Curr\u00edculo Lattes:&nbsp;<a href=\"http:\/\/lattes.cnpq.br\/0839108971519782\" target=\"_blank\" rel=\"noreferrer noopener\">http:\/\/lattes.cnpq.br\/0839108971519782<\/a>.<\/p>\n\n\n\n<p>E-mail:&nbsp;dimmitre@ccae.ufpb.br \/\/ dimmitre.morant@academico.ufpb.br.<\/p>\n\n\n\n<p><strong>Prof. F\u00e1bio Jos\u00e9 Lira dos Santos<\/strong><\/p>\n\n\n\n<p>Curr\u00edculo Lattes:&nbsp;<a href=\"http:\/\/lattes.cnpq.br\/1924778255345532\" target=\"_blank\" rel=\"noreferrer noopener\">http:\/\/lattes.cnpq.br\/1924778255345532<\/a>.<\/p>\n\n\n\n<p>E-mail:&nbsp;fabioliraauditor@hotmail.com.<\/p>\n\n\n\n<p><strong>Prof.\u00aa Fernanda Marques de Almeida Holanda<\/strong><\/p>\n\n\n\n<p>Curr\u00edculo Lattes:&nbsp;<a href=\"http:\/\/lattes.cnpq.br\/7878109465968138\" target=\"_blank\" rel=\"noreferrer noopener\">http:\/\/lattes.cnpq.br\/7878109465968138<\/a>.<\/p>\n\n\n\n<p>E-mail:&nbsp;fernanda.mah@gmail.com; fernanda.marques@academico.ufpb.br.<\/p>\n\n\n\n<p><strong>Prof.\u00aa Isabelle Carlos Campos Rezende Cavalcante<\/strong><\/p>\n\n\n\n<p>Curr\u00edculo Lattes:&nbsp;<a href=\"http:\/\/lattes.cnpq.br\/3322747942295506\" target=\"_blank\" rel=\"noreferrer noopener\">http:\/\/lattes.cnpq.br\/3322747942295506<\/a>.<\/p>\n\n\n\n<p>E-mail:&nbsp;isabellemestrado@gmail.com.<\/p>\n\n\n\n<p><strong>Prof. Jo\u00e3o Marcelo Alves Macedo&nbsp;(Coordenador do Curso de Ci\u00eancias Cont\u00e1beis)<\/strong><\/p>\n\n\n\n<p>Curr\u00edculo Lattes:&nbsp;<a href=\"http:\/\/lattes.cnpq.br\/0370488498421792\" target=\"_blank\" rel=\"noreferrer noopener\">http:\/\/lattes.cnpq.br\/0370488498421792<\/a>.<\/p>\n\n\n\n<p>E-mail: joao.marcelo@academico.ufpb.br.<\/p>\n\n\n\n<p><strong>Prof. Jos\u00e9 Jassu\u00edpe da Silva Morais<\/strong><\/p>\n\n\n\n<p>Curr\u00edculo Lattes:&nbsp;<a href=\"http:\/\/lattes.cnpq.br\/2672484041042437\" target=\"_blank\" rel=\"noreferrer noopener\">http:\/\/lattes.cnpq.br\/2672484041042437<\/a>.<\/p>\n\n\n\n<p>E-mail:&nbsp;jassuipe@hotmail.com; jassuipemorais@gmail.com; jassuipe@ccae.ufpb.br.<\/p>\n\n\n\n<p><strong>Prof.\u00aa Josicarla Soares Santiago&nbsp;(Vice Coordenadora do Curso de Ci\u00eancias Cont\u00e1beis)<\/strong><\/p>\n\n\n\n<p>Curr\u00edculo Lattes:&nbsp;<a href=\"http:\/\/lattes.cnpq.br\/1437631384588692\" target=\"_blank\" rel=\"noreferrer noopener\">http:\/\/lattes.cnpq.br\/1437631384588692<\/a>.<\/p>\n\n\n\n<p>E-mail:&nbsp;josicarla.santiago@gmail.com.<\/p>\n\n\n\n<p><strong>Prof. Luiz Gustavo de Sena Brand\u00e3o Pessoa<\/strong><\/p>\n\n\n\n<p>Curr\u00edculo Lattes:&nbsp;<a href=\"http:\/\/lattes.cnpq.br\/3978745023294083\" target=\"_blank\" rel=\"noreferrer noopener\">http:\/\/lattes.cnpq.br\/3978745023294083<\/a>.<\/p>\n\n\n\n<p>E-mail:&nbsp;gustavobrandao@bol.com.br.<\/p>\n\n\n\n<p><strong>Prof.\u00aa Yara Magaly Albano Soares<\/strong><\/p>\n\n\n\n<p>Curr\u00edculo Lattes:&nbsp;<a href=\"http:\/\/lattes.cnpq.br\/5973597229251136\" target=\"_blank\" rel=\"noreferrer noopener\">http:\/\/lattes.cnpq.br\/5973597229251136<\/a>.<\/p>\n\n\n\n<p>E-mail:&nbsp;yaramagaly@yahoo.com.br; profayaramagaly@gmail.com; yara.magaly@academico.ufpb.br.<\/p>\n\n\n\n<p><strong>DIREITO<\/strong><\/p>\n\n\n\n<p><strong>Prof.&nbsp;Daniel C\u00e9sar Franklin Chacon<\/strong><\/p>\n\n\n\n<p>Curr\u00edculo Lattes:&nbsp;<a href=\"http:\/\/lattes.cnpq.br\/9001629844997295\" target=\"_blank\" rel=\"noreferrer noopener\">http:\/\/lattes.cnpq.br\/9001629844997295<\/a>.<\/p>\n\n\n\n<p>E-mail:&nbsp;danielchaconadv@hotmail.com;&nbsp;daniel.chacon@academico.ufpb.br.<\/p>\n\n\n\n<p><strong>Prof.\u00aa&nbsp;Eddla Karina Gomes Pereira<\/strong><\/p>\n\n\n\n<p>Curr\u00edculo Lattes:&nbsp;<a href=\"http:\/\/lattes.cnpq.br\/2523105497642655\" target=\"_blank\" rel=\"noreferrer noopener\">http:\/\/lattes.cnpq.br\/2523105497642655<\/a>.<\/p>\n\n\n\n<p>E-mail:&nbsp;eddlakgp@gmail.com.<\/p>\n\n\n\n<p><strong>Prof.\u00aa&nbsp;Laura Taddei Alves Pereira Pinto Berqu\u00f3<\/strong><\/p>\n\n\n\n<p>Curr\u00edculo Lattes:&nbsp;<a href=\"http:\/\/lattes.cnpq.br\/7911776314434164\" target=\"_blank\" rel=\"noreferrer noopener\">http:\/\/lattes.cnpq.br\/7911776314434164<\/a>.<\/p>\n\n\n\n<p>E-mail:&nbsp;laura.berquo79@gmail.com.<\/p>\n\n\n\n<p><strong>Prof.&nbsp;Luiz Marcelo Martins do Amaral Carneiro Cabral<\/strong><\/p>\n\n\n\n<p>Curr\u00edculo Lattes:&nbsp;<a href=\"http:\/\/lattes.cnpq.br\/5738049418794379\" target=\"_blank\" rel=\"noreferrer noopener\">http:\/\/lattes.cnpq.br\/5738049418794379<\/a>.<\/p>\n\n\n\n<p>E-mail:&nbsp;luizmarcelocb@hotmail.com<\/p>\n\n\n\n<p><strong>ECONOMIA<\/strong><\/p>\n\n\n\n<p><strong>Prof.\u00aa&nbsp;Ana C\u00e2ndida Ferreira Vieira<\/strong><\/p>\n\n\n\n<p>Curr\u00edculo Lattes:&nbsp;<a href=\"http:\/\/lattes.cnpq.br\/0934453500174029\" target=\"_blank\" rel=\"noreferrer noopener\">http:\/\/lattes.cnpq.br\/0934453500174029<\/a>.<\/p>\n\n\n\n<p>E-mail:&nbsp;ana.candida@academico.ufpb.br.<\/p>\n\n\n\n<p><strong>Prof.\u00aa&nbsp;Edilane do Amaral Heleno<\/strong><\/p>\n\n\n\n<p>Curr\u00edculo Lattes:&nbsp;<a href=\"http:\/\/lattes.cnpq.br\/1014087917164582\" target=\"_blank\" rel=\"noreferrer noopener\">http:\/\/lattes.cnpq.br\/1014087917164582<\/a>.<\/p>\n\n\n\n<p>E-mail:&nbsp;edilane.amaral@gmail.com;&nbsp;edilane@ccae.ufpb.br.<\/p>\n\n\n\n<p><strong>Prof.&nbsp;Manoel Heleno Gomes da Silva<\/strong><\/p>\n\n\n\n<p>Curr\u00edculo Lattes:&nbsp;<a href=\"http:\/\/lattes.cnpq.br\/7136194113608383\" target=\"_blank\" rel=\"noreferrer noopener\">http:\/\/lattes.cnpq.br\/7136194113608383<\/a>.<\/p>\n\n\n\n<p>E-mail:&nbsp;mhgsilva@yahoo.com.br; mhgsilva2013@gmail.com.<\/p>\n\n\n\n<p><strong>Prof.\u00aa&nbsp;Tabira de Souza Andrade<\/strong><\/p>\n\n\n\n<p>Curr\u00edculo Lattes:&nbsp;<a href=\"http:\/\/lattes.cnpq.br\/5897736478846996\" target=\"_blank\" rel=\"noreferrer noopener\">http:\/\/lattes.cnpq.br\/5897736478846996<\/a>.<\/p>\n\n\n\n<p>E-mail:&nbsp;tabirandrade@yahoo.com.br<\/p>\n\n\n\n<p><strong>SECRETARIADO<\/strong><\/p>\n\n\n\n<p><strong>Prof.\u00aa&nbsp;Cibelle da Silva Santiago<\/strong><\/p>\n\n\n\n<p>Curr\u00edculo Lattes:&nbsp;<a href=\"http:\/\/lattes.cnpq.br\/7309833227288459\" target=\"_blank\" rel=\"noreferrer noopener\">http:\/\/lattes.cnpq.br\/7309833227288459<\/a>.<\/p>\n\n\n\n<p>E-mail:&nbsp;santiago.cibelle@gmail.com;&nbsp;css@academico.ufpb.br.<\/p>\n\n\n\n<p><strong>Prof.\u00aa&nbsp;Francisca Janete da Silva Adelino<\/strong><\/p>\n\n\n\n<p>Curr\u00edculo Lattes:&nbsp;<a href=\"http:\/\/lattes.cnpq.br\/0701181486927905\" target=\"_blank\" rel=\"noreferrer noopener\">http:\/\/lattes.cnpq.br\/0701181486927905<\/a>.<\/p>\n\n\n\n<p>E-mail:&nbsp;janete_adelino@hotmail.com;&nbsp;francisca@ccae.ufpb.br.<\/p>\n\n\n\n<p><strong>Prof.\u00aa&nbsp;K\u00e1tia Regina Gon\u00e7alves de Deus<\/strong><\/p>\n\n\n\n<p>Curr\u00edculo Lattes:&nbsp;<a href=\"http:\/\/lattes.cnpq.br\/9404230928349935\" target=\"_blank\" rel=\"noreferrer noopener\">http:\/\/lattes.cnpq.br\/9404230928349935<\/a>.<\/p>\n\n\n\n<p>E-mail:&nbsp;katia.regina83@hotmail.com; katiargd83@gmail.com.<\/p>\n\n\n\n<p><strong>Prof.\u00aa&nbsp;Maika Bueque Zampier<\/strong><\/p>\n\n\n\n<p>Curr\u00edculo Lattes:&nbsp;<a href=\"http:\/\/lattes.cnpq.br\/0253904554788998\" target=\"_blank\" rel=\"noreferrer noopener\">http:\/\/lattes.cnpq.br\/0253904554788998<\/a>.<\/p>\n\n\n\n<p>E-mail: zampier.ufpb@gmail.com (dispon\u00edvel apenas para os&nbsp;<strong>estudantes<\/strong>)<\/p>\n\n\n\n<p>E-mail:&nbsp;zampier@ccae.ufpb.br (dispon\u00edvel apenas para os&nbsp;<strong>contatos externos<\/strong>, para os&nbsp;<strong>professores<\/strong>&nbsp;e para a&nbsp;<strong>Administra\u00e7\u00e3o Aut\u00e1rquica<\/strong>)&nbsp;<\/p>\n\n\n\n<p><strong>Prof.\u00aa&nbsp;Maria Luzitana Concei\u00e7\u00e3o dos Santos&nbsp;(Coordenadora do Curso de Secretariado Executivo)<\/strong><\/p>\n\n\n\n<p>Curr\u00edculo Lattes:&nbsp;<a href=\"http:\/\/lattes.cnpq.br\/6436182339587889\" target=\"_blank\" rel=\"noreferrer noopener\">http:\/\/lattes.cnpq.br\/6436182339587889<\/a>.<\/p>\n\n\n\n<p>E-mail:&nbsp;luzdosol.pe@gmail.com; luzsantos@ccae.ufpb.br.<\/p>\n\n\n\n<p><strong>Substitutos<\/strong><\/p>\n\n\n\n<p><strong>Prof.\u00aa&nbsp;Ariane&nbsp;Silva Moura<\/strong>&nbsp;(Ci\u00eancias Cont\u00e1beis)<\/p>\n\n\n\n<p>Curr\u00edculo:&nbsp;<a href=\"http:\/\/lattes.cnpq.br\/2047931384800700\" target=\"_blank\" rel=\"noreferrer noopener\">http:\/\/lattes.cnpq.br\/2047931384800700<\/a>.<\/p>\n\n\n\n<p>E-mail:&nbsp;arianemouracontadora@gmail.com.<\/p>\n\n\n\n<p><strong>Prof. George Rogers Andrade Silva<\/strong>&nbsp;(Ci\u00eancias Cont\u00e1beis)<\/p>\n\n\n\n<p>Curr\u00edculo Lattes:&nbsp;<a href=\"http:\/\/lattes.cnpq.br\/6812032043375349\" target=\"_blank\" rel=\"noreferrer noopener\">http:\/\/lattes.cnpq.br\/6812032043375349<\/a>.<\/p>\n\n\n\n<p>E-mail:&nbsp;george.rogers82@yahoo.com.br.<\/p>\n\n\n\n<p><strong>Prof.\u00aa Janine Silva Nascimento Cunha<\/strong>&nbsp;(Administra\u00e7\u00e3o)<\/p>\n\n\n\n<p>Curr\u00edculo Lattes:&nbsp;<a href=\"http:\/\/lattes.cnpq.br\/9037268926826594\" target=\"_blank\" rel=\"noreferrer noopener\">http:\/\/lattes.cnpq.br\/9037268926826594<\/a>.<\/p>\n\n\n\n<p>E-mail:&nbsp;janinesnascimento@hotmail.com&nbsp;;&nbsp;janinesncunha@gmail.com ;&nbsp;janine.nascimento@academico.ufpb.br.<\/p>\n\n\n\n<p><strong>Prof. Nahuan Alaff Virgino Soares<\/strong>&nbsp;(Administra\u00e7\u00e3o)<\/p>\n\n\n\n<p>Curr\u00edculo Lattes:&nbsp;<a href=\"http:\/\/lattes.cnpq.br\/2699462937541513\" target=\"_blank\" rel=\"noreferrer noopener\">http:\/\/lattes.cnpq.br\/2699462937541513<\/a><\/p>\n\n\n\n<p>E-mail:&nbsp;nahuan.soares@gmail.com.<\/p>\n\n\n\n<p><strong>Prof.\u00aa Raquel Alves Santos<\/strong>&nbsp;(Secretariado)<\/p>\n\n\n\n<p>Curr\u00edculo Lattes:&nbsp;<a href=\"https:\/\/lattes.cnpq.br\/9917631760502530\" target=\"_blank\" rel=\"noreferrer noopener\">https:\/\/lattes.cnpq.br\/9917631760502530<\/a>.<\/p>\n\n\n\n<p>E-mail:&nbsp;raca.alves77@gmail.com.<\/p>\n\n\n\n<p><strong>Prof.\u00aa&nbsp;Raquel Ramalho Braz<\/strong>&nbsp;(Economia)<\/p>\n\n\n\n<p>Curr\u00edculo Lattes:&nbsp;<a href=\"http:\/\/lattes.cnpq.br\/5203954126702860\" target=\"_blank\" rel=\"noreferrer noopener\">http:\/\/lattes.cnpq.br\/5203954126702860<\/a><\/p>\n\n\n\n<p>E-mail:&nbsp;raquelbraz@hotmail.com.<\/p>\n\n\n\n<p><strong>Prof.\u00aa&nbsp;Sabrina Martins de Ara\u00fajo<\/strong>&nbsp;(Economia)<\/p>\n\n\n\n<p>Curr\u00edculo Lattes:&nbsp;<a href=\"http:\/\/lattes.cnpq.br\/7031648155636737\" target=\"_blank\" rel=\"noreferrer noopener\">http:\/\/lattes.cnpq.br\/7031648155636737<\/a><\/p>\n\n\n\n<p>E-mail:&nbsp;sabrinaeconomia@gmail.com.<\/p>\n","protected":false},"excerpt":{"rendered":"<p>ADMINISTRA\u00c7\u00c3O Prof.\u00aa Ana Maria Magalh\u00e3es Correia Curr\u00edculo Lattes:&nbsp;http:\/\/lattes.cnpq.br\/8129302216027537. E-mail:&nbsp;aninhamagalhaes25@gmail.com; anamagalhaes@ccae.ufpb.br. Prof.\u00aa Eliane Martins de Paiva [&hellip;]<\/p>\n","protected":false},"author":47,"featured_media":0,"parent":83,"menu_order":0,"comment_status":"closed","ping_status":"closed","template":"","meta":{"footnotes":""},"class_list":["post-46","page","type-page","status-publish","hentry"],"_links":{"self":[{"href":"https:\/\/www.ccae.ufpb.br\/dcsa2\/wp-json\/wp\/v2\/pages\/46","targetHints":{"allow":["GET"]}}],"collection":[{"href":"https:\/\/www.ccae.ufpb.br\/dcsa2\/wp-json\/wp\/v2\/pages"}],"about":[{"href":"https:\/\/www.ccae.ufpb.br\/dcsa2\/wp-json\/wp\/v2\/types\/page"}],"author":[{"embeddable":true,"href":"https:\/\/www.ccae.ufpb.br\/dcsa2\/wp-json\/wp\/v2\/users\/47"}],"replies":[{"embeddable":true,"href":"https:\/\/www.ccae.ufpb.br\/dcsa2\/wp-json\/wp\/v2\/comments?post=46"}],"version-history":[{"count":2,"href":"https:\/\/www.ccae.ufpb.br\/dcsa2\/wp-json\/wp\/v2\/pages\/46\/revisions"}],"predecessor-version":[{"id":72,"href":"https:\/\/www.ccae.ufpb.br\/dcsa2\/wp-json\/wp\/v2\/pages\/46\/revisions\/72"}],"up":[{"embeddable":true,"href":"https:\/\/www.ccae.ufpb.br\/dcsa2\/wp-json\/wp\/v2\/pages\/83"}],"wp:attachment":[{"href":"https:\/\/www.ccae.ufpb.br\/dcsa2\/wp-json\/wp\/v2\/media?parent=46"}],"curies":[{"name":"wp","href":"https:\/\/api.w.org\/{rel}","templated":true}]}}