{"id":50,"date":"2024-10-30T08:42:06","date_gmt":"2024-10-30T11:42:06","guid":{"rendered":"https:\/\/www.ccae.ufpb.br\/dcsa2\/?page_id=50"},"modified":"2024-11-11T10:11:12","modified_gmt":"2024-11-11T13:11:12","slug":"area-de-interesse-dos-professores","status":"publish","type":"page","link":"https:\/\/www.ccae.ufpb.br\/dcsa2\/ensino\/area-de-interesse-dos-professores\/","title":{"rendered":"\u00c1rea de Interesse dos Professores"},"content":{"rendered":"\n<p>Em agosto e setembro\/2023, aplicamos um question\u00e1rio com todos os docentes efetivo do DCSA, visando coletar informa\u00e7\u00f5es sobre as \u00e1reas que eles tinham interesse para participar de projetos diversos. Al\u00e9m disso, listamos a gradua\u00e7\u00e3o, mestrado e doutorado dos professores para ampliar, ainda mais, o conhecimento sobre a grande \u00e1rea de interesse deles. Dos 33 professores, tivemos um retorno de 16 respostas, as quais est\u00e3o apresentadas abaixo.<\/p>\n\n\n\n<h2 class=\"wp-block-heading has-text-align-center\"><div class=\"linha-header\"><strong><a href=\"http:\/\/plone.ufpb.br\/dcsa\/contents\/documentos\/2023REASDEINTERESSEDCSA.pdf\">\u00c1REAS DE INTERESSE DOS DOCENTES DO DCSA PARA PARTICIPA\u00c7\u00c3O EM DIVERSOS PROJETOS<\/a><\/strong><\/div><\/h2>\n\n\n\n<p><\/p>\n\n\n\n<p>A partir do conhecimento sobre a \u00e1rea e tem\u00e1tica de interesse de cada, esperamos que haja maior integra\u00e7\u00e3o e colabora\u00e7\u00e3o interdisciplinar nos projetos de ensino, pesquisa e extens\u00e3o, bem como nos editais publicados pela UFPB ou \u00f3rg\u00e3os externos.&nbsp;<\/p>\n","protected":false},"excerpt":{"rendered":"<p>Em agosto e setembro\/2023, aplicamos um question\u00e1rio com todos os docentes efetivo do DCSA, visando [&hellip;]<\/p>\n","protected":false},"author":47,"featured_media":0,"parent":83,"menu_order":0,"comment_status":"closed","ping_status":"closed","template":"","meta":{"footnotes":""},"class_list":["post-50","page","type-page","status-publish","hentry"],"_links":{"self":[{"href":"https:\/\/www.ccae.ufpb.br\/dcsa2\/wp-json\/wp\/v2\/pages\/50","targetHints":{"allow":["GET"]}}],"collection":[{"href":"https:\/\/www.ccae.ufpb.br\/dcsa2\/wp-json\/wp\/v2\/pages"}],"about":[{"href":"https:\/\/www.ccae.ufpb.br\/dcsa2\/wp-json\/wp\/v2\/types\/page"}],"author":[{"embeddable":true,"href":"https:\/\/www.ccae.ufpb.br\/dcsa2\/wp-json\/wp\/v2\/users\/47"}],"replies":[{"embeddable":true,"href":"https:\/\/www.ccae.ufpb.br\/dcsa2\/wp-json\/wp\/v2\/comments?post=50"}],"version-history":[{"count":2,"href":"https:\/\/www.ccae.ufpb.br\/dcsa2\/wp-json\/wp\/v2\/pages\/50\/revisions"}],"predecessor-version":[{"id":115,"href":"https:\/\/www.ccae.ufpb.br\/dcsa2\/wp-json\/wp\/v2\/pages\/50\/revisions\/115"}],"up":[{"embeddable":true,"href":"https:\/\/www.ccae.ufpb.br\/dcsa2\/wp-json\/wp\/v2\/pages\/83"}],"wp:attachment":[{"href":"https:\/\/www.ccae.ufpb.br\/dcsa2\/wp-json\/wp\/v2\/media?parent=50"}],"curies":[{"name":"wp","href":"https:\/\/api.w.org\/{rel}","templated":true}]}}