{"id":54,"date":"2024-10-30T08:42:53","date_gmt":"2024-10-30T11:42:53","guid":{"rendered":"https:\/\/www.ccae.ufpb.br\/dcsa2\/?page_id=54"},"modified":"2024-10-30T09:20:04","modified_gmt":"2024-10-30T12:20:04","slug":"ementas","status":"publish","type":"page","link":"https:\/\/www.ccae.ufpb.br\/dcsa2\/ensino\/ementas\/","title":{"rendered":"Ementas"},"content":{"rendered":"\n<p>Ol\u00e1, aluno! Nesta p\u00e1gina voc\u00ea poder\u00e1 encontrar os&nbsp;<strong>programas de disciplinas<\/strong>, tamb\u00e9m conhecidos como &#8220;<em><strong>ementas<\/strong><\/em>&#8220;, do seu curso. Elas ser\u00e3o utilizadas para solicitar aproveitamento\/dispensa de &#8220;cadeiras&#8221; na pr\u00f3pria UFPB ou em outras Institui\u00e7\u00f5es de Ensino Superior.<\/p>\n\n\n\n<p>O passo a passo para obt\u00ea-las \u00e9 bem simples! Veja s\u00f3 (clique aqui para acessar o tutorial em v\u00eddeo):<\/p>\n\n\n\n<p>1\u00ba) Obtenha seu&nbsp;<strong>hist\u00f3rico<\/strong>&nbsp;atualizado, acessando o SIGAA (clique para acessar o tutorial em v\u00eddeo) ou solicitando junto a sua secretaria de curso;<\/p>\n\n\n\n<p>2\u00ba) Abra o arquivo em PDF de seu hist\u00f3rico e verifique de quais disciplinas voc\u00ea precisa. Confira o&nbsp;<strong>nome<\/strong>&nbsp;da disciplina, seu&nbsp;<strong>c\u00f3digo<\/strong>&nbsp;e seu respectivo&nbsp;<strong>semestre letivo<\/strong>;<\/p>\n\n\n\n<p>3\u00ba) Navegue por meio da tabela abaixo e fa\u00e7a o&nbsp;<em>download<\/em>&nbsp;do arquivo.<\/p>\n\n\n\n<p><strong>Observa\u00e7\u00f5es Importantes<\/strong>:<\/p>\n\n\n\n<p>Caso tenha qualquer problema para achar os arquivos, procure-nos por meio do nosso e-mail institucional (dcsa@ccae.ufpb.br).<\/p>\n\n\n\n<p>Para verificar a&nbsp;<strong>autenticidade<\/strong>&nbsp;de nossos programas, basta seguir o passo a passo descrito ao final de cada documento. Dessa forma,&nbsp;<strong>n\u00e3o \u00e9 necess\u00e1rio a presen\u00e7a de carimbos ou assinaturas manuais<\/strong>, uma vez que os documentos foram&nbsp;<strong>autenticados por meio de nossos Sistemas Integrados<\/strong>.<\/p>\n\n\n\n<p>Os programas das disciplinas do&nbsp;<strong>semestre em vigor<\/strong>&nbsp;s\u00f3 poder\u00e3o ser obtidos&nbsp;<strong>diretamente junto \u00e0 secretaria<\/strong>, uma vez que, para estes, o sistema ainda n\u00e3o disponibiliza c\u00f3digo de verifica\u00e7\u00e3o de autenticidade.<\/p>\n\n\n\n<figure class=\"wp-block-table\"><table class=\"has-fixed-layout\"><tbody><tr><td colspan=\"6\"><strong>Bacharelado em Administra\u00e7\u00e3o<\/strong><\/td><\/tr><tr><td><strong><\/strong><\/td><td><\/td><td><\/td><td><\/td><td><\/td><td>2022.1<\/td><\/tr><tr><td>2021.2<\/td><td><a href=\"http:\/\/plone.ufpb.br\/dcsa\/contents\/paginas\/programas-de-disciplina-ementas-administracao-2021.1\">2021.1<\/a><\/td><td><a href=\"http:\/\/plone.ufpb.br\/dcsa\/contents\/paginas\/programas-de-disciplina-ementas-administracao-2020.2\">2020.2<\/a><\/td><td><a href=\"http:\/\/plone.ufpb.br\/dcsa\/contents\/paginas\/programas-de-disciplina-ementas-administracao-2020.1\">2020.1<\/a><\/td><td><a href=\"http:\/\/plone.ufpb.br\/dcsa\/contents\/paginas\/programas-de-disciplina-ementas-administracao-2019.2\">2019.2<\/a><\/td><td><a href=\"http:\/\/plone.ufpb.br\/dcsa\/contents\/paginas\/programas-de-disciplina-ementas-administracao-2019.1\">2019.1<\/a><\/td><\/tr><\/tbody><\/table><\/figure>\n\n\n\n<figure class=\"wp-block-table\"><table class=\"has-fixed-layout\"><tbody><tr><td colspan=\"6\"><strong>Bacharelado em Ci\u00eancias Cont\u00e1beis<\/strong><strong><\/strong><\/td><\/tr><tr><td><strong><\/strong><\/td><td><\/td><td><\/td><td><\/td><td><\/td><td>2021.2<\/td><\/tr><tr><td><a href=\"http:\/\/plone.ufpb.br\/dcsa\/contents\/paginas\/programas-de-disciplina-ementas-ciencias-contabeis-2021.1\">2021.1<\/a><\/td><td><a href=\"http:\/\/plone.ufpb.br\/dcsa\/contents\/paginas\/a\">2020.2<\/a><\/td><td><a href=\"http:\/\/plone.ufpb.br\/dcsa\/contents\/paginas\/programas-de-disciplina-ementas-ciencias-contabeis-2020.1\">2020.1<\/a><\/td><td><a href=\"http:\/\/plone.ufpb.br\/dcsa\/contents\/paginas\/programas-de-disciplina-ementas-ciencias-contabeis-2019.4\">2019.2<\/a><\/td><td><a href=\"http:\/\/plone.ufpb.br\/dcsa\/contents\/paginas\/programas-de-disciplina-ementas-ciencias-contabeis-2019.1\">2019.1<\/a><\/td><td><a href=\"http:\/\/plone.ufpb.br\/dcsa\/contents\/paginas\/programas-de-disciplina-ementas-ciencias-contabeis-2018.2\">2018.2<\/a><\/td><\/tr><tr><td><a href=\"http:\/\/plone.ufpb.br\/dcsa\/contents\/paginas\/programas-de-disciplina-ementas-ciencias-contabeis-2018.1\">2018.1<\/a><\/td><td><a href=\"http:\/\/plone.ufpb.br\/dcsa\/contents\/paginas\/programas-de-disciplina-ementas-ciencias-contabeis-2017.2\">2017.2<\/a><\/td><td><a href=\"http:\/\/plone.ufpb.br\/dcsa\/contents\/paginas\/programas-de-disciplina-ementas-ciencias-contabeis-2017.1\">2017.1<\/a><\/td><td><a href=\"http:\/\/plone.ufpb.br\/dcsa\/contents\/paginas\/programas-de-disciplina-ementas-ciencias-contabeis-2016.2\">2016.2<\/a><\/td><td>2016.1<\/td><td><a href=\"http:\/\/plone.ufpb.br\/dcsa\/contents\/paginas\/programas-de-disciplina-ementas-ciencias-contabeis-2015.2\">2015.2<\/a><\/td><\/tr><tr><td>2015.1<\/td><td>2014.2<\/td><td>2014.1<\/td><td>2013.2<\/td><td>2013.1<\/td><td>2012.2<\/td><\/tr><tr><td>2012.1<\/td><td>2011.2<\/td><td>2011.1<\/td><td>2010.2<\/td><td>2010.1<\/td><td>2009.2<\/td><\/tr><tr><td>2009.1<\/td><td>2008.2<\/td><td>2008.1<\/td><td>2007.2<\/td><td>2007.1<\/td><td>2006.2<\/td><\/tr><\/tbody><\/table><\/figure>\n\n\n\n<figure class=\"wp-block-table\"><table class=\"has-fixed-layout\"><tbody><tr><td colspan=\"6\"><strong>Bacharelado em Secretariado Executivo Bil\u00edngue<\/strong><\/td><\/tr><tr><td><strong><\/strong><\/td><td><\/td><td><\/td><td><\/td><td><\/td><td>2021.2<\/td><\/tr><tr><td><a href=\"http:\/\/plone.ufpb.br\/dcsa\/contents\/paginas\/programas-de-disciplina-ementas-secretariado-executivo-bilingue-2021.1\">2021.1<\/a><\/td><td><a href=\"http:\/\/plone.ufpb.br\/dcsa\/contents\/paginas\/programas-de-disciplina-ementas-secretariado-executivo-2020.2\">2020.2<\/a><\/td><td><a href=\"http:\/\/plone.ufpb.br\/dcsa\/contents\/paginas\/programas-de-disciplina-ementas-secretariado-executivo-2020.1\">2020.1<\/a><\/td><td>2019.4<\/td><td>2019.2<\/td><td>2019.1<\/td><\/tr><\/tbody><\/table><\/figure>\n\n\n\n<figure class=\"wp-block-table\"><table class=\"has-fixed-layout\"><tbody><tr><td colspan=\"6\"><strong>Bacharelado em Design<\/strong><\/td><\/tr><tr><td>2021.2<\/td><td><a href=\"http:\/\/plone.ufpb.br\/dcsa\/contents\/paginas\/programas-de-disciplina-ementas-design-2021.1\">2021.1<\/a><\/td><td><a href=\"http:\/\/plone.ufpb.br\/dcsa\/contents\/paginas\/programas-de-disciplina-ementas-design-2020.2\">2020.2<\/a><\/td><td><a href=\"http:\/\/plone.ufpb.br\/dcsa\/contents\/paginas\/programas-de-disciplina-ementas-design-2020.1\">2020.1<\/a><\/td><td><a href=\"http:\/\/plone.ufpb.br\/dcsa\/contents\/paginas\/programas-de-disciplina-ementas-design-2019.2\">2019.2<\/a><\/td><td><a href=\"http:\/\/plone.ufpb.br\/dcsa\/contents\/paginas\/programas-de-disciplina-ementas-design-2019.1\">2019.1<\/a><\/td><\/tr><tr><td><a href=\"http:\/\/plone.ufpb.br\/dcsa\/contents\/paginas\/programas-de-disciplina-ementas-design-2018.2\">2018.2<\/a><\/td><td><a href=\"http:\/\/plone.ufpb.br\/dcsa\/contents\/paginas\/programas-de-disciplina-ementas-design-2018.1\">2018.1<\/a><\/td><td><a href=\"http:\/\/plone.ufpb.br\/dcsa\/contents\/paginas\/programas-de-disciplina-ementas-design-2017.2\">2017.2<\/a><\/td><td><a href=\"http:\/\/plone.ufpb.br\/dcsa\/contents\/paginas\/programas-de-disciplina-ementas-design-2017.1\">2017.1<\/a><\/td><td><a href=\"http:\/\/plone.ufpb.br\/dcsa\/contents\/paginas\/programas-de-disciplina-ementas-design-2016.2\">2016.2<\/a><\/td><td><a href=\"http:\/\/plone.ufpb.br\/dcsa\/contents\/paginas\/programas-de-disciplina-ementas-design-2014.1\">2014.1<\/a><\/td><\/tr><\/tbody><\/table><\/figure>\n\n\n\n<figure class=\"wp-block-table\"><table class=\"has-fixed-layout\"><tbody><tr><td colspan=\"6\"><strong>Bacharelado em Sistemas de Informa\u00e7\u00e3o<\/strong><\/td><\/tr><tr><td>2021.1<\/td><td>2020.2<\/td><td>2020.1<\/td><td>2019.4<\/td><td>2019.2<\/td><td>2019.1<\/td><\/tr><\/tbody><\/table><\/figure>\n\n\n\n<figure class=\"wp-block-table\"><table class=\"has-fixed-layout\"><tbody><tr><td><strong>Licenciatura em Matem\u00e1tica<\/strong><\/td><td>Todos os Semestres (<a href=\"http:\/\/plone.ufpb.br\/dcsa\/contents\/paginas\/programas-de-disciplina-ementas-matematica-2021.1\">Clique Aqui!<\/a>)<\/td><\/tr><\/tbody><\/table><\/figure>\n","protected":false},"excerpt":{"rendered":"<p>Ol\u00e1, aluno! Nesta p\u00e1gina voc\u00ea poder\u00e1 encontrar os&nbsp;programas de disciplinas, tamb\u00e9m conhecidos como &#8220;ementas&#8220;, do [&hellip;]<\/p>\n","protected":false},"author":47,"featured_media":0,"parent":83,"menu_order":0,"comment_status":"closed","ping_status":"closed","template":"","meta":{"footnotes":""},"class_list":["post-54","page","type-page","status-publish","hentry"],"_links":{"self":[{"href":"https:\/\/www.ccae.ufpb.br\/dcsa2\/wp-json\/wp\/v2\/pages\/54","targetHints":{"allow":["GET"]}}],"collection":[{"href":"https:\/\/www.ccae.ufpb.br\/dcsa2\/wp-json\/wp\/v2\/pages"}],"about":[{"href":"https:\/\/www.ccae.ufpb.br\/dcsa2\/wp-json\/wp\/v2\/types\/page"}],"author":[{"embeddable":true,"href":"https:\/\/www.ccae.ufpb.br\/dcsa2\/wp-json\/wp\/v2\/users\/47"}],"replies":[{"embeddable":true,"href":"https:\/\/www.ccae.ufpb.br\/dcsa2\/wp-json\/wp\/v2\/comments?post=54"}],"version-history":[{"count":1,"href":"https:\/\/www.ccae.ufpb.br\/dcsa2\/wp-json\/wp\/v2\/pages\/54\/revisions"}],"predecessor-version":[{"id":55,"href":"https:\/\/www.ccae.ufpb.br\/dcsa2\/wp-json\/wp\/v2\/pages\/54\/revisions\/55"}],"up":[{"embeddable":true,"href":"https:\/\/www.ccae.ufpb.br\/dcsa2\/wp-json\/wp\/v2\/pages\/83"}],"wp:attachment":[{"href":"https:\/\/www.ccae.ufpb.br\/dcsa2\/wp-json\/wp\/v2\/media?parent=54"}],"curies":[{"name":"wp","href":"https:\/\/api.w.org\/{rel}","templated":true}]}}