{"id":56,"date":"2024-10-30T08:43:19","date_gmt":"2024-10-30T11:43:19","guid":{"rendered":"https:\/\/www.ccae.ufpb.br\/dcsa2\/?page_id=56"},"modified":"2024-10-30T08:59:09","modified_gmt":"2024-10-30T11:59:09","slug":"grupos-de-pesquisa","status":"publish","type":"page","link":"https:\/\/www.ccae.ufpb.br\/dcsa2\/pesquisa\/grupos-de-pesquisa\/","title":{"rendered":"Grupos de Pesquisa"},"content":{"rendered":"\n<p>Ol\u00e1, visitante!<\/p>\n\n\n\n<p>Nesta p\u00e1gina, voc\u00ea poder\u00e1 encontrar os grupos dos quais os pesquisadores de nosso departamento fazem parte. Para facilitar, os grupos foram divididos conforme a \u00e1rea de atua\u00e7\u00e3o.<\/p>\n\n\n\n<p><strong>Administra\u00e7\u00e3o<\/strong><\/p>\n\n\n\n<p>&nbsp;Para acessar os grupos de pesquisa da \u00e1rea de Administra\u00e7\u00e3o,&nbsp;<a href=\"http:\/\/plone.ufpb.br\/dcsa\/contents\/paginas\/grupos-de-pesquisa-administracao\">clique aqui<\/a>!<\/p>\n\n\n\n<p><strong>Ci\u00eancias Cont\u00e1beis<\/strong><\/p>\n\n\n\n<p>&nbsp;Para acessar os grupos de pesquisa da \u00e1rea de Ci\u00eancias Cont\u00e1beis,&nbsp;<a href=\"http:\/\/plone.ufpb.br\/dcsa\/contents\/paginas\/grupos-de-pesquisa-ciencias-contabeis\">clique aqui<\/a>!<\/p>\n\n\n\n<p><strong>Economia<\/strong><\/p>\n\n\n\n<p>&nbsp;Para acessar os grupos de pesquisa da \u00e1rea de Economia,&nbsp;<a href=\"http:\/\/plone.ufpb.br\/dcsa\/contents\/paginas\/grupos-de-pesquisa-economia\">clique aqui<\/a>!<\/p>\n\n\n\n<p><strong>Direito<\/strong><\/p>\n\n\n\n<p>&nbsp;Para acessar os grupos de pesquisa da \u00e1rea de Direito,&nbsp;<a href=\"http:\/\/plone.ufpb.br\/dcsa\/contents\/paginas\/grupos-de-pesquisa-direito\">clique aqui<\/a>!<\/p>\n\n\n\n<p><strong>Secretariado Executivo<\/strong><\/p>\n\n\n\n<p>&nbsp;Para acessar os grupos de pesquisa da \u00e1rea de Secretariado Executivo,&nbsp;<a href=\"http:\/\/plone.ufpb.br\/dcsa\/contents\/paginas\/grupos-de-pesquisa-secretariado-executivo\">clique aqui<\/a>!<\/p>\n","protected":false},"excerpt":{"rendered":"<p>Ol\u00e1, visitante! Nesta p\u00e1gina, voc\u00ea poder\u00e1 encontrar os grupos dos quais os pesquisadores de nosso [&hellip;]<\/p>\n","protected":false},"author":47,"featured_media":0,"parent":81,"menu_order":0,"comment_status":"closed","ping_status":"closed","template":"","meta":{"footnotes":""},"class_list":["post-56","page","type-page","status-publish","hentry"],"_links":{"self":[{"href":"https:\/\/www.ccae.ufpb.br\/dcsa2\/wp-json\/wp\/v2\/pages\/56","targetHints":{"allow":["GET"]}}],"collection":[{"href":"https:\/\/www.ccae.ufpb.br\/dcsa2\/wp-json\/wp\/v2\/pages"}],"about":[{"href":"https:\/\/www.ccae.ufpb.br\/dcsa2\/wp-json\/wp\/v2\/types\/page"}],"author":[{"embeddable":true,"href":"https:\/\/www.ccae.ufpb.br\/dcsa2\/wp-json\/wp\/v2\/users\/47"}],"replies":[{"embeddable":true,"href":"https:\/\/www.ccae.ufpb.br\/dcsa2\/wp-json\/wp\/v2\/comments?post=56"}],"version-history":[{"count":1,"href":"https:\/\/www.ccae.ufpb.br\/dcsa2\/wp-json\/wp\/v2\/pages\/56\/revisions"}],"predecessor-version":[{"id":57,"href":"https:\/\/www.ccae.ufpb.br\/dcsa2\/wp-json\/wp\/v2\/pages\/56\/revisions\/57"}],"up":[{"embeddable":true,"href":"https:\/\/www.ccae.ufpb.br\/dcsa2\/wp-json\/wp\/v2\/pages\/81"}],"wp:attachment":[{"href":"https:\/\/www.ccae.ufpb.br\/dcsa2\/wp-json\/wp\/v2\/media?parent=56"}],"curies":[{"name":"wp","href":"https:\/\/api.w.org\/{rel}","templated":true}]}}