{"id":66,"date":"2024-10-30T08:47:55","date_gmt":"2024-10-30T11:47:55","guid":{"rendered":"https:\/\/www.ccae.ufpb.br\/dcsa2\/?page_id=66"},"modified":"2024-10-30T09:20:04","modified_gmt":"2024-10-30T12:20:04","slug":"professores-em-ppg","status":"publish","type":"page","link":"https:\/\/www.ccae.ufpb.br\/dcsa2\/ensino\/pos-graduacao\/professores-em-ppg\/","title":{"rendered":"Professores em PPG"},"content":{"rendered":"\n<p><strong>Programa de P\u00f3s-Gradua\u00e7\u00e3o em Administra\u00e7\u00e3o da Universidade Federal Rural do Semi-\u00c1rido (UFERSA)<\/strong><\/p>\n\n\n\n<p class=\" \">Prof. Dr.\u00aa Ana Maria Magalh\u00e3es Correia<\/p>\n\n\n\n<p class=\" \">&nbsp;<\/p>\n\n\n\n<p><strong>Programa de P\u00f3s-Gradua\u00e7\u00e3o em Ci\u00eancia da Informa\u00e7\u00e3o (PPGCI\/UFPB)<\/strong><\/p>\n\n\n\n<p class=\" \">Prof. Dr. J\u00falio Afonso S\u00e1 de Pinho Neto<\/p>\n\n\n\n<p class=\" \">Prof. Dr\u00aa M\u00e1rcia Maria de Medeiros Travassos Saeger<\/p>\n\n\n\n<p class=\" \">&nbsp;<\/p>\n\n\n\n<p><strong>Programa de P\u00f3s-Gradua\u00e7\u00e3o em Ecologia e Monitoramento Ambiental (PPGEMA\/UFPB).<\/strong><\/p>\n\n\n\n<p class=\" \">Prof.\u00aa Dr\u00aa Maria Angeluce Soares Per\u00f4nico Barbotin<\/p>\n\n\n\n<p class=\" \">&nbsp;<\/p>\n\n\n\n<p><strong>Programa de P\u00f3s-Gradua\u00e7\u00e3o em Pol\u00edticas P\u00fablicas, Gest\u00e3o e Avalia\u00e7\u00e3o da Educa\u00e7\u00e3o Superior (PPGAES\/UFPB)<\/strong><\/p>\n\n\n\n<p class=\" \">Prof. Dr. Jos\u00e9 Jassuipe da Silva Morais<\/p>\n\n\n\n<p class=\" \">&nbsp;<\/p>\n\n\n\n<p><strong>Programa de P\u00f3s-Gradua\u00e7\u00e3o em Educa\u00e7\u00e3o (PPGE\/UFPB)<\/strong><\/p>\n\n\n\n<p class=\" \">Prof. Dr. Jos\u00e9 Jassuipe da Silva Morais<\/p>\n\n\n\n<p class=\" \">&nbsp;<\/p>\n\n\n\n<p><strong>Programa de P\u00f3s-Gradua\u00e7\u00e3o e Gest\u00e3o P\u00fablica e Coopera\u00e7\u00e3o Internacional (PPGPCI\/UFPB)<\/strong><\/p>\n\n\n\n<p class=\" \">Prof. Dr. Jo\u00e3o Marcelo Alves Macedo<\/p>\n\n\n\n<p class=\" \">&nbsp;<\/p>\n\n\n\n<p><strong>Programa de P\u00f3s-Gradua\u00e7\u00e3o em Administra\u00e7\u00e3o (PPGA\/ UFPB)<\/strong><\/p>\n\n\n\n<p class=\" \">Prof. Dr.&nbsp;Thales Batista de Lima<\/p>\n","protected":false},"excerpt":{"rendered":"<p>Programa de P\u00f3s-Gradua\u00e7\u00e3o em Administra\u00e7\u00e3o da Universidade Federal Rural do Semi-\u00c1rido (UFERSA) Prof. Dr.\u00aa Ana [&hellip;]<\/p>\n","protected":false},"author":47,"featured_media":0,"parent":73,"menu_order":0,"comment_status":"closed","ping_status":"closed","template":"","meta":{"footnotes":""},"class_list":["post-66","page","type-page","status-publish","hentry"],"_links":{"self":[{"href":"https:\/\/www.ccae.ufpb.br\/dcsa2\/wp-json\/wp\/v2\/pages\/66","targetHints":{"allow":["GET"]}}],"collection":[{"href":"https:\/\/www.ccae.ufpb.br\/dcsa2\/wp-json\/wp\/v2\/pages"}],"about":[{"href":"https:\/\/www.ccae.ufpb.br\/dcsa2\/wp-json\/wp\/v2\/types\/page"}],"author":[{"embeddable":true,"href":"https:\/\/www.ccae.ufpb.br\/dcsa2\/wp-json\/wp\/v2\/users\/47"}],"replies":[{"embeddable":true,"href":"https:\/\/www.ccae.ufpb.br\/dcsa2\/wp-json\/wp\/v2\/comments?post=66"}],"version-history":[{"count":1,"href":"https:\/\/www.ccae.ufpb.br\/dcsa2\/wp-json\/wp\/v2\/pages\/66\/revisions"}],"predecessor-version":[{"id":67,"href":"https:\/\/www.ccae.ufpb.br\/dcsa2\/wp-json\/wp\/v2\/pages\/66\/revisions\/67"}],"up":[{"embeddable":true,"href":"https:\/\/www.ccae.ufpb.br\/dcsa2\/wp-json\/wp\/v2\/pages\/73"}],"wp:attachment":[{"href":"https:\/\/www.ccae.ufpb.br\/dcsa2\/wp-json\/wp\/v2\/media?parent=66"}],"curies":[{"name":"wp","href":"https:\/\/api.w.org\/{rel}","templated":true}]}}