{"id":110,"date":"2026-05-06T16:23:07","date_gmt":"2026-05-06T19:23:07","guid":{"rendered":"https:\/\/www.ccae.ufpb.br\/dcx\/?page_id=110"},"modified":"2026-05-06T16:23:07","modified_gmt":"2026-05-06T19:23:07","slug":"comissoes","status":"publish","type":"page","link":"https:\/\/www.ccae.ufpb.br\/dcx\/comissoes\/","title":{"rendered":"Comiss\u00f5es"},"content":{"rendered":"\n<figure class=\"wp-block-table\"><table class=\"has-fixed-layout\"><thead><tr><th class=\"has-text-align-left\" data-align=\"left\">Comiss\u00e3o<\/th><th class=\"has-text-align-left\" data-align=\"left\">Professores<\/th><\/tr><\/thead><tbody><tr><td><strong>C\u00e2mara Departamental<\/strong><\/td><td>Adson, Fabr\u00edcio, Juliana Arag\u00e3o, Surama, T\u00e1cito, Tha\u00edse<\/td><\/tr><tr><td><strong>Comiss\u00e3o de Encargos Docentes<\/strong><\/td><td>Joelson, Roberto, Thereza e Wagner<\/td><\/tr><tr><td><strong>Comiss\u00e3o de Capacita\u00e7\u00e3o Docente<\/strong><\/td><td>Fl\u00e1via, Joelson, Laudelino<\/td><\/tr><\/tbody><\/table><\/figure>\n","protected":false},"excerpt":{"rendered":"<p>Comiss\u00e3o Professores C\u00e2mara Departamental Adson, Fabr\u00edcio, Juliana Arag\u00e3o, Surama, T\u00e1cito, Tha\u00edse Comiss\u00e3o de Encargos Docentes [&hellip;]<\/p>\n","protected":false},"author":63,"featured_media":0,"parent":0,"menu_order":0,"comment_status":"closed","ping_status":"closed","template":"","meta":{"footnotes":""},"class_list":["post-110","page","type-page","status-publish","hentry"],"_links":{"self":[{"href":"https:\/\/www.ccae.ufpb.br\/dcx\/wp-json\/wp\/v2\/pages\/110","targetHints":{"allow":["GET"]}}],"collection":[{"href":"https:\/\/www.ccae.ufpb.br\/dcx\/wp-json\/wp\/v2\/pages"}],"about":[{"href":"https:\/\/www.ccae.ufpb.br\/dcx\/wp-json\/wp\/v2\/types\/page"}],"author":[{"embeddable":true,"href":"https:\/\/www.ccae.ufpb.br\/dcx\/wp-json\/wp\/v2\/users\/63"}],"replies":[{"embeddable":true,"href":"https:\/\/www.ccae.ufpb.br\/dcx\/wp-json\/wp\/v2\/comments?post=110"}],"version-history":[{"count":1,"href":"https:\/\/www.ccae.ufpb.br\/dcx\/wp-json\/wp\/v2\/pages\/110\/revisions"}],"predecessor-version":[{"id":111,"href":"https:\/\/www.ccae.ufpb.br\/dcx\/wp-json\/wp\/v2\/pages\/110\/revisions\/111"}],"wp:attachment":[{"href":"https:\/\/www.ccae.ufpb.br\/dcx\/wp-json\/wp\/v2\/media?parent=110"}],"curies":[{"name":"wp","href":"https:\/\/api.w.org\/{rel}","templated":true}]}}