{"id":112,"date":"2026-05-06T16:25:10","date_gmt":"2026-05-06T19:25:10","guid":{"rendered":"https:\/\/www.ccae.ufpb.br\/dcx\/?page_id=112"},"modified":"2026-05-06T16:25:10","modified_gmt":"2026-05-06T19:25:10","slug":"servidores-tecnicos","status":"publish","type":"page","link":"https:\/\/www.ccae.ufpb.br\/dcx\/servidores-tecnicos\/","title":{"rendered":"Servidores T\u00e9cnicos"},"content":{"rendered":"\n<h2 class=\"wp-block-heading\"><div class=\"linha-header\">Secret\u00e1ria<\/div><\/h2>\n\n\n\n<div class=\"wp-block-columns is-layout-flex wp-container-core-columns-is-layout-9d6595d7 wp-block-columns-is-layout-flex\">\n<div class=\"wp-block-column is-layout-flow wp-block-column-is-layout-flow\" style=\"flex-basis:33.33%\"><div class=\"wp-block-image\">\n<figure class=\"aligncenter size-full\"><img loading=\"lazy\" decoding=\"async\" width=\"64\" height=\"64\" src=\"https:\/\/www.ccae.ufpb.br\/dcx\/wp-content\/uploads\/sites\/170\/sites\/293\/2026\/05\/image-5.png\" alt=\"\" class=\"wp-image-113\"\/><\/figure>\n<\/div><\/div>\n\n\n\n<div class=\"wp-block-column is-vertically-aligned-center is-layout-flow wp-block-column-is-layout-flow\" style=\"flex-basis:66.66%\">\n<p><strong>Let\u00edcia Mac\u00eado<\/strong><\/p>\n<\/div>\n<\/div>\n","protected":false},"excerpt":{"rendered":"<p>Secret\u00e1ria Let\u00edcia Mac\u00eado<\/p>\n","protected":false},"author":63,"featured_media":0,"parent":0,"menu_order":0,"comment_status":"closed","ping_status":"closed","template":"","meta":{"footnotes":""},"class_list":["post-112","page","type-page","status-publish","hentry"],"_links":{"self":[{"href":"https:\/\/www.ccae.ufpb.br\/dcx\/wp-json\/wp\/v2\/pages\/112","targetHints":{"allow":["GET"]}}],"collection":[{"href":"https:\/\/www.ccae.ufpb.br\/dcx\/wp-json\/wp\/v2\/pages"}],"about":[{"href":"https:\/\/www.ccae.ufpb.br\/dcx\/wp-json\/wp\/v2\/types\/page"}],"author":[{"embeddable":true,"href":"https:\/\/www.ccae.ufpb.br\/dcx\/wp-json\/wp\/v2\/users\/63"}],"replies":[{"embeddable":true,"href":"https:\/\/www.ccae.ufpb.br\/dcx\/wp-json\/wp\/v2\/comments?post=112"}],"version-history":[{"count":1,"href":"https:\/\/www.ccae.ufpb.br\/dcx\/wp-json\/wp\/v2\/pages\/112\/revisions"}],"predecessor-version":[{"id":114,"href":"https:\/\/www.ccae.ufpb.br\/dcx\/wp-json\/wp\/v2\/pages\/112\/revisions\/114"}],"wp:attachment":[{"href":"https:\/\/www.ccae.ufpb.br\/dcx\/wp-json\/wp\/v2\/media?parent=112"}],"curies":[{"name":"wp","href":"https:\/\/api.w.org\/{rel}","templated":true}]}}