{"id":145,"date":"2026-05-06T16:49:50","date_gmt":"2026-05-06T19:49:50","guid":{"rendered":"https:\/\/www.ccae.ufpb.br\/dcx\/?page_id=145"},"modified":"2026-05-06T16:52:03","modified_gmt":"2026-05-06T19:52:03","slug":"especializacao-em-matematica-para-o-ensino-fundamental","status":"publish","type":"page","link":"https:\/\/www.ccae.ufpb.br\/dcx\/especializacao-em-matematica-para-o-ensino-fundamental\/","title":{"rendered":"Especializa\u00e7\u00e3o em Matem\u00e1tica para o Ensino Fundamental"},"content":{"rendered":"\n<p><strong>Identifica\u00e7\u00e3o<\/strong>: Curso de Especializa\u00e7\u00e3o em Matem\u00e1tica para o Ensino Fundamental<br><strong>Modalidade<\/strong>: Especializa\u00e7\u00e3o<br><strong>Turno<\/strong>: Vespertino \u2013 ter\u00e7a e sexta, das 13:00 as 17:00 horas<br><strong>Metodologia de Ensino<\/strong>: Semipresencial (75% presencial e 25% virtual)<br><strong>Regime Acad\u00eamico<\/strong>: Cr\u00e9ditos<\/p>\n\n\n\n<p><strong>Dura\u00e7\u00e3o do Curso<\/strong>:<\/p>\n\n\n\n<ul class=\"wp-block-list\">\n<li>12 meses (09 meses para disciplinas e 03 meses para o TFC)<\/li>\n<\/ul>\n\n\n\n<p><strong>Carga Hor\u00e1ria Total<\/strong>:<\/p>\n\n\n\n<ul class=\"wp-block-list\">\n<li>360 horas<\/li>\n<\/ul>\n\n\n\n<p><strong>Coordenador(a)<\/strong>: Cristiane Fernandes de Souza\/DCE<br><strong>Vice-Coordenador(a)<\/strong>: Francisca Terezinha Oliveira Alves\/DED<br><strong>Secret\u00e1rio(a)<\/strong>: Maxwell Silva<br><strong>E-mail<\/strong>: ematef@dcx.ufpb.br<\/p>\n\n\n\n<h3 class=\"wp-block-heading\">O Curso<\/h3>\n\n\n\n<p>O curso de \u201cEspecializa\u00e7\u00e3o de Matem\u00e1tica para o Ensino Fundamental\u201d se destina a professores graduados em Pedagogia ou Matem\u00e1tica que ensinam Matem\u00e1tica do 4\u00ba ao 9\u00ba ano do Ensino Fundamental; e a graduados em Pedagogia ou Matem\u00e1tica, interessados no aprofundamento dos conhecimentos te\u00f3rico-metodol\u00f3gicos relativos aos processos de ensinar e aprender matem\u00e1tica.<\/p>\n\n\n\n<h3 class=\"wp-block-heading\">Objetivos do curso<\/h3>\n\n\n\n<p>Esta especializa\u00e7\u00e3o surge a partir das necessidades oriundas dos professores do Ensino Fundamental, na trajet\u00f3ria de uma forma\u00e7\u00e3o continuada, no tocante aos conhecimentos da \u00e1rea de Educa\u00e7\u00e3o Matem\u00e1tica. Tais necessidades j\u00e1 v\u00eam sendo discutidas ou levantadas por professores que participam do Grupo de Estudos e Pesquisas em Educa\u00e7\u00e3o Matem\u00e1tica \u2013 GEPEM\/Campus IV e pelos alunos dos cursos de Licenciatura em Pedagogia e Matem\u00e1tica desta institui\u00e7\u00e3o, bem como nos momentos de desenvolvimento dos Projetos PROLICEN desses cursos, realizados desde o ano de 2009. Outro ponto a destacar \u00e9 relativo \u00e0 import\u00e2ncia de uma Especializa\u00e7\u00e3o como uma possibilidade de melhoria na carreira docente, ao oportunizar acesso a conhecimentos, a pesquisas, a metodologias e discuss\u00f5es empreendidas no ensino, aprendizagem e avalia\u00e7\u00e3o em Matem\u00e1tica.<\/p>\n\n\n\n<h3 class=\"wp-block-heading\">Tecnologia<\/h3>\n\n\n\n<p>O curso de Especializa\u00e7\u00e3o em Ensino de Matem\u00e1tica se desenvolver\u00e1 fazendo uso do ambiente virtual de aprendizagem Moodle \u2013 Modular Object-Oriented Dynamic Learning Environment. O Moodle \u00e9 uma plataforma de aprendizagem a dist\u00e2ncia baseada em software livre. Ele \u00e9 utilizado amplamente pela Universidade Aberta do Brasil em cursos de gradua\u00e7\u00e3o e p\u00f3s-gradua\u00e7\u00e3o a dist\u00e2ncia. Na Universidade Federal da Para\u00edba o Moodle tamb\u00e9m \u00e9 utilizado como um sistema de gest\u00e3o de ensino e aprendizagem por professores que lecionam em cursos presenciais. Nesses casos, a plataforma tem como objetivo ajudar os professores na elabora\u00e7\u00e3o de atividades online ou suporte online nas disciplinas presenciais, utilizando os seus mais diversos recursos. Para o referido curso de Especializa\u00e7\u00e3o, ser\u00e3o utilizados os seguintes recursos do Moodle: f\u00f3rum de debates, wiki, atividade on-line, envio de arquivo \u00fanico, question\u00e1rios, entre outros que est\u00e3o dispon\u00edveis para o professor-formador. Outro recurso utilizado ser\u00e1 a \u201cbiblioteca\u201d, local no qual o professor-formador poder\u00e1 disponibilizar textos complementares para os cursistas da Especializa\u00e7\u00e3o. Estes recursos j\u00e1 s\u00e3o utilizados pelos professores-formadores que integram o corpo docente da Especializa\u00e7\u00e3o.<\/p>\n\n\n\n<h3 class=\"wp-block-heading\">Informa\u00e7\u00f5es Importantes<\/h3>\n\n\n\n<p>Neste espa\u00e7o voc\u00ea encontrar\u00e1 informa\u00e7\u00f5es importantes sobre o curso e informa\u00e7\u00f5es de interesse do aluno. Al\u00e9m disso, ser\u00e3o colocados aqui documentos para download.<\/p>\n\n\n\n<p><\/p>\n","protected":false},"excerpt":{"rendered":"<p>Identifica\u00e7\u00e3o: Curso de Especializa\u00e7\u00e3o em Matem\u00e1tica para o Ensino FundamentalModalidade: Especializa\u00e7\u00e3oTurno: Vespertino \u2013 ter\u00e7a e [&hellip;]<\/p>\n","protected":false},"author":63,"featured_media":0,"parent":0,"menu_order":0,"comment_status":"closed","ping_status":"closed","template":"","meta":{"footnotes":""},"class_list":["post-145","page","type-page","status-publish","hentry"],"_links":{"self":[{"href":"https:\/\/www.ccae.ufpb.br\/dcx\/wp-json\/wp\/v2\/pages\/145","targetHints":{"allow":["GET"]}}],"collection":[{"href":"https:\/\/www.ccae.ufpb.br\/dcx\/wp-json\/wp\/v2\/pages"}],"about":[{"href":"https:\/\/www.ccae.ufpb.br\/dcx\/wp-json\/wp\/v2\/types\/page"}],"author":[{"embeddable":true,"href":"https:\/\/www.ccae.ufpb.br\/dcx\/wp-json\/wp\/v2\/users\/63"}],"replies":[{"embeddable":true,"href":"https:\/\/www.ccae.ufpb.br\/dcx\/wp-json\/wp\/v2\/comments?post=145"}],"version-history":[{"count":2,"href":"https:\/\/www.ccae.ufpb.br\/dcx\/wp-json\/wp\/v2\/pages\/145\/revisions"}],"predecessor-version":[{"id":148,"href":"https:\/\/www.ccae.ufpb.br\/dcx\/wp-json\/wp\/v2\/pages\/145\/revisions\/148"}],"wp:attachment":[{"href":"https:\/\/www.ccae.ufpb.br\/dcx\/wp-json\/wp\/v2\/media?parent=145"}],"curies":[{"name":"wp","href":"https:\/\/api.w.org\/{rel}","templated":true}]}}