{"id":22,"date":"2025-05-15T19:56:14","date_gmt":"2025-05-15T22:56:14","guid":{"rendered":"https:\/\/www.ccae.ufpb.br\/dcx\/?page_id=22"},"modified":"2026-05-06T16:55:33","modified_gmt":"2026-05-06T19:55:33","slug":"contatos","status":"publish","type":"page","link":"https:\/\/www.ccae.ufpb.br\/dcx\/contatos\/","title":{"rendered":"Contatos"},"content":{"rendered":"\n<p><strong>Chefe:<\/strong>&nbsp;Rodrigo Rebou\u00e7as de Almeida (rodrigor@dcx.ufpb.br)<\/p>\n\n\n\n<p><strong>Subchefe:<\/strong>&nbsp;Carlos Alberto (cviniro@dcx.ufpb.br)<\/p>\n\n\n\n<p><strong>E-mail para contato:<\/strong>&nbsp;chefia@dcx.ufpb.br<\/p>\n\n\n\n<p><strong>Instagram:<\/strong>&nbsp;<a href=\"https:\/\/www.instagram.com\/dcxufpb\/\" target=\"_blank\" rel=\"noreferrer noopener\">@dcxufpb<\/a><\/p>\n\n\n\n<p><strong>Endere\u00e7o para correspond\u00eancia:<\/strong><\/p>\n\n\n\n<pre class=\"wp-block-preformatted\">Universidade Federal da Para\u00edba<br>Centro de Ci\u00eancias Aplicadas e Educa\u00e7\u00e3o - CCAE - Campus IV.<br>Departamento de Ci\u00eancias Exatas<br>Av. Santa Elizabeth, S\/N, Centro<br>CEP 58297-000 - Rio Tinto - PB - Brasil<br>Telefone: +55 (83) 3049-4306<\/pre>\n\n\n\n<p><\/p>\n","protected":false},"excerpt":{"rendered":"<p>Chefe:&nbsp;Rodrigo Rebou\u00e7as de Almeida (rodrigor@dcx.ufpb.br) Subchefe:&nbsp;Carlos Alberto (cviniro@dcx.ufpb.br) E-mail para contato:&nbsp;chefia@dcx.ufpb.br Instagram:&nbsp;@dcxufpb Endere\u00e7o para correspond\u00eancia: [&hellip;]<\/p>\n","protected":false},"author":47,"featured_media":0,"parent":0,"menu_order":0,"comment_status":"closed","ping_status":"closed","template":"","meta":{"footnotes":""},"class_list":["post-22","page","type-page","status-publish","hentry"],"_links":{"self":[{"href":"https:\/\/www.ccae.ufpb.br\/dcx\/wp-json\/wp\/v2\/pages\/22","targetHints":{"allow":["GET"]}}],"collection":[{"href":"https:\/\/www.ccae.ufpb.br\/dcx\/wp-json\/wp\/v2\/pages"}],"about":[{"href":"https:\/\/www.ccae.ufpb.br\/dcx\/wp-json\/wp\/v2\/types\/page"}],"author":[{"embeddable":true,"href":"https:\/\/www.ccae.ufpb.br\/dcx\/wp-json\/wp\/v2\/users\/47"}],"replies":[{"embeddable":true,"href":"https:\/\/www.ccae.ufpb.br\/dcx\/wp-json\/wp\/v2\/comments?post=22"}],"version-history":[{"count":3,"href":"https:\/\/www.ccae.ufpb.br\/dcx\/wp-json\/wp\/v2\/pages\/22\/revisions"}],"predecessor-version":[{"id":151,"href":"https:\/\/www.ccae.ufpb.br\/dcx\/wp-json\/wp\/v2\/pages\/22\/revisions\/151"}],"wp:attachment":[{"href":"https:\/\/www.ccae.ufpb.br\/dcx\/wp-json\/wp\/v2\/media?parent=22"}],"curies":[{"name":"wp","href":"https:\/\/api.w.org\/{rel}","templated":true}]}}