{"id":102,"date":"2025-03-25T09:54:14","date_gmt":"2025-03-25T12:54:14","guid":{"rendered":"https:\/\/www.ccae.ufpb.br\/ded\/?page_id=102"},"modified":"2026-04-02T12:43:06","modified_gmt":"2026-04-02T15:43:06","slug":"colegiado-departamental","status":"publish","type":"page","link":"https:\/\/www.ccae.ufpb.br\/ded\/colegiado-departamental\/","title":{"rendered":"Colegiado Departamental"},"content":{"rendered":"\n<p>O Colegiado Departamental \u00e9 a unidade de ensino, pesquisa e extens\u00e3o, para efeito de organiza\u00e7\u00e3o did\u00e1tica e administrativa, compreendendo disciplinas afins, e comp\u00f5e-se do pessoal docente nele lotado, um representante dos discentes e um representante dos TAEs.<\/p>\n\n\n\n<p class=\" \"><\/p>\n\n\n\n<h2 class=\"wp-block-heading has-text-align-center\">Reuni\u00f5es do Colegiado Departamental<\/h2>\n\n\n\n<p><\/p>\n\n\n\n<ul class=\"wp-block-list\">\n<li>Calend\u00e1rio de Reuni\u00f5es Ordin\u00e1rias de 2026 (<a href=\"https:\/\/www.ccae.ufpb.br\/ded\/wp-content\/uploads\/sites\/170\/sites\/272\/2026\/04\/Calendario_de_Reunioes_Ordinarias_DED_2026.pdf\" data-type=\"attachment\" data-id=\"240\">clique aqui<\/a>);<\/li>\n\n\n\n<li>Ata da 1\u00aa Reuni\u00e3o Ordin\u00e1ria de 2026 (em breve).<\/li>\n<\/ul>\n\n\n\n<p><\/p>\n","protected":false},"excerpt":{"rendered":"<p>O Colegiado Departamental \u00e9 a unidade de ensino, pesquisa e extens\u00e3o, para efeito de organiza\u00e7\u00e3o did\u00e1tica e administrativa, compreendendo disciplinas afins, e comp\u00f5e-se do pessoal docente nele lotado, um representante dos discentes e um representante dos TAEs. Reuni\u00f5es do Colegiado Departamental<\/p>\n","protected":false},"author":63,"featured_media":0,"parent":0,"menu_order":0,"comment_status":"closed","ping_status":"closed","template":"","meta":{"footnotes":""},"class_list":["post-102","page","type-page","status-publish","hentry"],"_links":{"self":[{"href":"https:\/\/www.ccae.ufpb.br\/ded\/wp-json\/wp\/v2\/pages\/102","targetHints":{"allow":["GET"]}}],"collection":[{"href":"https:\/\/www.ccae.ufpb.br\/ded\/wp-json\/wp\/v2\/pages"}],"about":[{"href":"https:\/\/www.ccae.ufpb.br\/ded\/wp-json\/wp\/v2\/types\/page"}],"author":[{"embeddable":true,"href":"https:\/\/www.ccae.ufpb.br\/ded\/wp-json\/wp\/v2\/users\/63"}],"replies":[{"embeddable":true,"href":"https:\/\/www.ccae.ufpb.br\/ded\/wp-json\/wp\/v2\/comments?post=102"}],"version-history":[{"count":6,"href":"https:\/\/www.ccae.ufpb.br\/ded\/wp-json\/wp\/v2\/pages\/102\/revisions"}],"predecessor-version":[{"id":245,"href":"https:\/\/www.ccae.ufpb.br\/ded\/wp-json\/wp\/v2\/pages\/102\/revisions\/245"}],"wp:attachment":[{"href":"https:\/\/www.ccae.ufpb.br\/ded\/wp-json\/wp\/v2\/media?parent=102"}],"curies":[{"name":"wp","href":"https:\/\/api.w.org\/{rel}","templated":true}]}}