{"id":108,"date":"2025-03-25T09:57:39","date_gmt":"2025-03-25T12:57:39","guid":{"rendered":"https:\/\/www.ccae.ufpb.br\/ded\/?page_id=108"},"modified":"2026-02-10T17:20:09","modified_gmt":"2026-02-10T20:20:09","slug":"concursos-e-selecoes","status":"publish","type":"page","link":"https:\/\/www.ccae.ufpb.br\/ded\/concursos-e-selecoes\/","title":{"rendered":"Concursos e Sele\u00e7\u00f5es"},"content":{"rendered":"\n<h2 class=\"wp-block-heading\">Processo Seletivo Simplificado para Professor Substituto (\u00c1rea: Educa\u00e7\u00e3o F\u00edsica e Matem\u00e1tica) &#8211; Edital n\u00ba 100\/2025 \u2013 PROGEP-DSP<\/h2>\n\n\n\n<p>Prezado, candidato(a)!<br><br>Seja bem-vindo(a) \u00e0 p\u00e1gina do Processo Seletivo Simplificado para Professor Substituto na \u00e1rea de Ensino-aprendizagem: Educa\u00e7\u00e3o F\u00edsica e Matem\u00e1tica. Abaixo seguem os principais links.<\/p>\n\n\n\n<ul class=\"wp-block-list\">\n<li>Edital de abertura (<a href=\"https:\/\/www.ccae.ufpb.br\/ded\/wp-content\/uploads\/sites\/170\/sites\/272\/2025\/12\/EDITAL-100-COMPLETO-PROCESSO-SELETIVO-SIMPLIFICADO-PARA-PROFESSOR-SUBSTITUTO-DO-MAGISTERIO-FEDERAL.pdf\" data-type=\"attachment\" data-id=\"178\">clique aqui<\/a>);<\/li>\n\n\n\n<li>Portaria da Banca Examinadora (<a href=\"https:\/\/www.ccae.ufpb.br\/ded\/wp-content\/uploads\/sites\/170\/sites\/272\/2025\/12\/PORTARIA_70_2025_CCAE-DC674055311566863426.pdf\" data-type=\"attachment\" data-id=\"176\">clique aqui<\/a>);<\/li>\n\n\n\n<li>Requerimento de Inscri\u00e7\u00e3o (<a href=\"https:\/\/www.ccae.ufpb.br\/ded\/wp-content\/uploads\/sites\/170\/sites\/272\/2025\/12\/REQUERIMENTO-DE-INSCRICAO-GERAL.docx\" data-type=\"attachment\" data-id=\"185\">clique aqui<\/a>);<\/li>\n\n\n\n<li>Requerimento de Isen\u00e7\u00e3o de Taxa de Inscri\u00e7\u00e3o (<a href=\"https:\/\/www.ccae.ufpb.br\/ded\/wp-content\/uploads\/sites\/170\/sites\/272\/2025\/12\/REQUERIMENTO-PADRAO-ISENCAO.odt\" data-type=\"attachment\" data-id=\"188\">clique aqui<\/a>);<\/li>\n\n\n\n<li>Requerimento para Impugna\u00e7\u00e3o (<a href=\"https:\/\/www.ccae.ufpb.br\/ded\/wp-content\/uploads\/sites\/170\/sites\/272\/2025\/12\/PADRAO-DE-REQUERIMENTO-PARA-IMPUGNACAO-SIMPLIFICADO.doc\" data-type=\"attachment\" data-id=\"191\">clique aqui<\/a>);<\/li>\n\n\n\n<li>Calend\u00e1rio Detalhado e Conte\u00fado Program\u00e1tico (<a href=\"https:\/\/www.ccae.ufpb.br\/ded\/wp-content\/uploads\/sites\/170\/sites\/272\/2025\/12\/1._CalendrioContedosProgramaticos__ConcursoSubstituto_DED_2025.pdf\" data-type=\"attachment\" data-id=\"193\">clique aqui<\/a>);<\/li>\n\n\n\n<li>Edital Retificado (<a href=\"https:\/\/www.ccae.ufpb.br\/ded\/wp-content\/uploads\/sites\/170\/sites\/272\/2025\/12\/EDITAL102.2025RETIFICAOI.pdf\" data-type=\"attachment\" data-id=\"200\">clique aqui<\/a>);<\/li>\n\n\n\n<li>Resultado das Solicita\u00e7\u00f5es de Isen\u00e7\u00e3o de Pagamento da Taxa de Inscri\u00e7\u00e3o (<a href=\"https:\/\/www.ccae.ufpb.br\/ded\/wp-content\/uploads\/sites\/170\/sites\/272\/2025\/12\/RESULTADO_1_2025_CCAE_-_DED5791574447542630869.pdf\" data-type=\"attachment\" data-id=\"201\">clique aqui<\/a>);<\/li>\n\n\n\n<li>Retifica\u00e7\u00e3o da Portaria da Banca Examinadora (<a href=\"https:\/\/www.ccae.ufpb.br\/ded\/wp-content\/uploads\/sites\/170\/sites\/272\/2025\/12\/PORTARIA_71_2025_CCAE-DC2996192403776607538.pdf\" data-type=\"attachment\" data-id=\"205\">clique aqui<\/a>);<\/li>\n\n\n\n<li>Retifica\u00e7\u00e3o do Calend\u00e1rio Detalhado (<a href=\"https:\/\/www.ccae.ufpb.br\/ded\/wp-content\/uploads\/sites\/170\/sites\/272\/2025\/12\/Calendario-Retificado.pdf\" data-type=\"attachment\" data-id=\"208\">clique aqui<\/a>);<\/li>\n\n\n\n<li>Resultado Preliminar das Inscri\u00e7\u00f5es Deferidas e Indeferidas (<a href=\"https:\/\/www.ccae.ufpb.br\/ded\/wp-content\/uploads\/sites\/170\/sites\/272\/2025\/12\/RESULTADO-PRELIMINAR-DAS-INSCRICOES-DEFERIDAS-E-INDEFERIDAS.pdf\" data-type=\"attachment\" data-id=\"212\">clique aqui<\/a>);<\/li>\n\n\n\n<li>Declara\u00e7\u00e3o de Inexist\u00eancia de Impedimento &#8211; professor Joel (<a href=\"https:\/\/www.ccae.ufpb.br\/ded\/wp-content\/uploads\/sites\/170\/sites\/272\/2025\/12\/Declaracao-de-Inexistencia-de-Impedimento-Joel.pdf\" data-type=\"attachment\" data-id=\"211\">clique aqui<\/a>);<\/li>\n\n\n\n<li>Declara\u00e7\u00e3o de Inexist\u00eancia de Impedimento &#8211; professora Aline (<a href=\"https:\/\/www.ccae.ufpb.br\/ded\/wp-content\/uploads\/sites\/170\/sites\/272\/2025\/12\/Declaracao-de-Inexistencia-de-Impedimento-Aline.pdf\" data-type=\"attachment\" data-id=\"209\">clique aqui<\/a>);<\/li>\n\n\n\n<li>Declara\u00e7\u00e3o de Inexist\u00eancia de Impedimento &#8211; professora \u00c9rica (<a href=\"https:\/\/www.ccae.ufpb.br\/ded\/wp-content\/uploads\/sites\/170\/sites\/272\/2025\/12\/Declaracao-de-Inexistencia-de-Impedimento-Erica.pdf\" data-type=\"attachment\" data-id=\"210\">clique aqui<\/a>);<\/li>\n\n\n\n<li>Resolu\u00e7\u00e3o Consepe n\u00ba 07\/2017 (<a href=\"https:\/\/www.ccae.ufpb.br\/ded\/wp-content\/uploads\/sites\/170\/sites\/272\/2026\/01\/Resolucao-concurso-de-substituto-CONSEPE-07-2017-1-3.pdf\" data-type=\"attachment\" data-id=\"216\">clique aqui<\/a>);<\/li>\n\n\n\n<li>Lista de Presen\u00e7a no Sorteio de Tema da Prova Did\u00e1tica (<a href=\"https:\/\/www.ccae.ufpb.br\/ded\/wp-content\/uploads\/sites\/170\/sites\/272\/2026\/01\/IMG_0002.pdf\" data-type=\"attachment\" data-id=\"221\">clique aqui<\/a>);<\/li>\n\n\n\n<li>Resultado do Sorteio do Tema e da Ordem da Prova Did\u00e1tica (<a href=\"https:\/\/www.ccae.ufpb.br\/ded\/wp-content\/uploads\/sites\/170\/sites\/272\/2026\/01\/Edital_100_2025_Resultado_Sorteio_do_Tema_da_Prova_Didtica.pdf\" data-type=\"attachment\" data-id=\"219\">clique aqui<\/a>);<\/li>\n\n\n\n<li>Resultado Preliminar da Prova Did\u00e1tica (<a href=\"https:\/\/www.ccae.ufpb.br\/ded\/wp-content\/uploads\/sites\/170\/sites\/272\/2026\/01\/Resultado-da-prova-didatica.pdf\" data-type=\"attachment\" data-id=\"225\">clique aqui<\/a>);<\/li>\n\n\n\n<li>Resultado da Prova de T\u00edtulos (<a href=\"https:\/\/www.ccae.ufpb.br\/ded\/wp-content\/uploads\/sites\/170\/sites\/272\/2026\/01\/RESULTADO_1_2026_CCAE_-_DED699904591750982823.pdf\" data-type=\"attachment\" data-id=\"227\">clique aqui<\/a>);<\/li>\n\n\n\n<li>Resultado Preliminar &#8211; Quadro de Notas e Classifica\u00e7\u00e3o (<a href=\"https:\/\/www.ccae.ufpb.br\/ded\/wp-content\/uploads\/sites\/170\/sites\/272\/2026\/01\/Resultado_Preliminar_Edital_100_2025_DED_CCAE_UFPB.pdf\" data-type=\"attachment\" data-id=\"230\">clique aqui<\/a>);<\/li>\n\n\n\n<li>Informe sobre a Publica\u00e7\u00e3o do Resultado Final (<a href=\"https:\/\/www.ccae.ufpb.br\/ded\/wp-content\/uploads\/sites\/170\/sites\/272\/2026\/01\/INFORME_1_2026_CCAE_-_DED5271937635242156339.pdf\" data-type=\"attachment\" data-id=\"232\">clique aqui<\/a>);<\/li>\n\n\n\n<li>Resultado final do Processo Seletivo Simplificado (<a href=\"https:\/\/www.ccae.ufpb.br\/ded\/wp-content\/uploads\/sites\/170\/sites\/272\/2026\/02\/Homologao_de_Resultado_Final_Edital_100_2025_DED_CCAE_UFPB.pdf\" data-type=\"attachment\" data-id=\"235\">clique aqui<\/a>).<\/li>\n<\/ul>\n\n\n\n<p><\/p>\n","protected":false},"excerpt":{"rendered":"<p>Processo Seletivo Simplificado para Professor Substituto (\u00c1rea: Educa\u00e7\u00e3o F\u00edsica e Matem\u00e1tica) &#8211; Edital n\u00ba 100\/2025 \u2013 PROGEP-DSP Prezado, candidato(a)! Seja bem-vindo(a) \u00e0 p\u00e1gina do Processo Seletivo Simplificado para Professor Substituto na \u00e1rea de Ensino-aprendizagem: Educa\u00e7\u00e3o F\u00edsica e Matem\u00e1tica. Abaixo seguem os principais links.<\/p>\n","protected":false},"author":63,"featured_media":0,"parent":0,"menu_order":0,"comment_status":"closed","ping_status":"closed","template":"","meta":{"footnotes":""},"class_list":["post-108","page","type-page","status-publish","hentry"],"_links":{"self":[{"href":"https:\/\/www.ccae.ufpb.br\/ded\/wp-json\/wp\/v2\/pages\/108","targetHints":{"allow":["GET"]}}],"collection":[{"href":"https:\/\/www.ccae.ufpb.br\/ded\/wp-json\/wp\/v2\/pages"}],"about":[{"href":"https:\/\/www.ccae.ufpb.br\/ded\/wp-json\/wp\/v2\/types\/page"}],"author":[{"embeddable":true,"href":"https:\/\/www.ccae.ufpb.br\/ded\/wp-json\/wp\/v2\/users\/63"}],"replies":[{"embeddable":true,"href":"https:\/\/www.ccae.ufpb.br\/ded\/wp-json\/wp\/v2\/comments?post=108"}],"version-history":[{"count":13,"href":"https:\/\/www.ccae.ufpb.br\/ded\/wp-json\/wp\/v2\/pages\/108\/revisions"}],"predecessor-version":[{"id":236,"href":"https:\/\/www.ccae.ufpb.br\/ded\/wp-json\/wp\/v2\/pages\/108\/revisions\/236"}],"wp:attachment":[{"href":"https:\/\/www.ccae.ufpb.br\/ded\/wp-json\/wp\/v2\/media?parent=108"}],"curies":[{"name":"wp","href":"https:\/\/api.w.org\/{rel}","templated":true}]}}