{"id":63,"date":"2025-03-24T18:26:18","date_gmt":"2025-03-24T21:26:18","guid":{"rendered":"https:\/\/www.ccae.ufpb.br\/ded\/?page_id=63"},"modified":"2026-04-09T17:13:19","modified_gmt":"2026-04-09T20:13:19","slug":"corpo-docente","status":"publish","type":"page","link":"https:\/\/www.ccae.ufpb.br\/ded\/corpo-docente\/","title":{"rendered":"Corpo Docente"},"content":{"rendered":"\n<p>O Departamento de Educa\u00e7\u00e3o \u00e9 uma unidade acad\u00eamica do Centro de Ci\u00eancias Aplicadas e Educa\u00e7\u00e3o, <em>Campus<\/em> IV da UFPB, respons\u00e1vel pela oferta de componentes curriculares constituintes da base da forma\u00e7\u00e3o docente, no \u00e2mbito de diversas e todas as licenciaturas do CCAE, quais sejam, <strong>Lic. em Ci\u00eancias da Computa\u00e7\u00e3o, Lic. em Letras &#8211; L\u00edngua Portuguesa, Lic. em Letras \u2013 Ingl\u00eas (EAD) e Lic. em Letras \u2013 Espanhol (EAD), Lic. em Matem\u00e1tica e Lic. em Pedagogia<\/strong>. A oferta efetiva de diversos componentes curriculares \u00e0s referidas licenciaturas por um lado demonstra o seu papel central na forma\u00e7\u00e3o de professores e professoras nos \u00e2mbitos desses cursos e por outro demanda do DED a pr\u00e1tica constante de planejamento, com vistas a garantir a promo\u00e7\u00e3o de um processo formativo para o exerc\u00edcio da doc\u00eancia que tenha unidade em termos de conte\u00fados, saberes fomentados e pr\u00e1ticas realizadas, no contexto dos perfis profissionais docentes que se almejam formar.<\/p>\n\n\n\n<p>O corpo docente do DED \u00e9 constitu\u00eddo por 17 professores do quadro permanente, distribu\u00eddos em duas \u00e1reas: \u00c1rea 1 &#8211; Fundamentos e Pol\u00edtica da Educa\u00e7\u00e3o e \u00c1rea 2: Organiza\u00e7\u00e3o do trabalho pedag\u00f3gico e Processos de Ensino. Atualmente, devido a aposentadoria e processos de afastamentos para realiza\u00e7\u00e3o de p\u00f3s-doutorado, contamos com 03 (tr\u00eas) professores substitutos.<\/p>\n\n\n\n<p><strong>|<\/strong>&nbsp;Conhe\u00e7a abaixo nosso corpo docente e suas principais atividades.&nbsp;Abaixo listamos os nossos professores, com o link da p\u00e1gina pessoal do SIGAA e o do curr\u00edculo&nbsp;<em>lattes&nbsp;<\/em>de cada um, onde voc\u00ea tamb\u00e9m encontrar\u00e1 informa\u00e7\u00f5es sobre as principais atividade dos nossos docente.&nbsp;<\/p>\n\n\n\n<p><\/p>\n\n\n\n<h2 class=\"wp-block-heading\"><a href=\"https:\/\/www.ccae.ufpb.br\/ded\/fundamentos\/\" target=\"_blank\" rel=\"noreferrer noopener\">Fundamentos<\/a> e Politica da Educa\u00e7\u00e3o<\/h2>\n\n\n\n<p><\/p>\n\n\n\n<h2 class=\"wp-block-heading\"><a href=\"https:\/\/www.ccae.ufpb.br\/ded\/organizacao-do-trabalho-pedagogico\/\" target=\"_blank\" rel=\"noreferrer noopener\">Organiza\u00e7\u00e3o do Trabalho Pedag\u00f3gico<\/a> e Processos de Ensino<\/h2>\n\n\n\n<p><\/p>\n","protected":false},"excerpt":{"rendered":"<p>O Departamento de Educa\u00e7\u00e3o \u00e9 uma unidade acad\u00eamica do Centro de Ci\u00eancias Aplicadas e Educa\u00e7\u00e3o, Campus IV da UFPB, respons\u00e1vel pela oferta de componentes curriculares constituintes da base da forma\u00e7\u00e3o docente, no \u00e2mbito de diversas e todas as licenciaturas do CCAE, quais sejam, Lic. em Ci\u00eancias da Computa\u00e7\u00e3o, Lic. em Letras &#8211; L\u00edngua Portuguesa, Lic. [&hellip;]<\/p>\n","protected":false},"author":63,"featured_media":0,"parent":0,"menu_order":0,"comment_status":"closed","ping_status":"closed","template":"","meta":{"footnotes":""},"class_list":["post-63","page","type-page","status-publish","hentry"],"_links":{"self":[{"href":"https:\/\/www.ccae.ufpb.br\/ded\/wp-json\/wp\/v2\/pages\/63","targetHints":{"allow":["GET"]}}],"collection":[{"href":"https:\/\/www.ccae.ufpb.br\/ded\/wp-json\/wp\/v2\/pages"}],"about":[{"href":"https:\/\/www.ccae.ufpb.br\/ded\/wp-json\/wp\/v2\/types\/page"}],"author":[{"embeddable":true,"href":"https:\/\/www.ccae.ufpb.br\/ded\/wp-json\/wp\/v2\/users\/63"}],"replies":[{"embeddable":true,"href":"https:\/\/www.ccae.ufpb.br\/ded\/wp-json\/wp\/v2\/comments?post=63"}],"version-history":[{"count":5,"href":"https:\/\/www.ccae.ufpb.br\/ded\/wp-json\/wp\/v2\/pages\/63\/revisions"}],"predecessor-version":[{"id":258,"href":"https:\/\/www.ccae.ufpb.br\/ded\/wp-json\/wp\/v2\/pages\/63\/revisions\/258"}],"wp:attachment":[{"href":"https:\/\/www.ccae.ufpb.br\/ded\/wp-json\/wp\/v2\/media?parent=63"}],"curies":[{"name":"wp","href":"https:\/\/api.w.org\/{rel}","templated":true}]}}