{"id":85,"date":"2025-03-25T09:42:31","date_gmt":"2025-03-25T12:42:31","guid":{"rendered":"https:\/\/www.ccae.ufpb.br\/ded\/?page_id=85"},"modified":"2026-04-02T12:45:57","modified_gmt":"2026-04-02T15:45:57","slug":"organizacao-do-trabalho-pedagogico","status":"publish","type":"page","link":"https:\/\/www.ccae.ufpb.br\/ded\/organizacao-do-trabalho-pedagogico\/","title":{"rendered":"Organiza\u00e7\u00e3o do Trabalho Pedag\u00f3gico"},"content":{"rendered":"\n<p><\/p>\n\n\n\n<div class=\"wp-block-columns is-layout-flex wp-container-core-columns-is-layout-9d6595d7 wp-block-columns-is-layout-flex\">\n<div class=\"wp-block-column is-vertically-aligned-center is-layout-flow wp-block-column-is-layout-flow\" style=\"flex-basis:33.33%\"><div class=\"wp-block-image\">\n<figure class=\"aligncenter size-full is-resized\"><img loading=\"lazy\" decoding=\"async\" width=\"100\" height=\"125\" src=\"https:\/\/www.ccae.ufpb.br\/ded\/wp-content\/uploads\/sites\/170\/sites\/272\/2025\/03\/2cc9b274-2461-4aaa-8802-26b363edf730.png\" alt=\"\" class=\"wp-image-86\" style=\"width:175px\" \/><\/figure>\n<\/div><\/div>\n\n\n\n<div class=\"wp-block-column is-vertically-aligned-center is-layout-flow wp-block-column-is-layout-flow\" style=\"flex-basis:66.66%\">\n<p class=\" \">Aline Cleide Batista<\/p>\n\n\n\n<p class=\" \">Professora | Regime: DE \/ Classe Funcional: CLASSE C &#8211; ADJUNTO<\/p>\n\n\n\n<p class=\" \"><strong><\/strong><a href=\"http:\/\/buscatextual.cnpq.br\/buscatextual\/visualizacv.do?id=K4251924J6\" target=\"_blank\" rel=\"noreferrer noopener\">Curr\u00edculo Lattes<\/a>&nbsp;|&nbsp;<a href=\"https:\/\/sigaa.ufpb.br\/sigaa\/public\/docente\/portal.jsf?siape=1475453\" target=\"_blank\" rel=\"noreferrer noopener\">P\u00e1gina pessoal do SIGAA<\/a>&nbsp;|&nbsp;<a href=\"https:\/\/www.ufpb.br\/ded\/contents\/menu\/ensino-pesquisa-e-extensao\/grupos-de-estudos-e-pesquisas\" target=\"_blank\" rel=\"noreferrer noopener\">Grupos de Pesquisa que participa<\/a><\/p>\n\n\n\n<p>&nbsp;E-mail:&nbsp;&nbsp;alinecleide@yahoo.com.br<\/p>\n<\/div>\n<\/div>\n\n\n\n<p><\/p>\n\n\n\n<div class=\"wp-block-columns is-layout-flex wp-container-core-columns-is-layout-9d6595d7 wp-block-columns-is-layout-flex\">\n<div class=\"wp-block-column is-vertically-aligned-center is-layout-flow wp-block-column-is-layout-flow\" style=\"flex-basis:33.33%\"><div class=\"wp-block-image\">\n<figure class=\"aligncenter size-full is-resized\"><img loading=\"lazy\" decoding=\"async\" width=\"102\" height=\"128\" src=\"https:\/\/www.ccae.ufpb.br\/ded\/wp-content\/uploads\/sites\/170\/sites\/272\/2025\/03\/2e3db3e0-0d21-4ce0-b040-96a3d512af48.png\" alt=\"\" class=\"wp-image-87\" style=\"width:175px\" \/><\/figure>\n<\/div><\/div>\n\n\n\n<div class=\"wp-block-column is-vertically-aligned-center is-layout-flow wp-block-column-is-layout-flow\" style=\"flex-basis:66.66%\">\n<p class=\" \">Aur\u00edlia Coutinho Beserra de Andrade<\/p>\n\n\n\n<p class=\" \">Professora | Regime: DE \/ Classe Funcional: CLASSE B &#8211; ASSISTENTE<\/p>\n\n\n\n<p class=\" \"><a href=\"http:\/\/buscatextual.cnpq.br\/buscatextual\/visualizacv.do?id=K4737243Y2\" target=\"_blank\" rel=\"noreferrer noopener\">Curr\u00edculo Lattes<\/a>&nbsp;|&nbsp;<a href=\"https:\/\/sigaa.ufpb.br\/sigaa\/public\/docente\/portal.jsf?siape=1783840\" target=\"_blank\" rel=\"noreferrer noopener\">P\u00e1gina pessoal do SIGAA<\/a>&nbsp;|&nbsp;<a href=\"http:\/\/dgp.cnpq.br\/dgp\/espelhogrupo\/308484\" target=\"_blank\" rel=\"noreferrer noopener\">Grupos de Pesquisa que participa<\/a><\/p>\n\n\n\n<p>&nbsp;E-mail:&nbsp;auriliacbandrade@gmail.com<\/p>\n<\/div>\n<\/div>\n\n\n\n<p><\/p>\n\n\n\n<div class=\"wp-block-columns is-layout-flex wp-container-core-columns-is-layout-9d6595d7 wp-block-columns-is-layout-flex\">\n<div class=\"wp-block-column is-vertically-aligned-center is-layout-flow wp-block-column-is-layout-flow\" style=\"flex-basis:33.33%\"><div class=\"wp-block-image\">\n<figure class=\"aligncenter size-full is-resized\"><img loading=\"lazy\" decoding=\"async\" width=\"100\" height=\"125\" src=\"https:\/\/www.ccae.ufpb.br\/ded\/wp-content\/uploads\/sites\/170\/sites\/272\/2025\/03\/9977bb2e-40b2-4e25-ab46-0c47aab2a149.png\" alt=\"\" class=\"wp-image-90\" style=\"width:175px\" \/><\/figure>\n<\/div><\/div>\n\n\n\n<div class=\"wp-block-column is-vertically-aligned-center is-layout-flow wp-block-column-is-layout-flow\" style=\"flex-basis:66.66%\">\n<p class=\" \">Francymara Antonino Nunes de Assis&nbsp; &nbsp;&nbsp; &nbsp;<\/p>\n\n\n\n<p class=\" \">Professora |Regime: DE \/ Classe Funcional: CLASSE C &#8211; ADJUNTO&nbsp; &nbsp;&nbsp;<\/p>\n\n\n\n<p class=\" \"><a href=\"http:\/\/buscatextual.cnpq.br\/buscatextual\/visualizacv.do?id=K4260310U7\" target=\"_blank\" rel=\"noreferrer noopener\">Curr\u00edculo Lattes<\/a>&nbsp;|&nbsp;<a href=\"https:\/\/sigaa.ufpb.br\/sigaa\/public\/docente\/portal.jsf?siape=2768068\" target=\"_blank\" rel=\"noreferrer noopener\">P\u00e1gina pessoal do SIGAA<\/a>&nbsp;|&nbsp;<a href=\"http:\/\/dgp.cnpq.br\/dgp\/espelhogrupo\/539698\" target=\"_blank\" rel=\"noreferrer noopener\">Grupos de Pesquisa que participa<\/a><\/p>\n\n\n\n<p>&nbsp;E-mail:&nbsp;francymara858@gmail.com<\/p>\n<\/div>\n<\/div>\n\n\n\n<p><\/p>\n\n\n\n<div class=\"wp-block-columns is-layout-flex wp-container-core-columns-is-layout-9d6595d7 wp-block-columns-is-layout-flex\">\n<div class=\"wp-block-column is-vertically-aligned-center is-layout-flow wp-block-column-is-layout-flow\" style=\"flex-basis:33.33%\"><div class=\"wp-block-image\">\n<figure class=\"aligncenter size-full is-resized\"><img loading=\"lazy\" decoding=\"async\" width=\"100\" height=\"125\" src=\"https:\/\/www.ccae.ufpb.br\/ded\/wp-content\/uploads\/sites\/170\/sites\/272\/2025\/03\/78cd766c-5e5d-4c89-a66d-8fe3bda823aa.png\" alt=\"\" class=\"wp-image-94\" style=\"width:175px\" \/><\/figure>\n<\/div><\/div>\n\n\n\n<div class=\"wp-block-column is-vertically-aligned-center is-layout-flow wp-block-column-is-layout-flow\" style=\"flex-basis:66.66%\">\n<p class=\" \">Maria Valdenice Resende Soares&nbsp; &nbsp;<\/p>\n\n\n\n<p class=\" \">Professora |&nbsp;Regime: DE \/ Classe Funcional: CLASSE C &#8211; ADJUNTO&nbsp; &nbsp; &nbsp; &nbsp; &nbsp; &nbsp;<\/p>\n\n\n\n<p class=\" \"><a href=\"http:\/\/buscatextual.cnpq.br\/buscatextual\/visualizacv.do?id=K4231069H8\" target=\"_blank\" rel=\"noreferrer noopener\">Curr\u00edculo Lattes<\/a>&nbsp;|&nbsp;<a href=\"https:\/\/sigaa.ufpb.br\/sigaa\/public\/docente\/portal.jsf?siape=2333043\" target=\"_blank\" rel=\"noreferrer noopener\">P\u00e1gina pessoal do SIGAA<\/a>&nbsp;|&nbsp;<a href=\"http:\/\/dgp.cnpq.br\/dgp\/espelhogrupo\/539698\" target=\"_blank\" rel=\"noreferrer noopener\">Grupos de Pesquisa que participa<\/a><\/p>\n\n\n\n<p>&nbsp;E-mail oficial: maria.valdenice@ccae.ufpb.br&nbsp; E-mail alternativo:&nbsp;valdenicejp@hotmail.com<\/p>\n<\/div>\n<\/div>\n\n\n\n<p><\/p>\n\n\n\n<div class=\"wp-block-columns is-layout-flex wp-container-core-columns-is-layout-9d6595d7 wp-block-columns-is-layout-flex\">\n<div class=\"wp-block-column is-vertically-aligned-center is-layout-flow wp-block-column-is-layout-flow\" style=\"flex-basis:33.33%\"><div class=\"wp-block-image\">\n<figure class=\"aligncenter size-full is-resized\"><img loading=\"lazy\" decoding=\"async\" width=\"102\" height=\"128\" src=\"https:\/\/www.ccae.ufpb.br\/ded\/wp-content\/uploads\/sites\/170\/sites\/272\/2025\/03\/7d7c7676-4c4c-48ac-a45a-c79dafc6a4cf.png\" alt=\"\" class=\"wp-image-96\" style=\"width:175px\" \/><\/figure>\n<\/div><\/div>\n\n\n\n<div class=\"wp-block-column is-vertically-aligned-center is-layout-flow wp-block-column-is-layout-flow\" style=\"flex-basis:66.66%\">\n<p class=\" \">Sabrina Grisi Pinho De Alencar<\/p>\n\n\n\n<p class=\" \">Professora |&nbsp;Regime: DE \/ Classe Funcional: CLASSE A &#8211; ADJUNTO&nbsp; &nbsp; &nbsp; &nbsp; &nbsp; &nbsp; &nbsp; &nbsp; &nbsp; &nbsp; &nbsp; &nbsp; &nbsp; &nbsp;&nbsp;<\/p>\n\n\n\n<p class=\" \"><a href=\"http:\/\/lattes.cnpq.br\/7605235994017354\" target=\"_blank\" rel=\"noreferrer noopener\">Curr\u00edculo Lattes<\/a>&nbsp;|&nbsp;<a href=\"https:\/\/sigaa.ufpb.br\/sigaa\/public\/docente\/portal.jsf?siape=3140988\" target=\"_blank\" rel=\"noreferrer noopener\">P\u00e1gina pessoal do SIGAA<\/a>&nbsp;|&nbsp;Grupos de Pesquisa que participa<\/p>\n\n\n\n<p class=\" \">E-mail oficial:<\/p>\n\n\n\n<p class=\" \">E-mail alternativo:&nbsp;sabrinagrisi@gmail.com<\/p>\n<\/div>\n<\/div>\n","protected":false},"excerpt":{"rendered":"<p>Aline Cleide Batista Professora | Regime: DE \/ Classe Funcional: CLASSE C &#8211; ADJUNTO Curr\u00edculo Lattes&nbsp;|&nbsp;P\u00e1gina pessoal do SIGAA&nbsp;|&nbsp;Grupos de Pesquisa que participa &nbsp;E-mail:&nbsp;&nbsp;alinecleide@yahoo.com.br Aur\u00edlia Coutinho Beserra de Andrade Professora | Regime: DE \/ Classe Funcional: CLASSE B &#8211; ASSISTENTE Curr\u00edculo Lattes&nbsp;|&nbsp;P\u00e1gina pessoal do SIGAA&nbsp;|&nbsp;Grupos de Pesquisa que participa &nbsp;E-mail:&nbsp;auriliacbandrade@gmail.com Francymara Antonino Nunes de Assis&nbsp; [&hellip;]<\/p>\n","protected":false},"author":63,"featured_media":0,"parent":0,"menu_order":0,"comment_status":"closed","ping_status":"closed","template":"","meta":{"footnotes":""},"class_list":["post-85","page","type-page","status-publish","hentry"],"_links":{"self":[{"href":"https:\/\/www.ccae.ufpb.br\/ded\/wp-json\/wp\/v2\/pages\/85","targetHints":{"allow":["GET"]}}],"collection":[{"href":"https:\/\/www.ccae.ufpb.br\/ded\/wp-json\/wp\/v2\/pages"}],"about":[{"href":"https:\/\/www.ccae.ufpb.br\/ded\/wp-json\/wp\/v2\/types\/page"}],"author":[{"embeddable":true,"href":"https:\/\/www.ccae.ufpb.br\/ded\/wp-json\/wp\/v2\/users\/63"}],"replies":[{"embeddable":true,"href":"https:\/\/www.ccae.ufpb.br\/ded\/wp-json\/wp\/v2\/comments?post=85"}],"version-history":[{"count":5,"href":"https:\/\/www.ccae.ufpb.br\/ded\/wp-json\/wp\/v2\/pages\/85\/revisions"}],"predecessor-version":[{"id":248,"href":"https:\/\/www.ccae.ufpb.br\/ded\/wp-json\/wp\/v2\/pages\/85\/revisions\/248"}],"wp:attachment":[{"href":"https:\/\/www.ccae.ufpb.br\/ded\/wp-json\/wp\/v2\/media?parent=85"}],"curies":[{"name":"wp","href":"https:\/\/api.w.org\/{rel}","templated":true}]}}