{"id":109,"date":"2024-12-09T14:24:50","date_gmt":"2024-12-09T14:24:50","guid":{"rendered":"https:\/\/www.ccae.ufpb.br\/dema\/?page_id=109"},"modified":"2024-12-09T15:13:05","modified_gmt":"2024-12-09T15:13:05","slug":"concurso-publico-para-professor-do-magisterio-superior-area-zoologia","status":"publish","type":"page","link":"https:\/\/www.ccae.ufpb.br\/dema\/concurso-publico-para-professor-do-magisterio-superior-area-zoologia\/","title":{"rendered":"Concurso P\u00fablico para Professor do Magist\u00e9rio Superior &#8211; \u00c1rea: Zoologia"},"content":{"rendered":"\n<p><\/p>\n\n\n\n<div class=\"wp-block-file\"><a id=\"wp-block-file--media-3ec95930-703f-4ee7-af0c-3fe7782c6940\" href=\"https:\/\/www.ccae.ufpb.br\/dema\/wp-content\/uploads\/sites\/170\/sites\/239\/2024\/12\/Publicacao-do-Resultado-final-do-concurso-no-Diario-Oficial-da-Uniao.pdf\">Publica\u00e7\u00e3o do Resultado final do concurso no Di\u00e1rio Oficial da Uni\u00e3o (publicado em 25\/10\/2024)<br><\/a><a href=\"https:\/\/www.ccae.ufpb.br\/dema\/wp-content\/uploads\/sites\/170\/sites\/239\/2024\/12\/Publicacao-do-Resultado-final-do-concurso-no-Diario-Oficial-da-Uniao.pdf\" class=\"wp-block-file__button wp-element-button\" download aria-describedby=\"wp-block-file--media-3ec95930-703f-4ee7-af0c-3fe7782c6940\">Baixar<\/a><\/div>\n\n\n\n<div class=\"wp-block-file\"><a id=\"wp-block-file--media-76ed190b-9e39-4143-ba7f-2a660692c21d\" href=\"https:\/\/www.ccae.ufpb.br\/dema\/wp-content\/uploads\/sites\/170\/sites\/239\/2024\/12\/Resultado-final-do-Concurso.pdf\">Resultado final do Concurso (publicado em 08\/10\/2024, 14h00)<br><\/a><a href=\"https:\/\/www.ccae.ufpb.br\/dema\/wp-content\/uploads\/sites\/170\/sites\/239\/2024\/12\/Resultado-final-do-Concurso.pdf\" class=\"wp-block-file__button wp-element-button\" download aria-describedby=\"wp-block-file--media-76ed190b-9e39-4143-ba7f-2a660692c21d\">Baixar<\/a><\/div>\n\n\n\n<div class=\"wp-block-file\"><a id=\"wp-block-file--media-6b159ad9-ee89-4367-ae85-37ff02f26e4d\" href=\"https:\/\/www.ccae.ufpb.br\/dema\/wp-content\/uploads\/sites\/170\/sites\/239\/2024\/12\/Resultado-da-quarta-etapa-exame-de-titulos.pdf\">Resultado da quarta etapa &#8211; exame de t\u00edtulos (publicado em 03\/10\/2024, 14h04)<br><\/a><a href=\"https:\/\/www.ccae.ufpb.br\/dema\/wp-content\/uploads\/sites\/170\/sites\/239\/2024\/12\/Resultado-da-quarta-etapa-exame-de-titulos.pdf\" class=\"wp-block-file__button wp-element-button\" download aria-describedby=\"wp-block-file--media-6b159ad9-ee89-4367-ae85-37ff02f26e4d\">Baixar<\/a><\/div>\n\n\n\n<div class=\"wp-block-file\"><a id=\"wp-block-file--media-625860e9-42c9-451f-806b-bc971b377cd3\" href=\"https:\/\/www.ccae.ufpb.br\/dema\/wp-content\/uploads\/sites\/170\/sites\/239\/2024\/12\/Resultado-da-terceira-etapa-Plano-de-trabalho.pdf\">Resultado da terceira etapa &#8211; Plano de trabalho (publicado em 27\/09\/2024, 14h24)<br><\/a><a href=\"https:\/\/www.ccae.ufpb.br\/dema\/wp-content\/uploads\/sites\/170\/sites\/239\/2024\/12\/Resultado-da-terceira-etapa-Plano-de-trabalho.pdf\" class=\"wp-block-file__button wp-element-button\" download aria-describedby=\"wp-block-file--media-625860e9-42c9-451f-806b-bc971b377cd3\">Baixar<\/a><\/div>\n\n\n\n<div class=\"wp-block-file\"><a id=\"wp-block-file--media-d0bf65a4-0c2a-4128-b632-0bd07b98f234\" href=\"https:\/\/www.ccae.ufpb.br\/dema\/wp-content\/uploads\/sites\/170\/sites\/239\/2024\/12\/Aviso-sobre-pedidos-de-reconsideracao-da-prova-didatica-1.pdf\">Aviso sobre pedidos de reconsidera\u00e7\u00e3o da prova did\u00e1tica (publicado em 23\/09\/2024, 08h52)<br><\/a><a href=\"https:\/\/www.ccae.ufpb.br\/dema\/wp-content\/uploads\/sites\/170\/sites\/239\/2024\/12\/Aviso-sobre-pedidos-de-reconsideracao-da-prova-didatica-1.pdf\" class=\"wp-block-file__button wp-element-button\" download aria-describedby=\"wp-block-file--media-d0bf65a4-0c2a-4128-b632-0bd07b98f234\">Baixar<\/a><\/div>\n\n\n\n<div class=\"wp-block-file\"><a id=\"wp-block-file--media-a0f01d3e-35b0-44ba-953e-76aa5971c756\" href=\"https:\/\/www.ccae.ufpb.br\/dema\/wp-content\/uploads\/sites\/170\/sites\/239\/2024\/12\/Local-da-apresentacao-do-Plano-de-Trabalho.pdf\">Local da apresenta\u00e7\u00e3o do Plano de Trabalho (publicado em 23\/09\/2024, 08h52)<br><\/a><a href=\"https:\/\/www.ccae.ufpb.br\/dema\/wp-content\/uploads\/sites\/170\/sites\/239\/2024\/12\/Local-da-apresentacao-do-Plano-de-Trabalho.pdf\" class=\"wp-block-file__button wp-element-button\" download aria-describedby=\"wp-block-file--media-a0f01d3e-35b0-44ba-953e-76aa5971c756\">Baixar<\/a><\/div>\n\n\n\n<div class=\"wp-block-file\"><a id=\"wp-block-file--media-ded53817-e46d-4d94-a021-6f0be8cf6497\" href=\"https:\/\/www.ccae.ufpb.br\/dema\/wp-content\/uploads\/sites\/170\/sites\/239\/2024\/12\/Ordem-de-apresentacao-do-Plano-de-Trabalho.pdf\">Ordem de apresenta\u00e7\u00e3o do Plano de Trabalho (publicado em 21\/09\/2024, 14h20)<br><\/a><a href=\"https:\/\/www.ccae.ufpb.br\/dema\/wp-content\/uploads\/sites\/170\/sites\/239\/2024\/12\/Ordem-de-apresentacao-do-Plano-de-Trabalho.pdf\" class=\"wp-block-file__button wp-element-button\" download aria-describedby=\"wp-block-file--media-ded53817-e46d-4d94-a021-6f0be8cf6497\">Baixar<\/a><\/div>\n\n\n\n<div class=\"wp-block-file\"><a id=\"wp-block-file--media-a014934e-72a0-468a-b95e-b5cfe703a8b5\" href=\"https:\/\/www.ccae.ufpb.br\/dema\/wp-content\/uploads\/sites\/170\/sites\/239\/2024\/12\/Resultado-da-segunda-etapa-prova-didatica.pdf\">Resultado da segunda etapa &#8211; prova did\u00e1tica (publicado em 21\/09\/2024, 14h20)<br><\/a><a href=\"https:\/\/www.ccae.ufpb.br\/dema\/wp-content\/uploads\/sites\/170\/sites\/239\/2024\/12\/Resultado-da-segunda-etapa-prova-didatica.pdf\" class=\"wp-block-file__button wp-element-button\" download aria-describedby=\"wp-block-file--media-a014934e-72a0-468a-b95e-b5cfe703a8b5\">Baixar<\/a><\/div>\n\n\n\n<div class=\"wp-block-file\"><a id=\"wp-block-file--media-300c7fa2-9645-420f-b646-4d3779cc203b\" href=\"https:\/\/www.ccae.ufpb.br\/dema\/wp-content\/uploads\/sites\/170\/sites\/239\/2024\/12\/Resultado-dos-pedidos-de-reconsideracao.pdf\">Resultado dos pedidos de reconsidera\u00e7\u00e3o (publicado em 18\/09\/2024, 11h54)<br><\/a><a href=\"https:\/\/www.ccae.ufpb.br\/dema\/wp-content\/uploads\/sites\/170\/sites\/239\/2024\/12\/Resultado-dos-pedidos-de-reconsideracao.pdf\" class=\"wp-block-file__button wp-element-button\" download aria-describedby=\"wp-block-file--media-300c7fa2-9645-420f-b646-4d3779cc203b\">Baixar<\/a><\/div>\n\n\n\n<div class=\"wp-block-file\"><a id=\"wp-block-file--media-64942157-92df-4263-93d7-2c396b444106\" href=\"https:\/\/www.ccae.ufpb.br\/dema\/wp-content\/uploads\/sites\/170\/sites\/239\/2024\/12\/Orientacoes-para-a-Prova-Didatica.pdf\">Orienta\u00e7\u00f5es para a Prova Did\u00e1tica (publicado em 17\/09\/2024, 14h09)<br><\/a><a href=\"https:\/\/www.ccae.ufpb.br\/dema\/wp-content\/uploads\/sites\/170\/sites\/239\/2024\/12\/Orientacoes-para-a-Prova-Didatica.pdf\" class=\"wp-block-file__button wp-element-button\" download aria-describedby=\"wp-block-file--media-64942157-92df-4263-93d7-2c396b444106\">Baixar<\/a><\/div>\n\n\n\n<div class=\"wp-block-file\"><a id=\"wp-block-file--media-62051add-0e18-4a43-8c93-b71804dfac14\" href=\"https:\/\/www.ccae.ufpb.br\/dema\/wp-content\/uploads\/sites\/170\/sites\/239\/2024\/12\/Informacoes-sobre-a-Prova-de-Titulos.pdf\">Informa\u00e7\u00f5es sobre a Prova de T\u00edtulos (publicado em 17\/09\/2024,13h38)<br><\/a><a href=\"https:\/\/www.ccae.ufpb.br\/dema\/wp-content\/uploads\/sites\/170\/sites\/239\/2024\/12\/Informacoes-sobre-a-Prova-de-Titulos.pdf\" class=\"wp-block-file__button wp-element-button\" download aria-describedby=\"wp-block-file--media-62051add-0e18-4a43-8c93-b71804dfac14\">Baixar<\/a><\/div>\n\n\n\n<div class=\"wp-block-file\"><a id=\"wp-block-file--media-7a8e769c-bb93-4573-ab61-cf6e4ee5ccdd\" href=\"https:\/\/www.ccae.ufpb.br\/dema\/wp-content\/uploads\/sites\/170\/sites\/239\/2024\/12\/Resultado-da-primeira-etapa-prova-escrita-Candidatos-Sob-analise-de-processo.pdf\">Resultado da primeira etapa &#8211; prova escrita &#8211; Candidatos &#8220;Sob an\u00e1lise de processo&#8221; <strong>\u00a0<\/strong>(publicado em 17\/09\/2024, 08h50)<br><\/a><a href=\"https:\/\/www.ccae.ufpb.br\/dema\/wp-content\/uploads\/sites\/170\/sites\/239\/2024\/12\/Resultado-da-primeira-etapa-prova-escrita-Candidatos-Sob-analise-de-processo.pdf\" class=\"wp-block-file__button wp-element-button\" download aria-describedby=\"wp-block-file--media-7a8e769c-bb93-4573-ab61-cf6e4ee5ccdd\">Baixar<\/a><\/div>\n\n\n\n<div class=\"wp-block-file\"><a id=\"wp-block-file--media-a439e904-f21c-45ba-9589-ef2e38ee65dc\" href=\"https:\/\/www.ccae.ufpb.br\/dema\/wp-content\/uploads\/sites\/170\/sites\/239\/2024\/12\/Convocatoria-dos-candidatos-Sob-analise-de-processo-para-realizacao-de-prova-escrita.pdf\">Convocat\u00f3ria dos candidatos &#8211; Sob an\u00e1lise de processo &#8211; para realiza\u00e7\u00e3o de prova escrita (publicado em 14\/09\/2024, 10h22)<br><\/a><a href=\"https:\/\/www.ccae.ufpb.br\/dema\/wp-content\/uploads\/sites\/170\/sites\/239\/2024\/12\/Convocatoria-dos-candidatos-Sob-analise-de-processo-para-realizacao-de-prova-escrita.pdf\" class=\"wp-block-file__button wp-element-button\" download aria-describedby=\"wp-block-file--media-a439e904-f21c-45ba-9589-ef2e38ee65dc\">Baixar<\/a><\/div>\n\n\n\n<div class=\"wp-block-file\"><a id=\"wp-block-file--media-84a73068-3021-4350-b434-0f748b8ef81d\" href=\"https:\/\/www.ccae.ufpb.br\/dema\/wp-content\/uploads\/sites\/170\/sites\/239\/2024\/12\/Resultado-da-primeira-etapa-prova-escrita.pdf\">Resultado da primeira etapa &#8211; prova escrita (publicado em 13\/09\/2024, 14h29)<br><\/a><a href=\"https:\/\/www.ccae.ufpb.br\/dema\/wp-content\/uploads\/sites\/170\/sites\/239\/2024\/12\/Resultado-da-primeira-etapa-prova-escrita.pdf\" class=\"wp-block-file__button wp-element-button\" download aria-describedby=\"wp-block-file--media-84a73068-3021-4350-b434-0f748b8ef81d\">Baixar<\/a><\/div>\n\n\n\n<div class=\"wp-block-file\"><a id=\"wp-block-file--media-33175be7-d3f5-4ef6-a980-d74791e120d1\" href=\"https:\/\/www.ccae.ufpb.br\/dema\/wp-content\/uploads\/sites\/170\/sites\/239\/2024\/12\/Cronograma-das-provas-3a-retificacao.pdf\">Cronograma das provas &#8211; 3\u00aa retifica\u00e7\u00e3o (publicado em 13\/09\/2024, 11h04) <br><\/a><a href=\"https:\/\/www.ccae.ufpb.br\/dema\/wp-content\/uploads\/sites\/170\/sites\/239\/2024\/12\/Cronograma-das-provas-3a-retificacao.pdf\" class=\"wp-block-file__button wp-element-button\" download aria-describedby=\"wp-block-file--media-33175be7-d3f5-4ef6-a980-d74791e120d1\">Baixar<\/a><\/div>\n\n\n\n<div class=\"wp-block-file\"><a id=\"wp-block-file--media-73b6fd44-2f8f-4359-a91d-79092b914cb1\" href=\"https:\/\/www.ccae.ufpb.br\/dema\/wp-content\/uploads\/sites\/170\/sites\/239\/2024\/12\/Local-do-sorteio-dos-candidatos-e-prova-didatica.pdf\">Local do sorteio dos candidatos e prova did\u00e1tica (publicado em 13\/09\/2024, 08h51)<br><\/a><a href=\"https:\/\/www.ccae.ufpb.br\/dema\/wp-content\/uploads\/sites\/170\/sites\/239\/2024\/12\/Local-do-sorteio-dos-candidatos-e-prova-didatica.pdf\" class=\"wp-block-file__button wp-element-button\" download aria-describedby=\"wp-block-file--media-73b6fd44-2f8f-4359-a91d-79092b914cb1\">Baixar<\/a><\/div>\n\n\n\n<div class=\"wp-block-file\"><a id=\"wp-block-file--media-bcc664c1-0377-459c-b96e-3ec88950d206\" href=\"https:\/\/www.ccae.ufpb.br\/dema\/wp-content\/uploads\/sites\/170\/sites\/239\/2024\/12\/Cronograma-das-provas-com-retificacao-do-horario-do-dia-19-09.pdf\">Cronograma das provas &#8211; com retifica\u00e7\u00e3o do hor\u00e1rio do dia 19-09 (publicado em 06\/09\/2024, 11h26)<br><\/a><a href=\"https:\/\/www.ccae.ufpb.br\/dema\/wp-content\/uploads\/sites\/170\/sites\/239\/2024\/12\/Cronograma-das-provas-com-retificacao-do-horario-do-dia-19-09.pdf\" class=\"wp-block-file__button wp-element-button\" download aria-describedby=\"wp-block-file--media-bcc664c1-0377-459c-b96e-3ec88950d206\">Baixar<\/a><\/div>\n\n\n\n<div class=\"wp-block-file\"><a id=\"wp-block-file--media-0dde1b71-2347-4689-8e14-8cbdb0c5c9f1\" href=\"https:\/\/www.ccae.ufpb.br\/dema\/wp-content\/uploads\/sites\/170\/sites\/239\/2024\/12\/Local-das-provas-escritas.pdf\">Local das provas escritas (publicado em 02\/09\/2024, 16h38)<br><\/a><a href=\"https:\/\/www.ccae.ufpb.br\/dema\/wp-content\/uploads\/sites\/170\/sites\/239\/2024\/12\/Local-das-provas-escritas.pdf\" class=\"wp-block-file__button wp-element-button\" download aria-describedby=\"wp-block-file--media-0dde1b71-2347-4689-8e14-8cbdb0c5c9f1\">Baixar<\/a><\/div>\n\n\n\n<div class=\"wp-block-file\"><a id=\"wp-block-file--media-50ab2ab6-3ac0-4b9f-8add-92d98be47c8d\" href=\"https:\/\/www.ccae.ufpb.br\/dema\/wp-content\/uploads\/sites\/170\/sites\/239\/2024\/12\/Comissao-Examinadora-2a-retificacao.pdf\">Comiss\u00e3o Examinadora &#8211; 2\u00aa  retifica\u00e7\u00e3o (publicado em 30\/08\/2024, 17h27)<br><\/a><a href=\"https:\/\/www.ccae.ufpb.br\/dema\/wp-content\/uploads\/sites\/170\/sites\/239\/2024\/12\/Comissao-Examinadora-2a-retificacao.pdf\" class=\"wp-block-file__button wp-element-button\" download aria-describedby=\"wp-block-file--media-50ab2ab6-3ac0-4b9f-8add-92d98be47c8d\">Baixar<\/a><\/div>\n\n\n\n<div class=\"wp-block-file\"><a id=\"wp-block-file--media-9d9b3de7-2a2e-476b-b751-66f099143d26\" href=\"https:\/\/www.ccae.ufpb.br\/dema\/wp-content\/uploads\/sites\/170\/sites\/239\/2024\/12\/Resultado-dos-recursos-ao-Conselho-de-Centro-sobre-a-homologacao-das-inscricoes.pdf\">Resultado dos recursos ao Conselho de Centro sobre a homologa\u00e7\u00e3o das inscri\u00e7\u00f5es (publicado em 22\/08\/2024, 15h33)<br><\/a><a href=\"https:\/\/www.ccae.ufpb.br\/dema\/wp-content\/uploads\/sites\/170\/sites\/239\/2024\/12\/Resultado-dos-recursos-ao-Conselho-de-Centro-sobre-a-homologacao-das-inscricoes.pdf\" class=\"wp-block-file__button wp-element-button\" download aria-describedby=\"wp-block-file--media-9d9b3de7-2a2e-476b-b751-66f099143d26\">Baixar<\/a><\/div>\n\n\n\n<div class=\"wp-block-file\"><a id=\"wp-block-file--media-683f7c65-ae69-47dc-afe8-707500bab66f\" href=\"https:\/\/www.ccae.ufpb.br\/dema\/wp-content\/uploads\/sites\/170\/sites\/239\/2024\/12\/Cronograma-das-provas-1a-retificacao.pdf\">Cronograma das provas &#8211; 1\u00aa retifica\u00e7\u00e3o (publicado em 21\/08\/2024, 14h32)<br><\/a><a href=\"https:\/\/www.ccae.ufpb.br\/dema\/wp-content\/uploads\/sites\/170\/sites\/239\/2024\/12\/Cronograma-das-provas-1a-retificacao.pdf\" class=\"wp-block-file__button wp-element-button\" download aria-describedby=\"wp-block-file--media-683f7c65-ae69-47dc-afe8-707500bab66f\">Baixar<\/a><\/div>\n\n\n\n<div class=\"wp-block-file\"><a id=\"wp-block-file--media-c62ff7f6-30c1-46de-9f4e-b583c1080083\" href=\"https:\/\/www.ccae.ufpb.br\/dema\/wp-content\/uploads\/sites\/170\/sites\/239\/2024\/12\/Lista-das-inscricoes-homologadas.pdf\">Lista das inscri\u00e7\u00f5es homologadas (publicado em 02\/08\/2024, 17h32)<br><\/a><a href=\"https:\/\/www.ccae.ufpb.br\/dema\/wp-content\/uploads\/sites\/170\/sites\/239\/2024\/12\/Lista-das-inscricoes-homologadas.pdf\" class=\"wp-block-file__button wp-element-button\" download aria-describedby=\"wp-block-file--media-c62ff7f6-30c1-46de-9f4e-b583c1080083\">Baixar<\/a><\/div>\n\n\n\n<div class=\"wp-block-file\"><a id=\"wp-block-file--media-99dd82e2-6797-43b0-958e-5c7d9366218c\" href=\"https:\/\/www.ccae.ufpb.br\/dema\/wp-content\/uploads\/sites\/170\/sites\/239\/2024\/12\/Comissao-Examinadora-1a-retificacao.pdf\">Comiss\u00e3o Examinadora &#8211; 1\u00aa retifica\u00e7\u00e3o (publicado em 02\/08\/2024, 17h32)\u00a0<br><\/a><a href=\"https:\/\/www.ccae.ufpb.br\/dema\/wp-content\/uploads\/sites\/170\/sites\/239\/2024\/12\/Comissao-Examinadora-1a-retificacao.pdf\" class=\"wp-block-file__button wp-element-button\" download aria-describedby=\"wp-block-file--media-99dd82e2-6797-43b0-958e-5c7d9366218c\">Baixar<\/a><\/div>\n\n\n\n<div class=\"wp-block-file\"><a id=\"wp-block-file--media-cb6e5d1d-ab45-4e02-9f87-8ea8b77be745\" href=\"https:\/\/www.ccae.ufpb.br\/dema\/wp-content\/uploads\/sites\/170\/sites\/239\/2024\/12\/Requerimento-para-ressarcimento-de-GRU.pdf\">Requerimento para ressarcimento de GRU<br><\/a><a href=\"https:\/\/www.ccae.ufpb.br\/dema\/wp-content\/uploads\/sites\/170\/sites\/239\/2024\/12\/Requerimento-para-ressarcimento-de-GRU.pdf\" class=\"wp-block-file__button wp-element-button\" download aria-describedby=\"wp-block-file--media-cb6e5d1d-ab45-4e02-9f87-8ea8b77be745\">Baixar<\/a><\/div>\n\n\n\n<div class=\"wp-block-file\"><a id=\"wp-block-file--media-0172ee55-0cf7-4425-9a01-aa02b782e7f6\" href=\"https:\/\/www.ccae.ufpb.br\/dema\/wp-content\/uploads\/sites\/170\/sites\/239\/2024\/12\/Edital-no-32-30-de-abril-de-2024-retificado-pelo-Edital-no-68.pdf\">Edital n\u00ba 32, 30 de abril de 2024 &#8211; (retificado pelo Edital n\u00ba 68)<br><\/a><a href=\"https:\/\/www.ccae.ufpb.br\/dema\/wp-content\/uploads\/sites\/170\/sites\/239\/2024\/12\/Edital-no-32-30-de-abril-de-2024-retificado-pelo-Edital-no-68.pdf\" class=\"wp-block-file__button wp-element-button\" download aria-describedby=\"wp-block-file--media-0172ee55-0cf7-4425-9a01-aa02b782e7f6\">Baixar<\/a><\/div>\n\n\n\n<div class=\"wp-block-file\"><a id=\"wp-block-file--media-f0e07b8d-ebc1-45d0-98ce-a7bca4af2d07\" href=\"https:\/\/www.ccae.ufpb.br\/dema\/wp-content\/uploads\/sites\/170\/sites\/239\/2024\/12\/Edital-no-68-04-de-julho-de-2024.pdf\">Edital n\u00ba 68, 04 de julho de 2024 (retifica\u00e7\u00e3o de Edital de concurso p\u00fablico)<br><\/a><a href=\"https:\/\/www.ccae.ufpb.br\/dema\/wp-content\/uploads\/sites\/170\/sites\/239\/2024\/12\/Edital-no-68-04-de-julho-de-2024.pdf\" class=\"wp-block-file__button wp-element-button\" download aria-describedby=\"wp-block-file--media-f0e07b8d-ebc1-45d0-98ce-a7bca4af2d07\">Baixar<\/a><\/div>\n\n\n\n<div class=\"wp-block-file\"><a id=\"wp-block-file--media-77599081-6658-4b2b-96b1-fa140fb38ff6\" href=\"https:\/\/www.ccae.ufpb.br\/dema\/wp-content\/uploads\/sites\/170\/sites\/239\/2024\/12\/Oficio-circular-no-222-2024-PROGEP.pdf\">Of\u00edcio circular n\u00ba 222-2024 PROGEP (Comunicado sobre as inscri\u00e7\u00f5es)<br><\/a><a href=\"https:\/\/www.ccae.ufpb.br\/dema\/wp-content\/uploads\/sites\/170\/sites\/239\/2024\/12\/Oficio-circular-no-222-2024-PROGEP.pdf\" class=\"wp-block-file__button wp-element-button\" download aria-describedby=\"wp-block-file--media-77599081-6658-4b2b-96b1-fa140fb38ff6\">Baixar<\/a><\/div>\n\n\n\n<div class=\"wp-block-file\"><a id=\"wp-block-file--media-4996065e-eb99-4853-b6d7-7dde97e5adda\" href=\"https:\/\/www.ccae.ufpb.br\/dema\/wp-content\/uploads\/sites\/170\/sites\/239\/2024\/12\/Comunicado-da-DSP.pdf\">Comunicado da DSP (Orienta\u00e7\u00f5es aos departamentos quanto \u00e0s inscri\u00e7\u00f5es via SEDEX postadas at\u00e9 a data de 20\/06\/2024)<br><\/a><a href=\"https:\/\/www.ccae.ufpb.br\/dema\/wp-content\/uploads\/sites\/170\/sites\/239\/2024\/12\/Comunicado-da-DSP.pdf\" class=\"wp-block-file__button wp-element-button\" download aria-describedby=\"wp-block-file--media-4996065e-eb99-4853-b6d7-7dde97e5adda\">Baixar<\/a><\/div>\n\n\n\n<div class=\"wp-block-file\"><a id=\"wp-block-file--media-78b01688-37be-4d2b-b8fc-d5606bc40046\" href=\"https:\/\/www.ccae.ufpb.br\/dema\/wp-content\/uploads\/sites\/170\/sites\/239\/2024\/12\/Edital-no-58-14-de-junho-de-2024.pdf\">Edital n\u00ba 58, 14 de junho de 2024 <strong>(suspens\u00e3o do concurso p\u00fablico)<\/strong><br><\/a><a href=\"https:\/\/www.ccae.ufpb.br\/dema\/wp-content\/uploads\/sites\/170\/sites\/239\/2024\/12\/Edital-no-58-14-de-junho-de-2024.pdf\" class=\"wp-block-file__button wp-element-button\" download aria-describedby=\"wp-block-file--media-78b01688-37be-4d2b-b8fc-d5606bc40046\">Baixar<\/a><\/div>\n\n\n\n<div class=\"wp-block-file\"><a id=\"wp-block-file--media-c2ab9a11-3549-4c86-83fa-c0bf76a51b0e\" href=\"https:\/\/www.ccae.ufpb.br\/dema\/wp-content\/uploads\/sites\/170\/sites\/239\/2024\/12\/Oficio-eletronico-no-166-2024-PROGEP-DSP.pdf\">Of\u00edcio eletr\u00f4nico n\u00ba 166-2024 PROGEP-DSP (D\u00favidas sobre o Of\u00edcio circular n\u00ba 211\/2024)<br><\/a><a href=\"https:\/\/www.ccae.ufpb.br\/dema\/wp-content\/uploads\/sites\/170\/sites\/239\/2024\/12\/Oficio-eletronico-no-166-2024-PROGEP-DSP.pdf\" class=\"wp-block-file__button wp-element-button\" download aria-describedby=\"wp-block-file--media-c2ab9a11-3549-4c86-83fa-c0bf76a51b0e\">Baixar<\/a><\/div>\n\n\n\n<div class=\"wp-block-file\"><a id=\"wp-block-file--media-a769c5a7-44b6-4467-8fdf-e3e0028c779a\" href=\"https:\/\/www.ccae.ufpb.br\/dema\/wp-content\/uploads\/sites\/170\/sites\/239\/2024\/12\/Oficio-circular-no-212-2024-PROGEP.pdf\">Of\u00edcio circular n\u00ba 212-2024 PROGEP (Repercuss\u00e3o geral greve UFPB)<br><\/a><a href=\"https:\/\/www.ccae.ufpb.br\/dema\/wp-content\/uploads\/sites\/170\/sites\/239\/2024\/12\/Oficio-circular-no-212-2024-PROGEP.pdf\" class=\"wp-block-file__button wp-element-button\" download aria-describedby=\"wp-block-file--media-a769c5a7-44b6-4467-8fdf-e3e0028c779a\">Baixar<\/a><\/div>\n\n\n\n<div class=\"wp-block-file\"><a id=\"wp-block-file--media-3d3a7503-09c0-436c-b55d-aacf7bd1f85f\" href=\"https:\/\/www.ccae.ufpb.br\/dema\/wp-content\/uploads\/sites\/170\/sites\/239\/2024\/12\/Oficio-circular-no-211-2024-PROGEP.pdf\">Of\u00edcio circular n\u00ba 211-2024 PROGEP (Orienta\u00e7\u00f5es sobre realiza\u00e7\u00e3o de concursos durante per\u00edodo de greve)<strong>\u00a0<\/strong> <br><\/a><a href=\"https:\/\/www.ccae.ufpb.br\/dema\/wp-content\/uploads\/sites\/170\/sites\/239\/2024\/12\/Oficio-circular-no-211-2024-PROGEP.pdf\" class=\"wp-block-file__button wp-element-button\" download aria-describedby=\"wp-block-file--media-3d3a7503-09c0-436c-b55d-aacf7bd1f85f\">Baixar<\/a><\/div>\n\n\n\n<div class=\"wp-block-file\"><a id=\"wp-block-file--media-611368ed-5b22-4b7d-b74c-26ab4e2d47b3\" href=\"https:\/\/www.ccae.ufpb.br\/dema\/wp-content\/uploads\/sites\/170\/sites\/239\/2024\/12\/Edital-no-32-30-de-abril-de-2024-retificado-pelo-Edital-no-40-publicado-no-DOU-no-94-em-16-05-2024.pdf\">Edital n\u00ba 32, 30 de abril de 2024 &#8211; retificado pelo Edital n\u00ba 40, publicado no DOU n\u00ba 94, em 16-05-2024<br><\/a><a href=\"https:\/\/www.ccae.ufpb.br\/dema\/wp-content\/uploads\/sites\/170\/sites\/239\/2024\/12\/Edital-no-32-30-de-abril-de-2024-retificado-pelo-Edital-no-40-publicado-no-DOU-no-94-em-16-05-2024.pdf\" class=\"wp-block-file__button wp-element-button\" download aria-describedby=\"wp-block-file--media-611368ed-5b22-4b7d-b74c-26ab4e2d47b3\">Baixar<\/a><\/div>\n\n\n\n<div class=\"wp-block-file\"><a id=\"wp-block-file--media-d59d53ce-7bc6-441a-a22d-e414ee1d11c3\" href=\"https:\/\/www.ccae.ufpb.br\/dema\/wp-content\/uploads\/sites\/170\/sites\/239\/2024\/12\/Edital-no-32-30-de-abril-de-2024.pdf\">Edital n\u00ba 32, 30 de abril de 2024<br><\/a><a href=\"https:\/\/www.ccae.ufpb.br\/dema\/wp-content\/uploads\/sites\/170\/sites\/239\/2024\/12\/Edital-no-32-30-de-abril-de-2024.pdf\" class=\"wp-block-file__button wp-element-button\" download aria-describedby=\"wp-block-file--media-d59d53ce-7bc6-441a-a22d-e414ee1d11c3\">Baixar<\/a><\/div>\n\n\n\n<div class=\"wp-block-file\"><a id=\"wp-block-file--media-2a1e2679-6d57-4552-9bfc-75ab02213d65\" href=\"https:\/\/www.ccae.ufpb.br\/dema\/wp-content\/uploads\/sites\/170\/sites\/239\/2024\/12\/Requerimento-de-inscricao.docx\">Requerimento de inscri\u00e7\u00e3o<br><\/a><a href=\"https:\/\/www.ccae.ufpb.br\/dema\/wp-content\/uploads\/sites\/170\/sites\/239\/2024\/12\/Requerimento-de-inscricao.docx\" class=\"wp-block-file__button wp-element-button\" download aria-describedby=\"wp-block-file--media-2a1e2679-6d57-4552-9bfc-75ab02213d65\">Baixar<\/a><\/div>\n\n\n\n<div class=\"wp-block-file\"><a id=\"wp-block-file--media-2777a36b-3d98-40bc-b6e6-7904445cfa48\" href=\"https:\/\/www.ccae.ufpb.br\/dema\/wp-content\/uploads\/sites\/170\/sites\/239\/2024\/12\/Termo-de-autodeclaracao.doc\">Termo de autodeclara\u00e7\u00e3o<br><\/a><a href=\"https:\/\/www.ccae.ufpb.br\/dema\/wp-content\/uploads\/sites\/170\/sites\/239\/2024\/12\/Termo-de-autodeclaracao.doc\" class=\"wp-block-file__button wp-element-button\" download aria-describedby=\"wp-block-file--media-2777a36b-3d98-40bc-b6e6-7904445cfa48\">Baixar<\/a><\/div>\n\n\n\n<div class=\"wp-block-file\"><a id=\"wp-block-file--media-39343637-7d5f-40f0-be0d-a6000259f832\" href=\"https:\/\/www.ccae.ufpb.br\/dema\/wp-content\/uploads\/sites\/170\/sites\/239\/2024\/12\/Cronograma-das-provas-primeira-publicacao.pdf\">Cronograma das provas (publicado em 15\/05\/2024, 15h26)<br><\/a><a href=\"https:\/\/www.ccae.ufpb.br\/dema\/wp-content\/uploads\/sites\/170\/sites\/239\/2024\/12\/Cronograma-das-provas-primeira-publicacao.pdf\" class=\"wp-block-file__button wp-element-button\" download aria-describedby=\"wp-block-file--media-39343637-7d5f-40f0-be0d-a6000259f832\">Baixar<\/a><\/div>\n\n\n\n<div class=\"wp-block-file\"><a id=\"wp-block-file--media-926c97a3-5602-4d8c-9e18-88a1ed70067b\" href=\"https:\/\/www.ccae.ufpb.br\/dema\/wp-content\/uploads\/sites\/170\/sites\/239\/2024\/12\/Conteudo-programatico.pdf\">Conte\u00fado program\u00e1tico (publicado em 15\/05\/2024, 15h26)<br><\/a><a href=\"https:\/\/www.ccae.ufpb.br\/dema\/wp-content\/uploads\/sites\/170\/sites\/239\/2024\/12\/Conteudo-programatico.pdf\" class=\"wp-block-file__button wp-element-button\" download aria-describedby=\"wp-block-file--media-926c97a3-5602-4d8c-9e18-88a1ed70067b\">Baixar<\/a><\/div>\n\n\n\n<div class=\"wp-block-file\"><a id=\"wp-block-file--media-b51d7da2-98c9-4abc-b7c1-9f21c41f25b0\" href=\"https:\/\/www.ccae.ufpb.br\/dema\/wp-content\/uploads\/sites\/170\/sites\/239\/2024\/12\/Comissao-examinadora.pdf\">Comiss\u00e3o examinadora (publicado em 20\/05\/2024, 15h06)<br><\/a><a href=\"https:\/\/www.ccae.ufpb.br\/dema\/wp-content\/uploads\/sites\/170\/sites\/239\/2024\/12\/Comissao-examinadora.pdf\" class=\"wp-block-file__button wp-element-button\" download aria-describedby=\"wp-block-file--media-b51d7da2-98c9-4abc-b7c1-9f21c41f25b0\">Baixar<\/a><\/div>\n\n\n\n<div class=\"wp-block-file\"><a id=\"wp-block-file--media-b2174a5b-3c59-4c03-8caa-de0fb631c0b1\" href=\"https:\/\/www.ccae.ufpb.br\/dema\/wp-content\/uploads\/sites\/170\/sites\/239\/2024\/12\/Resultado-dos-pedidos-de-isencao.pdf\">Resultado dos pedidos de isen\u00e7\u00e3o (publicado em 29\/05\/2024, 17h)<\/a><a href=\"https:\/\/www.ccae.ufpb.br\/dema\/wp-content\/uploads\/sites\/170\/sites\/239\/2024\/12\/Resultado-dos-pedidos-de-isencao.pdf\" class=\"wp-block-file__button wp-element-button\" download aria-describedby=\"wp-block-file--media-b2174a5b-3c59-4c03-8caa-de0fb631c0b1\">Baixar<\/a><\/div>\n\n\n\n<p><\/p>\n","protected":false},"excerpt":{"rendered":"","protected":false},"author":180,"featured_media":0,"parent":0,"menu_order":0,"comment_status":"closed","ping_status":"closed","template":"","meta":{"footnotes":""},"class_list":["post-109","page","type-page","status-publish","hentry"],"_links":{"self":[{"href":"https:\/\/www.ccae.ufpb.br\/dema\/wp-json\/wp\/v2\/pages\/109","targetHints":{"allow":["GET"]}}],"collection":[{"href":"https:\/\/www.ccae.ufpb.br\/dema\/wp-json\/wp\/v2\/pages"}],"about":[{"href":"https:\/\/www.ccae.ufpb.br\/dema\/wp-json\/wp\/v2\/types\/page"}],"author":[{"embeddable":true,"href":"https:\/\/www.ccae.ufpb.br\/dema\/wp-json\/wp\/v2\/users\/180"}],"replies":[{"embeddable":true,"href":"https:\/\/www.ccae.ufpb.br\/dema\/wp-json\/wp\/v2\/comments?post=109"}],"version-history":[{"count":6,"href":"https:\/\/www.ccae.ufpb.br\/dema\/wp-json\/wp\/v2\/pages\/109\/revisions"}],"predecessor-version":[{"id":122,"href":"https:\/\/www.ccae.ufpb.br\/dema\/wp-json\/wp\/v2\/pages\/109\/revisions\/122"}],"wp:attachment":[{"href":"https:\/\/www.ccae.ufpb.br\/dema\/wp-json\/wp\/v2\/media?parent=109"}],"curies":[{"name":"wp","href":"https:\/\/api.w.org\/{rel}","templated":true}]}}