{"id":16,"date":"2024-11-26T15:19:46","date_gmt":"2024-11-26T15:19:46","guid":{"rendered":"https:\/\/www.ccae.ufpb.br\/dema\/?page_id=16"},"modified":"2025-11-12T19:45:51","modified_gmt":"2025-11-12T19:45:51","slug":"apresentacao","status":"publish","type":"page","link":"https:\/\/www.ccae.ufpb.br\/dema\/apresentacao\/","title":{"rendered":"Apresenta\u00e7\u00e3o"},"content":{"rendered":"\n<p>O&nbsp;<strong>Departamento de Engenharia e Meio Ambiente<\/strong>&nbsp;(DEMA) do Centro de Ci\u00eancias Aplicadas e Educa\u00e7\u00e3o (<strong><a href=\"http:\/\/www.ccae.ufpb.br\">CCAE<\/a><\/strong>) da Universidade Federal da Para\u00edba (<strong><a href=\"https:\/\/www.ufpb.br\/ufpb\" target=\"_blank\" rel=\"noreferrer noopener\">UFPB<\/a><\/strong>) tem por objetivo servir a sociedade atrav\u00e9s da gera\u00e7\u00e3o, transmiss\u00e3o e divulga\u00e7\u00e3o do conhecimento visando formar profissionais \u00e9ticos, t\u00e9cnicos e cient\u00edficos para interagirem com a sociedade, de modo avaliar as condi\u00e7\u00f5es ambientais de ecossistemas naturais e antr\u00f3picos e a supervisionar a aplica\u00e7\u00e3o de a\u00e7\u00f5es reparadoras ou mitigadoras dos impactos negativos produzidos pelas atividades humanas ou naturais&nbsp;(<strong><a href=\"https:\/\/sig-arq.ufpb.br\/arquivos\/2016174135a77f2298977198e7f3dd9b\/RES._N43-2006.pdf\" target=\"_blank\" rel=\"noreferrer noopener\">PPC-Ecologia 2006<\/a><\/strong>, alterado pela&nbsp;<strong><a href=\"https:\/\/sig-arq.ufpb.br\/arquivos\/20151571225075100806524e6eed281c\/Rsep15_2010.pdf\" target=\"_blank\" rel=\"noreferrer noopener\">Resolu\u00e7\u00e3o n\u00ba 15\/2010<\/a><\/strong>&nbsp;do CONSEPE\/UFPB).<\/p>\n\n\n\n<p>Para cumprir esta miss\u00e3o, o corpo docente que comp\u00f5e o DEMA atua nos&nbsp;<strong>tr\u00eas pilares da estrutura acad\u00eamica<\/strong>&nbsp;da UFPB, quais sejam:<\/p>\n\n\n\n<ul class=\"wp-block-list\">\n<li><em><strong>Ensino<\/strong><\/em>\n<ul class=\"wp-block-list\">\n<li><em><strong>Pesquisa<\/strong><\/em>\n<ul class=\"wp-block-list\">\n<li><em><strong>Extens\u00e3o<\/strong><\/em><\/li>\n<\/ul>\n<\/li>\n<\/ul>\n<\/li>\n<\/ul>\n\n\n\n<p>Acesse a&nbsp;<strong><a href=\"https:\/\/sigaa.ufpb.br\/sigaa\/public\/departamento\/portal.jsf?id=1636\" target=\"_blank\" rel=\"noreferrer noopener\">p\u00e1gina oficial do DEMA<\/a><\/strong>&nbsp;atrav\u00e9s do&nbsp;<strong><em>Sistema Integrado de Gest\u00e3o de Atividades Acad\u00eamicas<\/em><\/strong>&nbsp;&#8211;&nbsp;<strong><a href=\"https:\/\/sigaa.ufpb.br\/sigaa\/public\/home.jsf\" target=\"_blank\" rel=\"noreferrer noopener\">SIGAA<\/a><\/strong>.<\/p>\n\n\n\n<p class=\"has-medium-font-size\"><strong>Hist\u00f3rico<\/strong><\/p>\n\n\n\n<p>No in\u00edcio de 2006, com a aprova\u00e7\u00e3o do Projeto de expans\u00e3o da UFPB pelo MEC, atrav\u00e9s do Programa Expandir (REUNI &#8211; Programa de Apoio a Planos de Reestrutura\u00e7\u00e3o e Expans\u00e3o das Universidades Federais), foi criado pela&nbsp;<strong><a href=\"https:\/\/sig-arq.ufpb.br\/arquivos\/2015020096eb251189585c5995aa35ba\/RES._N06-2006.pdf\" target=\"_blank\" rel=\"noreferrer noopener\">Resolu\u00e7\u00e3o n\u00ba 6\/2006<\/a><\/strong>&nbsp;do CONSUNI\/UFPB o Campus IV, Litoral Norte, composto pelo&nbsp;<strong><a href=\"http:\/\/www.ccae.ufpb.br\">Centro de Ci\u00eancias Aplicadas e Educa\u00e7\u00e3o (CCAE)<\/a><\/strong>, subdividindo-se em duas unidades, localizadas nos munic\u00edpios de&nbsp;<strong><a href=\"https:\/\/www.mamanguape.pb.gov.br\/\" target=\"_blank\" rel=\"noreferrer noopener\">Mamanguape<\/a><\/strong>&nbsp;e&nbsp;<strong><a href=\"https:\/\/www.riotinto.pb.gov.br\/\" target=\"_blank\" rel=\"noreferrer noopener\">Rio Tinto<\/a><\/strong>, Para\u00edba.<\/p>\n\n\n\n<p>No segundo semestre de 2006, durante o reitorado do Prof. R\u00f4mulo Soares Polaris, criou-se, vinculado ao CCAE, o&nbsp;<strong>Departamento de Engenharia e Meio Ambiente (DEMA)<\/strong>. Relatos apontam que o DEMA nasceu, originalmente, para atender a cria\u00e7\u00e3o dos cursos de Ecologia, Design e, tamb\u00e9m, Engenharia de Pesca, com funcionamento na unidade Rio Tinto. Dificuldades log\u00edsticas e de custos operacionais para funcionamento do curso de Engenharia de Pesca impediram a sua cria\u00e7\u00e3o.<\/p>\n\n\n\n<p><strong>Em 2011<\/strong>, com a cria\u00e7\u00e3o do Departamento de Design (Resolu\u00e7\u00e3o n\u00ba 29\/2011 do CONSUNI\/UFPB) para atender as demandas do curso de Design, o&nbsp;<strong>DEMA<\/strong>&nbsp;passa a atender apenas as demandas vinculadas ao curso de&nbsp;<strong><a href=\"http:\/\/www.ccae.ufpb.br\/ecologia\">Bacharelado em Ecologia<\/a><\/strong>.<\/p>\n\n\n\n<p>Desde sua cria\u00e7\u00e3o, o DEMA vem reafirmando o compromisso com a comunidade acad\u00eamica (docentes, discente, t\u00e9cnicos administrativos) em fazer educa\u00e7\u00e3o de qualidade, cujo alicerce fundamenta-se, indissociavelmente, no trip\u00e9 da estrutura acad\u00eamica da UFPB: ensino, pesquisa e extens\u00e3o.<\/p>\n\n\n\n<p>Para alcan\u00e7ar excel\u00eancia no processo de Ensino, o DEMA conta com um corpo docente qualificado (18 professores doutores) com forma\u00e7\u00e3o nos mais variados campos do conhecimento que permeiam os cen\u00e1rios interdisciplinares da Ecologia, Meio Ambiente e \u00e1reas afins. \u00c9 digno de nota, que alguns desses docentes propuseram, em 2010, a cria\u00e7\u00e3o do Programa de P\u00f3s-Gradua\u00e7\u00e3o em Ecologia e Sustentabilidade (<strong><a href=\"https:\/\/sigaa.ufpb.br\/sigaa\/public\/programa\/portal.jsf?lc=pt_BR&amp;id=1897\" target=\"_blank\" rel=\"noreferrer noopener\">PPGECOS<\/a><\/strong>) do CCAE\/UFPB, que foi aprovado em 2011 pela CAPES.<\/p>\n\n\n\n<p>Registre-se que alguns desses docentes desempenharam (desempenham), al\u00e9m das atividades docentes, a fun\u00e7\u00e3o administrativa de chefia departamental. Em ordem de gest\u00e3o (considerando que cada mandato geralmente tem um tempo m\u00e1ximo de 2 anos), listam-se as&nbsp;<strong>chefias imediatas do DEMA<\/strong>:<\/p>\n\n\n\n<ul class=\"wp-block-list\">\n<li>Profa. Dra. Rita Baltazar de Lima (primeira chefe \u2013&nbsp;<em>in memoriam<\/em>)<\/li>\n\n\n\n<li>Profa. Dra. Evelise M\u00e1rcia Locatelli de Souza<\/li>\n\n\n\n<li>Prof. Dr. Anderson Alves dos Santos<\/li>\n\n\n\n<li>Prof. Dr. Leonardo Figueiredo de Meneses<\/li>\n\n\n\n<li>Profa. Dra. Nadjacleia Vilar Almeida<\/li>\n\n\n\n<li>Prof. Dr. Ronaldo Bastos Francini Filho<\/li>\n\n\n\n<li>Prof. Dr. Pablo Riul<\/li>\n\n\n\n<li>Profa. Dra. Zelma Glebya Maciel Quirino<\/li>\n\n\n\n<li>Prof. Dr. Joel Silva dos Santos<\/li>\n\n\n\n<li>Prof. Dr. Williame Farias Ribeiro<\/li>\n\n\n\n<li>Prof. Dr.&nbsp;\u00c9vio Eduardo Chaves de Melo <\/li>\n\n\n\n<li>Prof. Dr. Leonardo Figueiredo de Meneses (atual chefe)<\/li>\n<\/ul>\n\n\n\n<p>Fonte: Texto elaborado com base em documentos do DEMA e depoimentos de professores que estavam desde o processo de concep\u00e7\u00e3o do departamento.<\/p>\n","protected":false},"excerpt":{"rendered":"<p>O\u00a0Departamento de Engenharia e Meio Ambiente\u00a0(DEMA) do Centro de Ci\u00eancias Aplicadas e Educa\u00e7\u00e3o (CCAE) da Universidade Federal da Para\u00edba (UFPB) tem por objetivo servir a sociedade atrav\u00e9s da gera\u00e7\u00e3o, transmiss\u00e3o e divulga\u00e7\u00e3o do conhecimento visando formar profissionais \u00e9ticos, t\u00e9cnicos e cient\u00edficos para interagirem com a sociedade, de modo avaliar as condi\u00e7\u00f5es ambientais de ecossistemas naturais e antr\u00f3picos e a supervisionar a aplica\u00e7\u00e3o de a\u00e7\u00f5es reparadoras ou mitigadoras dos impactos negativos produzidos pelas atividades humanas ou naturais<\/p>\n","protected":false},"author":47,"featured_media":352,"parent":0,"menu_order":0,"comment_status":"closed","ping_status":"closed","template":"","meta":{"footnotes":""},"class_list":["post-16","page","type-page","status-publish","has-post-thumbnail","hentry"],"_links":{"self":[{"href":"https:\/\/www.ccae.ufpb.br\/dema\/wp-json\/wp\/v2\/pages\/16","targetHints":{"allow":["GET"]}}],"collection":[{"href":"https:\/\/www.ccae.ufpb.br\/dema\/wp-json\/wp\/v2\/pages"}],"about":[{"href":"https:\/\/www.ccae.ufpb.br\/dema\/wp-json\/wp\/v2\/types\/page"}],"author":[{"embeddable":true,"href":"https:\/\/www.ccae.ufpb.br\/dema\/wp-json\/wp\/v2\/users\/47"}],"replies":[{"embeddable":true,"href":"https:\/\/www.ccae.ufpb.br\/dema\/wp-json\/wp\/v2\/comments?post=16"}],"version-history":[{"count":8,"href":"https:\/\/www.ccae.ufpb.br\/dema\/wp-json\/wp\/v2\/pages\/16\/revisions"}],"predecessor-version":[{"id":454,"href":"https:\/\/www.ccae.ufpb.br\/dema\/wp-json\/wp\/v2\/pages\/16\/revisions\/454"}],"wp:featuredmedia":[{"embeddable":true,"href":"https:\/\/www.ccae.ufpb.br\/dema\/wp-json\/wp\/v2\/media\/352"}],"wp:attachment":[{"href":"https:\/\/www.ccae.ufpb.br\/dema\/wp-json\/wp\/v2\/media?parent=16"}],"curies":[{"name":"wp","href":"https:\/\/api.w.org\/{rel}","templated":true}]}}