{"id":43,"date":"2024-11-26T17:01:00","date_gmt":"2024-11-26T17:01:00","guid":{"rendered":"https:\/\/www.ccae.ufpb.br\/dema\/?page_id=43"},"modified":"2026-03-13T13:40:27","modified_gmt":"2026-03-13T13:40:27","slug":"portarias","status":"publish","type":"page","link":"https:\/\/www.ccae.ufpb.br\/dema\/documentos\/portarias\/","title":{"rendered":"Portarias"},"content":{"rendered":"\n<p><strong>Portarias DEMA 2026<\/strong><\/p>\n\n\n\n<div data-wp-interactive=\"core\/file\" class=\"wp-block-file\"><object data-wp-bind--hidden=\"!state.hasPdfPreview\" hidden class=\"wp-block-file__embed\" data=\"http:\/\/www.ccae.ufpb.br\/dema\/wp-content\/uploads\/sites\/170\/sites\/239\/2026\/03\/PORTARIA_10_2026_CCAE_-_DEMA2843812250560761539.pdf\" type=\"application\/pdf\" style=\"width:100%;height:200px\" aria-label=\"Incorporado de Portaria n\u00ba 10-2026 CCAE-DEMA - Coordena\u00e7\u00e3o LEA.\"><\/object><a id=\"wp-block-file--media-a10aa560-8502-43b2-ae2a-6f32f8030fa3\" href=\"http:\/\/www.ccae.ufpb.br\/dema\/wp-content\/uploads\/sites\/170\/sites\/239\/2026\/03\/PORTARIA_10_2026_CCAE_-_DEMA2843812250560761539.pdf\">Portaria n\u00ba 10-2026 CCAE-DEMA &#8211; Coordena\u00e7\u00e3o LEA<\/a><a href=\"http:\/\/www.ccae.ufpb.br\/dema\/wp-content\/uploads\/sites\/170\/sites\/239\/2026\/03\/PORTARIA_10_2026_CCAE_-_DEMA2843812250560761539.pdf\" class=\"wp-block-file__button wp-element-button\" download aria-describedby=\"wp-block-file--media-a10aa560-8502-43b2-ae2a-6f32f8030fa3\">Baixar<\/a><\/div>\n\n\n\n<div class=\"wp-block-file\"><a id=\"wp-block-file--media-68c884eb-a392-48d1-bf0c-3c343b2e2d10\" href=\"https:\/\/www.ccae.ufpb.br\/dema\/wp-content\/uploads\/sites\/170\/sites\/239\/2026\/02\/Portaria-no-8-2026-CCAE-DEMA-Comissao-de-Progressao-Funcional.pdf\">Portaria n\u00ba 8-2026 CCAE-DEMA &#8211; Comiss\u00e3o de Progress\u00e3o Funcional<\/a><a href=\"https:\/\/www.ccae.ufpb.br\/dema\/wp-content\/uploads\/sites\/170\/sites\/239\/2026\/02\/Portaria-no-8-2026-CCAE-DEMA-Comissao-de-Progressao-Funcional.pdf\" class=\"wp-block-file__button wp-element-button\" download aria-describedby=\"wp-block-file--media-68c884eb-a392-48d1-bf0c-3c343b2e2d10\">Baixar<\/a><\/div>\n\n\n\n<p><strong>Portarias DEMA 2025<\/strong><\/p>\n\n\n\n<div class=\"wp-block-file\"><a id=\"wp-block-file--media-dbb1372c-07e8-4f12-841a-8deefd5f8d81\" href=\"https:\/\/www.ccae.ufpb.br\/dema\/wp-content\/uploads\/sites\/170\/sites\/239\/2026\/01\/Portaria-no-8-2025-CCAE-DEMA-Comissao-de-Estagio-Probatorio.pdf\">Portaria n\u00ba 8-2025 CCAE-DEMA &#8211; Comiss\u00e3o de Est\u00e1gio Probat\u00f3rio<\/a><a href=\"https:\/\/www.ccae.ufpb.br\/dema\/wp-content\/uploads\/sites\/170\/sites\/239\/2026\/01\/Portaria-no-8-2025-CCAE-DEMA-Comissao-de-Estagio-Probatorio.pdf\" class=\"wp-block-file__button wp-element-button\" download aria-describedby=\"wp-block-file--media-dbb1372c-07e8-4f12-841a-8deefd5f8d81\">Baixar<\/a><\/div>\n\n\n\n<div class=\"wp-block-file\"><a id=\"wp-block-file--media-a288059d-36c7-401e-aa99-5595e9795959\" href=\"https:\/\/www.ccae.ufpb.br\/dema\/wp-content\/uploads\/sites\/170\/sites\/239\/2025\/11\/PORTARIA_18_2025_CCAE-DEMA-Comissao-de-Encargos-Docentes.pdf\">Portaria n\u00ba 18-2025 CCAE-DEMA &#8211; Comiss\u00e3o de Encargos Docentes<\/a><a href=\"https:\/\/www.ccae.ufpb.br\/dema\/wp-content\/uploads\/sites\/170\/sites\/239\/2025\/11\/PORTARIA_18_2025_CCAE-DEMA-Comissao-de-Encargos-Docentes.pdf\" class=\"wp-block-file__button wp-element-button\" download aria-describedby=\"wp-block-file--media-a288059d-36c7-401e-aa99-5595e9795959\">Baixar<\/a><\/div>\n\n\n\n<p><\/p>\n\n\n\n<p><strong>Portarias DEMA 2024<\/strong><\/p>\n\n\n\n<div class=\"wp-block-file\"><a id=\"wp-block-file--media-467b69b8-0c19-4b5f-9f01-b79dc55961cb\" href=\"https:\/\/www.ccae.ufpb.br\/dema\/wp-content\/uploads\/sites\/170\/sites\/239\/2024\/12\/Portaria-no-03-2024-DEMA-CCAE-Comissao-Concurso.pdf\">Portaria n\u00ba  03-2024 DEMA-CCAE &#8211; Comiss\u00e3o Concurso<\/a><a href=\"https:\/\/www.ccae.ufpb.br\/dema\/wp-content\/uploads\/sites\/170\/sites\/239\/2024\/12\/Portaria-no-03-2024-DEMA-CCAE-Comissao-Concurso.pdf\" class=\"wp-block-file__button wp-element-button\" download aria-describedby=\"wp-block-file--media-467b69b8-0c19-4b5f-9f01-b79dc55961cb\">Baixar<\/a><\/div>\n\n\n\n<div class=\"wp-block-file\"><a id=\"wp-block-file--media-71c6c434-2ab9-41ee-8d4b-4ce12ccdd2e4\" href=\"https:\/\/www.ccae.ufpb.br\/dema\/wp-content\/uploads\/sites\/170\/sites\/239\/2024\/12\/Portaria-no-04-2024-DEMA-CCAE-Comissao-de-Encargos-Docentes.pdf\">Portaria n\u00ba 04-2024 DEMA-CCAE &#8211; Comiss\u00e3o de Encargos Docentes<\/a><a href=\"https:\/\/www.ccae.ufpb.br\/dema\/wp-content\/uploads\/sites\/170\/sites\/239\/2024\/12\/Portaria-no-04-2024-DEMA-CCAE-Comissao-de-Encargos-Docentes.pdf\" class=\"wp-block-file__button wp-element-button\" download aria-describedby=\"wp-block-file--media-71c6c434-2ab9-41ee-8d4b-4ce12ccdd2e4\">Baixar<\/a><\/div>\n\n\n\n<div class=\"wp-block-file\"><a id=\"wp-block-file--media-aef2e200-d992-4675-aa1b-f3a3e3665013\" href=\"https:\/\/www.ccae.ufpb.br\/dema\/wp-content\/uploads\/sites\/170\/sites\/239\/2024\/12\/Portaria-no-05-2024-DEMA-CCAE-Comissao-de-Progressao-Funcional.pdf\">Portaria n\u00ba 05-2024 DEMA-CCAE &#8211; Comiss\u00e3o de Progress\u00e3o Funcional<\/a><a href=\"https:\/\/www.ccae.ufpb.br\/dema\/wp-content\/uploads\/sites\/170\/sites\/239\/2024\/12\/Portaria-no-05-2024-DEMA-CCAE-Comissao-de-Progressao-Funcional.pdf\" class=\"wp-block-file__button wp-element-button\" download aria-describedby=\"wp-block-file--media-aef2e200-d992-4675-aa1b-f3a3e3665013\">Baixar<\/a><\/div>\n\n\n\n<div class=\"wp-block-file\"><a id=\"wp-block-file--media-95b1d2da-2356-47c4-ace1-cc2499fbe2d5\" href=\"https:\/\/www.ccae.ufpb.br\/dema\/wp-content\/uploads\/sites\/170\/sites\/239\/2024\/12\/Portaria-no-07-2024-DEMA-CCAE-Afastamento-de-curtissima-duracao-Prof.-Rafael.pdf\">Portaria n\u00ba 07-2024 DEMA-CCAE &#8211; Afastamento de curt\u00edssima dura\u00e7\u00e3o Prof. Rafael<\/a><a href=\"https:\/\/www.ccae.ufpb.br\/dema\/wp-content\/uploads\/sites\/170\/sites\/239\/2024\/12\/Portaria-no-07-2024-DEMA-CCAE-Afastamento-de-curtissima-duracao-Prof.-Rafael.pdf\" class=\"wp-block-file__button wp-element-button\" download aria-describedby=\"wp-block-file--media-95b1d2da-2356-47c4-ace1-cc2499fbe2d5\">Baixar<\/a><\/div>\n\n\n\n<div class=\"wp-block-file\"><a id=\"wp-block-file--media-5befbfa6-893d-421b-946d-157315109c52\" href=\"https:\/\/www.ccae.ufpb.br\/dema\/wp-content\/uploads\/sites\/170\/sites\/239\/2024\/12\/Portaria-no-08-2024-DEMA-CCAE-Afastamento-de-curtissima-duracao-Prof.-Rafael.pdf\">Portaria n\u00ba 08-2024 DEMA-CCAE &#8211; Afastamento de curt\u00edssima dura\u00e7\u00e3o Prof. Rafael<\/a><a href=\"https:\/\/www.ccae.ufpb.br\/dema\/wp-content\/uploads\/sites\/170\/sites\/239\/2024\/12\/Portaria-no-08-2024-DEMA-CCAE-Afastamento-de-curtissima-duracao-Prof.-Rafael.pdf\" class=\"wp-block-file__button wp-element-button\" download aria-describedby=\"wp-block-file--media-5befbfa6-893d-421b-946d-157315109c52\">Baixar<\/a><\/div>\n\n\n\n<div class=\"wp-block-file\"><a id=\"wp-block-file--media-25b3ca4d-84a1-4d1e-a553-d751cf4c5eea\" href=\"https:\/\/www.ccae.ufpb.br\/dema\/wp-content\/uploads\/sites\/170\/sites\/239\/2024\/12\/Portaria-no-09-2024-DEMA-CCAE-Afastamento-de-curtissima-duracao-Profa.-Zelma-Quirino.pdf\">Portaria n\u00ba 09-2024 DEMA-CCAE &#8211; Afastamento de curt\u00edssima dura\u00e7\u00e3o Profa. Zelma Quirino<\/a><a href=\"https:\/\/www.ccae.ufpb.br\/dema\/wp-content\/uploads\/sites\/170\/sites\/239\/2024\/12\/Portaria-no-09-2024-DEMA-CCAE-Afastamento-de-curtissima-duracao-Profa.-Zelma-Quirino.pdf\" class=\"wp-block-file__button wp-element-button\" download aria-describedby=\"wp-block-file--media-25b3ca4d-84a1-4d1e-a553-d751cf4c5eea\">Baixar<\/a><\/div>\n\n\n\n<div class=\"wp-block-file\"><a id=\"wp-block-file--media-c8c6b96e-fe7f-423f-b241-e21161e61ee3\" href=\"https:\/\/www.ccae.ufpb.br\/dema\/wp-content\/uploads\/sites\/170\/sites\/239\/2024\/12\/Portaria-no-10-2024-DEMA-CCAE-Afastamento-curtissima-duracao-Profa.-Carla.pdf\">Portaria n\u00ba 10-2024 DEMA-CCAE &#8211; Afastamento curt\u00edssima dura\u00e7\u00e3o Profa. Carla<\/a><a href=\"https:\/\/www.ccae.ufpb.br\/dema\/wp-content\/uploads\/sites\/170\/sites\/239\/2024\/12\/Portaria-no-10-2024-DEMA-CCAE-Afastamento-curtissima-duracao-Profa.-Carla.pdf\" class=\"wp-block-file__button wp-element-button\" download aria-describedby=\"wp-block-file--media-c8c6b96e-fe7f-423f-b241-e21161e61ee3\">Baixar<\/a><\/div>\n\n\n\n<div class=\"wp-block-file\"><a id=\"wp-block-file--media-c6aec52f-c78c-4244-aaf0-1f078e077b38\" href=\"https:\/\/www.ccae.ufpb.br\/dema\/wp-content\/uploads\/sites\/170\/sites\/239\/2024\/12\/Portaria-no-11-2024-tornando-sem-efeito-a-Portaria-no-10-2024.pdf\">Portaria n\u00ba 11-2024 DEMA-CCAE &#8211; Tornando sem efeito a Portaria n\u00ba 10-2024<\/a><a href=\"https:\/\/www.ccae.ufpb.br\/dema\/wp-content\/uploads\/sites\/170\/sites\/239\/2024\/12\/Portaria-no-11-2024-tornando-sem-efeito-a-Portaria-no-10-2024.pdf\" class=\"wp-block-file__button wp-element-button\" download aria-describedby=\"wp-block-file--media-c6aec52f-c78c-4244-aaf0-1f078e077b38\">Baixar<\/a><\/div>\n\n\n\n<div class=\"wp-block-file\"><a id=\"wp-block-file--media-60d4991f-1b6c-44d4-8d7a-154ff505031a\" href=\"https:\/\/www.ccae.ufpb.br\/dema\/wp-content\/uploads\/sites\/170\/sites\/239\/2024\/12\/Portaria-no-17-2024-DEMA-CCAE-Afastamento-curtissima-duracao-Profa.-Zelma-Quirino.pdf\">Portaria n\u00ba 17-2024 DEMA-CCAE &#8211; Afastamento curt\u00edssima dura\u00e7\u00e3o Profa. Zelma Quirino<\/a><a href=\"https:\/\/www.ccae.ufpb.br\/dema\/wp-content\/uploads\/sites\/170\/sites\/239\/2024\/12\/Portaria-no-17-2024-DEMA-CCAE-Afastamento-curtissima-duracao-Profa.-Zelma-Quirino.pdf\" class=\"wp-block-file__button wp-element-button\" download aria-describedby=\"wp-block-file--media-60d4991f-1b6c-44d4-8d7a-154ff505031a\">Baixar<\/a><\/div>\n\n\n\n<div class=\"wp-block-file\"><a id=\"wp-block-file--media-ee5b5eb6-597b-4240-bb11-44c33e36e431\" href=\"https:\/\/www.ccae.ufpb.br\/dema\/wp-content\/uploads\/sites\/170\/sites\/239\/2024\/12\/Portaria-no-18-2024-Coordenacao-LAGEO.pdf\">Portaria n\u00ba 18-2024 DEMA-CCAE &#8211; Coordena\u00e7\u00e3o LAGEO<\/a><a href=\"https:\/\/www.ccae.ufpb.br\/dema\/wp-content\/uploads\/sites\/170\/sites\/239\/2024\/12\/Portaria-no-18-2024-Coordenacao-LAGEO.pdf\" class=\"wp-block-file__button wp-element-button\" download aria-describedby=\"wp-block-file--media-ee5b5eb6-597b-4240-bb11-44c33e36e431\">Baixar<\/a><\/div>\n\n\n\n<div class=\"wp-block-file\"><a id=\"wp-block-file--media-7ead9e8a-28a3-4b13-8503-e5a6afa5b12a\" href=\"https:\/\/www.ccae.ufpb.br\/dema\/wp-content\/uploads\/sites\/170\/sites\/239\/2024\/12\/Portaria-no-19-2024-Coordenacao-LCG.pdf\">Portaria n\u00ba 19-2024 DEMA-CCAE &#8211; Coordena\u00e7\u00e3o LCG<\/a><a href=\"https:\/\/www.ccae.ufpb.br\/dema\/wp-content\/uploads\/sites\/170\/sites\/239\/2024\/12\/Portaria-no-19-2024-Coordenacao-LCG.pdf\" class=\"wp-block-file__button wp-element-button\" download aria-describedby=\"wp-block-file--media-7ead9e8a-28a3-4b13-8503-e5a6afa5b12a\">Baixar<\/a><\/div>\n\n\n\n<div class=\"wp-block-file\"><a id=\"wp-block-file--media-bc3b76fa-ed82-4c66-ade5-e235ac25b563\" href=\"https:\/\/www.ccae.ufpb.br\/dema\/wp-content\/uploads\/sites\/170\/sites\/239\/2024\/12\/Portaria-no-20-2024-Coordenacao-LECO.pdf\">Portaria n\u00ba 20-2024 DEMA-CCAE &#8211; Coordena\u00e7\u00e3o LECO<\/a><a href=\"https:\/\/www.ccae.ufpb.br\/dema\/wp-content\/uploads\/sites\/170\/sites\/239\/2024\/12\/Portaria-no-20-2024-Coordenacao-LECO.pdf\" class=\"wp-block-file__button wp-element-button\" download aria-describedby=\"wp-block-file--media-bc3b76fa-ed82-4c66-ade5-e235ac25b563\">Baixar<\/a><\/div>\n\n\n\n<div class=\"wp-block-file\"><a id=\"wp-block-file--media-6ac81e61-f252-4ac4-b027-3b07f2e6244a\" href=\"https:\/\/www.ccae.ufpb.br\/dema\/wp-content\/uploads\/sites\/170\/sites\/239\/2024\/12\/Portaria-no-21-2024-Coordenacao-LEQ.pdf\">Portaria n\u00ba 21-2024 DEMA-CCAE &#8211; Coordena\u00e7\u00e3o LEQ<\/a><a href=\"https:\/\/www.ccae.ufpb.br\/dema\/wp-content\/uploads\/sites\/170\/sites\/239\/2024\/12\/Portaria-no-21-2024-Coordenacao-LEQ.pdf\" class=\"wp-block-file__button wp-element-button\" download aria-describedby=\"wp-block-file--media-6ac81e61-f252-4ac4-b027-3b07f2e6244a\">Baixar<\/a><\/div>\n\n\n\n<div class=\"wp-block-file\"><a id=\"wp-block-file--media-58cdf8fd-6565-44f7-923f-cd89c941b8b1\" href=\"https:\/\/www.ccae.ufpb.br\/dema\/wp-content\/uploads\/sites\/170\/sites\/239\/2024\/12\/Portaria-no-22-2024-Coordenacao-LEA.pdf\">Portaria n\u00ba 22-2024 DEMA-CCAE &#8211; Coordena\u00e7\u00e3o LEA<\/a><a href=\"https:\/\/www.ccae.ufpb.br\/dema\/wp-content\/uploads\/sites\/170\/sites\/239\/2024\/12\/Portaria-no-22-2024-Coordenacao-LEA.pdf\" class=\"wp-block-file__button wp-element-button\" download aria-describedby=\"wp-block-file--media-58cdf8fd-6565-44f7-923f-cd89c941b8b1\">Baixar<\/a><\/div>\n\n\n\n<div class=\"wp-block-file\"><a id=\"wp-block-file--media-88280496-6898-4e1a-8411-b2cdc650ba0e\" href=\"https:\/\/www.ccae.ufpb.br\/dema\/wp-content\/uploads\/sites\/170\/sites\/239\/2024\/12\/portaria-no-23-afastamento-Rafael.pdf\">Portaria n\u00ba 23-2024 DEMA-CCAE &#8211; Afastamento curt\u00edssima dura\u00e7\u00e3o Prof. Rafael<\/a><a href=\"https:\/\/www.ccae.ufpb.br\/dema\/wp-content\/uploads\/sites\/170\/sites\/239\/2024\/12\/portaria-no-23-afastamento-Rafael.pdf\" class=\"wp-block-file__button wp-element-button\" download aria-describedby=\"wp-block-file--media-88280496-6898-4e1a-8411-b2cdc650ba0e\">Baixar<\/a><\/div>\n\n\n\n<div class=\"wp-block-file\"><a id=\"wp-block-file--media-76aa4efa-75ab-43e6-a9ea-09d4a0386b80\" href=\"https:\/\/www.ccae.ufpb.br\/dema\/wp-content\/uploads\/sites\/170\/sites\/239\/2024\/12\/Portaria-n\u00b0-26-2024-Afastamento-curtissima-duracao-Prof.-Rafael.pdf\">Portaria n\u00ba 26-2024 DEMA-CCAE &#8211; Afastamento curt\u00edssima dura\u00e7\u00e3o Prof. Rafael<\/a><a href=\"https:\/\/www.ccae.ufpb.br\/dema\/wp-content\/uploads\/sites\/170\/sites\/239\/2024\/12\/Portaria-n\u00b0-26-2024-Afastamento-curtissima-duracao-Prof.-Rafael.pdf\" class=\"wp-block-file__button wp-element-button\" download aria-describedby=\"wp-block-file--media-76aa4efa-75ab-43e6-a9ea-09d4a0386b80\">Baixar<\/a><\/div>\n\n\n\n<div class=\"wp-block-file\"><a id=\"wp-block-file--media-2cf2c3ef-b4bf-4b3e-ae45-215e9c8b5150\" href=\"https:\/\/www.ccae.ufpb.br\/dema\/wp-content\/uploads\/sites\/170\/sites\/239\/2024\/12\/Portaria-no-27-2024-Comissao-organizadora-do-concurso.pdf\">Portaria n\u00ba 27-2024 DEMA-CCAE &#8211; Comiss\u00e3o organizadora do concurso<\/a><a href=\"https:\/\/www.ccae.ufpb.br\/dema\/wp-content\/uploads\/sites\/170\/sites\/239\/2024\/12\/Portaria-no-27-2024-Comissao-organizadora-do-concurso.pdf\" class=\"wp-block-file__button wp-element-button\" download aria-describedby=\"wp-block-file--media-2cf2c3ef-b4bf-4b3e-ae45-215e9c8b5150\">Baixar<\/a><\/div>\n\n\n\n<p><\/p>\n\n\n\n<p><strong>Portarias DEMA 2023<\/strong><\/p>\n\n\n\n<div class=\"wp-block-file\"><a id=\"wp-block-file--media-44b8b358-ee40-4d15-8842-e6e4421f32a1\" href=\"https:\/\/www.ccae.ufpb.br\/dema\/wp-content\/uploads\/sites\/170\/sites\/239\/2024\/12\/Portaria-no-05-2023-Coordenacao-LABEV.pdf\">Portaria n\u00ba 05-2023 DEMA-CCAE &#8211; Coordena\u00e7\u00e3o LABEV<\/a><a href=\"https:\/\/www.ccae.ufpb.br\/dema\/wp-content\/uploads\/sites\/170\/sites\/239\/2024\/12\/Portaria-no-05-2023-Coordenacao-LABEV.pdf\" class=\"wp-block-file__button wp-element-button\" download aria-describedby=\"wp-block-file--media-44b8b358-ee40-4d15-8842-e6e4421f32a1\">Baixar<\/a><\/div>\n\n\n\n<p><\/p>\n","protected":false},"excerpt":{"rendered":"<p>Portarias DEMA 2026 Portarias DEMA 2025 Portarias DEMA 2024 Portarias DEMA 2023<\/p>\n","protected":false},"author":47,"featured_media":0,"parent":35,"menu_order":0,"comment_status":"closed","ping_status":"closed","template":"","meta":{"footnotes":""},"class_list":["post-43","page","type-page","status-publish","hentry"],"_links":{"self":[{"href":"https:\/\/www.ccae.ufpb.br\/dema\/wp-json\/wp\/v2\/pages\/43","targetHints":{"allow":["GET"]}}],"collection":[{"href":"https:\/\/www.ccae.ufpb.br\/dema\/wp-json\/wp\/v2\/pages"}],"about":[{"href":"https:\/\/www.ccae.ufpb.br\/dema\/wp-json\/wp\/v2\/types\/page"}],"author":[{"embeddable":true,"href":"https:\/\/www.ccae.ufpb.br\/dema\/wp-json\/wp\/v2\/users\/47"}],"replies":[{"embeddable":true,"href":"https:\/\/www.ccae.ufpb.br\/dema\/wp-json\/wp\/v2\/comments?post=43"}],"version-history":[{"count":10,"href":"https:\/\/www.ccae.ufpb.br\/dema\/wp-json\/wp\/v2\/pages\/43\/revisions"}],"predecessor-version":[{"id":511,"href":"https:\/\/www.ccae.ufpb.br\/dema\/wp-json\/wp\/v2\/pages\/43\/revisions\/511"}],"up":[{"embeddable":true,"href":"https:\/\/www.ccae.ufpb.br\/dema\/wp-json\/wp\/v2\/pages\/35"}],"wp:attachment":[{"href":"https:\/\/www.ccae.ufpb.br\/dema\/wp-json\/wp\/v2\/media?parent=43"}],"curies":[{"name":"wp","href":"https:\/\/api.w.org\/{rel}","templated":true}]}}