{"id":50,"date":"2024-11-26T17:05:02","date_gmt":"2024-11-26T17:05:02","guid":{"rendered":"https:\/\/www.ccae.ufpb.br\/dema\/?page_id=50"},"modified":"2025-11-12T19:42:27","modified_gmt":"2025-11-12T19:42:27","slug":"ensino","status":"publish","type":"page","link":"https:\/\/www.ccae.ufpb.br\/dema\/ensino\/","title":{"rendered":"Ensino"},"content":{"rendered":"\n<p>O&nbsp;<strong>DEMA<\/strong>&nbsp;atende exclusivamente aos discentes do curso de&nbsp;<strong>Bacharelado em Ecologia<\/strong>&nbsp;da UFPB, oferecendo&nbsp;<strong><a href=\"http:\/\/plone.ufpb.br\/ceco\/contents\/menu\/componentes-curriculares\">componentes curriculares<\/a><\/strong>&nbsp;organizadas em&nbsp;<strong>conte\u00fados b\u00e1sicos profissionais e conte\u00fados complementares<\/strong>&nbsp;(obrigat\u00f3rios, optativos e flex\u00edveis)&nbsp;distribu\u00eddos de acordo com a&nbsp;<strong><a href=\"http:\/\/plone.ufpb.br\/ceco\/contents\/menu\/fluxograma-do-curso\">Estrutura Curricular e Fluxograma do curso<\/a><\/strong>.&nbsp;<\/p>\n\n\n\n<p>Al\u00e9m disso, os futuros Ec\u00f3logos podem continuar sua vida acad\u00eamica no \u00e2mbito da\u00a0<strong>P\u00f3s-Gradua\u00e7\u00e3o<\/strong>, em n\u00edvel de\u00a0<strong>Mestrado Acad\u00eamico<\/strong>, atrav\u00e9s do\u00a0Programa de P\u00f3s-Gradua\u00e7\u00e3o em Ecologia e Sustentabilidade\u00a0(<strong>PPGECOS<\/strong>), vinculado ao CCAE.\u00a0<\/p>\n\n\n\n<p><strong>Clicando nas p\u00e1ginas abaixo<\/strong>\u00a0voc\u00ea poder\u00e1 ter acesso aos\u00a0<strong>componentes curriculares<\/strong>\u00a0(c\u00f3digo, nome dos componentes curriculares, carga hor\u00e1ria e \u00e1reas de concentra\u00e7\u00e3o para o curso de mestrado acad\u00eamico oferecido pelo PPGECOS) oferecidas pelo:<\/p>\n\n\n\n<p><strong><a href=\"http:\/\/plone.ufpb.br\/ceco\">Bacharelado em Ecologia<\/a><\/strong><\/p>\n\n\n\n<p><strong><a href=\"https:\/\/sigaa.ufpb.br\/sigaa\/public\/programa\/portal.jsf?lc=pt_BR&amp;id=1897\" target=\"_blank\" rel=\"noreferrer noopener\">Programa de P\u00f3s-Gradua\u00e7\u00e3o em Ecologia e Sustentabilidade<\/a>\u00a0(PPGECOS)<\/strong><a href=\"https:\/\/sigaa.ufpb.br\/sigaa\/public\/programa\/portal.jsf?lc=pt_BR&amp;id=1897\" target=\"_blank\" rel=\"noreferrer noopener\"><\/a><\/p>\n\n\n\n<p><strong>Outras atividades de ensino<\/strong>&nbsp;s\u00e3o oferecidas aos discentes&nbsp;em&nbsp;<strong>Programas Acad\u00eamicos de Ensino<\/strong>&nbsp;(<strong><a href=\"http:\/\/www.prg.ufpb.br\/prg\/prg\/programas\/monitoria\/\" target=\"_blank\" rel=\"noreferrer noopener\">MONITORIA<\/a><\/strong>&nbsp;e&nbsp;<strong><a href=\"http:\/\/www.prg.ufpb.br\/prg\/prg\/programas\/protut\/\" target=\"_blank\" rel=\"noreferrer noopener\">PROTUT<\/a><\/strong>), sob a coordena\u00e7\u00e3o da Pr\u00f3-reitoria de Gradua\u00e7\u00e3o &#8211;&nbsp;<strong><a href=\"http:\/\/www.prg.ufpb.br\/prg\/contents\/menu\/unidades-administrativas\" target=\"_blank\" rel=\"noreferrer noopener\">PRG<\/a><\/strong>, atrav\u00e9s de&nbsp;<strong>editais espec\u00edficos<\/strong>, onde os docentes podem submeter seus projetos e selecionar discentes para execu\u00e7\u00e3o na&nbsp;<strong>modalidade bolsista e volunt\u00e1rio.&nbsp;<\/strong>Em geral, a sele\u00e7\u00e3o \u00e9 semestral. Fiquem atentos!<\/p>\n\n\n\n<p>A&nbsp;<strong>sele\u00e7\u00e3o de alunos<\/strong>&nbsp;dar-se-\u00e1 atrav\u00e9s de editais de sele\u00e7\u00e3o lan\u00e7ados pelos docentes contemplados nas chamadas espec\u00edficas pela PRG. Fiquem atentos!&nbsp;<\/p>\n\n\n\n<p>Clique em&nbsp;<strong><a href=\"https:\/\/sigaa.ufpb.br\/sigaa\/public\/departamento\/monitoria.jsf?id=1636\" target=\"_blank\" rel=\"noreferrer noopener\">Projetos de Ensino (Monitoria)<\/a><\/strong>&nbsp;e confira todas as atividades do DEMA.<\/p>\n\n\n\n<p><\/p>\n","protected":false},"excerpt":{"rendered":"<p>O&nbsp;DEMA&nbsp;atende exclusivamente aos discentes do curso de&nbsp;Bacharelado em Ecologia&nbsp;da UFPB, oferecendo&nbsp;componentes curriculares&nbsp;organizadas em&nbsp;conte\u00fados b\u00e1sicos profissionais e conte\u00fados complementares&nbsp;(obrigat\u00f3rios, optativos e flex\u00edveis)&nbsp;distribu\u00eddos de acordo com a&nbsp;Estrutura Curricular e Fluxograma do curso.&nbsp; Al\u00e9m disso, os futuros Ec\u00f3logos podem continuar sua vida acad\u00eamica no \u00e2mbito da\u00a0P\u00f3s-Gradua\u00e7\u00e3o, em n\u00edvel de\u00a0Mestrado Acad\u00eamico, atrav\u00e9s do\u00a0Programa de P\u00f3s-Gradua\u00e7\u00e3o em Ecologia e Sustentabilidade\u00a0(PPGECOS), [&hellip;]<\/p>\n","protected":false},"author":47,"featured_media":0,"parent":0,"menu_order":0,"comment_status":"closed","ping_status":"closed","template":"","meta":{"footnotes":""},"class_list":["post-50","page","type-page","status-publish","hentry"],"_links":{"self":[{"href":"https:\/\/www.ccae.ufpb.br\/dema\/wp-json\/wp\/v2\/pages\/50","targetHints":{"allow":["GET"]}}],"collection":[{"href":"https:\/\/www.ccae.ufpb.br\/dema\/wp-json\/wp\/v2\/pages"}],"about":[{"href":"https:\/\/www.ccae.ufpb.br\/dema\/wp-json\/wp\/v2\/types\/page"}],"author":[{"embeddable":true,"href":"https:\/\/www.ccae.ufpb.br\/dema\/wp-json\/wp\/v2\/users\/47"}],"replies":[{"embeddable":true,"href":"https:\/\/www.ccae.ufpb.br\/dema\/wp-json\/wp\/v2\/comments?post=50"}],"version-history":[{"count":3,"href":"https:\/\/www.ccae.ufpb.br\/dema\/wp-json\/wp\/v2\/pages\/50\/revisions"}],"predecessor-version":[{"id":452,"href":"https:\/\/www.ccae.ufpb.br\/dema\/wp-json\/wp\/v2\/pages\/50\/revisions\/452"}],"wp:attachment":[{"href":"https:\/\/www.ccae.ufpb.br\/dema\/wp-json\/wp\/v2\/media?parent=50"}],"curies":[{"name":"wp","href":"https:\/\/api.w.org\/{rel}","templated":true}]}}