{"id":54,"date":"2024-11-26T17:05:43","date_gmt":"2024-11-26T17:05:43","guid":{"rendered":"https:\/\/www.ccae.ufpb.br\/dema\/?page_id=54"},"modified":"2024-11-26T17:05:43","modified_gmt":"2024-11-26T17:05:43","slug":"extensao","status":"publish","type":"page","link":"https:\/\/www.ccae.ufpb.br\/dema\/extensao\/","title":{"rendered":"Extens\u00e3o"},"content":{"rendered":"\n<p>As atividades de extens\u00e3o representam a atua\u00e7\u00e3o da Universidade na sociedade, fora de suas depend\u00eancias. Neste \u00e2mbito, o DEMA oportuniza aos discentes a participa\u00e7\u00e3o ativa em projetos de extens\u00e3o ligados aos&nbsp;<strong>Programas de Extens\u00e3o<\/strong>&nbsp;(<strong>PROBEX<\/strong>&nbsp;e&nbsp;<strong>FLUEX<\/strong>), coordenados pela Pr\u00f3-reitora de Extens\u00e3o da UFPB \u2013&nbsp;<strong><a href=\"http:\/\/www.prac.ufpb.br\/\" target=\"_blank\" rel=\"noreferrer noopener\">PROEX<\/a><\/strong>.&nbsp;<\/p>\n\n\n\n<p>A&nbsp;<strong>sele\u00e7\u00e3o de alunos<\/strong>&nbsp;dar-se-\u00e1 atrav\u00e9s de editais de sele\u00e7\u00e3o lan\u00e7ados pelos docentes contemplados nas chamadas espec\u00edficas pela PROEX. Fiquem atentos!&nbsp;<\/p>\n\n\n\n<p>Clique em&nbsp;<strong><a href=\"https:\/\/sigaa.ufpb.br\/sigaa\/public\/departamento\/extensao.jsf?id=1636\" target=\"_blank\" rel=\"noreferrer noopener\">Projetos de Extens\u00e3o<\/a><\/strong>&nbsp;e confira todas a\u00e7\u00f5es no DEMA.<\/p>\n","protected":false},"excerpt":{"rendered":"<p>As atividades de extens\u00e3o representam a atua\u00e7\u00e3o da Universidade na sociedade, fora de suas depend\u00eancias. Neste \u00e2mbito, o DEMA oportuniza aos discentes a participa\u00e7\u00e3o ativa em projetos de extens\u00e3o ligados aos&nbsp;Programas de Extens\u00e3o&nbsp;(PROBEX&nbsp;e&nbsp;FLUEX), coordenados pela Pr\u00f3-reitora de Extens\u00e3o da UFPB \u2013&nbsp;PROEX.&nbsp; A&nbsp;sele\u00e7\u00e3o de alunos&nbsp;dar-se-\u00e1 atrav\u00e9s de editais de sele\u00e7\u00e3o lan\u00e7ados pelos docentes contemplados nas chamadas [&hellip;]<\/p>\n","protected":false},"author":47,"featured_media":0,"parent":0,"menu_order":0,"comment_status":"closed","ping_status":"closed","template":"","meta":{"footnotes":""},"class_list":["post-54","page","type-page","status-publish","hentry"],"_links":{"self":[{"href":"https:\/\/www.ccae.ufpb.br\/dema\/wp-json\/wp\/v2\/pages\/54","targetHints":{"allow":["GET"]}}],"collection":[{"href":"https:\/\/www.ccae.ufpb.br\/dema\/wp-json\/wp\/v2\/pages"}],"about":[{"href":"https:\/\/www.ccae.ufpb.br\/dema\/wp-json\/wp\/v2\/types\/page"}],"author":[{"embeddable":true,"href":"https:\/\/www.ccae.ufpb.br\/dema\/wp-json\/wp\/v2\/users\/47"}],"replies":[{"embeddable":true,"href":"https:\/\/www.ccae.ufpb.br\/dema\/wp-json\/wp\/v2\/comments?post=54"}],"version-history":[{"count":1,"href":"https:\/\/www.ccae.ufpb.br\/dema\/wp-json\/wp\/v2\/pages\/54\/revisions"}],"predecessor-version":[{"id":55,"href":"https:\/\/www.ccae.ufpb.br\/dema\/wp-json\/wp\/v2\/pages\/54\/revisions\/55"}],"wp:attachment":[{"href":"https:\/\/www.ccae.ufpb.br\/dema\/wp-json\/wp\/v2\/media?parent=54"}],"curies":[{"name":"wp","href":"https:\/\/api.w.org\/{rel}","templated":true}]}}